{"id":772,"date":"2020-05-08T17:27:26","date_gmt":"2020-05-08T15:27:26","guid":{"rendered":"https:\/\/shihtzu.com.pl\/sklep\/?post_type=product&#038;p=772"},"modified":"2023-11-29T20:51:13","modified_gmt":"2023-11-29T19:51:13","slug":"champ-richer-szampon-dla-siersci-bialej-i-jasnej","status":"publish","type":"product","link":"https:\/\/shihtzu.com.pl\/sklep\/produkt\/champ-richer-szampon-dla-siersci-bialej-i-jasnej\/","title":{"rendered":"Champ-Richer Szampon dla ps\u00f3w doros\u0142ych sier\u015bci bia\u0142ej"},"content":{"rendered":"<p>Champ-Richer <a href=\"https:\/\/shihtzu.com.pl\/sklep\/szampony-dla-shih-tzu\/\">Szampon dla ps\u00f3w<\/a> doros\u0142ych o sier\u015bci bia\u0142ej to produkt stworzony przez <a href=\"https:\/\/shihtzu.com.pl\/sklep\/product_brand\/dermapharm\/\">Dermapharm<\/a> z my\u015bl\u0105 o kompleksowej piel\u0119gnacji i zachowaniu naturalnego blasku bia\u0142ej lub jasnej okrywy w\u0142osowej Twojego pupila. Ten wyj\u0105tkowy szampon to po\u0142\u0105czenie najnowszej formu\u0142y i naturalnych sk\u0142adnik\u00f3w, kt\u00f3re dbaj\u0105 o zdrowie sk\u00f3ry i sier\u015bci psa.<\/p>\n<p>Bia\u0142y lub jasny w\u0142os psa mo\u017ce by\u0107 niezwykle efektowny, ale wymaga szczeg\u00f3lnej troski i piel\u0119gnacji. Champ-Richer Szampon zosta\u0142 opracowany z my\u015bl\u0105 o potrzebach w\u0142a\u015bcicieli ps\u00f3w o takiej sier\u015bci. Jednym z kluczowych sk\u0142adnik\u00f3w jest ekstrakt z bia\u0142ej per\u0142y, kt\u00f3ry nie tylko delikatnie rozja\u015bnia naturalny kolor sier\u015bci, ale tak\u017ce nadaje jej jedwabisty po\u0142ysk. Dzi\u0119ki temu, Tw\u00f3j pies b\u0119dzie b\u0142yszcze\u0107 pi\u0119knym, naturalnym blaskiem.<\/p>\n<p>Formu\u0142a szamponu zosta\u0142a opracowana tak, aby usuwa\u0107 zabrudzenia bez naruszania naturalnej bariery ochronnej sk\u00f3ry. To oznacza, \u017ce \u200b\u200bmo\u017cesz by\u0107 pewny, \u017ce Twoje zwierz\u0119 jest piel\u0119gnowane w spos\u00f3b delikatny i bezpieczny. Dodatkowo, d-Panthenol, kt\u00f3ry znajduje si\u0119 w sk\u0142adzie, wspiera kondycj\u0119 sk\u00f3ry i sier\u015bci, pomagaj\u0105c zachowa\u0107 zdrowy wygl\u0105d.<\/p>\n<p>Aromat lawendy, kt\u00f3ry rozchodzi si\u0119 podczas k\u0105pieli, dzia\u0142a aromaterapeutycznie i pomaga w relaksie psa. To wa\u017cne, poniewa\u017c zabiegi piel\u0119gnacyjne mog\u0105 by\u0107 stresuj\u0105ce dla niekt\u00f3rych zwierz\u0105t. Dzi\u0119ki lawendowemu zapachowi, k\u0105piel staje si\u0119 przyjemno\u015bci\u0105, a Tw\u00f3j pies mo\u017ce czu\u0107 si\u0119 spokojniejszy i bardziej komfortowo.<\/p>\n<p>Co wa\u017cne, Champ-Richer Szampon jest wolny od myde\u0142 i paraben\u00f3w, co czyni go jeszcze bardziej bezpiecznym dla Twojego zwierzaka. Skoncentrowana formu\u0142a szamponu sprawia, \u017ce jest on wydajny i starcza na wiele k\u0105pieli.<\/p>\n<p>Spos\u00f3b u\u017cycia jest prosty. Przed k\u0105piel\u0105 nale\u017cy wyczesa\u0107 psa, a nast\u0119pnie zmoczy\u0107 sier\u015b\u0107 letni\u0105 wod\u0105. Niewielk\u0105 ilo\u015b\u0107 szamponu nale\u017cy na\u0142o\u017cy\u0107 na kilka miejsc i delikatnie masowa\u0107, a\u017c powstanie piana. Szampon pozostawia si\u0119 na sier\u015bci przez oko\u0142o 2-3 minuty, a nast\u0119pnie dok\u0142adnie sp\u0142ukuje wod\u0105. W razie potrzeby zabieg mo\u017cna powt\u00f3rzy\u0107. Warto r\u00f3wnie\u017c pami\u0119ta\u0107 o ochronie oczu, uszu i pyska zwierz\u0119cia podczas k\u0105pieli.<\/p>\n<p>Dla wzmocnienia efektu piel\u0119gnacyjnego, zaleca si\u0119 u\u017cycie od\u017cywki dla ps\u00f3w o sier\u015bci bia\u0142ej lub jasnej z serii Champ-Richer.<\/p>\n<p>Podsumowuj\u0105c, Champ-Richer Szampon to nie tylko kosmetyk, to produkt, kt\u00f3ry dba o zdrowie i wygl\u0105d Twojego psa. Daj swojemu zwierzakowi luksusow\u0105 piel\u0119gnacj\u0119, kt\u00f3ra podkre\u015bla naturalny blask jego sier\u015bci. Produkt przeznaczony dla ps\u00f3w doros\u0142ych, dla szczeni\u0105t dost\u0119pna jest linia produkt\u00f3w <a href=\"https:\/\/shihtzu.com.pl\/sklep\/produkt\/champ-richer-szampon-dla-szczeniat-siersci-bialej\/\">Champ-Richer Szampon dla szczeni\u0105t sier\u015bci bia\u0142ej<\/a><\/p>\n","protected":false},"excerpt":{"rendered":"<p>Champ-Richer Szampon to tajemnica bia\u0142ej i jasnej sier\u015bci Twojego psa. Ekstrakt z bia\u0142ej per\u0142y, d-Panthenol i aromat lawendy to po\u0142\u0105czenie, kt\u00f3re nadaje sier\u015bci jedwabisty po\u0142ysk, piel\u0119gnuje sk\u00f3r\u0119 i zapewnia przyjemno\u015b\u0107 podczas k\u0105pieli. Odpocznij i delektuj si\u0119 chwil\u0105, w kt\u00f3rej Tw\u00f3j pies b\u0142yszczy pi\u0119knym blaskiem. Champ-Richer Szampon to nie tylko piel\u0119gnacja, to luksusowa k\u0105piel dla Twojego pupila.<\/p>\n","protected":false},"featured_media":851,"comment_status":"open","ping_status":"closed","template":"","meta":[],"product_cat":[35],"product_tag":[],"yoast_head":"<!-- This site is optimized with the Yoast SEO plugin v22.0 - https:\/\/yoast.com\/wordpress\/plugins\/seo\/ -->\n<title>Champ-Richer Szampon dla ps\u00f3w doros\u0142ych sier\u015bci bia\u0142ej<\/title>\n<meta name=\"description\" content=\"Champ-Richer Szampon to tajemnica bia\u0142ej i jasnej sier\u015bci Twojego psa. Ekstrakt z bia\u0142ej per\u0142y, d-Panthenol i aromat lawendy to fantastyczne po\u0142\u0105czenie,\" \/>\n<meta name=\"robots\" content=\"index, follow, max-snippet:-1, max-image-preview:large, max-video-preview:-1\" \/>\n<link rel=\"canonical\" href=\"https:\/\/shihtzu.com.pl\/sklep\/produkt\/champ-richer-szampon-dla-siersci-bialej-i-jasnej\/\" \/>\n<meta property=\"og:locale\" content=\"pl_PL\" \/>\n<meta property=\"og:type\" content=\"article\" \/>\n<meta property=\"og:title\" content=\"Champ-Richer Szampon dla ps\u00f3w doros\u0142ych sier\u015bci bia\u0142ej\" \/>\n<meta property=\"og:description\" content=\"Champ-Richer Szampon to tajemnica bia\u0142ej i jasnej sier\u015bci Twojego psa. Ekstrakt z bia\u0142ej per\u0142y, d-Panthenol i aromat lawendy to fantastyczne po\u0142\u0105czenie,\" \/>\n<meta property=\"og:url\" content=\"https:\/\/shihtzu.com.pl\/sklep\/produkt\/champ-richer-szampon-dla-siersci-bialej-i-jasnej\/\" \/>\n<meta property=\"og:site_name\" content=\"Sklep z artyku\u0142ami dla ps\u00f3w shihtzu.com.pl\" \/>\n<meta property=\"article:publisher\" content=\"https:\/\/www.facebook.com\/Shihtzucompl\/\" \/>\n<meta property=\"article:modified_time\" content=\"2023-11-29T19:51:13+00:00\" \/>\n<meta property=\"og:image\" content=\"https:\/\/shihtzu.com.pl\/sklep\/wp-content\/uploads\/2020\/05\/hamp-Richer-Szampon-dla-siersci-bialej-i-jasnej.jpg\" \/>\n\t<meta property=\"og:image:width\" content=\"600\" \/>\n\t<meta property=\"og:image:height\" content=\"600\" \/>\n\t<meta property=\"og:image:type\" content=\"image\/jpeg\" \/>\n<meta name=\"twitter:card\" content=\"summary_large_image\" \/>\n<meta name=\"twitter:label1\" content=\"Szacowany czas czytania\" \/>\n\t<meta name=\"twitter:data1\" content=\"3 minuty\" \/>\n<script type=\"application\/ld+json\" class=\"yoast-schema-graph\">{\"@context\":\"https:\/\/schema.org\",\"@graph\":[{\"@type\":\"WebPage\",\"@id\":\"https:\/\/shihtzu.com.pl\/sklep\/produkt\/champ-richer-szampon-dla-siersci-bialej-i-jasnej\/\",\"url\":\"https:\/\/shihtzu.com.pl\/sklep\/produkt\/champ-richer-szampon-dla-siersci-bialej-i-jasnej\/\",\"name\":\"Champ-Richer Szampon dla ps\u00f3w doros\u0142ych sier\u015bci bia\u0142ej\",\"isPartOf\":{\"@id\":\"https:\/\/shihtzu.com.pl\/sklep\/#website\"},\"datePublished\":\"2020-05-08T15:27:26+00:00\",\"dateModified\":\"2023-11-29T19:51:13+00:00\",\"description\":\"Champ-Richer Szampon to tajemnica bia\u0142ej i jasnej sier\u015bci Twojego psa. Ekstrakt z bia\u0142ej per\u0142y, d-Panthenol i aromat lawendy to fantastyczne po\u0142\u0105czenie,\",\"breadcrumb\":{\"@id\":\"https:\/\/shihtzu.com.pl\/sklep\/produkt\/champ-richer-szampon-dla-siersci-bialej-i-jasnej\/#breadcrumb\"},\"inLanguage\":\"pl-PL\",\"potentialAction\":[{\"@type\":\"ReadAction\",\"target\":[\"https:\/\/shihtzu.com.pl\/sklep\/produkt\/champ-richer-szampon-dla-siersci-bialej-i-jasnej\/\"]}]},{\"@type\":\"BreadcrumbList\",\"@id\":\"https:\/\/shihtzu.com.pl\/sklep\/produkt\/champ-richer-szampon-dla-siersci-bialej-i-jasnej\/#breadcrumb\",\"itemListElement\":[{\"@type\":\"ListItem\",\"position\":1,\"name\":\"Sklep\",\"item\":\"https:\/\/shihtzu.com.pl\/sklep\/\"},{\"@type\":\"ListItem\",\"position\":2,\"name\":\"Szampony\",\"item\":\"https:\/\/shihtzu.com.pl\/sklep\/.\/szampony-dla-shih-tzu\/\"},{\"@type\":\"ListItem\",\"position\":3,\"name\":\"Champ-Richer Szampon dla ps\u00f3w doros\u0142ych sier\u015bci bia\u0142ej\"}]},{\"@type\":\"WebSite\",\"@id\":\"https:\/\/shihtzu.com.pl\/sklep\/#website\",\"url\":\"https:\/\/shihtzu.com.pl\/sklep\/\",\"name\":\"Sklep z artyku\u0142ami dla ps\u00f3w shihtzu.com.pl\",\"description\":\"Sklep specjalistyczny z artyku\u0142ami pod ras\u0119 Shih tzu. Znajdziesz tu od szampon\u00f3w przeznaczonych dla Shih tzu, przez od\u017cywki a\u017c po zabawki.\",\"publisher\":{\"@id\":\"https:\/\/shihtzu.com.pl\/sklep\/#organization\"},\"potentialAction\":[{\"@type\":\"SearchAction\",\"target\":{\"@type\":\"EntryPoint\",\"urlTemplate\":\"https:\/\/shihtzu.com.pl\/sklep\/?s={search_term_string}\"},\"query-input\":\"required name=search_term_string\"}],\"inLanguage\":\"pl-PL\"},{\"@type\":\"Organization\",\"@id\":\"https:\/\/shihtzu.com.pl\/sklep\/#organization\",\"name\":\"Sklep z artyku\u0142ami dla ps\u00f3w shihtzu.com.pl\",\"url\":\"https:\/\/shihtzu.com.pl\/sklep\/\",\"logo\":{\"@type\":\"ImageObject\",\"inLanguage\":\"pl-PL\",\"@id\":\"https:\/\/shihtzu.com.pl\/sklep\/#\/schema\/logo\/image\/\",\"url\":\"https:\/\/shihtzu.com.pl\/sklep\/wp-content\/uploads\/2020\/10\/cropped-Sklep-dla-shih-tzu-Logo.png\",\"contentUrl\":\"https:\/\/shihtzu.com.pl\/sklep\/wp-content\/uploads\/2020\/10\/cropped-Sklep-dla-shih-tzu-Logo.png\",\"width\":2077,\"height\":519,\"caption\":\"Sklep z artyku\u0142ami dla ps\u00f3w shihtzu.com.pl\"},\"image\":{\"@id\":\"https:\/\/shihtzu.com.pl\/sklep\/#\/schema\/logo\/image\/\"},\"sameAs\":[\"https:\/\/www.facebook.com\/Shihtzucompl\/\",\"https:\/\/www.linkedin.com\/company\/shih-tzu-sklep\/\"]}]}<\/script>\n<!-- \/ Yoast SEO plugin. -->","yoast_head_json":{"title":"Champ-Richer Szampon dla ps\u00f3w doros\u0142ych sier\u015bci bia\u0142ej","description":"Champ-Richer Szampon to tajemnica bia\u0142ej i jasnej sier\u015bci Twojego psa. Ekstrakt z bia\u0142ej per\u0142y, d-Panthenol i aromat lawendy to fantastyczne po\u0142\u0105czenie,","robots":{"index":"index","follow":"follow","max-snippet":"max-snippet:-1","max-image-preview":"max-image-preview:large","max-video-preview":"max-video-preview:-1"},"canonical":"https:\/\/shihtzu.com.pl\/sklep\/produkt\/champ-richer-szampon-dla-siersci-bialej-i-jasnej\/","og_locale":"pl_PL","og_type":"article","og_title":"Champ-Richer Szampon dla ps\u00f3w doros\u0142ych sier\u015bci bia\u0142ej","og_description":"Champ-Richer Szampon to tajemnica bia\u0142ej i jasnej sier\u015bci Twojego psa. Ekstrakt z bia\u0142ej per\u0142y, d-Panthenol i aromat lawendy to fantastyczne po\u0142\u0105czenie,","og_url":"https:\/\/shihtzu.com.pl\/sklep\/produkt\/champ-richer-szampon-dla-siersci-bialej-i-jasnej\/","og_site_name":"Sklep z artyku\u0142ami dla ps\u00f3w shihtzu.com.pl","article_publisher":"https:\/\/www.facebook.com\/Shihtzucompl\/","article_modified_time":"2023-11-29T19:51:13+00:00","og_image":[{"width":600,"height":600,"url":"https:\/\/shihtzu.com.pl\/sklep\/wp-content\/uploads\/2020\/05\/hamp-Richer-Szampon-dla-siersci-bialej-i-jasnej.jpg","type":"image\/jpeg"}],"twitter_card":"summary_large_image","twitter_misc":{"Szacowany czas czytania":"3 minuty"},"schema":{"@context":"https:\/\/schema.org","@graph":[{"@type":"WebPage","@id":"https:\/\/shihtzu.com.pl\/sklep\/produkt\/champ-richer-szampon-dla-siersci-bialej-i-jasnej\/","url":"https:\/\/shihtzu.com.pl\/sklep\/produkt\/champ-richer-szampon-dla-siersci-bialej-i-jasnej\/","name":"Champ-Richer Szampon dla ps\u00f3w doros\u0142ych sier\u015bci bia\u0142ej","isPartOf":{"@id":"https:\/\/shihtzu.com.pl\/sklep\/#website"},"datePublished":"2020-05-08T15:27:26+00:00","dateModified":"2023-11-29T19:51:13+00:00","description":"Champ-Richer Szampon to tajemnica bia\u0142ej i jasnej sier\u015bci Twojego psa. Ekstrakt z bia\u0142ej per\u0142y, d-Panthenol i aromat lawendy to fantastyczne po\u0142\u0105czenie,","breadcrumb":{"@id":"https:\/\/shihtzu.com.pl\/sklep\/produkt\/champ-richer-szampon-dla-siersci-bialej-i-jasnej\/#breadcrumb"},"inLanguage":"pl-PL","potentialAction":[{"@type":"ReadAction","target":["https:\/\/shihtzu.com.pl\/sklep\/produkt\/champ-richer-szampon-dla-siersci-bialej-i-jasnej\/"]}]},{"@type":"BreadcrumbList","@id":"https:\/\/shihtzu.com.pl\/sklep\/produkt\/champ-richer-szampon-dla-siersci-bialej-i-jasnej\/#breadcrumb","itemListElement":[{"@type":"ListItem","position":1,"name":"Sklep","item":"https:\/\/shihtzu.com.pl\/sklep\/"},{"@type":"ListItem","position":2,"name":"Szampony","item":"https:\/\/shihtzu.com.pl\/sklep\/.\/szampony-dla-shih-tzu\/"},{"@type":"ListItem","position":3,"name":"Champ-Richer Szampon dla ps\u00f3w doros\u0142ych sier\u015bci bia\u0142ej"}]},{"@type":"WebSite","@id":"https:\/\/shihtzu.com.pl\/sklep\/#website","url":"https:\/\/shihtzu.com.pl\/sklep\/","name":"Sklep z artyku\u0142ami dla ps\u00f3w shihtzu.com.pl","description":"Sklep specjalistyczny z artyku\u0142ami pod ras\u0119 Shih tzu. Znajdziesz tu od szampon\u00f3w przeznaczonych dla Shih tzu, przez od\u017cywki a\u017c po zabawki.","publisher":{"@id":"https:\/\/shihtzu.com.pl\/sklep\/#organization"},"potentialAction":[{"@type":"SearchAction","target":{"@type":"EntryPoint","urlTemplate":"https:\/\/shihtzu.com.pl\/sklep\/?s={search_term_string}"},"query-input":"required name=search_term_string"}],"inLanguage":"pl-PL"},{"@type":"Organization","@id":"https:\/\/shihtzu.com.pl\/sklep\/#organization","name":"Sklep z artyku\u0142ami dla ps\u00f3w shihtzu.com.pl","url":"https:\/\/shihtzu.com.pl\/sklep\/","logo":{"@type":"ImageObject","inLanguage":"pl-PL","@id":"https:\/\/shihtzu.com.pl\/sklep\/#\/schema\/logo\/image\/","url":"https:\/\/shihtzu.com.pl\/sklep\/wp-content\/uploads\/2020\/10\/cropped-Sklep-dla-shih-tzu-Logo.png","contentUrl":"https:\/\/shihtzu.com.pl\/sklep\/wp-content\/uploads\/2020\/10\/cropped-Sklep-dla-shih-tzu-Logo.png","width":2077,"height":519,"caption":"Sklep z artyku\u0142ami dla ps\u00f3w shihtzu.com.pl"},"image":{"@id":"https:\/\/shihtzu.com.pl\/sklep\/#\/schema\/logo\/image\/"},"sameAs":["https:\/\/www.facebook.com\/Shihtzucompl\/","https:\/\/www.linkedin.com\/company\/shih-tzu-sklep\/"]}]}},"_links":{"self":[{"href":"https:\/\/shihtzu.com.pl\/sklep\/wp-json\/wp\/v2\/product\/772"}],"collection":[{"href":"https:\/\/shihtzu.com.pl\/sklep\/wp-json\/wp\/v2\/product"}],"about":[{"href":"https:\/\/shihtzu.com.pl\/sklep\/wp-json\/wp\/v2\/types\/product"}],"replies":[{"embeddable":true,"href":"https:\/\/shihtzu.com.pl\/sklep\/wp-json\/wp\/v2\/comments?post=772"}],"wp:featuredmedia":[{"embeddable":true,"href":"https:\/\/shihtzu.com.pl\/sklep\/wp-json\/wp\/v2\/media\/851"}],"wp:attachment":[{"href":"https:\/\/shihtzu.com.pl\/sklep\/wp-json\/wp\/v2\/media?parent=772"}],"wp:term":[{"taxonomy":"product_cat","embeddable":true,"href":"https:\/\/shihtzu.com.pl\/sklep\/wp-json\/wp\/v2\/product_cat?post=772"},{"taxonomy":"product_tag","embeddable":true,"href":"https:\/\/shihtzu.com.pl\/sklep\/wp-json\/wp\/v2\/product_tag?post=772"}],"curies":[{"name":"wp","href":"https:\/\/api.w.org\/{rel}","templated":true}]}}