{"id":767,"date":"2020-05-08T16:51:14","date_gmt":"2020-05-08T14:51:14","guid":{"rendered":"https:\/\/shihtzu.com.pl\/sklep\/?post_type=product&#038;p=767"},"modified":"2023-11-29T20:54:24","modified_gmt":"2023-11-29T19:54:24","slug":"botaniqa-puppy-my-sweet-szampon-dla-szczeniat-i-skory-wrazliwej","status":"publish","type":"product","link":"https:\/\/shihtzu.com.pl\/sklep\/produkt\/botaniqa-puppy-my-sweet-szampon-dla-szczeniat-i-skory-wrazliwej\/","title":{"rendered":"Botaniqa Puppy My Sweet &#8211; Szampon dla szczeni\u0105t i sk\u00f3ry wra\u017cliwej"},"content":{"rendered":"<h2>Botaniqa Puppy My Sweet Szampon z proteinami<\/h2>\n<p>Szampon | Szczeni\u0119ta i sk\u00f3ra wra\u017cliwa<\/p>\n<p>Delikatny, naturalny szampon <a href=\"https:\/\/shihtzu.com.pl\/sklep\/product_brand\/botaniqa\/\">Botaniqa<\/a> wzbogacony o innowacyjn\u0105 ochronn\u0105 formu\u0142\u0119. Stworzony z my\u015bl\u0105 o szczeni\u0119tach i psach o bardzo wra\u017cliwej sk\u00f3rze. Innowacyjna formu\u0142a nie tylko chroni szat\u0119 ale doskonale j\u0105 od\u017cywia i zabezpiecza. Delikatne sk\u0142adniki czyszcz\u0105ce pomagaj\u0105 w utrzymaniu szczeni\u0105t w czysto\u015bci i zdrowiu. Szampon Puppy My Sweet zawiera dobroczynne proteiny owsa, kt\u00f3re znane s\u0105 z w\u0142a\u015bciwo\u015bci kondycjonuj\u0105cych sk\u00f3r\u0119 i szat\u0119. Mo\u017ce by\u0107 stosowany dla ps\u00f3w o bardzo wra\u017cliwej sk\u00f3rze. Nie zawiera barwnik\u00f3w, substancji zapachowych, sylikon\u00f3w, SLS, oraz \u017cadnych sk\u0142adnik\u00f3w pochodzenia zwierz\u0119cego oraz pochodnych ropy naftowej, co czyni go niezwykle delikatnym i efektywnym szamponem.<\/p>\n<h3><strong>Spos\u00f3b u\u017cycia:<\/strong><\/h3>\n<p>Szampon Puppy My Sweet mo\u017ce by\u0107 nak\u0142adany bezpo\u015brednio na mokr\u0105 szat\u0119 b\u0105d\u017a rozcie\u0144czany w stosunki 1:2 z wod\u0105. Na odpowiednio przygotowany w\u0142os na\u0142\u00f3\u017c szampon Puppy My Sweet i delikatnie wmasuj go w szat\u0119. Rozprowad\u017a szampon dok\u0142adnie od g\u0142owy, uwa\u017caj\u0105c na okolice oczu i uszu, a\u017c do ogona. Nast\u0119pnie dok\u0142adnie sp\u0142ucz pian\u0119 ciep\u0142\u0105, czyst\u0105 wod\u0105. W razie potrzeby czynno\u015b\u0107 mo\u017cna powt\u00f3rzy\u0107. Nast\u0119pnie delikatnie osusz w\u0142os r\u0119cznikiem, a je\u017celi tego wymaga wysusz suszark\u0105 a\u017c do ca\u0142kowitego wyschni\u0119cia w\u0142osa. Pami\u0119taj aby strumie\u0144 powietrza nie by\u0142 zbyt gor\u0105cy. Ciesz si\u0119 \u015bwie\u017co\u015bci\u0105 oraz blaskiem w\u0142osa. Szampon zawiera sk\u0142adniki od\u017cywcze oraz zabezpieczaj\u0105ce szat\u0119 dlatego te\u017c w przypadku szczeni\u0105t nie jest konieczne stosowanie <a href=\"https:\/\/shihtzu.com.pl\/sklep\/produkt\/botaniqa-love-me-long-odzywka-250ml\/\">od\u017cywki<\/a>.<\/p>\n<h3><strong>Przeznaczenie:<\/strong><\/h3>\n<p>Innowacyjna formu\u0142a szamponu sprawia, i\u017c mo\u017ce by\u0107 on stosowany w wielu przypadkach. Stworzony dla szczeni\u0105t wszystkich ras, suk karmi\u0105cych oraz ps\u00f3w doros\u0142ych o sk\u00f3rze wra\u017cliwej, sk\u0142onnej do podra\u017cnie\u0144. Mo\u017ce by\u0107 tak\u017ce stosowany dla ps\u00f3w d\u0142ugow\u0142osych do \u201ecodziennej&#8221; piel\u0119gnacji zar\u00f3wno ca\u0142ego cia\u0142a jak i okolic pyszczka. Zastosowane sk\u0142adniki czyszcz\u0105ce zapewniaj\u0105 \u0142agodno\u015b\u0107, a zawarte sk\u0142adniki od\u017cywcze gwarantuj\u0105 delikatne od\u017cywienie i zabezpieczenie.<\/p>\n","protected":false},"excerpt":{"rendered":"<p>Delikatny, naturalny szampon wzbogacony o innowacyjn\u0105 ochronn\u0105 formu\u0142\u0119. Stworzony z my\u015bl\u0105 o szczeni\u0119tach i psach o bardzo wra\u017cliwej sk\u00f3rze. Innowacyjna formu\u0142a nie tylko chroni szat\u0119 ale doskonale j\u0105 od\u017cywia i zabezpiecza. Delikatne sk\u0142adniki czyszcz\u0105ce pomagaj\u0105 w utrzymaniu szczeni\u0105t w czysto\u015bci i zdrowiu.<\/p>\n","protected":false},"featured_media":768,"comment_status":"open","ping_status":"closed","template":"","meta":[],"product_cat":[35],"product_tag":[],"yoast_head":"<!-- This site is optimized with the Yoast SEO plugin v22.0 - https:\/\/yoast.com\/wordpress\/plugins\/seo\/ -->\n<title>Botaniqa Puppy My Sweet - Szampon dla szczeni\u0105t<\/title>\n<meta name=\"description\" content=\"Botaniqa Puppy My Sweet delikatny szampon wzbogacony o innowacyjn\u0105 ochronn\u0105 formu\u0142\u0119. Stworzony z my\u015bl\u0105 o szczeni\u0119tach i psach o bardzo wra\u017cliwej sk\u00f3rze.\" \/>\n<meta name=\"robots\" content=\"index, follow, max-snippet:-1, max-image-preview:large, max-video-preview:-1\" \/>\n<link rel=\"canonical\" href=\"https:\/\/shihtzu.com.pl\/sklep\/produkt\/botaniqa-puppy-my-sweet-szampon-dla-szczeniat-i-skory-wrazliwej\/\" \/>\n<meta property=\"og:locale\" content=\"pl_PL\" \/>\n<meta property=\"og:type\" content=\"article\" \/>\n<meta property=\"og:title\" content=\"Botaniqa Puppy My Sweet - Szampon dla szczeni\u0105t\" \/>\n<meta property=\"og:description\" content=\"Botaniqa Puppy My Sweet delikatny szampon wzbogacony o innowacyjn\u0105 ochronn\u0105 formu\u0142\u0119. Stworzony z my\u015bl\u0105 o szczeni\u0119tach i psach o bardzo wra\u017cliwej sk\u00f3rze.\" \/>\n<meta property=\"og:url\" content=\"https:\/\/shihtzu.com.pl\/sklep\/produkt\/botaniqa-puppy-my-sweet-szampon-dla-szczeniat-i-skory-wrazliwej\/\" \/>\n<meta property=\"og:site_name\" content=\"Sklep z artyku\u0142ami dla ps\u00f3w shihtzu.com.pl\" \/>\n<meta property=\"article:publisher\" content=\"https:\/\/www.facebook.com\/Shihtzucompl\/\" \/>\n<meta property=\"article:modified_time\" content=\"2023-11-29T19:54:24+00:00\" \/>\n<meta property=\"og:image\" content=\"https:\/\/shihtzu.com.pl\/sklep\/wp-content\/uploads\/2020\/05\/botaniqa-puppy-my-sweet.jpg\" \/>\n\t<meta property=\"og:image:width\" content=\"600\" \/>\n\t<meta property=\"og:image:height\" content=\"600\" \/>\n\t<meta property=\"og:image:type\" content=\"image\/jpeg\" \/>\n<meta name=\"twitter:card\" content=\"summary_large_image\" \/>\n<meta name=\"twitter:label1\" content=\"Szacowany czas czytania\" \/>\n\t<meta name=\"twitter:data1\" content=\"2 minuty\" \/>\n<script type=\"application\/ld+json\" class=\"yoast-schema-graph\">{\"@context\":\"https:\/\/schema.org\",\"@graph\":[{\"@type\":\"WebPage\",\"@id\":\"https:\/\/shihtzu.com.pl\/sklep\/produkt\/botaniqa-puppy-my-sweet-szampon-dla-szczeniat-i-skory-wrazliwej\/\",\"url\":\"https:\/\/shihtzu.com.pl\/sklep\/produkt\/botaniqa-puppy-my-sweet-szampon-dla-szczeniat-i-skory-wrazliwej\/\",\"name\":\"Botaniqa Puppy My Sweet - Szampon dla szczeni\u0105t\",\"isPartOf\":{\"@id\":\"https:\/\/shihtzu.com.pl\/sklep\/#website\"},\"datePublished\":\"2020-05-08T14:51:14+00:00\",\"dateModified\":\"2023-11-29T19:54:24+00:00\",\"description\":\"Botaniqa Puppy My Sweet delikatny szampon wzbogacony o innowacyjn\u0105 ochronn\u0105 formu\u0142\u0119. Stworzony z my\u015bl\u0105 o szczeni\u0119tach i psach o bardzo wra\u017cliwej sk\u00f3rze.\",\"breadcrumb\":{\"@id\":\"https:\/\/shihtzu.com.pl\/sklep\/produkt\/botaniqa-puppy-my-sweet-szampon-dla-szczeniat-i-skory-wrazliwej\/#breadcrumb\"},\"inLanguage\":\"pl-PL\",\"potentialAction\":[{\"@type\":\"ReadAction\",\"target\":[\"https:\/\/shihtzu.com.pl\/sklep\/produkt\/botaniqa-puppy-my-sweet-szampon-dla-szczeniat-i-skory-wrazliwej\/\"]}]},{\"@type\":\"BreadcrumbList\",\"@id\":\"https:\/\/shihtzu.com.pl\/sklep\/produkt\/botaniqa-puppy-my-sweet-szampon-dla-szczeniat-i-skory-wrazliwej\/#breadcrumb\",\"itemListElement\":[{\"@type\":\"ListItem\",\"position\":1,\"name\":\"Sklep\",\"item\":\"https:\/\/shihtzu.com.pl\/sklep\/\"},{\"@type\":\"ListItem\",\"position\":2,\"name\":\"Szampony\",\"item\":\"https:\/\/shihtzu.com.pl\/sklep\/.\/szampony-dla-shih-tzu\/\"},{\"@type\":\"ListItem\",\"position\":3,\"name\":\"Botaniqa Puppy My Sweet &#8211; Szampon dla szczeni\u0105t i sk\u00f3ry wra\u017cliwej\"}]},{\"@type\":\"WebSite\",\"@id\":\"https:\/\/shihtzu.com.pl\/sklep\/#website\",\"url\":\"https:\/\/shihtzu.com.pl\/sklep\/\",\"name\":\"Sklep z artyku\u0142ami dla ps\u00f3w shihtzu.com.pl\",\"description\":\"Sklep specjalistyczny z artyku\u0142ami pod ras\u0119 Shih tzu. Znajdziesz tu od szampon\u00f3w przeznaczonych dla Shih tzu, przez od\u017cywki a\u017c po zabawki.\",\"publisher\":{\"@id\":\"https:\/\/shihtzu.com.pl\/sklep\/#organization\"},\"potentialAction\":[{\"@type\":\"SearchAction\",\"target\":{\"@type\":\"EntryPoint\",\"urlTemplate\":\"https:\/\/shihtzu.com.pl\/sklep\/?s={search_term_string}\"},\"query-input\":\"required name=search_term_string\"}],\"inLanguage\":\"pl-PL\"},{\"@type\":\"Organization\",\"@id\":\"https:\/\/shihtzu.com.pl\/sklep\/#organization\",\"name\":\"Sklep z artyku\u0142ami dla ps\u00f3w shihtzu.com.pl\",\"url\":\"https:\/\/shihtzu.com.pl\/sklep\/\",\"logo\":{\"@type\":\"ImageObject\",\"inLanguage\":\"pl-PL\",\"@id\":\"https:\/\/shihtzu.com.pl\/sklep\/#\/schema\/logo\/image\/\",\"url\":\"https:\/\/shihtzu.com.pl\/sklep\/wp-content\/uploads\/2020\/10\/cropped-Sklep-dla-shih-tzu-Logo.png\",\"contentUrl\":\"https:\/\/shihtzu.com.pl\/sklep\/wp-content\/uploads\/2020\/10\/cropped-Sklep-dla-shih-tzu-Logo.png\",\"width\":2077,\"height\":519,\"caption\":\"Sklep z artyku\u0142ami dla ps\u00f3w shihtzu.com.pl\"},\"image\":{\"@id\":\"https:\/\/shihtzu.com.pl\/sklep\/#\/schema\/logo\/image\/\"},\"sameAs\":[\"https:\/\/www.facebook.com\/Shihtzucompl\/\",\"https:\/\/www.linkedin.com\/company\/shih-tzu-sklep\/\"]}]}<\/script>\n<!-- \/ Yoast SEO plugin. -->","yoast_head_json":{"title":"Botaniqa Puppy My Sweet - Szampon dla szczeni\u0105t","description":"Botaniqa Puppy My Sweet delikatny szampon wzbogacony o innowacyjn\u0105 ochronn\u0105 formu\u0142\u0119. Stworzony z my\u015bl\u0105 o szczeni\u0119tach i psach o bardzo wra\u017cliwej sk\u00f3rze.","robots":{"index":"index","follow":"follow","max-snippet":"max-snippet:-1","max-image-preview":"max-image-preview:large","max-video-preview":"max-video-preview:-1"},"canonical":"https:\/\/shihtzu.com.pl\/sklep\/produkt\/botaniqa-puppy-my-sweet-szampon-dla-szczeniat-i-skory-wrazliwej\/","og_locale":"pl_PL","og_type":"article","og_title":"Botaniqa Puppy My Sweet - Szampon dla szczeni\u0105t","og_description":"Botaniqa Puppy My Sweet delikatny szampon wzbogacony o innowacyjn\u0105 ochronn\u0105 formu\u0142\u0119. Stworzony z my\u015bl\u0105 o szczeni\u0119tach i psach o bardzo wra\u017cliwej sk\u00f3rze.","og_url":"https:\/\/shihtzu.com.pl\/sklep\/produkt\/botaniqa-puppy-my-sweet-szampon-dla-szczeniat-i-skory-wrazliwej\/","og_site_name":"Sklep z artyku\u0142ami dla ps\u00f3w shihtzu.com.pl","article_publisher":"https:\/\/www.facebook.com\/Shihtzucompl\/","article_modified_time":"2023-11-29T19:54:24+00:00","og_image":[{"width":600,"height":600,"url":"https:\/\/shihtzu.com.pl\/sklep\/wp-content\/uploads\/2020\/05\/botaniqa-puppy-my-sweet.jpg","type":"image\/jpeg"}],"twitter_card":"summary_large_image","twitter_misc":{"Szacowany czas czytania":"2 minuty"},"schema":{"@context":"https:\/\/schema.org","@graph":[{"@type":"WebPage","@id":"https:\/\/shihtzu.com.pl\/sklep\/produkt\/botaniqa-puppy-my-sweet-szampon-dla-szczeniat-i-skory-wrazliwej\/","url":"https:\/\/shihtzu.com.pl\/sklep\/produkt\/botaniqa-puppy-my-sweet-szampon-dla-szczeniat-i-skory-wrazliwej\/","name":"Botaniqa Puppy My Sweet - Szampon dla szczeni\u0105t","isPartOf":{"@id":"https:\/\/shihtzu.com.pl\/sklep\/#website"},"datePublished":"2020-05-08T14:51:14+00:00","dateModified":"2023-11-29T19:54:24+00:00","description":"Botaniqa Puppy My Sweet delikatny szampon wzbogacony o innowacyjn\u0105 ochronn\u0105 formu\u0142\u0119. Stworzony z my\u015bl\u0105 o szczeni\u0119tach i psach o bardzo wra\u017cliwej sk\u00f3rze.","breadcrumb":{"@id":"https:\/\/shihtzu.com.pl\/sklep\/produkt\/botaniqa-puppy-my-sweet-szampon-dla-szczeniat-i-skory-wrazliwej\/#breadcrumb"},"inLanguage":"pl-PL","potentialAction":[{"@type":"ReadAction","target":["https:\/\/shihtzu.com.pl\/sklep\/produkt\/botaniqa-puppy-my-sweet-szampon-dla-szczeniat-i-skory-wrazliwej\/"]}]},{"@type":"BreadcrumbList","@id":"https:\/\/shihtzu.com.pl\/sklep\/produkt\/botaniqa-puppy-my-sweet-szampon-dla-szczeniat-i-skory-wrazliwej\/#breadcrumb","itemListElement":[{"@type":"ListItem","position":1,"name":"Sklep","item":"https:\/\/shihtzu.com.pl\/sklep\/"},{"@type":"ListItem","position":2,"name":"Szampony","item":"https:\/\/shihtzu.com.pl\/sklep\/.\/szampony-dla-shih-tzu\/"},{"@type":"ListItem","position":3,"name":"Botaniqa Puppy My Sweet &#8211; Szampon dla szczeni\u0105t i sk\u00f3ry wra\u017cliwej"}]},{"@type":"WebSite","@id":"https:\/\/shihtzu.com.pl\/sklep\/#website","url":"https:\/\/shihtzu.com.pl\/sklep\/","name":"Sklep z artyku\u0142ami dla ps\u00f3w shihtzu.com.pl","description":"Sklep specjalistyczny z artyku\u0142ami pod ras\u0119 Shih tzu. Znajdziesz tu od szampon\u00f3w przeznaczonych dla Shih tzu, przez od\u017cywki a\u017c po zabawki.","publisher":{"@id":"https:\/\/shihtzu.com.pl\/sklep\/#organization"},"potentialAction":[{"@type":"SearchAction","target":{"@type":"EntryPoint","urlTemplate":"https:\/\/shihtzu.com.pl\/sklep\/?s={search_term_string}"},"query-input":"required name=search_term_string"}],"inLanguage":"pl-PL"},{"@type":"Organization","@id":"https:\/\/shihtzu.com.pl\/sklep\/#organization","name":"Sklep z artyku\u0142ami dla ps\u00f3w shihtzu.com.pl","url":"https:\/\/shihtzu.com.pl\/sklep\/","logo":{"@type":"ImageObject","inLanguage":"pl-PL","@id":"https:\/\/shihtzu.com.pl\/sklep\/#\/schema\/logo\/image\/","url":"https:\/\/shihtzu.com.pl\/sklep\/wp-content\/uploads\/2020\/10\/cropped-Sklep-dla-shih-tzu-Logo.png","contentUrl":"https:\/\/shihtzu.com.pl\/sklep\/wp-content\/uploads\/2020\/10\/cropped-Sklep-dla-shih-tzu-Logo.png","width":2077,"height":519,"caption":"Sklep z artyku\u0142ami dla ps\u00f3w shihtzu.com.pl"},"image":{"@id":"https:\/\/shihtzu.com.pl\/sklep\/#\/schema\/logo\/image\/"},"sameAs":["https:\/\/www.facebook.com\/Shihtzucompl\/","https:\/\/www.linkedin.com\/company\/shih-tzu-sklep\/"]}]}},"_links":{"self":[{"href":"https:\/\/shihtzu.com.pl\/sklep\/wp-json\/wp\/v2\/product\/767"}],"collection":[{"href":"https:\/\/shihtzu.com.pl\/sklep\/wp-json\/wp\/v2\/product"}],"about":[{"href":"https:\/\/shihtzu.com.pl\/sklep\/wp-json\/wp\/v2\/types\/product"}],"replies":[{"embeddable":true,"href":"https:\/\/shihtzu.com.pl\/sklep\/wp-json\/wp\/v2\/comments?post=767"}],"wp:featuredmedia":[{"embeddable":true,"href":"https:\/\/shihtzu.com.pl\/sklep\/wp-json\/wp\/v2\/media\/768"}],"wp:attachment":[{"href":"https:\/\/shihtzu.com.pl\/sklep\/wp-json\/wp\/v2\/media?parent=767"}],"wp:term":[{"taxonomy":"product_cat","embeddable":true,"href":"https:\/\/shihtzu.com.pl\/sklep\/wp-json\/wp\/v2\/product_cat?post=767"},{"taxonomy":"product_tag","embeddable":true,"href":"https:\/\/shihtzu.com.pl\/sklep\/wp-json\/wp\/v2\/product_tag?post=767"}],"curies":[{"name":"wp","href":"https:\/\/api.w.org\/{rel}","templated":true}]}}