{"id":73,"date":"2019-02-17T13:54:22","date_gmt":"2019-02-17T12:54:22","guid":{"rendered":"https:\/\/shihtzu.com.pl\/sklep\/?post_type=product&#038;p=73"},"modified":"2023-11-29T01:32:56","modified_gmt":"2023-11-29T00:32:56","slug":"pilka-z-kolcami-trixie-6cm","status":"publish","type":"product","link":"https:\/\/shihtzu.com.pl\/sklep\/produkt\/pilka-z-kolcami-trixie-6cm\/","title":{"rendered":"Pi\u0142ka z kolcami Trixie 6cm"},"content":{"rendered":"<p>Pi\u0142ka z kolcami Trixie 6 cm to zabawka, kt\u00f3ra zapewni Twojemu psu niezapomniane chwile rozrywki i aktywno\u015bci. Ta kolorowa pi\u0142ka wykonana z lateksu to nie tylko <a href=\"https:\/\/shihtzu.com.pl\/sklep\/zabawki\/\">zabawka dla psa<\/a>, to prawdziwa przygoda w \u015bwiecie d\u017awi\u0119k\u00f3w, bod\u017ac\u00f3w i zdrowego ruchu.<\/p>\n<p>Ta zabawka jest idealna dla aktywnych ps\u00f3w, kt\u00f3re uwielbiaj\u0105 biega\u0107, skaka\u0107 i \u0142apa\u0107. Jej \u015brednica wynosz\u0105ca 6 cm sprawia, \u017ce jest odpowiednia zar\u00f3wno dla ma\u0142ych, jak i wi\u0119kszych ras ps\u00f3w. R\u00f3\u017cnorodno\u015b\u0107 kolor\u00f3w, kt\u00f3re s\u0105 wysy\u0142ane losowo, dodaje uroku i atrakcyjno\u015bci zabawce, co przyci\u0105ga uwag\u0119 psa i zach\u0119ca do interakcji.<\/p>\n<p>Jednym z wyj\u0105tkowych element\u00f3w tej pi\u0142ki s\u0105 kolce, kt\u00f3re pe\u0142ni\u0105 funkcj\u0119 masa\u017cu dzi\u0105se\u0142. Dzi\u0119ki nim, Tw\u00f3j pies mo\u017ce dba\u0107 o zdrowie swojej jamy ustnej podczas zabawy, co przeciwdzia\u0142a osadzaniu si\u0119 kamienia naz\u0119bnego i wspiera higien\u0119 jamy ustnej.<\/p>\n<p>Co wi\u0119cej, pi\u0142ka wydaje d\u017awi\u0119ki, co sprawia, \u017ce zabawa staje si\u0119 jeszcze bardziej atrakcyjna dla psa. D\u017awi\u0119ki pobudzaj\u0105 jego zmys\u0142y i zach\u0119caj\u0105 do interakcji, co sprawia, \u017ce pies anga\u017cuje si\u0119 w zabaw\u0119 z pe\u0142nym zaanga\u017cowaniem.<\/p>\n<p>Pi\u0142ka z kolcami <a href=\"https:\/\/shihtzu.com.pl\/sklep\/product_brand\/trixie\/\">Trixie<\/a> zosta\u0142a wykonana z lateksu, kt\u00f3ry jest bezpiecznym materia\u0142em dla ps\u00f3w. Co istotne, w przypadku po\u0142kni\u0119cia, lateks nie p\u0119cznieje i jest wydalany w ca\u0142o\u015bci, co eliminuje ryzyko zagro\u017cenia dla zdrowia zwierzaka. Mo\u017cesz wi\u0119c by\u0107 spokojny, \u017ce Tw\u00f3j pies bawi si\u0119 bezpiecznie.<\/p>\n<p>Podsumowuj\u0105c, Pi\u0142ka z kolcami Trixie 6 cm to nie tylko zabawka, to zaproszenie do aktywnej zabawy, stymuluj\u0105cej zmys\u0142y i piel\u0119gnuj\u0105cej zdrowie jamy ustnej Twojego psa. Daj swojemu zwierzakowi dawk\u0119 rado\u015bci i zdrowej rozrywki dzi\u0119ki tej wyj\u0105tkowej pi\u0142ce.<\/p>\n","protected":false},"excerpt":{"rendered":"<p>Pi\u0142ka z kolcami Trixie 6 cm to wi\u0119cej ni\u017c tylko zabawka. To interaktywna przygoda, kt\u00f3ra anga\u017cuje wszystkie zmys\u0142y Twojego psa. D\u017awi\u0119ki, kolce i kolorowa forma sprawiaj\u0105, \u017ce zabawa staje si\u0119 fascynuj\u0105ca i intensywna. Jednocze\u015bnie wspiera zdrowie jamy ustnej i dostarcza mn\u00f3stwo rado\u015bci. Ciesz si\u0119 chwilami aktywnej zabawy z pi\u0142k\u0105 z kolcami Trixie, kt\u00f3ra przynosi u\u015bmiech na twarz Twojego pupila.<\/p>\n","protected":false},"featured_media":834,"comment_status":"open","ping_status":"closed","template":"","meta":[],"product_cat":[37],"product_tag":[],"yoast_head":"<!-- This site is optimized with the Yoast SEO plugin v22.0 - https:\/\/yoast.com\/wordpress\/plugins\/seo\/ -->\n<title>Pi\u0142ka z kolcami Trixie 6cm<\/title>\n<meta name=\"description\" content=\"Pi\u0142ka z kolcami Trixie 6 cm to wi\u0119cej ni\u017c tylko zabawka. To interaktywna przygoda, kt\u00f3ra anga\u017cuje wszystkie zmys\u0142y Twojego psa.\" \/>\n<meta name=\"robots\" content=\"index, follow, max-snippet:-1, max-image-preview:large, max-video-preview:-1\" \/>\n<link rel=\"canonical\" href=\"https:\/\/shihtzu.com.pl\/sklep\/produkt\/pilka-z-kolcami-trixie-6cm\/\" \/>\n<meta property=\"og:locale\" content=\"pl_PL\" \/>\n<meta property=\"og:type\" content=\"article\" \/>\n<meta property=\"og:title\" content=\"Pi\u0142ka z kolcami Trixie 6cm\" \/>\n<meta property=\"og:description\" content=\"Pi\u0142ka z kolcami Trixie 6 cm to wi\u0119cej ni\u017c tylko zabawka. To interaktywna przygoda, kt\u00f3ra anga\u017cuje wszystkie zmys\u0142y Twojego psa.\" \/>\n<meta property=\"og:url\" content=\"https:\/\/shihtzu.com.pl\/sklep\/produkt\/pilka-z-kolcami-trixie-6cm\/\" \/>\n<meta property=\"og:site_name\" content=\"Sklep z artyku\u0142ami dla ps\u00f3w shihtzu.com.pl\" \/>\n<meta property=\"article:publisher\" content=\"https:\/\/www.facebook.com\/Shihtzucompl\/\" \/>\n<meta property=\"article:modified_time\" content=\"2023-11-29T00:32:56+00:00\" \/>\n<meta property=\"og:image\" content=\"https:\/\/shihtzu.com.pl\/sklep\/wp-content\/uploads\/2019\/02\/62-Pilka-z-kolcami-Trixie-6cm.jpg\" \/>\n\t<meta property=\"og:image:width\" content=\"450\" \/>\n\t<meta property=\"og:image:height\" content=\"357\" \/>\n\t<meta property=\"og:image:type\" content=\"image\/jpeg\" \/>\n<meta name=\"twitter:card\" content=\"summary_large_image\" \/>\n<meta name=\"twitter:label1\" content=\"Szacowany czas czytania\" \/>\n\t<meta name=\"twitter:data1\" content=\"2 minuty\" \/>\n<script type=\"application\/ld+json\" class=\"yoast-schema-graph\">{\"@context\":\"https:\/\/schema.org\",\"@graph\":[{\"@type\":\"WebPage\",\"@id\":\"https:\/\/shihtzu.com.pl\/sklep\/produkt\/pilka-z-kolcami-trixie-6cm\/\",\"url\":\"https:\/\/shihtzu.com.pl\/sklep\/produkt\/pilka-z-kolcami-trixie-6cm\/\",\"name\":\"Pi\u0142ka z kolcami Trixie 6cm\",\"isPartOf\":{\"@id\":\"https:\/\/shihtzu.com.pl\/sklep\/#website\"},\"datePublished\":\"2019-02-17T12:54:22+00:00\",\"dateModified\":\"2023-11-29T00:32:56+00:00\",\"description\":\"Pi\u0142ka z kolcami Trixie 6 cm to wi\u0119cej ni\u017c tylko zabawka. To interaktywna przygoda, kt\u00f3ra anga\u017cuje wszystkie zmys\u0142y Twojego psa.\",\"breadcrumb\":{\"@id\":\"https:\/\/shihtzu.com.pl\/sklep\/produkt\/pilka-z-kolcami-trixie-6cm\/#breadcrumb\"},\"inLanguage\":\"pl-PL\",\"potentialAction\":[{\"@type\":\"ReadAction\",\"target\":[\"https:\/\/shihtzu.com.pl\/sklep\/produkt\/pilka-z-kolcami-trixie-6cm\/\"]}]},{\"@type\":\"BreadcrumbList\",\"@id\":\"https:\/\/shihtzu.com.pl\/sklep\/produkt\/pilka-z-kolcami-trixie-6cm\/#breadcrumb\",\"itemListElement\":[{\"@type\":\"ListItem\",\"position\":1,\"name\":\"Sklep\",\"item\":\"https:\/\/shihtzu.com.pl\/sklep\/\"},{\"@type\":\"ListItem\",\"position\":2,\"name\":\"Zabawki\",\"item\":\"https:\/\/shihtzu.com.pl\/sklep\/.\/zabawki\/\"},{\"@type\":\"ListItem\",\"position\":3,\"name\":\"Pi\u0142ka z kolcami Trixie 6cm\"}]},{\"@type\":\"WebSite\",\"@id\":\"https:\/\/shihtzu.com.pl\/sklep\/#website\",\"url\":\"https:\/\/shihtzu.com.pl\/sklep\/\",\"name\":\"Sklep z artyku\u0142ami dla ps\u00f3w shihtzu.com.pl\",\"description\":\"Sklep specjalistyczny z artyku\u0142ami pod ras\u0119 Shih tzu. Znajdziesz tu od szampon\u00f3w przeznaczonych dla Shih tzu, przez od\u017cywki a\u017c po zabawki.\",\"publisher\":{\"@id\":\"https:\/\/shihtzu.com.pl\/sklep\/#organization\"},\"potentialAction\":[{\"@type\":\"SearchAction\",\"target\":{\"@type\":\"EntryPoint\",\"urlTemplate\":\"https:\/\/shihtzu.com.pl\/sklep\/?s={search_term_string}\"},\"query-input\":\"required name=search_term_string\"}],\"inLanguage\":\"pl-PL\"},{\"@type\":\"Organization\",\"@id\":\"https:\/\/shihtzu.com.pl\/sklep\/#organization\",\"name\":\"Sklep z artyku\u0142ami dla ps\u00f3w shihtzu.com.pl\",\"url\":\"https:\/\/shihtzu.com.pl\/sklep\/\",\"logo\":{\"@type\":\"ImageObject\",\"inLanguage\":\"pl-PL\",\"@id\":\"https:\/\/shihtzu.com.pl\/sklep\/#\/schema\/logo\/image\/\",\"url\":\"https:\/\/shihtzu.com.pl\/sklep\/wp-content\/uploads\/2020\/10\/cropped-Sklep-dla-shih-tzu-Logo.png\",\"contentUrl\":\"https:\/\/shihtzu.com.pl\/sklep\/wp-content\/uploads\/2020\/10\/cropped-Sklep-dla-shih-tzu-Logo.png\",\"width\":2077,\"height\":519,\"caption\":\"Sklep z artyku\u0142ami dla ps\u00f3w shihtzu.com.pl\"},\"image\":{\"@id\":\"https:\/\/shihtzu.com.pl\/sklep\/#\/schema\/logo\/image\/\"},\"sameAs\":[\"https:\/\/www.facebook.com\/Shihtzucompl\/\",\"https:\/\/www.linkedin.com\/company\/shih-tzu-sklep\/\"]}]}<\/script>\n<!-- \/ Yoast SEO plugin. -->","yoast_head_json":{"title":"Pi\u0142ka z kolcami Trixie 6cm","description":"Pi\u0142ka z kolcami Trixie 6 cm to wi\u0119cej ni\u017c tylko zabawka. To interaktywna przygoda, kt\u00f3ra anga\u017cuje wszystkie zmys\u0142y Twojego psa.","robots":{"index":"index","follow":"follow","max-snippet":"max-snippet:-1","max-image-preview":"max-image-preview:large","max-video-preview":"max-video-preview:-1"},"canonical":"https:\/\/shihtzu.com.pl\/sklep\/produkt\/pilka-z-kolcami-trixie-6cm\/","og_locale":"pl_PL","og_type":"article","og_title":"Pi\u0142ka z kolcami Trixie 6cm","og_description":"Pi\u0142ka z kolcami Trixie 6 cm to wi\u0119cej ni\u017c tylko zabawka. To interaktywna przygoda, kt\u00f3ra anga\u017cuje wszystkie zmys\u0142y Twojego psa.","og_url":"https:\/\/shihtzu.com.pl\/sklep\/produkt\/pilka-z-kolcami-trixie-6cm\/","og_site_name":"Sklep z artyku\u0142ami dla ps\u00f3w shihtzu.com.pl","article_publisher":"https:\/\/www.facebook.com\/Shihtzucompl\/","article_modified_time":"2023-11-29T00:32:56+00:00","og_image":[{"width":450,"height":357,"url":"https:\/\/shihtzu.com.pl\/sklep\/wp-content\/uploads\/2019\/02\/62-Pilka-z-kolcami-Trixie-6cm.jpg","type":"image\/jpeg"}],"twitter_card":"summary_large_image","twitter_misc":{"Szacowany czas czytania":"2 minuty"},"schema":{"@context":"https:\/\/schema.org","@graph":[{"@type":"WebPage","@id":"https:\/\/shihtzu.com.pl\/sklep\/produkt\/pilka-z-kolcami-trixie-6cm\/","url":"https:\/\/shihtzu.com.pl\/sklep\/produkt\/pilka-z-kolcami-trixie-6cm\/","name":"Pi\u0142ka z kolcami Trixie 6cm","isPartOf":{"@id":"https:\/\/shihtzu.com.pl\/sklep\/#website"},"datePublished":"2019-02-17T12:54:22+00:00","dateModified":"2023-11-29T00:32:56+00:00","description":"Pi\u0142ka z kolcami Trixie 6 cm to wi\u0119cej ni\u017c tylko zabawka. To interaktywna przygoda, kt\u00f3ra anga\u017cuje wszystkie zmys\u0142y Twojego psa.","breadcrumb":{"@id":"https:\/\/shihtzu.com.pl\/sklep\/produkt\/pilka-z-kolcami-trixie-6cm\/#breadcrumb"},"inLanguage":"pl-PL","potentialAction":[{"@type":"ReadAction","target":["https:\/\/shihtzu.com.pl\/sklep\/produkt\/pilka-z-kolcami-trixie-6cm\/"]}]},{"@type":"BreadcrumbList","@id":"https:\/\/shihtzu.com.pl\/sklep\/produkt\/pilka-z-kolcami-trixie-6cm\/#breadcrumb","itemListElement":[{"@type":"ListItem","position":1,"name":"Sklep","item":"https:\/\/shihtzu.com.pl\/sklep\/"},{"@type":"ListItem","position":2,"name":"Zabawki","item":"https:\/\/shihtzu.com.pl\/sklep\/.\/zabawki\/"},{"@type":"ListItem","position":3,"name":"Pi\u0142ka z kolcami Trixie 6cm"}]},{"@type":"WebSite","@id":"https:\/\/shihtzu.com.pl\/sklep\/#website","url":"https:\/\/shihtzu.com.pl\/sklep\/","name":"Sklep z artyku\u0142ami dla ps\u00f3w shihtzu.com.pl","description":"Sklep specjalistyczny z artyku\u0142ami pod ras\u0119 Shih tzu. Znajdziesz tu od szampon\u00f3w przeznaczonych dla Shih tzu, przez od\u017cywki a\u017c po zabawki.","publisher":{"@id":"https:\/\/shihtzu.com.pl\/sklep\/#organization"},"potentialAction":[{"@type":"SearchAction","target":{"@type":"EntryPoint","urlTemplate":"https:\/\/shihtzu.com.pl\/sklep\/?s={search_term_string}"},"query-input":"required name=search_term_string"}],"inLanguage":"pl-PL"},{"@type":"Organization","@id":"https:\/\/shihtzu.com.pl\/sklep\/#organization","name":"Sklep z artyku\u0142ami dla ps\u00f3w shihtzu.com.pl","url":"https:\/\/shihtzu.com.pl\/sklep\/","logo":{"@type":"ImageObject","inLanguage":"pl-PL","@id":"https:\/\/shihtzu.com.pl\/sklep\/#\/schema\/logo\/image\/","url":"https:\/\/shihtzu.com.pl\/sklep\/wp-content\/uploads\/2020\/10\/cropped-Sklep-dla-shih-tzu-Logo.png","contentUrl":"https:\/\/shihtzu.com.pl\/sklep\/wp-content\/uploads\/2020\/10\/cropped-Sklep-dla-shih-tzu-Logo.png","width":2077,"height":519,"caption":"Sklep z artyku\u0142ami dla ps\u00f3w shihtzu.com.pl"},"image":{"@id":"https:\/\/shihtzu.com.pl\/sklep\/#\/schema\/logo\/image\/"},"sameAs":["https:\/\/www.facebook.com\/Shihtzucompl\/","https:\/\/www.linkedin.com\/company\/shih-tzu-sklep\/"]}]}},"_links":{"self":[{"href":"https:\/\/shihtzu.com.pl\/sklep\/wp-json\/wp\/v2\/product\/73"}],"collection":[{"href":"https:\/\/shihtzu.com.pl\/sklep\/wp-json\/wp\/v2\/product"}],"about":[{"href":"https:\/\/shihtzu.com.pl\/sklep\/wp-json\/wp\/v2\/types\/product"}],"replies":[{"embeddable":true,"href":"https:\/\/shihtzu.com.pl\/sklep\/wp-json\/wp\/v2\/comments?post=73"}],"wp:featuredmedia":[{"embeddable":true,"href":"https:\/\/shihtzu.com.pl\/sklep\/wp-json\/wp\/v2\/media\/834"}],"wp:attachment":[{"href":"https:\/\/shihtzu.com.pl\/sklep\/wp-json\/wp\/v2\/media?parent=73"}],"wp:term":[{"taxonomy":"product_cat","embeddable":true,"href":"https:\/\/shihtzu.com.pl\/sklep\/wp-json\/wp\/v2\/product_cat?post=73"},{"taxonomy":"product_tag","embeddable":true,"href":"https:\/\/shihtzu.com.pl\/sklep\/wp-json\/wp\/v2\/product_tag?post=73"}],"curies":[{"name":"wp","href":"https:\/\/api.w.org\/{rel}","templated":true}]}}