{"id":71,"date":"2019-02-17T13:47:03","date_gmt":"2019-02-17T12:47:03","guid":{"rendered":"https:\/\/shihtzu.com.pl\/sklep\/?post_type=product&#038;p=71"},"modified":"2024-11-13T14:38:11","modified_gmt":"2024-11-13T13:38:11","slug":"szampon-dr-seidel-dla-psa-hipoalergiczny","status":"publish","type":"product","link":"https:\/\/shihtzu.com.pl\/sklep\/produkt\/szampon-dr-seidel-dla-psa-hipoalergiczny\/","title":{"rendered":"Szampon Dr Seidel dla psa hipoalergiczny"},"content":{"rendered":"<h2 style=\"text-align: center;\">DR SEIDEL \u2013 Szampon hipoalergiczny<\/h2>\n<p>Shih tzu nale\u017c\u0105 do ras szczeg\u00f3lnie wra\u017cliwych, a do tego poszczeg\u00f3lne osobniki mog\u0105 by\u0107 jeszcze bardziej podatne na podra\u017cnienia sk\u00f3ry, na przyk\u0142ad z powodu alergii na sk\u0142adniki niekt\u00f3rych preparat\u00f3w myj\u0105cych. Marka Dr Seidel wychodzi naprzeciw potrzebom tych najbardziej delikatnych stworze\u0144, dostarczaj\u0105c na rynek ceniony od lat szampon hipoalergiczny.<\/p>\n<p>Preparat w spos\u00f3b \u0142agodny, a zarazem skuteczny usuwa zabrudzenia z psiego w\u0142osia, nie wysuszaj\u0105c sk\u00f3ry nawet przy cz\u0119stym stosowaniu. Delikatnie piel\u0119gnuje w\u0142osy i sk\u00f3r\u0119 dzi\u0119ki zawartej w sk\u0142adzie lanolinie, kt\u00f3ra ma dzia\u0142anie nat\u0142uszczaj\u0105ce i \u0142agodz\u0105ce. Zwi\u0119kszon\u0105 ochron\u0119 przed ewentualnym wp\u0142ywem \u015brodka myj\u0105cego na stan sk\u00f3ry zapewnia dodatek hydrolizat\u00f3w proteinowych, kt\u00f3re tak\u017ce nawil\u017caj\u0105 w\u0142osy. Dzia\u0142aj\u0105 tak\u017ce jak od\u017cywka \u2013 szata psa po k\u0105pieli jest mi\u0119kka, \u0142atwo si\u0119 rozczesuje, nabiera zdrowego po\u0142ysku i mniej si\u0119 elektryzuje.<\/p>\n<p>Regularne stosowanie <a href=\"https:\/\/shihtzu.com.pl\/sklep\/szampony-dla-shih-tzu\/\">szamponu dla Shih Tzu<\/a> od Dr Seidel pozwala upora\u0107 si\u0119 z uci\u0105\u017cliwymi problemami wra\u017cliwej sk\u00f3ry psa, takimi jak \u015bwi\u0105d, \u0142uszczenie nask\u00f3rka, stany zapalne, nadmierna produkcja \u0142oju, \u0142upie\u017c i inne. Formu\u0142a dora\u017anie koi dyskomfort zwi\u0105zany z tymi dolegliwo\u015bciami, a tak\u017ce d\u0142ugofalowo doprowadza do ich ust\u0105pienia.<\/p>\n<p>W trosce o najwra\u017cliwsze czworonogi, do sk\u0142adu szamponu nie dodano \u017cadnych sztucznych substancji zapachowych, kt\u00f3re mog\u0142yby podra\u017cni\u0107 czu\u0142y nos zwierz\u0119cia. Zapach produktu jest bardzo subtelny, a efekt \u015bwie\u017co\u015bci sier\u015bci uzyskuje si\u0119 dzi\u0119ki bardzo skutecznemu jej oczyszczeniu, a nie poprzez maskowanie brzydkiego zapachu silniejsz\u0105 woni\u0105 perfum.<\/p>\n","protected":false},"excerpt":{"rendered":"<p>Szampon Dr Seidel dla psa hipoalergiczny to odpowied\u017a na potrzeby ps\u00f3w o wra\u017cliwej sk\u00f3rze, w tym przedstawicieli rasy Shih Tzu. Dzi\u0119ki hipoalergicznej formule jest idealny dla ps\u00f3w z alergi\u0105 lub sk\u0142onno\u015bci\u0105 do podra\u017cnie\u0144 sk\u00f3ry. Szampon od <a href=\"https:\/\/shihtzu.com.pl\/sklep\/product_brand\/dermapharm\/\">Dermapharm<\/a> nie tylko dok\u0142adnie oczyszcza sier\u015b\u0107, ale tak\u017ce piel\u0119gnuje j\u0105, sprawiaj\u0105c, \u017ce staje si\u0119 mi\u0119kka i l\u015bni\u0105ca. To produkt ceniony przez w\u0142a\u015bcicieli ps\u00f3w, kt\u00f3rzy dbaj\u0105 o zdrowie i komfort swoich pupili.<\/p>\n","protected":false},"featured_media":88,"comment_status":"open","ping_status":"closed","template":"","meta":[],"product_cat":[35],"product_tag":[],"yoast_head":"<!-- This site is optimized with the Yoast SEO plugin v22.0 - https:\/\/yoast.com\/wordpress\/plugins\/seo\/ -->\n<title>Szampon hipoalergiczny dla ps\u00f3w Dr Seidel - 18 z\u0142<\/title>\n<meta name=\"description\" content=\"Ceniony przez w\u0142a\u015bcicieli ps\u00f3w za swoje w\u0142a\u015bciwo\u015bci hipoalergiczne szampon od Dr Seidel, zalecany jest dla ps\u00f3w z alergi\u0105 czy wra\u017cliw\u0105 sk\u00f3r\u0105.\" \/>\n<meta name=\"robots\" content=\"index, follow, max-snippet:-1, max-image-preview:large, max-video-preview:-1\" \/>\n<link rel=\"canonical\" href=\"https:\/\/shihtzu.com.pl\/sklep\/produkt\/szampon-dr-seidel-dla-psa-hipoalergiczny\/\" \/>\n<meta property=\"og:locale\" content=\"pl_PL\" \/>\n<meta property=\"og:type\" content=\"article\" \/>\n<meta property=\"og:title\" content=\"Szampon hipoalergiczny dla ps\u00f3w Dr Seidel - 18 z\u0142\" \/>\n<meta property=\"og:description\" content=\"Ceniony przez w\u0142a\u015bcicieli ps\u00f3w za swoje w\u0142a\u015bciwo\u015bci hipoalergiczne szampon od Dr Seidel, zalecany jest dla ps\u00f3w z alergi\u0105 czy wra\u017cliw\u0105 sk\u00f3r\u0105.\" \/>\n<meta property=\"og:url\" content=\"https:\/\/shihtzu.com.pl\/sklep\/produkt\/szampon-dr-seidel-dla-psa-hipoalergiczny\/\" \/>\n<meta property=\"og:site_name\" content=\"Sklep z artyku\u0142ami dla ps\u00f3w shihtzu.com.pl\" \/>\n<meta property=\"article:publisher\" content=\"https:\/\/www.facebook.com\/Shihtzucompl\/\" \/>\n<meta property=\"article:modified_time\" content=\"2024-11-13T13:38:11+00:00\" \/>\n<meta property=\"og:image\" content=\"https:\/\/shihtzu.com.pl\/sklep\/wp-content\/uploads\/2019\/02\/szampon-dr-seidel-dla-psa-hipoalergiczny.png\" \/>\n\t<meta property=\"og:image:width\" content=\"1100\" \/>\n\t<meta property=\"og:image:height\" content=\"1100\" \/>\n\t<meta property=\"og:image:type\" content=\"image\/png\" \/>\n<meta name=\"twitter:card\" content=\"summary_large_image\" \/>\n<meta name=\"twitter:title\" content=\"Szampon hipoalergiczny dla ps\u00f3w Dr Seidel - 18 z\u0142\" \/>\n<meta name=\"twitter:description\" content=\"Ceniony przez w\u0142a\u015bcicieli ps\u00f3w za swoje w\u0142a\u015bciwo\u015bci hipoalergiczne szampon od Dr Seidel, zalecany jest dla ps\u00f3w z alergi\u0105 czy wra\u017cliw\u0105 sk\u00f3r\u0105.\" \/>\n<meta name=\"twitter:image\" content=\"https:\/\/shihtzu.com.pl\/sklep\/wp-content\/uploads\/2019\/02\/szampon-dr-seidel-dla-psa-hipoalergiczny.png\" \/>\n<meta name=\"twitter:label1\" content=\"Szacowany czas czytania\" \/>\n\t<meta name=\"twitter:data1\" content=\"2 minuty\" \/>\n<script type=\"application\/ld+json\" class=\"yoast-schema-graph\">{\"@context\":\"https:\/\/schema.org\",\"@graph\":[{\"@type\":\"WebPage\",\"@id\":\"https:\/\/shihtzu.com.pl\/sklep\/produkt\/szampon-dr-seidel-dla-psa-hipoalergiczny\/\",\"url\":\"https:\/\/shihtzu.com.pl\/sklep\/produkt\/szampon-dr-seidel-dla-psa-hipoalergiczny\/\",\"name\":\"Szampon hipoalergiczny dla ps\u00f3w Dr Seidel - 18 z\u0142\",\"isPartOf\":{\"@id\":\"https:\/\/shihtzu.com.pl\/sklep\/#website\"},\"datePublished\":\"2019-02-17T12:47:03+00:00\",\"dateModified\":\"2024-11-13T13:38:11+00:00\",\"description\":\"Ceniony przez w\u0142a\u015bcicieli ps\u00f3w za swoje w\u0142a\u015bciwo\u015bci hipoalergiczne szampon od Dr Seidel, zalecany jest dla ps\u00f3w z alergi\u0105 czy wra\u017cliw\u0105 sk\u00f3r\u0105.\",\"breadcrumb\":{\"@id\":\"https:\/\/shihtzu.com.pl\/sklep\/produkt\/szampon-dr-seidel-dla-psa-hipoalergiczny\/#breadcrumb\"},\"inLanguage\":\"pl-PL\",\"potentialAction\":[{\"@type\":\"ReadAction\",\"target\":[\"https:\/\/shihtzu.com.pl\/sklep\/produkt\/szampon-dr-seidel-dla-psa-hipoalergiczny\/\"]}]},{\"@type\":\"BreadcrumbList\",\"@id\":\"https:\/\/shihtzu.com.pl\/sklep\/produkt\/szampon-dr-seidel-dla-psa-hipoalergiczny\/#breadcrumb\",\"itemListElement\":[{\"@type\":\"ListItem\",\"position\":1,\"name\":\"Sklep\",\"item\":\"https:\/\/shihtzu.com.pl\/sklep\/\"},{\"@type\":\"ListItem\",\"position\":2,\"name\":\"Szampony\",\"item\":\"https:\/\/shihtzu.com.pl\/sklep\/.\/szampony-dla-shih-tzu\/\"},{\"@type\":\"ListItem\",\"position\":3,\"name\":\"Szampon Dr Seidel dla psa hipoalergiczny\"}]},{\"@type\":\"WebSite\",\"@id\":\"https:\/\/shihtzu.com.pl\/sklep\/#website\",\"url\":\"https:\/\/shihtzu.com.pl\/sklep\/\",\"name\":\"Sklep z artyku\u0142ami dla ps\u00f3w shihtzu.com.pl\",\"description\":\"Sklep specjalistyczny z artyku\u0142ami pod ras\u0119 Shih tzu. Znajdziesz tu od szampon\u00f3w przeznaczonych dla Shih tzu, przez od\u017cywki a\u017c po zabawki.\",\"publisher\":{\"@id\":\"https:\/\/shihtzu.com.pl\/sklep\/#organization\"},\"potentialAction\":[{\"@type\":\"SearchAction\",\"target\":{\"@type\":\"EntryPoint\",\"urlTemplate\":\"https:\/\/shihtzu.com.pl\/sklep\/?s={search_term_string}\"},\"query-input\":\"required name=search_term_string\"}],\"inLanguage\":\"pl-PL\"},{\"@type\":\"Organization\",\"@id\":\"https:\/\/shihtzu.com.pl\/sklep\/#organization\",\"name\":\"Sklep z artyku\u0142ami dla ps\u00f3w shihtzu.com.pl\",\"url\":\"https:\/\/shihtzu.com.pl\/sklep\/\",\"logo\":{\"@type\":\"ImageObject\",\"inLanguage\":\"pl-PL\",\"@id\":\"https:\/\/shihtzu.com.pl\/sklep\/#\/schema\/logo\/image\/\",\"url\":\"https:\/\/shihtzu.com.pl\/sklep\/wp-content\/uploads\/2020\/10\/cropped-Sklep-dla-shih-tzu-Logo.png\",\"contentUrl\":\"https:\/\/shihtzu.com.pl\/sklep\/wp-content\/uploads\/2020\/10\/cropped-Sklep-dla-shih-tzu-Logo.png\",\"width\":2077,\"height\":519,\"caption\":\"Sklep z artyku\u0142ami dla ps\u00f3w shihtzu.com.pl\"},\"image\":{\"@id\":\"https:\/\/shihtzu.com.pl\/sklep\/#\/schema\/logo\/image\/\"},\"sameAs\":[\"https:\/\/www.facebook.com\/Shihtzucompl\/\",\"https:\/\/www.linkedin.com\/company\/shih-tzu-sklep\/\"]}]}<\/script>\n<!-- \/ Yoast SEO plugin. -->","yoast_head_json":{"title":"Szampon hipoalergiczny dla ps\u00f3w Dr Seidel - 18 z\u0142","description":"Ceniony przez w\u0142a\u015bcicieli ps\u00f3w za swoje w\u0142a\u015bciwo\u015bci hipoalergiczne szampon od Dr Seidel, zalecany jest dla ps\u00f3w z alergi\u0105 czy wra\u017cliw\u0105 sk\u00f3r\u0105.","robots":{"index":"index","follow":"follow","max-snippet":"max-snippet:-1","max-image-preview":"max-image-preview:large","max-video-preview":"max-video-preview:-1"},"canonical":"https:\/\/shihtzu.com.pl\/sklep\/produkt\/szampon-dr-seidel-dla-psa-hipoalergiczny\/","og_locale":"pl_PL","og_type":"article","og_title":"Szampon hipoalergiczny dla ps\u00f3w Dr Seidel - 18 z\u0142","og_description":"Ceniony przez w\u0142a\u015bcicieli ps\u00f3w za swoje w\u0142a\u015bciwo\u015bci hipoalergiczne szampon od Dr Seidel, zalecany jest dla ps\u00f3w z alergi\u0105 czy wra\u017cliw\u0105 sk\u00f3r\u0105.","og_url":"https:\/\/shihtzu.com.pl\/sklep\/produkt\/szampon-dr-seidel-dla-psa-hipoalergiczny\/","og_site_name":"Sklep z artyku\u0142ami dla ps\u00f3w shihtzu.com.pl","article_publisher":"https:\/\/www.facebook.com\/Shihtzucompl\/","article_modified_time":"2024-11-13T13:38:11+00:00","og_image":[{"width":1100,"height":1100,"url":"https:\/\/shihtzu.com.pl\/sklep\/wp-content\/uploads\/2019\/02\/szampon-dr-seidel-dla-psa-hipoalergiczny.png","type":"image\/png"}],"twitter_card":"summary_large_image","twitter_title":"Szampon hipoalergiczny dla ps\u00f3w Dr Seidel - 18 z\u0142","twitter_description":"Ceniony przez w\u0142a\u015bcicieli ps\u00f3w za swoje w\u0142a\u015bciwo\u015bci hipoalergiczne szampon od Dr Seidel, zalecany jest dla ps\u00f3w z alergi\u0105 czy wra\u017cliw\u0105 sk\u00f3r\u0105.","twitter_image":"https:\/\/shihtzu.com.pl\/sklep\/wp-content\/uploads\/2019\/02\/szampon-dr-seidel-dla-psa-hipoalergiczny.png","twitter_misc":{"Szacowany czas czytania":"2 minuty"},"schema":{"@context":"https:\/\/schema.org","@graph":[{"@type":"WebPage","@id":"https:\/\/shihtzu.com.pl\/sklep\/produkt\/szampon-dr-seidel-dla-psa-hipoalergiczny\/","url":"https:\/\/shihtzu.com.pl\/sklep\/produkt\/szampon-dr-seidel-dla-psa-hipoalergiczny\/","name":"Szampon hipoalergiczny dla ps\u00f3w Dr Seidel - 18 z\u0142","isPartOf":{"@id":"https:\/\/shihtzu.com.pl\/sklep\/#website"},"datePublished":"2019-02-17T12:47:03+00:00","dateModified":"2024-11-13T13:38:11+00:00","description":"Ceniony przez w\u0142a\u015bcicieli ps\u00f3w za swoje w\u0142a\u015bciwo\u015bci hipoalergiczne szampon od Dr Seidel, zalecany jest dla ps\u00f3w z alergi\u0105 czy wra\u017cliw\u0105 sk\u00f3r\u0105.","breadcrumb":{"@id":"https:\/\/shihtzu.com.pl\/sklep\/produkt\/szampon-dr-seidel-dla-psa-hipoalergiczny\/#breadcrumb"},"inLanguage":"pl-PL","potentialAction":[{"@type":"ReadAction","target":["https:\/\/shihtzu.com.pl\/sklep\/produkt\/szampon-dr-seidel-dla-psa-hipoalergiczny\/"]}]},{"@type":"BreadcrumbList","@id":"https:\/\/shihtzu.com.pl\/sklep\/produkt\/szampon-dr-seidel-dla-psa-hipoalergiczny\/#breadcrumb","itemListElement":[{"@type":"ListItem","position":1,"name":"Sklep","item":"https:\/\/shihtzu.com.pl\/sklep\/"},{"@type":"ListItem","position":2,"name":"Szampony","item":"https:\/\/shihtzu.com.pl\/sklep\/.\/szampony-dla-shih-tzu\/"},{"@type":"ListItem","position":3,"name":"Szampon Dr Seidel dla psa hipoalergiczny"}]},{"@type":"WebSite","@id":"https:\/\/shihtzu.com.pl\/sklep\/#website","url":"https:\/\/shihtzu.com.pl\/sklep\/","name":"Sklep z artyku\u0142ami dla ps\u00f3w shihtzu.com.pl","description":"Sklep specjalistyczny z artyku\u0142ami pod ras\u0119 Shih tzu. Znajdziesz tu od szampon\u00f3w przeznaczonych dla Shih tzu, przez od\u017cywki a\u017c po zabawki.","publisher":{"@id":"https:\/\/shihtzu.com.pl\/sklep\/#organization"},"potentialAction":[{"@type":"SearchAction","target":{"@type":"EntryPoint","urlTemplate":"https:\/\/shihtzu.com.pl\/sklep\/?s={search_term_string}"},"query-input":"required name=search_term_string"}],"inLanguage":"pl-PL"},{"@type":"Organization","@id":"https:\/\/shihtzu.com.pl\/sklep\/#organization","name":"Sklep z artyku\u0142ami dla ps\u00f3w shihtzu.com.pl","url":"https:\/\/shihtzu.com.pl\/sklep\/","logo":{"@type":"ImageObject","inLanguage":"pl-PL","@id":"https:\/\/shihtzu.com.pl\/sklep\/#\/schema\/logo\/image\/","url":"https:\/\/shihtzu.com.pl\/sklep\/wp-content\/uploads\/2020\/10\/cropped-Sklep-dla-shih-tzu-Logo.png","contentUrl":"https:\/\/shihtzu.com.pl\/sklep\/wp-content\/uploads\/2020\/10\/cropped-Sklep-dla-shih-tzu-Logo.png","width":2077,"height":519,"caption":"Sklep z artyku\u0142ami dla ps\u00f3w shihtzu.com.pl"},"image":{"@id":"https:\/\/shihtzu.com.pl\/sklep\/#\/schema\/logo\/image\/"},"sameAs":["https:\/\/www.facebook.com\/Shihtzucompl\/","https:\/\/www.linkedin.com\/company\/shih-tzu-sklep\/"]}]}},"_links":{"self":[{"href":"https:\/\/shihtzu.com.pl\/sklep\/wp-json\/wp\/v2\/product\/71"}],"collection":[{"href":"https:\/\/shihtzu.com.pl\/sklep\/wp-json\/wp\/v2\/product"}],"about":[{"href":"https:\/\/shihtzu.com.pl\/sklep\/wp-json\/wp\/v2\/types\/product"}],"replies":[{"embeddable":true,"href":"https:\/\/shihtzu.com.pl\/sklep\/wp-json\/wp\/v2\/comments?post=71"}],"wp:featuredmedia":[{"embeddable":true,"href":"https:\/\/shihtzu.com.pl\/sklep\/wp-json\/wp\/v2\/media\/88"}],"wp:attachment":[{"href":"https:\/\/shihtzu.com.pl\/sklep\/wp-json\/wp\/v2\/media?parent=71"}],"wp:term":[{"taxonomy":"product_cat","embeddable":true,"href":"https:\/\/shihtzu.com.pl\/sklep\/wp-json\/wp\/v2\/product_cat?post=71"},{"taxonomy":"product_tag","embeddable":true,"href":"https:\/\/shihtzu.com.pl\/sklep\/wp-json\/wp\/v2\/product_tag?post=71"}],"curies":[{"name":"wp","href":"https:\/\/api.w.org\/{rel}","templated":true}]}}