{"id":64,"date":"2019-02-16T20:40:10","date_gmt":"2019-02-16T19:40:10","guid":{"rendered":"https:\/\/shihtzu.com.pl\/sklep\/?post_type=product&#038;p=64"},"modified":"2024-02-24T06:46:10","modified_gmt":"2024-02-24T05:46:10","slug":"purina-optiderma-dla-doroslych-psow-malych-ras","status":"publish","type":"product","link":"https:\/\/shihtzu.com.pl\/sklep\/produkt\/purina-optiderma-dla-doroslych-psow-malych-ras\/","title":{"rendered":"Purina Optiderma dla doros\u0142ych ps\u00f3w Shih Tzu"},"content":{"rendered":"<h3 style=\"text-align: center;\">Purina Optiderma dla doros\u0142ych ps\u00f3w Shih Tzu<\/h3>\n<p>Nie bez powodu uwa\u017ca si\u0119 powszechnie, \u017ce ma\u0142e rasy ps\u00f3w zas\u0142uguj\u0105 na specjaln\u0105 trosk\u0119. Jak ka\u017cdy \u015bwiadomy w\u0142a\u015bciciel, na pewno starasz si\u0119 kompleksowo dba\u0107 o zdrowie i dobr\u0105 form\u0119 swojego czworono\u017cnego przyjaciela poprzez odpowiedni\u0105 piel\u0119gnacj\u0119 i \u017cywienie. Aby Ci w tym pom\u00f3c, marka <strong>Purina<\/strong> przygotowa\u0142a wyspecjalizowan\u0105 lini\u0119 karmy <strong>OPTIDERMA<\/strong> \u2013 z my\u015bl\u0105 o tych psach, kt\u00f3re maj\u0105 wra\u017cliw\u0105 sk\u00f3r\u0119. Cz\u0119sto zdarza si\u0119, \u017ce zwyk\u0142e karmy pog\u0142\u0119biaj\u0105 ich problemy, poniewa\u017c pewne ich sk\u0142adniki wywo\u0142uj\u0105 reakcje alergiczne, manifestuj\u0105ce si\u0119 w\u0142a\u015bnie w formie \u015bwi\u0105du czy \u0142upie\u017cu.<\/p>\n<p>Znaj\u0105c te problemy, do\u015bwiadczony zesp\u00f3\u0142 lekarzy weterynarii i dietetyk\u00f3w na zlecenie marki Purina opracowa\u0142 formu\u0142\u0119 <strong>PRO PLAN OPTIDERMA\u00a0<\/strong> pozbawion\u0105 wszelkich substancji, kt\u00f3re mog\u0142yby w jakikolwiek spos\u00f3b pogorszy\u0107 kondycj\u0119 psiej sk\u00f3ry.\u00a0 Sk\u0142ad karmy jest prosty i naturalny, a starannie wyselekcjonowane produkty w nim zawarte m\u00f3wi\u0105 same za siebie. Podstawowym sk\u0142adnikiem jest \u0142oso\u015b, czyli najlepsze z mo\u017cliwych \u017ar\u00f3d\u0142o bia\u0142ka. W parze z nim idzie syc\u0105cy i dietetyczny ry\u017c, ceniony sk\u0142adnik hipoalergicznych karm dla ps\u00f3w. Dodatki warzywne stanowi\u0105 naturalne \u017ar\u00f3d\u0142o witamin i minera\u0142\u00f3w, a dro\u017cd\u017ce i olej rybi znacz\u0105co poprawiaj\u0105 stan sk\u00f3ry.<\/p>\n<p>Zdrowa sk\u00f3ra to nie tylko komfort i ulga dla delikatnego czworonoga, ale tak\u017ce pi\u0119kna i wspaniale od\u017cywiona sier\u015b\u0107, co jest szczeg\u00f3lnie wa\u017cne dla w\u0142a\u015bcicieli ps\u00f3w d\u0142ugow\u0142osych. Do tego karma <strong>PURINA\u00a0 OPTIDERMA<\/strong> jest jak najbardziej pe\u0142nowarto\u015bciowym pokarmem bytowym \u2013 dostarcza optymaln\u0105 ilo\u015b\u0107 energii i sk\u0142adnik\u00f3w od\u017cywczych, aby Tw\u00f3j pies cieszy\u0142 si\u0119 zdrowiem i dobr\u0105 kondycj\u0105 jak ka\u017cdy szcz\u0119\u015bliwy zwierzak!<\/p>\n","protected":false},"excerpt":{"rendered":"<p>Karma Purina Pro Plan to karma stworzona dla ps\u00f3w ma\u0142ych i miniaturowych ras jak Shih Tzu, Chihuahua czy Malta\u0144czyki, g\u0142\u00f3wnymi sk\u0142adnikami s\u0105 \u0142oso\u015b i ry\u017c.<\/p>\n<p>Waga 1 kg<\/p>\n","protected":false},"featured_media":897,"comment_status":"open","ping_status":"closed","template":"","meta":[],"product_cat":[34],"product_tag":[],"yoast_head":"<!-- This site is optimized with the Yoast SEO plugin v22.0 - https:\/\/yoast.com\/wordpress\/plugins\/seo\/ -->\n<title>Purina Optiderma dla doros\u0142ych ps\u00f3w rasy Shih Tzu<\/title>\n<meta name=\"description\" content=\"Karma Purina Pro Plan to karma stworzona dla ps\u00f3w ma\u0142ych i miniaturowych ras jak Shih Tzu, Chihuahua czy Malta\u0144czyki, g\u0142\u00f3wnymi sk\u0142adnikami s\u0105 \u0142oso\u015b i ry\u017c.\" \/>\n<meta name=\"robots\" content=\"index, follow, max-snippet:-1, max-image-preview:large, max-video-preview:-1\" \/>\n<link rel=\"canonical\" href=\"https:\/\/shihtzu.com.pl\/sklep\/produkt\/purina-optiderma-dla-doroslych-psow-malych-ras\/\" \/>\n<meta property=\"og:locale\" content=\"pl_PL\" \/>\n<meta property=\"og:type\" content=\"article\" \/>\n<meta property=\"og:title\" content=\"Purina Optiderma dla doros\u0142ych ps\u00f3w rasy Shih Tzu\" \/>\n<meta property=\"og:description\" content=\"Karma Purina Pro Plan to karma stworzona dla ps\u00f3w ma\u0142ych i miniaturowych ras jak Shih Tzu, Chihuahua czy Malta\u0144czyki, g\u0142\u00f3wnymi sk\u0142adnikami s\u0105 \u0142oso\u015b i ry\u017c.\" \/>\n<meta property=\"og:url\" content=\"https:\/\/shihtzu.com.pl\/sklep\/produkt\/purina-optiderma-dla-doroslych-psow-malych-ras\/\" \/>\n<meta property=\"og:site_name\" content=\"Sklep z artyku\u0142ami dla ps\u00f3w shihtzu.com.pl\" \/>\n<meta property=\"article:publisher\" content=\"https:\/\/www.facebook.com\/Shihtzucompl\/\" \/>\n<meta property=\"article:modified_time\" content=\"2024-02-24T05:46:10+00:00\" \/>\n<meta property=\"og:image\" content=\"https:\/\/shihtzu.com.pl\/sklep\/wp-content\/uploads\/2019\/02\/Purina-Optiderma-dla-doros\u0142ych-ps\u00f3w-ma\u0142ych-ras.jpg\" \/>\n\t<meta property=\"og:image:width\" content=\"600\" \/>\n\t<meta property=\"og:image:height\" content=\"600\" \/>\n\t<meta property=\"og:image:type\" content=\"image\/jpeg\" \/>\n<meta name=\"twitter:card\" content=\"summary_large_image\" \/>\n<meta name=\"twitter:title\" content=\"Purina Optiderma dla doros\u0142ych ps\u00f3w rasy Shih Tzu\" \/>\n<meta name=\"twitter:description\" content=\"Karma Purina Pro Plan to karma stworzona dla ps\u00f3w ma\u0142ych i miniaturowych ras jak Shih Tzu, Chihuahua czy Malta\u0144czyki, g\u0142\u00f3wnymi sk\u0142adnikami s\u0105 \u0142oso\u015b i ry\u017c.\" \/>\n<meta name=\"twitter:image\" content=\"https:\/\/shihtzu.com.pl\/sklep\/wp-content\/uploads\/2019\/02\/Purina-Optiderma-dla-doros\u0142ych-ps\u00f3w-ma\u0142ych-ras.jpg\" \/>\n<meta name=\"twitter:label1\" content=\"Szacowany czas czytania\" \/>\n\t<meta name=\"twitter:data1\" content=\"2 minuty\" \/>\n<script type=\"application\/ld+json\" class=\"yoast-schema-graph\">{\"@context\":\"https:\/\/schema.org\",\"@graph\":[{\"@type\":\"WebPage\",\"@id\":\"https:\/\/shihtzu.com.pl\/sklep\/produkt\/purina-optiderma-dla-doroslych-psow-malych-ras\/\",\"url\":\"https:\/\/shihtzu.com.pl\/sklep\/produkt\/purina-optiderma-dla-doroslych-psow-malych-ras\/\",\"name\":\"Purina Optiderma dla doros\u0142ych ps\u00f3w rasy Shih Tzu\",\"isPartOf\":{\"@id\":\"https:\/\/shihtzu.com.pl\/sklep\/#website\"},\"datePublished\":\"2019-02-16T19:40:10+00:00\",\"dateModified\":\"2024-02-24T05:46:10+00:00\",\"description\":\"Karma Purina Pro Plan to karma stworzona dla ps\u00f3w ma\u0142ych i miniaturowych ras jak Shih Tzu, Chihuahua czy Malta\u0144czyki, g\u0142\u00f3wnymi sk\u0142adnikami s\u0105 \u0142oso\u015b i ry\u017c.\",\"breadcrumb\":{\"@id\":\"https:\/\/shihtzu.com.pl\/sklep\/produkt\/purina-optiderma-dla-doroslych-psow-malych-ras\/#breadcrumb\"},\"inLanguage\":\"pl-PL\",\"potentialAction\":[{\"@type\":\"ReadAction\",\"target\":[\"https:\/\/shihtzu.com.pl\/sklep\/produkt\/purina-optiderma-dla-doroslych-psow-malych-ras\/\"]}]},{\"@type\":\"BreadcrumbList\",\"@id\":\"https:\/\/shihtzu.com.pl\/sklep\/produkt\/purina-optiderma-dla-doroslych-psow-malych-ras\/#breadcrumb\",\"itemListElement\":[{\"@type\":\"ListItem\",\"position\":1,\"name\":\"Sklep\",\"item\":\"https:\/\/shihtzu.com.pl\/sklep\/\"},{\"@type\":\"ListItem\",\"position\":2,\"name\":\"Sucha karma\",\"item\":\"https:\/\/shihtzu.com.pl\/sklep\/.\/sucha-karma\/\"},{\"@type\":\"ListItem\",\"position\":3,\"name\":\"Purina Optiderma dla doros\u0142ych ps\u00f3w Shih Tzu\"}]},{\"@type\":\"WebSite\",\"@id\":\"https:\/\/shihtzu.com.pl\/sklep\/#website\",\"url\":\"https:\/\/shihtzu.com.pl\/sklep\/\",\"name\":\"Sklep z artyku\u0142ami dla ps\u00f3w shihtzu.com.pl\",\"description\":\"Sklep specjalistyczny z artyku\u0142ami pod ras\u0119 Shih tzu. Znajdziesz tu od szampon\u00f3w przeznaczonych dla Shih tzu, przez od\u017cywki a\u017c po zabawki.\",\"publisher\":{\"@id\":\"https:\/\/shihtzu.com.pl\/sklep\/#organization\"},\"potentialAction\":[{\"@type\":\"SearchAction\",\"target\":{\"@type\":\"EntryPoint\",\"urlTemplate\":\"https:\/\/shihtzu.com.pl\/sklep\/?s={search_term_string}\"},\"query-input\":\"required name=search_term_string\"}],\"inLanguage\":\"pl-PL\"},{\"@type\":\"Organization\",\"@id\":\"https:\/\/shihtzu.com.pl\/sklep\/#organization\",\"name\":\"Sklep z artyku\u0142ami dla ps\u00f3w shihtzu.com.pl\",\"url\":\"https:\/\/shihtzu.com.pl\/sklep\/\",\"logo\":{\"@type\":\"ImageObject\",\"inLanguage\":\"pl-PL\",\"@id\":\"https:\/\/shihtzu.com.pl\/sklep\/#\/schema\/logo\/image\/\",\"url\":\"https:\/\/shihtzu.com.pl\/sklep\/wp-content\/uploads\/2020\/10\/cropped-Sklep-dla-shih-tzu-Logo.png\",\"contentUrl\":\"https:\/\/shihtzu.com.pl\/sklep\/wp-content\/uploads\/2020\/10\/cropped-Sklep-dla-shih-tzu-Logo.png\",\"width\":2077,\"height\":519,\"caption\":\"Sklep z artyku\u0142ami dla ps\u00f3w shihtzu.com.pl\"},\"image\":{\"@id\":\"https:\/\/shihtzu.com.pl\/sklep\/#\/schema\/logo\/image\/\"},\"sameAs\":[\"https:\/\/www.facebook.com\/Shihtzucompl\/\",\"https:\/\/www.linkedin.com\/company\/shih-tzu-sklep\/\"]}]}<\/script>\n<!-- \/ Yoast SEO plugin. -->","yoast_head_json":{"title":"Purina Optiderma dla doros\u0142ych ps\u00f3w rasy Shih Tzu","description":"Karma Purina Pro Plan to karma stworzona dla ps\u00f3w ma\u0142ych i miniaturowych ras jak Shih Tzu, Chihuahua czy Malta\u0144czyki, g\u0142\u00f3wnymi sk\u0142adnikami s\u0105 \u0142oso\u015b i ry\u017c.","robots":{"index":"index","follow":"follow","max-snippet":"max-snippet:-1","max-image-preview":"max-image-preview:large","max-video-preview":"max-video-preview:-1"},"canonical":"https:\/\/shihtzu.com.pl\/sklep\/produkt\/purina-optiderma-dla-doroslych-psow-malych-ras\/","og_locale":"pl_PL","og_type":"article","og_title":"Purina Optiderma dla doros\u0142ych ps\u00f3w rasy Shih Tzu","og_description":"Karma Purina Pro Plan to karma stworzona dla ps\u00f3w ma\u0142ych i miniaturowych ras jak Shih Tzu, Chihuahua czy Malta\u0144czyki, g\u0142\u00f3wnymi sk\u0142adnikami s\u0105 \u0142oso\u015b i ry\u017c.","og_url":"https:\/\/shihtzu.com.pl\/sklep\/produkt\/purina-optiderma-dla-doroslych-psow-malych-ras\/","og_site_name":"Sklep z artyku\u0142ami dla ps\u00f3w shihtzu.com.pl","article_publisher":"https:\/\/www.facebook.com\/Shihtzucompl\/","article_modified_time":"2024-02-24T05:46:10+00:00","og_image":[{"width":600,"height":600,"url":"https:\/\/shihtzu.com.pl\/sklep\/wp-content\/uploads\/2019\/02\/Purina-Optiderma-dla-doros\u0142ych-ps\u00f3w-ma\u0142ych-ras.jpg","type":"image\/jpeg"}],"twitter_card":"summary_large_image","twitter_title":"Purina Optiderma dla doros\u0142ych ps\u00f3w rasy Shih Tzu","twitter_description":"Karma Purina Pro Plan to karma stworzona dla ps\u00f3w ma\u0142ych i miniaturowych ras jak Shih Tzu, Chihuahua czy Malta\u0144czyki, g\u0142\u00f3wnymi sk\u0142adnikami s\u0105 \u0142oso\u015b i ry\u017c.","twitter_image":"https:\/\/shihtzu.com.pl\/sklep\/wp-content\/uploads\/2019\/02\/Purina-Optiderma-dla-doros\u0142ych-ps\u00f3w-ma\u0142ych-ras.jpg","twitter_misc":{"Szacowany czas czytania":"2 minuty"},"schema":{"@context":"https:\/\/schema.org","@graph":[{"@type":"WebPage","@id":"https:\/\/shihtzu.com.pl\/sklep\/produkt\/purina-optiderma-dla-doroslych-psow-malych-ras\/","url":"https:\/\/shihtzu.com.pl\/sklep\/produkt\/purina-optiderma-dla-doroslych-psow-malych-ras\/","name":"Purina Optiderma dla doros\u0142ych ps\u00f3w rasy Shih Tzu","isPartOf":{"@id":"https:\/\/shihtzu.com.pl\/sklep\/#website"},"datePublished":"2019-02-16T19:40:10+00:00","dateModified":"2024-02-24T05:46:10+00:00","description":"Karma Purina Pro Plan to karma stworzona dla ps\u00f3w ma\u0142ych i miniaturowych ras jak Shih Tzu, Chihuahua czy Malta\u0144czyki, g\u0142\u00f3wnymi sk\u0142adnikami s\u0105 \u0142oso\u015b i ry\u017c.","breadcrumb":{"@id":"https:\/\/shihtzu.com.pl\/sklep\/produkt\/purina-optiderma-dla-doroslych-psow-malych-ras\/#breadcrumb"},"inLanguage":"pl-PL","potentialAction":[{"@type":"ReadAction","target":["https:\/\/shihtzu.com.pl\/sklep\/produkt\/purina-optiderma-dla-doroslych-psow-malych-ras\/"]}]},{"@type":"BreadcrumbList","@id":"https:\/\/shihtzu.com.pl\/sklep\/produkt\/purina-optiderma-dla-doroslych-psow-malych-ras\/#breadcrumb","itemListElement":[{"@type":"ListItem","position":1,"name":"Sklep","item":"https:\/\/shihtzu.com.pl\/sklep\/"},{"@type":"ListItem","position":2,"name":"Sucha karma","item":"https:\/\/shihtzu.com.pl\/sklep\/.\/sucha-karma\/"},{"@type":"ListItem","position":3,"name":"Purina Optiderma dla doros\u0142ych ps\u00f3w Shih Tzu"}]},{"@type":"WebSite","@id":"https:\/\/shihtzu.com.pl\/sklep\/#website","url":"https:\/\/shihtzu.com.pl\/sklep\/","name":"Sklep z artyku\u0142ami dla ps\u00f3w shihtzu.com.pl","description":"Sklep specjalistyczny z artyku\u0142ami pod ras\u0119 Shih tzu. Znajdziesz tu od szampon\u00f3w przeznaczonych dla Shih tzu, przez od\u017cywki a\u017c po zabawki.","publisher":{"@id":"https:\/\/shihtzu.com.pl\/sklep\/#organization"},"potentialAction":[{"@type":"SearchAction","target":{"@type":"EntryPoint","urlTemplate":"https:\/\/shihtzu.com.pl\/sklep\/?s={search_term_string}"},"query-input":"required name=search_term_string"}],"inLanguage":"pl-PL"},{"@type":"Organization","@id":"https:\/\/shihtzu.com.pl\/sklep\/#organization","name":"Sklep z artyku\u0142ami dla ps\u00f3w shihtzu.com.pl","url":"https:\/\/shihtzu.com.pl\/sklep\/","logo":{"@type":"ImageObject","inLanguage":"pl-PL","@id":"https:\/\/shihtzu.com.pl\/sklep\/#\/schema\/logo\/image\/","url":"https:\/\/shihtzu.com.pl\/sklep\/wp-content\/uploads\/2020\/10\/cropped-Sklep-dla-shih-tzu-Logo.png","contentUrl":"https:\/\/shihtzu.com.pl\/sklep\/wp-content\/uploads\/2020\/10\/cropped-Sklep-dla-shih-tzu-Logo.png","width":2077,"height":519,"caption":"Sklep z artyku\u0142ami dla ps\u00f3w shihtzu.com.pl"},"image":{"@id":"https:\/\/shihtzu.com.pl\/sklep\/#\/schema\/logo\/image\/"},"sameAs":["https:\/\/www.facebook.com\/Shihtzucompl\/","https:\/\/www.linkedin.com\/company\/shih-tzu-sklep\/"]}]}},"_links":{"self":[{"href":"https:\/\/shihtzu.com.pl\/sklep\/wp-json\/wp\/v2\/product\/64"}],"collection":[{"href":"https:\/\/shihtzu.com.pl\/sklep\/wp-json\/wp\/v2\/product"}],"about":[{"href":"https:\/\/shihtzu.com.pl\/sklep\/wp-json\/wp\/v2\/types\/product"}],"replies":[{"embeddable":true,"href":"https:\/\/shihtzu.com.pl\/sklep\/wp-json\/wp\/v2\/comments?post=64"}],"wp:featuredmedia":[{"embeddable":true,"href":"https:\/\/shihtzu.com.pl\/sklep\/wp-json\/wp\/v2\/media\/897"}],"wp:attachment":[{"href":"https:\/\/shihtzu.com.pl\/sklep\/wp-json\/wp\/v2\/media?parent=64"}],"wp:term":[{"taxonomy":"product_cat","embeddable":true,"href":"https:\/\/shihtzu.com.pl\/sklep\/wp-json\/wp\/v2\/product_cat?post=64"},{"taxonomy":"product_tag","embeddable":true,"href":"https:\/\/shihtzu.com.pl\/sklep\/wp-json\/wp\/v2\/product_tag?post=64"}],"curies":[{"name":"wp","href":"https:\/\/api.w.org\/{rel}","templated":true}]}}