{"id":54,"date":"2019-02-16T17:03:14","date_gmt":"2019-02-16T16:03:14","guid":{"rendered":"https:\/\/shihtzu.com.pl\/sklep\/?post_type=product&#038;p=54"},"modified":"2023-11-29T20:58:48","modified_gmt":"2023-11-29T19:58:48","slug":"fafi-herba-2-szampon-dla-dlugowlosych-250ml","status":"publish","type":"product","link":"https:\/\/shihtzu.com.pl\/sklep\/produkt\/fafi-herba-2-szampon-dla-dlugowlosych-250ml\/","title":{"rendered":"Fafi Herba 2 szampon dla ps\u00f3w d\u0142ugow\u0142osych 250ml"},"content":{"rendered":"<h2 style=\"text-align: center;\">SELECTA HERBA FAFI 2<\/h2>\n<p><strong>Opis (500-1000 s\u0142\u00f3w):<\/strong><\/p>\n<p>Fafi Herba 2 <a href=\"https:\/\/shihtzu.com.pl\/sklep\/szampony-dla-shih-tzu\/\">Szampon dla ps\u00f3w d\u0142ugow\u0142osych<\/a> 250ml to wyj\u0105tkowy kosmetyk, kt\u00f3ry nie tylko piel\u0119gnuje sier\u015b\u0107 Twojego pupila, ale tak\u017ce pomaga w ochronie przed niechcianymi paso\u017cytami, takimi jak kleszcze i inne insekty. To po\u0142\u0105czenie skutecznej piel\u0119gnacji z naturaln\u0105 ochron\u0105, kt\u00f3re doceni ka\u017cdy w\u0142a\u015bciciel psa d\u0142ugow\u0142osego.<\/p>\n<p>Jednym z wyr\u00f3\u017cniaj\u0105cych si\u0119 sk\u0142adnik\u00f3w tego szamponu s\u0105 zio\u0142a, kt\u00f3re nie tylko nadaj\u0105 sier\u015bci przyjemny i \u015bwie\u017cy zapach, ale tak\u017ce odstraszaj\u0105 potencjalnie nieproszonych go\u015bci. Shih Tzu, cho\u0107 mog\u0105 wydawa\u0107 si\u0119 psiakami &#8222;kanapowymi&#8221;, to w rzeczywisto\u015bci pe\u0142ni energii psiaki, kt\u00f3re uwielbiaj\u0105 aktywno\u015b\u0107 na \u015bwie\u017cym powietrzu. Podczas swoich przyg\u00f3d na spacerach i zabaw w ogrodzie, mog\u0105 si\u0119 zapl\u0105ta\u0107 w trudno dost\u0119pne miejsca, gdzie czyhaj\u0105 kleszcze i inne paso\u017cyty. Szampon Fafi Herba 2 dzia\u0142a jak naturalna bariera, odstraszaj\u0105c te krwio\u017cercze &#8222;pasa\u017cer\u00f3w na gap\u0119&#8221; i chroni\u0105c sk\u00f3r\u0119 psa.<\/p>\n<p>Jednak to nie wszystko, co ma do zaoferowania ten wyj\u0105tkowy kosmetyk. Szampon Fafi Herba 2 ma tak\u017ce doskona\u0142e w\u0142a\u015bciwo\u015bci czyszcz\u0105ce i piel\u0119gnacyjne. Ju\u017c po pierwszym u\u017cyciu zauwa\u017cysz, \u017ce sier\u015b\u0107 Twojego <a href=\"https:\/\/shihtzu.com.pl\/\">Shih Tzu<\/a> jest mi\u0119kka, g\u0142adka i l\u015bni\u0105ca. To efekt dzia\u0142ania delikatnych, a zarazem skutecznych sk\u0142adnik\u00f3w, kt\u00f3re dbaj\u0105 o zdrowie i wygl\u0105d sier\u015bci. Twojemu psiakowi b\u0119dzie wygodnie i komfortowo, a Ty b\u0119dziesz zachwycony efektami.<\/p>\n<p>Nie tylko piel\u0119gnacja jest istotna, ale tak\u017ce relaksuj\u0105ca k\u0105piel. Szampon Fafi Herba 2 ma delikatny i przyjemny zapach, kt\u00f3ry sprawia, \u017ce ka\u017cda k\u0105piel staje si\u0119 przyjemno\u015bci\u0105 zar\u00f3wno dla psa, jak i jego opiekuna. Aromatyczne zio\u0142a dzia\u0142aj\u0105 relaksuj\u0105co, redukuj\u0105c stres zwi\u0105zanym z zabiegami piel\u0119gnacyjnymi.<\/p>\n<p>Spos\u00f3b u\u017cycia tego szamponu jest prosty. Przed k\u0105piel\u0105 wystarczy dok\u0142adnie zmoczy\u0107 sier\u015b\u0107 psa, a nast\u0119pnie nanie\u015b\u0107 szampon i dok\u0142adnie spieni\u0107. Po chwili masa\u017cu, szampon nale\u017cy dok\u0142adnie sp\u0142uka\u0107 wod\u0105. Warto unika\u0107 kontaktu z oczami, uszami i pyskiem zwierz\u0119cia podczas k\u0105pieli.<\/p>\n<p>Podsumowuj\u0105c, Fafi Herba 2 Szampon dla ps\u00f3w d\u0142ugow\u0142osych 250ml to nie tylko kosmetyk, to piel\u0119gnacja i ochrona w jednym. Zapewnia zdrow\u0105 i pi\u0119kn\u0105 sier\u015b\u0107, chroni przed paso\u017cytami i dzia\u0142a relaksuj\u0105co podczas k\u0105pieli. To produkt, kt\u00f3ry spe\u0142ni oczekiwania zar\u00f3wno psiaka, jak i jego opiekuna.<\/p>\n","protected":false},"excerpt":{"rendered":"<p>Fafi Herba 2 Od producenta <a href=\"https:\/\/shihtzu.com.pl\/sklep\/product_brand\/selecta-htc\/\">SelectaHTC<\/a> szampon to idealne po\u0142\u0105czenie piel\u0119gnacji i ochrony przed paso\u017cytami dla Twojego Shih Tzu. Zio\u0142a w sk\u0142adzie odstraszaj\u0105 niechciane go\u015bcie, a jednocze\u015bnie nadaj\u0105 sier\u015bci \u015bwie\u017cy zapach. Po k\u0105pieli Tw\u00f3j psi przyjaciel b\u0119dzie cieszy\u0107 si\u0119 zdrow\u0105, l\u015bni\u0105c\u0105 sier\u015bci\u0105, a Ty zyskasz pewno\u015b\u0107, \u017ce jest bezpieczny na spacerach. To kosmetyk, kt\u00f3ry przynosi korzy\u015bci zar\u00f3wno psu, jak i jego opiekunowi.<\/p>\n","protected":false},"featured_media":855,"comment_status":"open","ping_status":"closed","template":"","meta":[],"product_cat":[35],"product_tag":[],"yoast_head":"<!-- This site is optimized with the Yoast SEO plugin v22.0 - https:\/\/yoast.com\/wordpress\/plugins\/seo\/ -->\n<title>Fafi Herba 2 szampon dla ps\u00f3w d\u0142ugow\u0142osych 250ml<\/title>\n<meta name=\"description\" content=\"Fafi herba to szampon z dodatkiem zi\u00f3\u0142, dzi\u0119ki kt\u00f3rym ma dodatkowo pom\u00f3c w odstraszeniu niechcianych paso\u017cyt\u00f3w jak kleszcze i inne inseky.\" \/>\n<meta name=\"robots\" content=\"index, follow, max-snippet:-1, max-image-preview:large, max-video-preview:-1\" \/>\n<link rel=\"canonical\" href=\"https:\/\/shihtzu.com.pl\/sklep\/produkt\/fafi-herba-2-szampon-dla-dlugowlosych-250ml\/\" \/>\n<meta property=\"og:locale\" content=\"pl_PL\" \/>\n<meta property=\"og:type\" content=\"article\" \/>\n<meta property=\"og:title\" content=\"Fafi Herba 2 szampon dla ps\u00f3w d\u0142ugow\u0142osych 250ml\" \/>\n<meta property=\"og:description\" content=\"Fafi herba to szampon z dodatkiem zi\u00f3\u0142, dzi\u0119ki kt\u00f3rym ma dodatkowo pom\u00f3c w odstraszeniu niechcianych paso\u017cyt\u00f3w jak kleszcze i inne inseky.\" \/>\n<meta property=\"og:url\" content=\"https:\/\/shihtzu.com.pl\/sklep\/produkt\/fafi-herba-2-szampon-dla-dlugowlosych-250ml\/\" \/>\n<meta property=\"og:site_name\" content=\"Sklep z artyku\u0142ami dla ps\u00f3w shihtzu.com.pl\" \/>\n<meta property=\"article:publisher\" content=\"https:\/\/www.facebook.com\/Shihtzucompl\/\" \/>\n<meta property=\"article:modified_time\" content=\"2023-11-29T19:58:48+00:00\" \/>\n<meta property=\"og:image\" content=\"https:\/\/shihtzu.com.pl\/sklep\/wp-content\/uploads\/2019\/02\/fafi-herba-2-szampon-dla-d\u0142ugow\u0142osych-250ml.jpg\" \/>\n\t<meta property=\"og:image:width\" content=\"800\" \/>\n\t<meta property=\"og:image:height\" content=\"800\" \/>\n\t<meta property=\"og:image:type\" content=\"image\/jpeg\" \/>\n<meta name=\"twitter:card\" content=\"summary_large_image\" \/>\n<meta name=\"twitter:title\" content=\"Fafi Herba 2 szampon dla ps\u00f3w d\u0142ugow\u0142osych 250ml\" \/>\n<meta name=\"twitter:description\" content=\"Fafi herba to szampon z dodatkiem zi\u00f3\u0142, dzi\u0119ki kt\u00f3rym ma dodatkowo pom\u00f3c w odstraszeniu niechcianych paso\u017cyt\u00f3w jak kleszcze i inne inseky.\" \/>\n<meta name=\"twitter:image\" content=\"https:\/\/shihtzu.com.pl\/sklep\/wp-content\/uploads\/2019\/02\/fafi-herba-2-szampon-dla-d\u0142ugow\u0142osych-250ml.jpg\" \/>\n<meta name=\"twitter:label1\" content=\"Szacowany czas czytania\" \/>\n\t<meta name=\"twitter:data1\" content=\"2 minuty\" \/>\n<script type=\"application\/ld+json\" class=\"yoast-schema-graph\">{\"@context\":\"https:\/\/schema.org\",\"@graph\":[{\"@type\":\"WebPage\",\"@id\":\"https:\/\/shihtzu.com.pl\/sklep\/produkt\/fafi-herba-2-szampon-dla-dlugowlosych-250ml\/\",\"url\":\"https:\/\/shihtzu.com.pl\/sklep\/produkt\/fafi-herba-2-szampon-dla-dlugowlosych-250ml\/\",\"name\":\"Fafi Herba 2 szampon dla ps\u00f3w d\u0142ugow\u0142osych 250ml\",\"isPartOf\":{\"@id\":\"https:\/\/shihtzu.com.pl\/sklep\/#website\"},\"datePublished\":\"2019-02-16T16:03:14+00:00\",\"dateModified\":\"2023-11-29T19:58:48+00:00\",\"description\":\"Fafi herba to szampon z dodatkiem zi\u00f3\u0142, dzi\u0119ki kt\u00f3rym ma dodatkowo pom\u00f3c w odstraszeniu niechcianych paso\u017cyt\u00f3w jak kleszcze i inne inseky.\",\"breadcrumb\":{\"@id\":\"https:\/\/shihtzu.com.pl\/sklep\/produkt\/fafi-herba-2-szampon-dla-dlugowlosych-250ml\/#breadcrumb\"},\"inLanguage\":\"pl-PL\",\"potentialAction\":[{\"@type\":\"ReadAction\",\"target\":[\"https:\/\/shihtzu.com.pl\/sklep\/produkt\/fafi-herba-2-szampon-dla-dlugowlosych-250ml\/\"]}]},{\"@type\":\"BreadcrumbList\",\"@id\":\"https:\/\/shihtzu.com.pl\/sklep\/produkt\/fafi-herba-2-szampon-dla-dlugowlosych-250ml\/#breadcrumb\",\"itemListElement\":[{\"@type\":\"ListItem\",\"position\":1,\"name\":\"Sklep\",\"item\":\"https:\/\/shihtzu.com.pl\/sklep\/\"},{\"@type\":\"ListItem\",\"position\":2,\"name\":\"Szampony\",\"item\":\"https:\/\/shihtzu.com.pl\/sklep\/.\/szampony-dla-shih-tzu\/\"},{\"@type\":\"ListItem\",\"position\":3,\"name\":\"Fafi Herba 2 szampon dla ps\u00f3w d\u0142ugow\u0142osych 250ml\"}]},{\"@type\":\"WebSite\",\"@id\":\"https:\/\/shihtzu.com.pl\/sklep\/#website\",\"url\":\"https:\/\/shihtzu.com.pl\/sklep\/\",\"name\":\"Sklep z artyku\u0142ami dla ps\u00f3w shihtzu.com.pl\",\"description\":\"Sklep specjalistyczny z artyku\u0142ami pod ras\u0119 Shih tzu. Znajdziesz tu od szampon\u00f3w przeznaczonych dla Shih tzu, przez od\u017cywki a\u017c po zabawki.\",\"publisher\":{\"@id\":\"https:\/\/shihtzu.com.pl\/sklep\/#organization\"},\"potentialAction\":[{\"@type\":\"SearchAction\",\"target\":{\"@type\":\"EntryPoint\",\"urlTemplate\":\"https:\/\/shihtzu.com.pl\/sklep\/?s={search_term_string}\"},\"query-input\":\"required name=search_term_string\"}],\"inLanguage\":\"pl-PL\"},{\"@type\":\"Organization\",\"@id\":\"https:\/\/shihtzu.com.pl\/sklep\/#organization\",\"name\":\"Sklep z artyku\u0142ami dla ps\u00f3w shihtzu.com.pl\",\"url\":\"https:\/\/shihtzu.com.pl\/sklep\/\",\"logo\":{\"@type\":\"ImageObject\",\"inLanguage\":\"pl-PL\",\"@id\":\"https:\/\/shihtzu.com.pl\/sklep\/#\/schema\/logo\/image\/\",\"url\":\"https:\/\/shihtzu.com.pl\/sklep\/wp-content\/uploads\/2020\/10\/cropped-Sklep-dla-shih-tzu-Logo.png\",\"contentUrl\":\"https:\/\/shihtzu.com.pl\/sklep\/wp-content\/uploads\/2020\/10\/cropped-Sklep-dla-shih-tzu-Logo.png\",\"width\":2077,\"height\":519,\"caption\":\"Sklep z artyku\u0142ami dla ps\u00f3w shihtzu.com.pl\"},\"image\":{\"@id\":\"https:\/\/shihtzu.com.pl\/sklep\/#\/schema\/logo\/image\/\"},\"sameAs\":[\"https:\/\/www.facebook.com\/Shihtzucompl\/\",\"https:\/\/www.linkedin.com\/company\/shih-tzu-sklep\/\"]}]}<\/script>\n<!-- \/ Yoast SEO plugin. -->","yoast_head_json":{"title":"Fafi Herba 2 szampon dla ps\u00f3w d\u0142ugow\u0142osych 250ml","description":"Fafi herba to szampon z dodatkiem zi\u00f3\u0142, dzi\u0119ki kt\u00f3rym ma dodatkowo pom\u00f3c w odstraszeniu niechcianych paso\u017cyt\u00f3w jak kleszcze i inne inseky.","robots":{"index":"index","follow":"follow","max-snippet":"max-snippet:-1","max-image-preview":"max-image-preview:large","max-video-preview":"max-video-preview:-1"},"canonical":"https:\/\/shihtzu.com.pl\/sklep\/produkt\/fafi-herba-2-szampon-dla-dlugowlosych-250ml\/","og_locale":"pl_PL","og_type":"article","og_title":"Fafi Herba 2 szampon dla ps\u00f3w d\u0142ugow\u0142osych 250ml","og_description":"Fafi herba to szampon z dodatkiem zi\u00f3\u0142, dzi\u0119ki kt\u00f3rym ma dodatkowo pom\u00f3c w odstraszeniu niechcianych paso\u017cyt\u00f3w jak kleszcze i inne inseky.","og_url":"https:\/\/shihtzu.com.pl\/sklep\/produkt\/fafi-herba-2-szampon-dla-dlugowlosych-250ml\/","og_site_name":"Sklep z artyku\u0142ami dla ps\u00f3w shihtzu.com.pl","article_publisher":"https:\/\/www.facebook.com\/Shihtzucompl\/","article_modified_time":"2023-11-29T19:58:48+00:00","og_image":[{"width":800,"height":800,"url":"https:\/\/shihtzu.com.pl\/sklep\/wp-content\/uploads\/2019\/02\/fafi-herba-2-szampon-dla-d\u0142ugow\u0142osych-250ml.jpg","type":"image\/jpeg"}],"twitter_card":"summary_large_image","twitter_title":"Fafi Herba 2 szampon dla ps\u00f3w d\u0142ugow\u0142osych 250ml","twitter_description":"Fafi herba to szampon z dodatkiem zi\u00f3\u0142, dzi\u0119ki kt\u00f3rym ma dodatkowo pom\u00f3c w odstraszeniu niechcianych paso\u017cyt\u00f3w jak kleszcze i inne inseky.","twitter_image":"https:\/\/shihtzu.com.pl\/sklep\/wp-content\/uploads\/2019\/02\/fafi-herba-2-szampon-dla-d\u0142ugow\u0142osych-250ml.jpg","twitter_misc":{"Szacowany czas czytania":"2 minuty"},"schema":{"@context":"https:\/\/schema.org","@graph":[{"@type":"WebPage","@id":"https:\/\/shihtzu.com.pl\/sklep\/produkt\/fafi-herba-2-szampon-dla-dlugowlosych-250ml\/","url":"https:\/\/shihtzu.com.pl\/sklep\/produkt\/fafi-herba-2-szampon-dla-dlugowlosych-250ml\/","name":"Fafi Herba 2 szampon dla ps\u00f3w d\u0142ugow\u0142osych 250ml","isPartOf":{"@id":"https:\/\/shihtzu.com.pl\/sklep\/#website"},"datePublished":"2019-02-16T16:03:14+00:00","dateModified":"2023-11-29T19:58:48+00:00","description":"Fafi herba to szampon z dodatkiem zi\u00f3\u0142, dzi\u0119ki kt\u00f3rym ma dodatkowo pom\u00f3c w odstraszeniu niechcianych paso\u017cyt\u00f3w jak kleszcze i inne inseky.","breadcrumb":{"@id":"https:\/\/shihtzu.com.pl\/sklep\/produkt\/fafi-herba-2-szampon-dla-dlugowlosych-250ml\/#breadcrumb"},"inLanguage":"pl-PL","potentialAction":[{"@type":"ReadAction","target":["https:\/\/shihtzu.com.pl\/sklep\/produkt\/fafi-herba-2-szampon-dla-dlugowlosych-250ml\/"]}]},{"@type":"BreadcrumbList","@id":"https:\/\/shihtzu.com.pl\/sklep\/produkt\/fafi-herba-2-szampon-dla-dlugowlosych-250ml\/#breadcrumb","itemListElement":[{"@type":"ListItem","position":1,"name":"Sklep","item":"https:\/\/shihtzu.com.pl\/sklep\/"},{"@type":"ListItem","position":2,"name":"Szampony","item":"https:\/\/shihtzu.com.pl\/sklep\/.\/szampony-dla-shih-tzu\/"},{"@type":"ListItem","position":3,"name":"Fafi Herba 2 szampon dla ps\u00f3w d\u0142ugow\u0142osych 250ml"}]},{"@type":"WebSite","@id":"https:\/\/shihtzu.com.pl\/sklep\/#website","url":"https:\/\/shihtzu.com.pl\/sklep\/","name":"Sklep z artyku\u0142ami dla ps\u00f3w shihtzu.com.pl","description":"Sklep specjalistyczny z artyku\u0142ami pod ras\u0119 Shih tzu. Znajdziesz tu od szampon\u00f3w przeznaczonych dla Shih tzu, przez od\u017cywki a\u017c po zabawki.","publisher":{"@id":"https:\/\/shihtzu.com.pl\/sklep\/#organization"},"potentialAction":[{"@type":"SearchAction","target":{"@type":"EntryPoint","urlTemplate":"https:\/\/shihtzu.com.pl\/sklep\/?s={search_term_string}"},"query-input":"required name=search_term_string"}],"inLanguage":"pl-PL"},{"@type":"Organization","@id":"https:\/\/shihtzu.com.pl\/sklep\/#organization","name":"Sklep z artyku\u0142ami dla ps\u00f3w shihtzu.com.pl","url":"https:\/\/shihtzu.com.pl\/sklep\/","logo":{"@type":"ImageObject","inLanguage":"pl-PL","@id":"https:\/\/shihtzu.com.pl\/sklep\/#\/schema\/logo\/image\/","url":"https:\/\/shihtzu.com.pl\/sklep\/wp-content\/uploads\/2020\/10\/cropped-Sklep-dla-shih-tzu-Logo.png","contentUrl":"https:\/\/shihtzu.com.pl\/sklep\/wp-content\/uploads\/2020\/10\/cropped-Sklep-dla-shih-tzu-Logo.png","width":2077,"height":519,"caption":"Sklep z artyku\u0142ami dla ps\u00f3w shihtzu.com.pl"},"image":{"@id":"https:\/\/shihtzu.com.pl\/sklep\/#\/schema\/logo\/image\/"},"sameAs":["https:\/\/www.facebook.com\/Shihtzucompl\/","https:\/\/www.linkedin.com\/company\/shih-tzu-sklep\/"]}]}},"_links":{"self":[{"href":"https:\/\/shihtzu.com.pl\/sklep\/wp-json\/wp\/v2\/product\/54"}],"collection":[{"href":"https:\/\/shihtzu.com.pl\/sklep\/wp-json\/wp\/v2\/product"}],"about":[{"href":"https:\/\/shihtzu.com.pl\/sklep\/wp-json\/wp\/v2\/types\/product"}],"replies":[{"embeddable":true,"href":"https:\/\/shihtzu.com.pl\/sklep\/wp-json\/wp\/v2\/comments?post=54"}],"wp:featuredmedia":[{"embeddable":true,"href":"https:\/\/shihtzu.com.pl\/sklep\/wp-json\/wp\/v2\/media\/855"}],"wp:attachment":[{"href":"https:\/\/shihtzu.com.pl\/sklep\/wp-json\/wp\/v2\/media?parent=54"}],"wp:term":[{"taxonomy":"product_cat","embeddable":true,"href":"https:\/\/shihtzu.com.pl\/sklep\/wp-json\/wp\/v2\/product_cat?post=54"},{"taxonomy":"product_tag","embeddable":true,"href":"https:\/\/shihtzu.com.pl\/sklep\/wp-json\/wp\/v2\/product_tag?post=54"}],"curies":[{"name":"wp","href":"https:\/\/api.w.org\/{rel}","templated":true}]}}