{"id":53,"date":"2019-02-16T16:58:00","date_gmt":"2019-02-16T15:58:00","guid":{"rendered":"https:\/\/shihtzu.com.pl\/sklep\/?post_type=product&#038;p=53"},"modified":"2023-11-29T20:57:16","modified_gmt":"2023-11-29T19:57:16","slug":"eurowet-szampon-dla-shih-tzu-200ml","status":"publish","type":"product","link":"https:\/\/shihtzu.com.pl\/sklep\/produkt\/eurowet-szampon-dla-shih-tzu-200ml\/","title":{"rendered":"Eurowet szampon dla Shih Tzu 200ml"},"content":{"rendered":"<h2 style=\"text-align: center;\">EUROWET Szampon dla shih tzu<\/h2>\n<p>Eurowet <a href=\"https:\/\/shihtzu.com.pl\/sklep\/szampony-dla-shih-tzu\/\">Szampon dla Shih Tzu<\/a> 200ml to niezast\u0105piony kosmetyk marki dla w\u0142a\u015bcicieli tych wyj\u0105tkowych ps\u00f3w, kt\u00f3rzy pragn\u0105 zadba\u0107 o zdrowie i pi\u0119kno sier\u015bci swoich pupili. Shih Tzu to rasa, kt\u00f3ra s\u0142ynie ze swojej d\u0142ugiej i bujnej sier\u015bci, kt\u00f3ra dodaje im uroku i elegancji. Jednak piel\u0119gnacja takiej okrywy w\u0142osowej mo\u017ce by\u0107 wyzwaniem, dlatego w\u0142a\u015bnie ten szampon zosta\u0142 stworzony, aby u\u0142atwi\u0107 opiekunom troszczenie si\u0119 o swoje psiaki.<\/p>\n<p>To, co wyr\u00f3\u017cnia Eurowet Szampon, to jego kompleksowa formu\u0142a, kt\u00f3ra nie tylko oczyszcza sier\u015b\u0107, ale tak\u017ce piel\u0119gnuje j\u0105 od wewn\u0105trz. Szampon zawiera ekstrakt z alg Nori, kt\u00f3ry zapobiega powstawaniu ko\u0142tun\u00f3w w g\u0119stej i d\u0142ugiej sier\u015bci Shih Tzu. Dla tych uroczych psiak\u00f3w, kt\u00f3rzy uwielbiaj\u0105 bawi\u0107 si\u0119 na spacerach i wskakiwa\u0107 w r\u00f3\u017cne zakamarki, to szczeg\u00f3lnie wa\u017cne. Zabrudzenia z trudno dost\u0119pnych miejsc nie stanowi\u0105 ju\u017c problemu, poniewa\u017c aktywne substancje szamponu <a href=\"https:\/\/shihtzu.com.pl\/sklep\/product_brand\/eurowet\/\">Eurowet<\/a> dok\u0142adnie oczyszczaj\u0105 sier\u015b\u0107, pozostawiaj\u0105c j\u0105 czyst\u0105 i l\u015bni\u0105c\u0105.<\/p>\n<p>Shih Tzu to psiaki pe\u0142ne energii, kt\u00f3re uwielbiaj\u0105 biega\u0107 i bawi\u0107 si\u0119. Jednak ta rasa ma swoje specyficzne potrzeby piel\u0119gnacyjne. Ich bujna sier\u015b\u0107 cz\u0119sto pl\u0105cze si\u0119 i tworzy ko\u0142tuny, zw\u0142aszcza w okolicy brzucha i \u0142ap. Dlatego Szampon Eurowet Shih Tzu to nie tylko produkt oczyszczaj\u0105cy, ale tak\u017ce od\u017cywczy. Ekstrakt z alg Nori dostarcza sk\u0142adnik\u00f3w od\u017cywczych, kt\u00f3re piel\u0119gnuj\u0105 w\u0142osy od nasady do ko\u0144c\u00f3wek, zapobiegaj\u0105c ich puszeniu si\u0119 i matowieniu. Proteiny obecne w szamponie wzmacniaj\u0105 struktur\u0119 w\u0142osa, co jest szczeg\u00f3lnie istotne dla ps\u00f3w o \u0142amliwych i przesuszonych w\u0142osach.<\/p>\n<p>Efekt wow, kt\u00f3ry przynosi ten szampon, nie ko\u0144czy si\u0119 na zdrowej i l\u015bni\u0105cej sier\u015bci. Olejek nab\u0142yszczaj\u0105cy, kt\u00f3ry znajduje si\u0119 w jego sk\u0142adzie, dodaje sier\u015bci psiaka niezwyk\u0142ego blasku, podkre\u015blaj\u0105c jej pi\u0119kno i elegancj\u0119. W\u0142a\u015bciciele Shih Tzu doceni\u0105 r\u00f3wnie\u017c \u0142atwo\u015b\u0107 rozczesywania sier\u015bci po u\u017cyciu tego szamponu, co znacz\u0105co u\u0142atwia codzienn\u0105 piel\u0119gnacj\u0119.<\/p>\n<p>Dodatkowym atutem tego kosmetyku jest aromatyczny zapach, kt\u00f3ry sprawia, \u017ce k\u0105piel staje si\u0119 przyjemno\u015bci\u0105 zar\u00f3wno dla psa, jak i jego opiekuna. Szampon Eurowet Shih Tzu wspaniale relaksuje i odpr\u0119\u017ca, co sprawia, \u017ce zabiegi piel\u0119gnacyjne staj\u0105 si\u0119 wyj\u0105tkowym momentem wi\u0119zi mi\u0119dzy w\u0142a\u015bcicielem a pupilem.<\/p>\n<h3>Spos\u00f3b u\u017cycia:<\/h3>\n<p>Spos\u00f3b u\u017cycia tego szamponu jest prosty i wygodny. Przed k\u0105piel\u0105 wystarczy wyczesa\u0107 psa, aby usun\u0105\u0107 martwe w\u0142osy i u\u0142atwi\u0107 aplikacj\u0119 kosmetyku. Nast\u0119pnie sier\u015b\u0107 nale\u017cy dok\u0142adnie zmoczy\u0107 letni\u0105 wod\u0105. Szampon Eurowet Shih Tzu dobrze si\u0119 pieni, co u\u0142atwia jego aplikacj\u0119. Po chwili masa\u017cu, wystarczy dok\u0142adnie sp\u0142uka\u0107 sier\u015b\u0107 wod\u0105. Warto chroni\u0107 oczy, uszy i pysk zwierz\u0119cia podczas k\u0105pieli.<\/p>\n<p>Podsumowuj\u0105c, Eurowet Szampon dla Shih Tzu 200ml to nie tylko kosmetyk, to prawdziwa piel\u0119gnacja i przyjemno\u015b\u0107 dla Twojego pupila. Zapewnia on kompleksow\u0105 ochron\u0119 i od\u017cywienie sier\u015bci, pozostawiaj\u0105c j\u0105 zdrow\u0105, l\u015bni\u0105c\u0105 i pi\u0119kn\u0105. Dzi\u0119ki niemu piel\u0119gnacja Shih Tzu staje si\u0119 \u0142atwiejsza i bardziej satysfakcjonuj\u0105ca.<\/p>\n","protected":false},"excerpt":{"rendered":"<p>Eurowet Szampon dla Shih Tzu 200ml to tajemnica zdrowej, l\u015bni\u0105cej sier\u015bci i przyjemnych k\u0105pieli. Dzi\u0119ki kompleksowej formule z ekstraktem z alg Nori, ten szampon nie tylko oczyszcza, ale tak\u017ce od\u017cywia i zapobiega powstawaniu ko\u0142tun\u00f3w. Tw\u00f3j Shih Tzu zyska zdrow\u0105, g\u0142adk\u0105 i l\u015bni\u0105c\u0105 sier\u015b\u0107, a k\u0105piele stan\u0105 si\u0119 relaksem zar\u00f3wno dla niego, jak i dla Ciebie.<\/p>\n","protected":false},"featured_media":95,"comment_status":"open","ping_status":"closed","template":"","meta":[],"product_cat":[35],"product_tag":[],"yoast_head":"<!-- This site is optimized with the Yoast SEO plugin v22.0 - https:\/\/yoast.com\/wordpress\/plugins\/seo\/ -->\n<title>Eurowet szampon dla ps\u00f3w rasy Shih Tzu 200ml<\/title>\n<meta name=\"description\" content=\"Szampon od Eurowet dla ps\u00f3w rasy Shih Tzu stworzony by dodawa\u0107 blasku w\u0142osom naszych maluch\u00f3w. Dzi\u0119ki ekstraktowi z alg Nori zapobiega powstawaniu ko\u0142tun\u00f3w.\" \/>\n<meta name=\"robots\" content=\"index, follow, max-snippet:-1, max-image-preview:large, max-video-preview:-1\" \/>\n<link rel=\"canonical\" href=\"https:\/\/shihtzu.com.pl\/sklep\/produkt\/eurowet-szampon-dla-shih-tzu-200ml\/\" \/>\n<meta property=\"og:locale\" content=\"pl_PL\" \/>\n<meta property=\"og:type\" content=\"article\" \/>\n<meta property=\"og:title\" content=\"Eurowet szampon dla ps\u00f3w rasy Shih Tzu 200ml\" \/>\n<meta property=\"og:description\" content=\"Szampon od Eurowet dla ps\u00f3w rasy Shih Tzu stworzony by chroni\u0107 i dodawa\u0107 blasku w\u0142osom naszych maluch\u00f3w. Dzi\u0119ki sk\u0142adnikom takim jak ekstrakt z alg Nori zapobiega powstawaniu ko\u0142tun\u00f3w.\" \/>\n<meta property=\"og:url\" content=\"https:\/\/shihtzu.com.pl\/sklep\/produkt\/eurowet-szampon-dla-shih-tzu-200ml\/\" \/>\n<meta property=\"og:site_name\" content=\"Sklep z artyku\u0142ami dla ps\u00f3w shihtzu.com.pl\" \/>\n<meta property=\"article:publisher\" content=\"https:\/\/www.facebook.com\/Shihtzucompl\/\" \/>\n<meta property=\"article:modified_time\" content=\"2023-11-29T19:57:16+00:00\" \/>\n<meta property=\"og:image\" content=\"https:\/\/shihtzu.com.pl\/sklep\/wp-content\/uploads\/2019\/02\/eurowet-szampon-dla-shih-tzu-200ml.png\" \/>\n\t<meta property=\"og:image:width\" content=\"1000\" \/>\n\t<meta property=\"og:image:height\" content=\"1000\" \/>\n\t<meta property=\"og:image:type\" content=\"image\/png\" \/>\n<meta name=\"twitter:card\" content=\"summary_large_image\" \/>\n<meta name=\"twitter:description\" content=\"Szampon od Eurowet dla ps\u00f3w rasy Shih Tzu stworzony by chroni\u0107 i dodawa\u0107 blasku w\u0142osom naszych maluch\u00f3w. Dzi\u0119ki sk\u0142adnikom takim jak ekstrakt z alg Nori zapobiega powstawaniu ko\u0142tun\u00f3w.\" \/>\n<meta name=\"twitter:label1\" content=\"Szacowany czas czytania\" \/>\n\t<meta name=\"twitter:data1\" content=\"3 minuty\" \/>\n<script type=\"application\/ld+json\" class=\"yoast-schema-graph\">{\"@context\":\"https:\/\/schema.org\",\"@graph\":[{\"@type\":\"WebPage\",\"@id\":\"https:\/\/shihtzu.com.pl\/sklep\/produkt\/eurowet-szampon-dla-shih-tzu-200ml\/\",\"url\":\"https:\/\/shihtzu.com.pl\/sklep\/produkt\/eurowet-szampon-dla-shih-tzu-200ml\/\",\"name\":\"Eurowet szampon dla ps\u00f3w rasy Shih Tzu 200ml\",\"isPartOf\":{\"@id\":\"https:\/\/shihtzu.com.pl\/sklep\/#website\"},\"datePublished\":\"2019-02-16T15:58:00+00:00\",\"dateModified\":\"2023-11-29T19:57:16+00:00\",\"description\":\"Szampon od Eurowet dla ps\u00f3w rasy Shih Tzu stworzony by dodawa\u0107 blasku w\u0142osom naszych maluch\u00f3w. Dzi\u0119ki ekstraktowi z alg Nori zapobiega powstawaniu ko\u0142tun\u00f3w.\",\"breadcrumb\":{\"@id\":\"https:\/\/shihtzu.com.pl\/sklep\/produkt\/eurowet-szampon-dla-shih-tzu-200ml\/#breadcrumb\"},\"inLanguage\":\"pl-PL\",\"potentialAction\":[{\"@type\":\"ReadAction\",\"target\":[\"https:\/\/shihtzu.com.pl\/sklep\/produkt\/eurowet-szampon-dla-shih-tzu-200ml\/\"]}]},{\"@type\":\"BreadcrumbList\",\"@id\":\"https:\/\/shihtzu.com.pl\/sklep\/produkt\/eurowet-szampon-dla-shih-tzu-200ml\/#breadcrumb\",\"itemListElement\":[{\"@type\":\"ListItem\",\"position\":1,\"name\":\"Sklep\",\"item\":\"https:\/\/shihtzu.com.pl\/sklep\/\"},{\"@type\":\"ListItem\",\"position\":2,\"name\":\"Szampony\",\"item\":\"https:\/\/shihtzu.com.pl\/sklep\/.\/szampony-dla-shih-tzu\/\"},{\"@type\":\"ListItem\",\"position\":3,\"name\":\"Eurowet szampon dla Shih Tzu 200ml\"}]},{\"@type\":\"WebSite\",\"@id\":\"https:\/\/shihtzu.com.pl\/sklep\/#website\",\"url\":\"https:\/\/shihtzu.com.pl\/sklep\/\",\"name\":\"Sklep z artyku\u0142ami dla ps\u00f3w shihtzu.com.pl\",\"description\":\"Sklep specjalistyczny z artyku\u0142ami pod ras\u0119 Shih tzu. Znajdziesz tu od szampon\u00f3w przeznaczonych dla Shih tzu, przez od\u017cywki a\u017c po zabawki.\",\"publisher\":{\"@id\":\"https:\/\/shihtzu.com.pl\/sklep\/#organization\"},\"potentialAction\":[{\"@type\":\"SearchAction\",\"target\":{\"@type\":\"EntryPoint\",\"urlTemplate\":\"https:\/\/shihtzu.com.pl\/sklep\/?s={search_term_string}\"},\"query-input\":\"required name=search_term_string\"}],\"inLanguage\":\"pl-PL\"},{\"@type\":\"Organization\",\"@id\":\"https:\/\/shihtzu.com.pl\/sklep\/#organization\",\"name\":\"Sklep z artyku\u0142ami dla ps\u00f3w shihtzu.com.pl\",\"url\":\"https:\/\/shihtzu.com.pl\/sklep\/\",\"logo\":{\"@type\":\"ImageObject\",\"inLanguage\":\"pl-PL\",\"@id\":\"https:\/\/shihtzu.com.pl\/sklep\/#\/schema\/logo\/image\/\",\"url\":\"https:\/\/shihtzu.com.pl\/sklep\/wp-content\/uploads\/2020\/10\/cropped-Sklep-dla-shih-tzu-Logo.png\",\"contentUrl\":\"https:\/\/shihtzu.com.pl\/sklep\/wp-content\/uploads\/2020\/10\/cropped-Sklep-dla-shih-tzu-Logo.png\",\"width\":2077,\"height\":519,\"caption\":\"Sklep z artyku\u0142ami dla ps\u00f3w shihtzu.com.pl\"},\"image\":{\"@id\":\"https:\/\/shihtzu.com.pl\/sklep\/#\/schema\/logo\/image\/\"},\"sameAs\":[\"https:\/\/www.facebook.com\/Shihtzucompl\/\",\"https:\/\/www.linkedin.com\/company\/shih-tzu-sklep\/\"]}]}<\/script>\n<!-- \/ Yoast SEO plugin. -->","yoast_head_json":{"title":"Eurowet szampon dla ps\u00f3w rasy Shih Tzu 200ml","description":"Szampon od Eurowet dla ps\u00f3w rasy Shih Tzu stworzony by dodawa\u0107 blasku w\u0142osom naszych maluch\u00f3w. Dzi\u0119ki ekstraktowi z alg Nori zapobiega powstawaniu ko\u0142tun\u00f3w.","robots":{"index":"index","follow":"follow","max-snippet":"max-snippet:-1","max-image-preview":"max-image-preview:large","max-video-preview":"max-video-preview:-1"},"canonical":"https:\/\/shihtzu.com.pl\/sklep\/produkt\/eurowet-szampon-dla-shih-tzu-200ml\/","og_locale":"pl_PL","og_type":"article","og_title":"Eurowet szampon dla ps\u00f3w rasy Shih Tzu 200ml","og_description":"Szampon od Eurowet dla ps\u00f3w rasy Shih Tzu stworzony by chroni\u0107 i dodawa\u0107 blasku w\u0142osom naszych maluch\u00f3w. Dzi\u0119ki sk\u0142adnikom takim jak ekstrakt z alg Nori zapobiega powstawaniu ko\u0142tun\u00f3w.","og_url":"https:\/\/shihtzu.com.pl\/sklep\/produkt\/eurowet-szampon-dla-shih-tzu-200ml\/","og_site_name":"Sklep z artyku\u0142ami dla ps\u00f3w shihtzu.com.pl","article_publisher":"https:\/\/www.facebook.com\/Shihtzucompl\/","article_modified_time":"2023-11-29T19:57:16+00:00","og_image":[{"width":1000,"height":1000,"url":"https:\/\/shihtzu.com.pl\/sklep\/wp-content\/uploads\/2019\/02\/eurowet-szampon-dla-shih-tzu-200ml.png","type":"image\/png"}],"twitter_card":"summary_large_image","twitter_description":"Szampon od Eurowet dla ps\u00f3w rasy Shih Tzu stworzony by chroni\u0107 i dodawa\u0107 blasku w\u0142osom naszych maluch\u00f3w. Dzi\u0119ki sk\u0142adnikom takim jak ekstrakt z alg Nori zapobiega powstawaniu ko\u0142tun\u00f3w.","twitter_misc":{"Szacowany czas czytania":"3 minuty"},"schema":{"@context":"https:\/\/schema.org","@graph":[{"@type":"WebPage","@id":"https:\/\/shihtzu.com.pl\/sklep\/produkt\/eurowet-szampon-dla-shih-tzu-200ml\/","url":"https:\/\/shihtzu.com.pl\/sklep\/produkt\/eurowet-szampon-dla-shih-tzu-200ml\/","name":"Eurowet szampon dla ps\u00f3w rasy Shih Tzu 200ml","isPartOf":{"@id":"https:\/\/shihtzu.com.pl\/sklep\/#website"},"datePublished":"2019-02-16T15:58:00+00:00","dateModified":"2023-11-29T19:57:16+00:00","description":"Szampon od Eurowet dla ps\u00f3w rasy Shih Tzu stworzony by dodawa\u0107 blasku w\u0142osom naszych maluch\u00f3w. Dzi\u0119ki ekstraktowi z alg Nori zapobiega powstawaniu ko\u0142tun\u00f3w.","breadcrumb":{"@id":"https:\/\/shihtzu.com.pl\/sklep\/produkt\/eurowet-szampon-dla-shih-tzu-200ml\/#breadcrumb"},"inLanguage":"pl-PL","potentialAction":[{"@type":"ReadAction","target":["https:\/\/shihtzu.com.pl\/sklep\/produkt\/eurowet-szampon-dla-shih-tzu-200ml\/"]}]},{"@type":"BreadcrumbList","@id":"https:\/\/shihtzu.com.pl\/sklep\/produkt\/eurowet-szampon-dla-shih-tzu-200ml\/#breadcrumb","itemListElement":[{"@type":"ListItem","position":1,"name":"Sklep","item":"https:\/\/shihtzu.com.pl\/sklep\/"},{"@type":"ListItem","position":2,"name":"Szampony","item":"https:\/\/shihtzu.com.pl\/sklep\/.\/szampony-dla-shih-tzu\/"},{"@type":"ListItem","position":3,"name":"Eurowet szampon dla Shih Tzu 200ml"}]},{"@type":"WebSite","@id":"https:\/\/shihtzu.com.pl\/sklep\/#website","url":"https:\/\/shihtzu.com.pl\/sklep\/","name":"Sklep z artyku\u0142ami dla ps\u00f3w shihtzu.com.pl","description":"Sklep specjalistyczny z artyku\u0142ami pod ras\u0119 Shih tzu. Znajdziesz tu od szampon\u00f3w przeznaczonych dla Shih tzu, przez od\u017cywki a\u017c po zabawki.","publisher":{"@id":"https:\/\/shihtzu.com.pl\/sklep\/#organization"},"potentialAction":[{"@type":"SearchAction","target":{"@type":"EntryPoint","urlTemplate":"https:\/\/shihtzu.com.pl\/sklep\/?s={search_term_string}"},"query-input":"required name=search_term_string"}],"inLanguage":"pl-PL"},{"@type":"Organization","@id":"https:\/\/shihtzu.com.pl\/sklep\/#organization","name":"Sklep z artyku\u0142ami dla ps\u00f3w shihtzu.com.pl","url":"https:\/\/shihtzu.com.pl\/sklep\/","logo":{"@type":"ImageObject","inLanguage":"pl-PL","@id":"https:\/\/shihtzu.com.pl\/sklep\/#\/schema\/logo\/image\/","url":"https:\/\/shihtzu.com.pl\/sklep\/wp-content\/uploads\/2020\/10\/cropped-Sklep-dla-shih-tzu-Logo.png","contentUrl":"https:\/\/shihtzu.com.pl\/sklep\/wp-content\/uploads\/2020\/10\/cropped-Sklep-dla-shih-tzu-Logo.png","width":2077,"height":519,"caption":"Sklep z artyku\u0142ami dla ps\u00f3w shihtzu.com.pl"},"image":{"@id":"https:\/\/shihtzu.com.pl\/sklep\/#\/schema\/logo\/image\/"},"sameAs":["https:\/\/www.facebook.com\/Shihtzucompl\/","https:\/\/www.linkedin.com\/company\/shih-tzu-sklep\/"]}]}},"_links":{"self":[{"href":"https:\/\/shihtzu.com.pl\/sklep\/wp-json\/wp\/v2\/product\/53"}],"collection":[{"href":"https:\/\/shihtzu.com.pl\/sklep\/wp-json\/wp\/v2\/product"}],"about":[{"href":"https:\/\/shihtzu.com.pl\/sklep\/wp-json\/wp\/v2\/types\/product"}],"replies":[{"embeddable":true,"href":"https:\/\/shihtzu.com.pl\/sklep\/wp-json\/wp\/v2\/comments?post=53"}],"wp:featuredmedia":[{"embeddable":true,"href":"https:\/\/shihtzu.com.pl\/sklep\/wp-json\/wp\/v2\/media\/95"}],"wp:attachment":[{"href":"https:\/\/shihtzu.com.pl\/sklep\/wp-json\/wp\/v2\/media?parent=53"}],"wp:term":[{"taxonomy":"product_cat","embeddable":true,"href":"https:\/\/shihtzu.com.pl\/sklep\/wp-json\/wp\/v2\/product_cat?post=53"},{"taxonomy":"product_tag","embeddable":true,"href":"https:\/\/shihtzu.com.pl\/sklep\/wp-json\/wp\/v2\/product_tag?post=53"}],"curies":[{"name":"wp","href":"https:\/\/api.w.org\/{rel}","templated":true}]}}