{"id":515,"date":"2019-04-08T13:04:50","date_gmt":"2019-04-08T11:04:50","guid":{"rendered":"https:\/\/shihtzu.com.pl\/sklep\/?post_type=product&#038;p=515"},"modified":"2024-11-19T09:29:12","modified_gmt":"2024-11-19T08:29:12","slug":"pasy-do-auta-dla-psa","status":"publish","type":"product","link":"https:\/\/shihtzu.com.pl\/sklep\/produkt\/pasy-do-auta-dla-psa\/","title":{"rendered":"Pasy do auta dla psa"},"content":{"rendered":"<p><b>Pas bezpiecze\u0144stwa do\u00a0 auta dla ps\u00f3w<\/b> pozwoli pupilowi na wygodn\u0105 i bezpieczn\u0105 podr\u00f3\u017c. Pasy s\u0105 elastyczne i rozci\u0105gaj\u0105 si\u0119 do 70 cm. Zako\u0144czone wysokiej jako\u015bci karabi\u0144czykami daj\u0105 nie tylko bardzo elegancki wygl\u0105d ale i s\u0105 bardzo solidne.<\/p>\n<p>&nbsp;<\/p>\n","protected":false},"excerpt":{"rendered":"<p>Pasy do auta dla ps\u00f3w dost\u0119pne s\u0105 w sze\u015bciu wariantach kolorystycznych:<\/p>\n<ul>\n<li>Czarny<\/li>\n<li>Niebieski<\/li>\n<li>Wrzosowy<\/li>\n<li>R\u00f3\u017cowy<\/li>\n<li>Pomara\u0144czowy<\/li>\n<li>Morski<\/li>\n<\/ul>\n","protected":false},"featured_media":518,"comment_status":"open","ping_status":"closed","template":"","meta":[],"product_cat":[31],"product_tag":[],"yoast_head":"<!-- This site is optimized with the Yoast SEO plugin v22.0 - https:\/\/yoast.com\/wordpress\/plugins\/seo\/ -->\n<title>Pasy do auta dla psa - Sklep z artyku\u0142ami dla ps\u00f3w shihtzu.com.pl<\/title>\n<meta name=\"robots\" content=\"index, follow, max-snippet:-1, max-image-preview:large, max-video-preview:-1\" \/>\n<link rel=\"canonical\" href=\"https:\/\/shihtzu.com.pl\/sklep\/produkt\/pasy-do-auta-dla-psa\/\" \/>\n<meta property=\"og:locale\" content=\"pl_PL\" \/>\n<meta property=\"og:type\" content=\"article\" \/>\n<meta property=\"og:title\" content=\"Pasy do auta dla psa - Sklep z artyku\u0142ami dla ps\u00f3w shihtzu.com.pl\" \/>\n<meta property=\"og:description\" content=\"Pasy do auta dla ps\u00f3w dost\u0119pne s\u0105 w sze\u015bciu wariantach kolorystycznych:   Czarny  Niebieski  Wrzosowy  R\u00f3\u017cowy  Pomara\u0144czowy  Morski\" \/>\n<meta property=\"og:url\" content=\"https:\/\/shihtzu.com.pl\/sklep\/produkt\/pasy-do-auta-dla-psa\/\" \/>\n<meta property=\"og:site_name\" content=\"Sklep z artyku\u0142ami dla ps\u00f3w shihtzu.com.pl\" \/>\n<meta property=\"article:publisher\" content=\"https:\/\/www.facebook.com\/Shihtzucompl\/\" \/>\n<meta property=\"article:modified_time\" content=\"2024-11-19T08:29:12+00:00\" \/>\n<meta property=\"og:image\" content=\"https:\/\/shihtzu.com.pl\/sklep\/wp-content\/uploads\/2019\/04\/pasy-do-auta-dla-psa.jpg\" \/>\n\t<meta property=\"og:image:width\" content=\"2048\" \/>\n\t<meta property=\"og:image:height\" content=\"1537\" \/>\n\t<meta property=\"og:image:type\" content=\"image\/jpeg\" \/>\n<meta name=\"twitter:card\" content=\"summary_large_image\" \/>\n<script type=\"application\/ld+json\" class=\"yoast-schema-graph\">{\"@context\":\"https:\/\/schema.org\",\"@graph\":[{\"@type\":\"WebPage\",\"@id\":\"https:\/\/shihtzu.com.pl\/sklep\/produkt\/pasy-do-auta-dla-psa\/\",\"url\":\"https:\/\/shihtzu.com.pl\/sklep\/produkt\/pasy-do-auta-dla-psa\/\",\"name\":\"Pasy do auta dla psa - Sklep z artyku\u0142ami dla ps\u00f3w shihtzu.com.pl\",\"isPartOf\":{\"@id\":\"https:\/\/shihtzu.com.pl\/sklep\/#website\"},\"datePublished\":\"2019-04-08T11:04:50+00:00\",\"dateModified\":\"2024-11-19T08:29:12+00:00\",\"breadcrumb\":{\"@id\":\"https:\/\/shihtzu.com.pl\/sklep\/produkt\/pasy-do-auta-dla-psa\/#breadcrumb\"},\"inLanguage\":\"pl-PL\",\"potentialAction\":[{\"@type\":\"ReadAction\",\"target\":[\"https:\/\/shihtzu.com.pl\/sklep\/produkt\/pasy-do-auta-dla-psa\/\"]}]},{\"@type\":\"BreadcrumbList\",\"@id\":\"https:\/\/shihtzu.com.pl\/sklep\/produkt\/pasy-do-auta-dla-psa\/#breadcrumb\",\"itemListElement\":[{\"@type\":\"ListItem\",\"position\":1,\"name\":\"Sklep\",\"item\":\"https:\/\/shihtzu.com.pl\/sklep\/\"},{\"@type\":\"ListItem\",\"position\":2,\"name\":\"Akcesoria\",\"item\":\"https:\/\/shihtzu.com.pl\/sklep\/.\/akcesoria\/\"},{\"@type\":\"ListItem\",\"position\":3,\"name\":\"Pasy do auta dla psa\"}]},{\"@type\":\"WebSite\",\"@id\":\"https:\/\/shihtzu.com.pl\/sklep\/#website\",\"url\":\"https:\/\/shihtzu.com.pl\/sklep\/\",\"name\":\"Sklep z artyku\u0142ami dla ps\u00f3w shihtzu.com.pl\",\"description\":\"Sklep specjalistyczny z artyku\u0142ami pod ras\u0119 Shih tzu. Znajdziesz tu od szampon\u00f3w przeznaczonych dla Shih tzu, przez od\u017cywki a\u017c po zabawki.\",\"publisher\":{\"@id\":\"https:\/\/shihtzu.com.pl\/sklep\/#organization\"},\"potentialAction\":[{\"@type\":\"SearchAction\",\"target\":{\"@type\":\"EntryPoint\",\"urlTemplate\":\"https:\/\/shihtzu.com.pl\/sklep\/?s={search_term_string}\"},\"query-input\":\"required name=search_term_string\"}],\"inLanguage\":\"pl-PL\"},{\"@type\":\"Organization\",\"@id\":\"https:\/\/shihtzu.com.pl\/sklep\/#organization\",\"name\":\"Sklep z artyku\u0142ami dla ps\u00f3w shihtzu.com.pl\",\"url\":\"https:\/\/shihtzu.com.pl\/sklep\/\",\"logo\":{\"@type\":\"ImageObject\",\"inLanguage\":\"pl-PL\",\"@id\":\"https:\/\/shihtzu.com.pl\/sklep\/#\/schema\/logo\/image\/\",\"url\":\"https:\/\/shihtzu.com.pl\/sklep\/wp-content\/uploads\/2020\/10\/cropped-Sklep-dla-shih-tzu-Logo.png\",\"contentUrl\":\"https:\/\/shihtzu.com.pl\/sklep\/wp-content\/uploads\/2020\/10\/cropped-Sklep-dla-shih-tzu-Logo.png\",\"width\":2077,\"height\":519,\"caption\":\"Sklep z artyku\u0142ami dla ps\u00f3w shihtzu.com.pl\"},\"image\":{\"@id\":\"https:\/\/shihtzu.com.pl\/sklep\/#\/schema\/logo\/image\/\"},\"sameAs\":[\"https:\/\/www.facebook.com\/Shihtzucompl\/\",\"https:\/\/www.linkedin.com\/company\/shih-tzu-sklep\/\"]}]}<\/script>\n<!-- \/ Yoast SEO plugin. -->","yoast_head_json":{"title":"Pasy do auta dla psa - Sklep z artyku\u0142ami dla ps\u00f3w shihtzu.com.pl","robots":{"index":"index","follow":"follow","max-snippet":"max-snippet:-1","max-image-preview":"max-image-preview:large","max-video-preview":"max-video-preview:-1"},"canonical":"https:\/\/shihtzu.com.pl\/sklep\/produkt\/pasy-do-auta-dla-psa\/","og_locale":"pl_PL","og_type":"article","og_title":"Pasy do auta dla psa - Sklep z artyku\u0142ami dla ps\u00f3w shihtzu.com.pl","og_description":"Pasy do auta dla ps\u00f3w dost\u0119pne s\u0105 w sze\u015bciu wariantach kolorystycznych:   Czarny  Niebieski  Wrzosowy  R\u00f3\u017cowy  Pomara\u0144czowy  Morski","og_url":"https:\/\/shihtzu.com.pl\/sklep\/produkt\/pasy-do-auta-dla-psa\/","og_site_name":"Sklep z artyku\u0142ami dla ps\u00f3w shihtzu.com.pl","article_publisher":"https:\/\/www.facebook.com\/Shihtzucompl\/","article_modified_time":"2024-11-19T08:29:12+00:00","og_image":[{"width":2048,"height":1537,"url":"https:\/\/shihtzu.com.pl\/sklep\/wp-content\/uploads\/2019\/04\/pasy-do-auta-dla-psa.jpg","type":"image\/jpeg"}],"twitter_card":"summary_large_image","schema":{"@context":"https:\/\/schema.org","@graph":[{"@type":"WebPage","@id":"https:\/\/shihtzu.com.pl\/sklep\/produkt\/pasy-do-auta-dla-psa\/","url":"https:\/\/shihtzu.com.pl\/sklep\/produkt\/pasy-do-auta-dla-psa\/","name":"Pasy do auta dla psa - Sklep z artyku\u0142ami dla ps\u00f3w shihtzu.com.pl","isPartOf":{"@id":"https:\/\/shihtzu.com.pl\/sklep\/#website"},"datePublished":"2019-04-08T11:04:50+00:00","dateModified":"2024-11-19T08:29:12+00:00","breadcrumb":{"@id":"https:\/\/shihtzu.com.pl\/sklep\/produkt\/pasy-do-auta-dla-psa\/#breadcrumb"},"inLanguage":"pl-PL","potentialAction":[{"@type":"ReadAction","target":["https:\/\/shihtzu.com.pl\/sklep\/produkt\/pasy-do-auta-dla-psa\/"]}]},{"@type":"BreadcrumbList","@id":"https:\/\/shihtzu.com.pl\/sklep\/produkt\/pasy-do-auta-dla-psa\/#breadcrumb","itemListElement":[{"@type":"ListItem","position":1,"name":"Sklep","item":"https:\/\/shihtzu.com.pl\/sklep\/"},{"@type":"ListItem","position":2,"name":"Akcesoria","item":"https:\/\/shihtzu.com.pl\/sklep\/.\/akcesoria\/"},{"@type":"ListItem","position":3,"name":"Pasy do auta dla psa"}]},{"@type":"WebSite","@id":"https:\/\/shihtzu.com.pl\/sklep\/#website","url":"https:\/\/shihtzu.com.pl\/sklep\/","name":"Sklep z artyku\u0142ami dla ps\u00f3w shihtzu.com.pl","description":"Sklep specjalistyczny z artyku\u0142ami pod ras\u0119 Shih tzu. Znajdziesz tu od szampon\u00f3w przeznaczonych dla Shih tzu, przez od\u017cywki a\u017c po zabawki.","publisher":{"@id":"https:\/\/shihtzu.com.pl\/sklep\/#organization"},"potentialAction":[{"@type":"SearchAction","target":{"@type":"EntryPoint","urlTemplate":"https:\/\/shihtzu.com.pl\/sklep\/?s={search_term_string}"},"query-input":"required name=search_term_string"}],"inLanguage":"pl-PL"},{"@type":"Organization","@id":"https:\/\/shihtzu.com.pl\/sklep\/#organization","name":"Sklep z artyku\u0142ami dla ps\u00f3w shihtzu.com.pl","url":"https:\/\/shihtzu.com.pl\/sklep\/","logo":{"@type":"ImageObject","inLanguage":"pl-PL","@id":"https:\/\/shihtzu.com.pl\/sklep\/#\/schema\/logo\/image\/","url":"https:\/\/shihtzu.com.pl\/sklep\/wp-content\/uploads\/2020\/10\/cropped-Sklep-dla-shih-tzu-Logo.png","contentUrl":"https:\/\/shihtzu.com.pl\/sklep\/wp-content\/uploads\/2020\/10\/cropped-Sklep-dla-shih-tzu-Logo.png","width":2077,"height":519,"caption":"Sklep z artyku\u0142ami dla ps\u00f3w shihtzu.com.pl"},"image":{"@id":"https:\/\/shihtzu.com.pl\/sklep\/#\/schema\/logo\/image\/"},"sameAs":["https:\/\/www.facebook.com\/Shihtzucompl\/","https:\/\/www.linkedin.com\/company\/shih-tzu-sklep\/"]}]}},"_links":{"self":[{"href":"https:\/\/shihtzu.com.pl\/sklep\/wp-json\/wp\/v2\/product\/515"}],"collection":[{"href":"https:\/\/shihtzu.com.pl\/sklep\/wp-json\/wp\/v2\/product"}],"about":[{"href":"https:\/\/shihtzu.com.pl\/sklep\/wp-json\/wp\/v2\/types\/product"}],"replies":[{"embeddable":true,"href":"https:\/\/shihtzu.com.pl\/sklep\/wp-json\/wp\/v2\/comments?post=515"}],"wp:featuredmedia":[{"embeddable":true,"href":"https:\/\/shihtzu.com.pl\/sklep\/wp-json\/wp\/v2\/media\/518"}],"wp:attachment":[{"href":"https:\/\/shihtzu.com.pl\/sklep\/wp-json\/wp\/v2\/media?parent=515"}],"wp:term":[{"taxonomy":"product_cat","embeddable":true,"href":"https:\/\/shihtzu.com.pl\/sklep\/wp-json\/wp\/v2\/product_cat?post=515"},{"taxonomy":"product_tag","embeddable":true,"href":"https:\/\/shihtzu.com.pl\/sklep\/wp-json\/wp\/v2\/product_tag?post=515"}],"curies":[{"name":"wp","href":"https:\/\/api.w.org\/{rel}","templated":true}]}}