{"id":498,"date":"2019-04-05T18:14:39","date_gmt":"2019-04-05T16:14:39","guid":{"rendered":"https:\/\/shihtzu.com.pl\/sklep\/?post_type=product&#038;p=498"},"modified":"2023-12-17T15:38:15","modified_gmt":"2023-12-17T14:38:15","slug":"grzebien-obrotowy-przemienny-dla-psa","status":"publish","type":"product","link":"https:\/\/shihtzu.com.pl\/sklep\/produkt\/grzebien-obrotowy-przemienny-dla-psa\/","title":{"rendered":"Grzebie\u0144 obrotowy przemienny dla psa"},"content":{"rendered":"<p>Grzebie\u0144 obrotowy o z\u0119bach naprzemiennie osadzonych: kr\u00f3tkich i d\u0142ugich.<br \/>\nDzi\u0119ki obracaniu si\u0119 z\u0119b\u00f3w \u0142atwiej i delikatniej rozczesuje si\u0119 w\u0142os. Dodatkowo zaokr\u0105glone ko\u0144c\u00f3wki z\u0119b\u00f3w zapobiegaj\u0105 drapaniu sk\u00f3ry podczas czesania.<br \/>\nErgonomiczny uchwyt z antypo\u015blizgow\u0105 nak\u0142adk\u0105 u\u0142atwia czesanie.<br \/>\n<strong>Wymiary<\/strong>: 22 cm<\/p>\n","protected":false},"excerpt":{"rendered":"<p>Grzebie\u0144 obrotowy o z\u0119bach naprzemiennie osadzonych: kr\u00f3tkich i d\u0142ugich.<br \/>\nDzi\u0119ki obracaniu si\u0119 z\u0119b\u00f3w \u0142atwiej i delikatniej rozczesuje si\u0119 w\u0142os. Dodatkowo zaokr\u0105glone ko\u0144c\u00f3wki z\u0119b\u00f3w zapobiegaj\u0105 drapaniu sk\u00f3ry podczas czesania.<\/p>\n","protected":false},"featured_media":840,"comment_status":"open","ping_status":"closed","template":"","meta":[],"product_cat":[51],"product_tag":[],"yoast_head":"<!-- This site is optimized with the Yoast SEO plugin v22.0 - https:\/\/yoast.com\/wordpress\/plugins\/seo\/ -->\n<title>Grzebie\u0144 obrotowy przemienny dla psa do rozczesywania<\/title>\n<meta name=\"robots\" content=\"index, follow, max-snippet:-1, max-image-preview:large, max-video-preview:-1\" \/>\n<link rel=\"canonical\" href=\"https:\/\/shihtzu.com.pl\/sklep\/produkt\/grzebien-obrotowy-przemienny-dla-psa\/\" \/>\n<meta property=\"og:locale\" content=\"pl_PL\" \/>\n<meta property=\"og:type\" content=\"article\" \/>\n<meta property=\"og:title\" content=\"Grzebie\u0144 obrotowy przemienny dla psa do rozczesywania\" \/>\n<meta property=\"og:description\" content=\"Grzebie\u0144 obrotowy o z\u0119bach naprzemiennie osadzonych: kr\u00f3tkich i d\u0142ugich. Dzi\u0119ki obracaniu si\u0119 z\u0119b\u00f3w \u0142atwiej i delikatniej rozczesuje si\u0119 w\u0142os. Dodatkowo zaokr\u0105glone ko\u0144c\u00f3wki z\u0119b\u00f3w zapobiegaj\u0105 drapaniu sk\u00f3ry podczas czesania.\" \/>\n<meta property=\"og:url\" content=\"https:\/\/shihtzu.com.pl\/sklep\/produkt\/grzebien-obrotowy-przemienny-dla-psa\/\" \/>\n<meta property=\"og:site_name\" content=\"Sklep z artyku\u0142ami dla ps\u00f3w shihtzu.com.pl\" \/>\n<meta property=\"article:publisher\" content=\"https:\/\/www.facebook.com\/Shihtzucompl\/\" \/>\n<meta property=\"article:modified_time\" content=\"2023-12-17T14:38:15+00:00\" \/>\n<meta property=\"og:image\" content=\"https:\/\/shihtzu.com.pl\/sklep\/wp-content\/uploads\/2019\/04\/grzebien-obrotowy-przemienny-dla-psa.jpg\" \/>\n\t<meta property=\"og:image:width\" content=\"1000\" \/>\n\t<meta property=\"og:image:height\" content=\"1000\" \/>\n\t<meta property=\"og:image:type\" content=\"image\/jpeg\" \/>\n<meta name=\"twitter:card\" content=\"summary_large_image\" \/>\n<meta name=\"twitter:label1\" content=\"Szacowany czas czytania\" \/>\n\t<meta name=\"twitter:data1\" content=\"1 minuta\" \/>\n<script type=\"application\/ld+json\" class=\"yoast-schema-graph\">{\"@context\":\"https:\/\/schema.org\",\"@graph\":[{\"@type\":\"WebPage\",\"@id\":\"https:\/\/shihtzu.com.pl\/sklep\/produkt\/grzebien-obrotowy-przemienny-dla-psa\/\",\"url\":\"https:\/\/shihtzu.com.pl\/sklep\/produkt\/grzebien-obrotowy-przemienny-dla-psa\/\",\"name\":\"Grzebie\u0144 obrotowy przemienny dla psa do rozczesywania\",\"isPartOf\":{\"@id\":\"https:\/\/shihtzu.com.pl\/sklep\/#website\"},\"datePublished\":\"2019-04-05T16:14:39+00:00\",\"dateModified\":\"2023-12-17T14:38:15+00:00\",\"breadcrumb\":{\"@id\":\"https:\/\/shihtzu.com.pl\/sklep\/produkt\/grzebien-obrotowy-przemienny-dla-psa\/#breadcrumb\"},\"inLanguage\":\"pl-PL\",\"potentialAction\":[{\"@type\":\"ReadAction\",\"target\":[\"https:\/\/shihtzu.com.pl\/sklep\/produkt\/grzebien-obrotowy-przemienny-dla-psa\/\"]}]},{\"@type\":\"BreadcrumbList\",\"@id\":\"https:\/\/shihtzu.com.pl\/sklep\/produkt\/grzebien-obrotowy-przemienny-dla-psa\/#breadcrumb\",\"itemListElement\":[{\"@type\":\"ListItem\",\"position\":1,\"name\":\"Sklep\",\"item\":\"https:\/\/shihtzu.com.pl\/sklep\/\"},{\"@type\":\"ListItem\",\"position\":2,\"name\":\"Szczotki i grzebienie\",\"item\":\"https:\/\/shihtzu.com.pl\/sklep\/.\/szczotki-i-grzebienie\/\"},{\"@type\":\"ListItem\",\"position\":3,\"name\":\"Grzebie\u0144 obrotowy przemienny dla psa\"}]},{\"@type\":\"WebSite\",\"@id\":\"https:\/\/shihtzu.com.pl\/sklep\/#website\",\"url\":\"https:\/\/shihtzu.com.pl\/sklep\/\",\"name\":\"Sklep z artyku\u0142ami dla ps\u00f3w shihtzu.com.pl\",\"description\":\"Sklep specjalistyczny z artyku\u0142ami pod ras\u0119 Shih tzu. Znajdziesz tu od szampon\u00f3w przeznaczonych dla Shih tzu, przez od\u017cywki a\u017c po zabawki.\",\"publisher\":{\"@id\":\"https:\/\/shihtzu.com.pl\/sklep\/#organization\"},\"potentialAction\":[{\"@type\":\"SearchAction\",\"target\":{\"@type\":\"EntryPoint\",\"urlTemplate\":\"https:\/\/shihtzu.com.pl\/sklep\/?s={search_term_string}\"},\"query-input\":\"required name=search_term_string\"}],\"inLanguage\":\"pl-PL\"},{\"@type\":\"Organization\",\"@id\":\"https:\/\/shihtzu.com.pl\/sklep\/#organization\",\"name\":\"Sklep z artyku\u0142ami dla ps\u00f3w shihtzu.com.pl\",\"url\":\"https:\/\/shihtzu.com.pl\/sklep\/\",\"logo\":{\"@type\":\"ImageObject\",\"inLanguage\":\"pl-PL\",\"@id\":\"https:\/\/shihtzu.com.pl\/sklep\/#\/schema\/logo\/image\/\",\"url\":\"https:\/\/shihtzu.com.pl\/sklep\/wp-content\/uploads\/2020\/10\/cropped-Sklep-dla-shih-tzu-Logo.png\",\"contentUrl\":\"https:\/\/shihtzu.com.pl\/sklep\/wp-content\/uploads\/2020\/10\/cropped-Sklep-dla-shih-tzu-Logo.png\",\"width\":2077,\"height\":519,\"caption\":\"Sklep z artyku\u0142ami dla ps\u00f3w shihtzu.com.pl\"},\"image\":{\"@id\":\"https:\/\/shihtzu.com.pl\/sklep\/#\/schema\/logo\/image\/\"},\"sameAs\":[\"https:\/\/www.facebook.com\/Shihtzucompl\/\",\"https:\/\/www.linkedin.com\/company\/shih-tzu-sklep\/\"]}]}<\/script>\n<!-- \/ Yoast SEO plugin. -->","yoast_head_json":{"title":"Grzebie\u0144 obrotowy przemienny dla psa do rozczesywania","robots":{"index":"index","follow":"follow","max-snippet":"max-snippet:-1","max-image-preview":"max-image-preview:large","max-video-preview":"max-video-preview:-1"},"canonical":"https:\/\/shihtzu.com.pl\/sklep\/produkt\/grzebien-obrotowy-przemienny-dla-psa\/","og_locale":"pl_PL","og_type":"article","og_title":"Grzebie\u0144 obrotowy przemienny dla psa do rozczesywania","og_description":"Grzebie\u0144 obrotowy o z\u0119bach naprzemiennie osadzonych: kr\u00f3tkich i d\u0142ugich. Dzi\u0119ki obracaniu si\u0119 z\u0119b\u00f3w \u0142atwiej i delikatniej rozczesuje si\u0119 w\u0142os. Dodatkowo zaokr\u0105glone ko\u0144c\u00f3wki z\u0119b\u00f3w zapobiegaj\u0105 drapaniu sk\u00f3ry podczas czesania.","og_url":"https:\/\/shihtzu.com.pl\/sklep\/produkt\/grzebien-obrotowy-przemienny-dla-psa\/","og_site_name":"Sklep z artyku\u0142ami dla ps\u00f3w shihtzu.com.pl","article_publisher":"https:\/\/www.facebook.com\/Shihtzucompl\/","article_modified_time":"2023-12-17T14:38:15+00:00","og_image":[{"width":1000,"height":1000,"url":"https:\/\/shihtzu.com.pl\/sklep\/wp-content\/uploads\/2019\/04\/grzebien-obrotowy-przemienny-dla-psa.jpg","type":"image\/jpeg"}],"twitter_card":"summary_large_image","twitter_misc":{"Szacowany czas czytania":"1 minuta"},"schema":{"@context":"https:\/\/schema.org","@graph":[{"@type":"WebPage","@id":"https:\/\/shihtzu.com.pl\/sklep\/produkt\/grzebien-obrotowy-przemienny-dla-psa\/","url":"https:\/\/shihtzu.com.pl\/sklep\/produkt\/grzebien-obrotowy-przemienny-dla-psa\/","name":"Grzebie\u0144 obrotowy przemienny dla psa do rozczesywania","isPartOf":{"@id":"https:\/\/shihtzu.com.pl\/sklep\/#website"},"datePublished":"2019-04-05T16:14:39+00:00","dateModified":"2023-12-17T14:38:15+00:00","breadcrumb":{"@id":"https:\/\/shihtzu.com.pl\/sklep\/produkt\/grzebien-obrotowy-przemienny-dla-psa\/#breadcrumb"},"inLanguage":"pl-PL","potentialAction":[{"@type":"ReadAction","target":["https:\/\/shihtzu.com.pl\/sklep\/produkt\/grzebien-obrotowy-przemienny-dla-psa\/"]}]},{"@type":"BreadcrumbList","@id":"https:\/\/shihtzu.com.pl\/sklep\/produkt\/grzebien-obrotowy-przemienny-dla-psa\/#breadcrumb","itemListElement":[{"@type":"ListItem","position":1,"name":"Sklep","item":"https:\/\/shihtzu.com.pl\/sklep\/"},{"@type":"ListItem","position":2,"name":"Szczotki i grzebienie","item":"https:\/\/shihtzu.com.pl\/sklep\/.\/szczotki-i-grzebienie\/"},{"@type":"ListItem","position":3,"name":"Grzebie\u0144 obrotowy przemienny dla psa"}]},{"@type":"WebSite","@id":"https:\/\/shihtzu.com.pl\/sklep\/#website","url":"https:\/\/shihtzu.com.pl\/sklep\/","name":"Sklep z artyku\u0142ami dla ps\u00f3w shihtzu.com.pl","description":"Sklep specjalistyczny z artyku\u0142ami pod ras\u0119 Shih tzu. Znajdziesz tu od szampon\u00f3w przeznaczonych dla Shih tzu, przez od\u017cywki a\u017c po zabawki.","publisher":{"@id":"https:\/\/shihtzu.com.pl\/sklep\/#organization"},"potentialAction":[{"@type":"SearchAction","target":{"@type":"EntryPoint","urlTemplate":"https:\/\/shihtzu.com.pl\/sklep\/?s={search_term_string}"},"query-input":"required name=search_term_string"}],"inLanguage":"pl-PL"},{"@type":"Organization","@id":"https:\/\/shihtzu.com.pl\/sklep\/#organization","name":"Sklep z artyku\u0142ami dla ps\u00f3w shihtzu.com.pl","url":"https:\/\/shihtzu.com.pl\/sklep\/","logo":{"@type":"ImageObject","inLanguage":"pl-PL","@id":"https:\/\/shihtzu.com.pl\/sklep\/#\/schema\/logo\/image\/","url":"https:\/\/shihtzu.com.pl\/sklep\/wp-content\/uploads\/2020\/10\/cropped-Sklep-dla-shih-tzu-Logo.png","contentUrl":"https:\/\/shihtzu.com.pl\/sklep\/wp-content\/uploads\/2020\/10\/cropped-Sklep-dla-shih-tzu-Logo.png","width":2077,"height":519,"caption":"Sklep z artyku\u0142ami dla ps\u00f3w shihtzu.com.pl"},"image":{"@id":"https:\/\/shihtzu.com.pl\/sklep\/#\/schema\/logo\/image\/"},"sameAs":["https:\/\/www.facebook.com\/Shihtzucompl\/","https:\/\/www.linkedin.com\/company\/shih-tzu-sklep\/"]}]}},"_links":{"self":[{"href":"https:\/\/shihtzu.com.pl\/sklep\/wp-json\/wp\/v2\/product\/498"}],"collection":[{"href":"https:\/\/shihtzu.com.pl\/sklep\/wp-json\/wp\/v2\/product"}],"about":[{"href":"https:\/\/shihtzu.com.pl\/sklep\/wp-json\/wp\/v2\/types\/product"}],"replies":[{"embeddable":true,"href":"https:\/\/shihtzu.com.pl\/sklep\/wp-json\/wp\/v2\/comments?post=498"}],"wp:featuredmedia":[{"embeddable":true,"href":"https:\/\/shihtzu.com.pl\/sklep\/wp-json\/wp\/v2\/media\/840"}],"wp:attachment":[{"href":"https:\/\/shihtzu.com.pl\/sklep\/wp-json\/wp\/v2\/media?parent=498"}],"wp:term":[{"taxonomy":"product_cat","embeddable":true,"href":"https:\/\/shihtzu.com.pl\/sklep\/wp-json\/wp\/v2\/product_cat?post=498"},{"taxonomy":"product_tag","embeddable":true,"href":"https:\/\/shihtzu.com.pl\/sklep\/wp-json\/wp\/v2\/product_tag?post=498"}],"curies":[{"name":"wp","href":"https:\/\/api.w.org\/{rel}","templated":true}]}}