{"id":485,"date":"2019-04-02T01:46:10","date_gmt":"2019-04-01T23:46:10","guid":{"rendered":"https:\/\/shihtzu.com.pl\/sklep\/?post_type=product&#038;p=485"},"modified":"2023-11-29T00:50:58","modified_gmt":"2023-11-28T23:50:58","slug":"ges-lateksowa-piszczaca-14cm","status":"publish","type":"product","link":"https:\/\/shihtzu.com.pl\/sklep\/produkt\/ges-lateksowa-piszczaca-14cm\/","title":{"rendered":"G\u0119\u015b lateksowa piszcz\u0105ca 14cm"},"content":{"rendered":"<p>G\u0119\u015b lateksowa piszcz\u0105ca o d\u0142ugo\u015bci 14 cm to zabawka firmy <a href=\"https:\/\/shihtzu.com.pl\/sklep\/product_brand\/trixie\/\">Trixie<\/a>, kt\u00f3ra zapewni Twojemu psu wiele rado\u015bci i rozrywki. Wykonana z lateksu, jest nie tylko bezpieczna dla zdrowia Twojego pupila, ale tak\u017ce stymuluje jego zmys\u0142y i zach\u0119ca do zabawy.<\/p>\n<p>Lateks to materia\u0142, kt\u00f3ry jest znany ze swojej trwa\u0142o\u015bci i bezpiecze\u0144stwa. Co wa\u017cne, w przypadku po\u0142kni\u0119cia nie p\u0119cznieje i mo\u017ce by\u0107 bez problemu wydalany z organizmu psa. Dzi\u0119ki temu mo\u017cesz by\u0107 spokojny, \u017ce Twojemu zwierzakowi nie grozi \u017cadne niebezpiecze\u0144stwo podczas zabawy z g\u0119si\u0105 lateksow\u0105.<\/p>\n<p>Ta zabawka szczeg\u00f3lnie polecamy dla ps\u00f3w m\u0142odych. Dlaczego? Poniewa\u017c zapewnia ona nie tylko rozrywk\u0119, ale tak\u017ce stymuluje rozwijaj\u0105ce si\u0119 zmys\u0142y psa. Piszcz\u0105ca g\u0119\u015b dostarcza d\u017awi\u0119k\u00f3w, kt\u00f3re przyci\u0105gaj\u0105 uwag\u0119 i zach\u0119caj\u0105 pupila do interakcji. To doskona\u0142y spos\u00f3b na rozwijanie zr\u0119czno\u015bci i umiej\u0119tno\u015bci rozwi\u0105zywania prostych zada\u0144, kt\u00f3re s\u0105 niezwykle istotne w rozwoju m\u0142odych ps\u00f3w.<\/p>\n<p>Zabawka jest solidna i wytrzyma\u0142a, co sprawia, \u017ce mo\u017ce by\u0107 u\u017cywana przez d\u0142ugi czas. Niezale\u017cnie od tego, czy Tw\u00f3j pies lubi gry\u017a\u0107, bawi\u0107 si\u0119 w chwytanie czy aportowanie, g\u0119\u015b lateksowa jest gotowa sprosta\u0107 jego potrzebom. Jej d\u0142ugo\u015b\u0107 14 cm jest odpowiednia zar\u00f3wno dla ma\u0142ych, jak i wi\u0119kszych ras, co pozwala na dostosowanie zabawy do rozmiaru Twojego psa.<\/p>\n<p>G\u0119\u015b lateksowa to nie tylko <a href=\"https:\/\/shihtzu.com.pl\/sklep\/produkt\/ges-lateksowa-piszczaca-14cm\/\">zabawka dla psa<\/a> , to tak\u017ce narz\u0119dzie do tworzenia wi\u0119zi mi\u0119dzy Tob\u0105 a Twoim Shih Tzu. Wsp\u00f3lna zabawa wci\u0105ga i integruje, pozwalaj\u0105c sp\u0119dzi\u0107 czas razem i wzmacniaj\u0105c wi\u0119\u017a mi\u0119dzy Wami.<\/p>\n<p>Podsumowuj\u0105c, G\u0119\u015b lateksowa piszcz\u0105ca 14 cm to niezast\u0105piona zabawka dla ka\u017cdego psa, kt\u00f3ry potrzebuje aktywno\u015bci i rozrywki. Daj swojemu pupila d\u017awi\u0119cz\u0105c\u0105 frajd\u0119 i jednocze\u015bnie dbaj o jego zdrowie i bezpiecze\u0144stwo podczas zabawy.<\/p>\n","protected":false},"excerpt":{"rendered":"<p>G\u0119\u015b lateksowa piszcz\u0105ca 14 cm to wi\u0119cej ni\u017c zwyk\u0142a zabawka. To towarzysz zabaw, kt\u00f3ry stymuluje zmys\u0142y, rozwija umiej\u0119tno\u015bci i buduje wi\u0119\u017a mi\u0119dzy Tob\u0105 a Twoim psem. Dzi\u0119ki bezpiecznemu lateksowi i d\u017awi\u0119kom, zabawa staje si\u0119 jeszcze bardziej atrakcyjna. Ciesz si\u0119 wsp\u00f3lnymi chwilami z G\u0119si\u0105 lateksow\u0105, kt\u00f3ra przynosi rado\u015b\u0107 i bezpieczn\u0105 rozrywk\u0119.<\/p>\n","protected":false},"featured_media":833,"comment_status":"open","ping_status":"closed","template":"","meta":[],"product_cat":[37],"product_tag":[],"yoast_head":"<!-- This site is optimized with the Yoast SEO plugin v22.0 - https:\/\/yoast.com\/wordpress\/plugins\/seo\/ -->\n<title>G\u0119\u015b lateksowa piszcz\u0105ca 14cm<\/title>\n<meta name=\"description\" content=\"G\u0119\u015b lateksowa piszcz\u0105ca 14 cm to wi\u0119cej ni\u017c zwyk\u0142a zabawka. To towarzysz zabaw, kt\u00f3ry stymuluje zmys\u0142y i buduje wi\u0119\u017a mi\u0119dzy Tob\u0105 a Twoim psem.\" \/>\n<meta name=\"robots\" content=\"index, follow, max-snippet:-1, max-image-preview:large, max-video-preview:-1\" \/>\n<link rel=\"canonical\" href=\"https:\/\/shihtzu.com.pl\/sklep\/produkt\/ges-lateksowa-piszczaca-14cm\/\" \/>\n<meta property=\"og:locale\" content=\"pl_PL\" \/>\n<meta property=\"og:type\" content=\"article\" \/>\n<meta property=\"og:title\" content=\"G\u0119\u015b lateksowa piszcz\u0105ca 14cm\" \/>\n<meta property=\"og:description\" content=\"G\u0119\u015b lateksowa piszcz\u0105ca 14 cm to wi\u0119cej ni\u017c zwyk\u0142a zabawka. To towarzysz zabaw, kt\u00f3ry stymuluje zmys\u0142y i buduje wi\u0119\u017a mi\u0119dzy Tob\u0105 a Twoim psem.\" \/>\n<meta property=\"og:url\" content=\"https:\/\/shihtzu.com.pl\/sklep\/produkt\/ges-lateksowa-piszczaca-14cm\/\" \/>\n<meta property=\"og:site_name\" content=\"Sklep z artyku\u0142ami dla ps\u00f3w shihtzu.com.pl\" \/>\n<meta property=\"article:publisher\" content=\"https:\/\/www.facebook.com\/Shihtzucompl\/\" \/>\n<meta property=\"article:modified_time\" content=\"2023-11-28T23:50:58+00:00\" \/>\n<meta property=\"og:image\" content=\"https:\/\/shihtzu.com.pl\/sklep\/wp-content\/uploads\/2019\/04\/Ges-lateksowa-piszczaca-14cm.jpg\" \/>\n\t<meta property=\"og:image:width\" content=\"555\" \/>\n\t<meta property=\"og:image:height\" content=\"410\" \/>\n\t<meta property=\"og:image:type\" content=\"image\/jpeg\" \/>\n<meta name=\"twitter:card\" content=\"summary_large_image\" \/>\n<meta name=\"twitter:label1\" content=\"Szacowany czas czytania\" \/>\n\t<meta name=\"twitter:data1\" content=\"2 minuty\" \/>\n<script type=\"application\/ld+json\" class=\"yoast-schema-graph\">{\"@context\":\"https:\/\/schema.org\",\"@graph\":[{\"@type\":\"WebPage\",\"@id\":\"https:\/\/shihtzu.com.pl\/sklep\/produkt\/ges-lateksowa-piszczaca-14cm\/\",\"url\":\"https:\/\/shihtzu.com.pl\/sklep\/produkt\/ges-lateksowa-piszczaca-14cm\/\",\"name\":\"G\u0119\u015b lateksowa piszcz\u0105ca 14cm\",\"isPartOf\":{\"@id\":\"https:\/\/shihtzu.com.pl\/sklep\/#website\"},\"datePublished\":\"2019-04-01T23:46:10+00:00\",\"dateModified\":\"2023-11-28T23:50:58+00:00\",\"description\":\"G\u0119\u015b lateksowa piszcz\u0105ca 14 cm to wi\u0119cej ni\u017c zwyk\u0142a zabawka. To towarzysz zabaw, kt\u00f3ry stymuluje zmys\u0142y i buduje wi\u0119\u017a mi\u0119dzy Tob\u0105 a Twoim psem.\",\"breadcrumb\":{\"@id\":\"https:\/\/shihtzu.com.pl\/sklep\/produkt\/ges-lateksowa-piszczaca-14cm\/#breadcrumb\"},\"inLanguage\":\"pl-PL\",\"potentialAction\":[{\"@type\":\"ReadAction\",\"target\":[\"https:\/\/shihtzu.com.pl\/sklep\/produkt\/ges-lateksowa-piszczaca-14cm\/\"]}]},{\"@type\":\"BreadcrumbList\",\"@id\":\"https:\/\/shihtzu.com.pl\/sklep\/produkt\/ges-lateksowa-piszczaca-14cm\/#breadcrumb\",\"itemListElement\":[{\"@type\":\"ListItem\",\"position\":1,\"name\":\"Sklep\",\"item\":\"https:\/\/shihtzu.com.pl\/sklep\/\"},{\"@type\":\"ListItem\",\"position\":2,\"name\":\"Zabawki\",\"item\":\"https:\/\/shihtzu.com.pl\/sklep\/.\/zabawki\/\"},{\"@type\":\"ListItem\",\"position\":3,\"name\":\"G\u0119\u015b lateksowa piszcz\u0105ca 14cm\"}]},{\"@type\":\"WebSite\",\"@id\":\"https:\/\/shihtzu.com.pl\/sklep\/#website\",\"url\":\"https:\/\/shihtzu.com.pl\/sklep\/\",\"name\":\"Sklep z artyku\u0142ami dla ps\u00f3w shihtzu.com.pl\",\"description\":\"Sklep specjalistyczny z artyku\u0142ami pod ras\u0119 Shih tzu. Znajdziesz tu od szampon\u00f3w przeznaczonych dla Shih tzu, przez od\u017cywki a\u017c po zabawki.\",\"publisher\":{\"@id\":\"https:\/\/shihtzu.com.pl\/sklep\/#organization\"},\"potentialAction\":[{\"@type\":\"SearchAction\",\"target\":{\"@type\":\"EntryPoint\",\"urlTemplate\":\"https:\/\/shihtzu.com.pl\/sklep\/?s={search_term_string}\"},\"query-input\":\"required name=search_term_string\"}],\"inLanguage\":\"pl-PL\"},{\"@type\":\"Organization\",\"@id\":\"https:\/\/shihtzu.com.pl\/sklep\/#organization\",\"name\":\"Sklep z artyku\u0142ami dla ps\u00f3w shihtzu.com.pl\",\"url\":\"https:\/\/shihtzu.com.pl\/sklep\/\",\"logo\":{\"@type\":\"ImageObject\",\"inLanguage\":\"pl-PL\",\"@id\":\"https:\/\/shihtzu.com.pl\/sklep\/#\/schema\/logo\/image\/\",\"url\":\"https:\/\/shihtzu.com.pl\/sklep\/wp-content\/uploads\/2020\/10\/cropped-Sklep-dla-shih-tzu-Logo.png\",\"contentUrl\":\"https:\/\/shihtzu.com.pl\/sklep\/wp-content\/uploads\/2020\/10\/cropped-Sklep-dla-shih-tzu-Logo.png\",\"width\":2077,\"height\":519,\"caption\":\"Sklep z artyku\u0142ami dla ps\u00f3w shihtzu.com.pl\"},\"image\":{\"@id\":\"https:\/\/shihtzu.com.pl\/sklep\/#\/schema\/logo\/image\/\"},\"sameAs\":[\"https:\/\/www.facebook.com\/Shihtzucompl\/\",\"https:\/\/www.linkedin.com\/company\/shih-tzu-sklep\/\"]}]}<\/script>\n<!-- \/ Yoast SEO plugin. -->","yoast_head_json":{"title":"G\u0119\u015b lateksowa piszcz\u0105ca 14cm","description":"G\u0119\u015b lateksowa piszcz\u0105ca 14 cm to wi\u0119cej ni\u017c zwyk\u0142a zabawka. To towarzysz zabaw, kt\u00f3ry stymuluje zmys\u0142y i buduje wi\u0119\u017a mi\u0119dzy Tob\u0105 a Twoim psem.","robots":{"index":"index","follow":"follow","max-snippet":"max-snippet:-1","max-image-preview":"max-image-preview:large","max-video-preview":"max-video-preview:-1"},"canonical":"https:\/\/shihtzu.com.pl\/sklep\/produkt\/ges-lateksowa-piszczaca-14cm\/","og_locale":"pl_PL","og_type":"article","og_title":"G\u0119\u015b lateksowa piszcz\u0105ca 14cm","og_description":"G\u0119\u015b lateksowa piszcz\u0105ca 14 cm to wi\u0119cej ni\u017c zwyk\u0142a zabawka. To towarzysz zabaw, kt\u00f3ry stymuluje zmys\u0142y i buduje wi\u0119\u017a mi\u0119dzy Tob\u0105 a Twoim psem.","og_url":"https:\/\/shihtzu.com.pl\/sklep\/produkt\/ges-lateksowa-piszczaca-14cm\/","og_site_name":"Sklep z artyku\u0142ami dla ps\u00f3w shihtzu.com.pl","article_publisher":"https:\/\/www.facebook.com\/Shihtzucompl\/","article_modified_time":"2023-11-28T23:50:58+00:00","og_image":[{"width":555,"height":410,"url":"https:\/\/shihtzu.com.pl\/sklep\/wp-content\/uploads\/2019\/04\/Ges-lateksowa-piszczaca-14cm.jpg","type":"image\/jpeg"}],"twitter_card":"summary_large_image","twitter_misc":{"Szacowany czas czytania":"2 minuty"},"schema":{"@context":"https:\/\/schema.org","@graph":[{"@type":"WebPage","@id":"https:\/\/shihtzu.com.pl\/sklep\/produkt\/ges-lateksowa-piszczaca-14cm\/","url":"https:\/\/shihtzu.com.pl\/sklep\/produkt\/ges-lateksowa-piszczaca-14cm\/","name":"G\u0119\u015b lateksowa piszcz\u0105ca 14cm","isPartOf":{"@id":"https:\/\/shihtzu.com.pl\/sklep\/#website"},"datePublished":"2019-04-01T23:46:10+00:00","dateModified":"2023-11-28T23:50:58+00:00","description":"G\u0119\u015b lateksowa piszcz\u0105ca 14 cm to wi\u0119cej ni\u017c zwyk\u0142a zabawka. To towarzysz zabaw, kt\u00f3ry stymuluje zmys\u0142y i buduje wi\u0119\u017a mi\u0119dzy Tob\u0105 a Twoim psem.","breadcrumb":{"@id":"https:\/\/shihtzu.com.pl\/sklep\/produkt\/ges-lateksowa-piszczaca-14cm\/#breadcrumb"},"inLanguage":"pl-PL","potentialAction":[{"@type":"ReadAction","target":["https:\/\/shihtzu.com.pl\/sklep\/produkt\/ges-lateksowa-piszczaca-14cm\/"]}]},{"@type":"BreadcrumbList","@id":"https:\/\/shihtzu.com.pl\/sklep\/produkt\/ges-lateksowa-piszczaca-14cm\/#breadcrumb","itemListElement":[{"@type":"ListItem","position":1,"name":"Sklep","item":"https:\/\/shihtzu.com.pl\/sklep\/"},{"@type":"ListItem","position":2,"name":"Zabawki","item":"https:\/\/shihtzu.com.pl\/sklep\/.\/zabawki\/"},{"@type":"ListItem","position":3,"name":"G\u0119\u015b lateksowa piszcz\u0105ca 14cm"}]},{"@type":"WebSite","@id":"https:\/\/shihtzu.com.pl\/sklep\/#website","url":"https:\/\/shihtzu.com.pl\/sklep\/","name":"Sklep z artyku\u0142ami dla ps\u00f3w shihtzu.com.pl","description":"Sklep specjalistyczny z artyku\u0142ami pod ras\u0119 Shih tzu. Znajdziesz tu od szampon\u00f3w przeznaczonych dla Shih tzu, przez od\u017cywki a\u017c po zabawki.","publisher":{"@id":"https:\/\/shihtzu.com.pl\/sklep\/#organization"},"potentialAction":[{"@type":"SearchAction","target":{"@type":"EntryPoint","urlTemplate":"https:\/\/shihtzu.com.pl\/sklep\/?s={search_term_string}"},"query-input":"required name=search_term_string"}],"inLanguage":"pl-PL"},{"@type":"Organization","@id":"https:\/\/shihtzu.com.pl\/sklep\/#organization","name":"Sklep z artyku\u0142ami dla ps\u00f3w shihtzu.com.pl","url":"https:\/\/shihtzu.com.pl\/sklep\/","logo":{"@type":"ImageObject","inLanguage":"pl-PL","@id":"https:\/\/shihtzu.com.pl\/sklep\/#\/schema\/logo\/image\/","url":"https:\/\/shihtzu.com.pl\/sklep\/wp-content\/uploads\/2020\/10\/cropped-Sklep-dla-shih-tzu-Logo.png","contentUrl":"https:\/\/shihtzu.com.pl\/sklep\/wp-content\/uploads\/2020\/10\/cropped-Sklep-dla-shih-tzu-Logo.png","width":2077,"height":519,"caption":"Sklep z artyku\u0142ami dla ps\u00f3w shihtzu.com.pl"},"image":{"@id":"https:\/\/shihtzu.com.pl\/sklep\/#\/schema\/logo\/image\/"},"sameAs":["https:\/\/www.facebook.com\/Shihtzucompl\/","https:\/\/www.linkedin.com\/company\/shih-tzu-sklep\/"]}]}},"_links":{"self":[{"href":"https:\/\/shihtzu.com.pl\/sklep\/wp-json\/wp\/v2\/product\/485"}],"collection":[{"href":"https:\/\/shihtzu.com.pl\/sklep\/wp-json\/wp\/v2\/product"}],"about":[{"href":"https:\/\/shihtzu.com.pl\/sklep\/wp-json\/wp\/v2\/types\/product"}],"replies":[{"embeddable":true,"href":"https:\/\/shihtzu.com.pl\/sklep\/wp-json\/wp\/v2\/comments?post=485"}],"wp:featuredmedia":[{"embeddable":true,"href":"https:\/\/shihtzu.com.pl\/sklep\/wp-json\/wp\/v2\/media\/833"}],"wp:attachment":[{"href":"https:\/\/shihtzu.com.pl\/sklep\/wp-json\/wp\/v2\/media?parent=485"}],"wp:term":[{"taxonomy":"product_cat","embeddable":true,"href":"https:\/\/shihtzu.com.pl\/sklep\/wp-json\/wp\/v2\/product_cat?post=485"},{"taxonomy":"product_tag","embeddable":true,"href":"https:\/\/shihtzu.com.pl\/sklep\/wp-json\/wp\/v2\/product_tag?post=485"}],"curies":[{"name":"wp","href":"https:\/\/api.w.org\/{rel}","templated":true}]}}