{"id":476,"date":"2019-04-02T01:33:54","date_gmt":"2019-04-01T23:33:54","guid":{"rendered":"https:\/\/shihtzu.com.pl\/sklep\/?post_type=product&#038;p=476"},"modified":"2023-11-29T01:21:40","modified_gmt":"2023-11-29T00:21:40","slug":"hantelek-na-przysmaki-12cm","status":"publish","type":"product","link":"https:\/\/shihtzu.com.pl\/sklep\/produkt\/hantelek-na-przysmaki-12cm\/","title":{"rendered":"Hantelek na przysmaki 12cm"},"content":{"rendered":"<p>Hantelek na przysmaki <a href=\"https:\/\/shihtzu.com.pl\/sklep\/product_brand\/trixie\/\">Trixie<\/a> to innowacyjna i zabawna zabawka, kt\u00f3ra dostarczy Twojemu psu wiele rozrywki i jednocze\u015bnie pomaga w utrzymaniu zdrowia jamy ustnej. Wykonana z termoplastycznej gumy TPR, jest nie tylko wytrzyma\u0142a, ale tak\u017ce stymuluje zmys\u0142y pupila i rozwija jego intelekt podczas zabawy.<\/p>\n<p>Ta <a href=\"https:\/\/shihtzu.com.pl\/sklep\/zabawki\/\">zabawka dla psa<\/a> jest prawdziwym po\u0142\u0105czeniem funkcjonalno\u015bci i rozrywki. D\u0142ugo\u015b\u0107 12 cm sprawia, \u017ce jest odpowiednia zar\u00f3wno dla ma\u0142ych, jak i wi\u0119kszych ras ps\u00f3w. R\u00f3\u017cnorodno\u015b\u0107 kolor\u00f3w, kt\u00f3re s\u0105 wysy\u0142ane losowo, dodaje uroku i atrakcyjno\u015bci zabawce, co przyci\u0105ga uwag\u0119 psa i zach\u0119ca do interakcji.<\/p>\n<p>Hantelek Trixie to nie tylko zabawka, to tak\u017ce inteligentne narz\u0119dzie do treningu i rozwoju umiej\u0119tno\u015bci psa. Po nape\u0142nieniu przysmakami zapewnia psu zaj\u0119cie na d\u0142ugie godziny. To doskona\u0142y spos\u00f3b na stymulowanie intelektu zwierzaka i zach\u0119canie go do rozwi\u0105zywania prostych zada\u0144.<\/p>\n<p>Zabawka wyposa\u017cona jest w wypustki, kt\u00f3re pe\u0142ni\u0105 funkcj\u0119 masa\u017cu dzi\u0105se\u0142. Dzi\u0119ki nim, Tw\u00f3j pies mo\u017ce dba\u0107 o zdrowie swojej jamy ustnej podczas zabawy, co przeciwdzia\u0142a osadzaniu si\u0119 kamienia naz\u0119bnego i wspiera higien\u0119 jamy ustnej.<\/p>\n<p>Hantelek Trixie jest r\u00f3wnie\u017c bardzo wytrzyma\u0142y, co sprawia, \u017ce mo\u017ce by\u0107 u\u017cywany przez d\u0142ugi czas. Nie musisz martwi\u0107 si\u0119 o uszkodzenia czy zniszczenia, poniewa\u017c ta zabawka jest stworzona, aby przetrwa\u0107 intensywn\u0105 zabaw\u0119 Twojego psa.<\/p>\n<p>Podsumowuj\u0105c, Hantelek na przysmaki Trixie to zabawka, kt\u00f3ra bawi, stymuluje i piel\u0119gnuje zdrowie Twojego psa. Daj swojemu zwierzakowi inteligentn\u0105 rozrywk\u0119 i wspieraj jego rozw\u00f3j podczas zabawy z t\u0105 innowacyjn\u0105 zabawk\u0105.<\/p>\n","protected":false},"excerpt":{"rendered":"<p>Hantelek na przysmaki Trixie to wi\u0119cej ni\u017c tylko zabawka. To narz\u0119dzie, kt\u00f3re anga\u017cuje umys\u0142, stymuluje zmys\u0142y i wspiera zdrowie jamy ustnej Twojego psa. Niech Tw\u00f3j pies czerpie rado\u015b\u0107 z rozrywki i jednocze\u015bnie dbaj o jego zdrowie podczas zabawy. Hantelek Trixie to inteligentna zabawa, kt\u00f3ra przynosi wiele satysfakcji zar\u00f3wno Tobie, jak i Twojemu pupilkowi.<\/p>\n","protected":false},"featured_media":484,"comment_status":"open","ping_status":"closed","template":"","meta":[],"product_cat":[37],"product_tag":[],"yoast_head":"<!-- This site is optimized with the Yoast SEO plugin v22.0 - https:\/\/yoast.com\/wordpress\/plugins\/seo\/ -->\n<title>Hantelek na przysmaki Trixie 12cm<\/title>\n<meta name=\"description\" content=\"Hantelek na przysmaki Trixie to wi\u0119cej ni\u017c tylko zabawka. To narz\u0119dzie, kt\u00f3re anga\u017cuje umys\u0142, stymuluje zmys\u0142y i wspiera zdrowie jamy ustnej Twojego psa.\" \/>\n<meta name=\"robots\" content=\"index, follow, max-snippet:-1, max-image-preview:large, max-video-preview:-1\" \/>\n<link rel=\"canonical\" href=\"https:\/\/shihtzu.com.pl\/sklep\/produkt\/hantelek-na-przysmaki-12cm\/\" \/>\n<meta property=\"og:locale\" content=\"pl_PL\" \/>\n<meta property=\"og:type\" content=\"article\" \/>\n<meta property=\"og:title\" content=\"Hantelek na przysmaki Trixie 12cm\" \/>\n<meta property=\"og:description\" content=\"Hantelek na przysmaki Trixie to wi\u0119cej ni\u017c tylko zabawka. To narz\u0119dzie, kt\u00f3re anga\u017cuje umys\u0142, stymuluje zmys\u0142y i wspiera zdrowie jamy ustnej Twojego psa.\" \/>\n<meta property=\"og:url\" content=\"https:\/\/shihtzu.com.pl\/sklep\/produkt\/hantelek-na-przysmaki-12cm\/\" \/>\n<meta property=\"og:site_name\" content=\"Sklep z artyku\u0142ami dla ps\u00f3w shihtzu.com.pl\" \/>\n<meta property=\"article:publisher\" content=\"https:\/\/www.facebook.com\/Shihtzucompl\/\" \/>\n<meta property=\"article:modified_time\" content=\"2023-11-29T00:21:40+00:00\" \/>\n<meta property=\"og:image\" content=\"https:\/\/shihtzu.com.pl\/sklep\/wp-content\/uploads\/2019\/04\/Trixie-Hantelek-na-przysmaki-12cm.1-Kopia.jpg\" \/>\n\t<meta property=\"og:image:width\" content=\"600\" \/>\n\t<meta property=\"og:image:height\" content=\"600\" \/>\n\t<meta property=\"og:image:type\" content=\"image\/jpeg\" \/>\n<meta name=\"twitter:card\" content=\"summary_large_image\" \/>\n<meta name=\"twitter:label1\" content=\"Szacowany czas czytania\" \/>\n\t<meta name=\"twitter:data1\" content=\"2 minuty\" \/>\n<script type=\"application\/ld+json\" class=\"yoast-schema-graph\">{\"@context\":\"https:\/\/schema.org\",\"@graph\":[{\"@type\":\"WebPage\",\"@id\":\"https:\/\/shihtzu.com.pl\/sklep\/produkt\/hantelek-na-przysmaki-12cm\/\",\"url\":\"https:\/\/shihtzu.com.pl\/sklep\/produkt\/hantelek-na-przysmaki-12cm\/\",\"name\":\"Hantelek na przysmaki Trixie 12cm\",\"isPartOf\":{\"@id\":\"https:\/\/shihtzu.com.pl\/sklep\/#website\"},\"datePublished\":\"2019-04-01T23:33:54+00:00\",\"dateModified\":\"2023-11-29T00:21:40+00:00\",\"description\":\"Hantelek na przysmaki Trixie to wi\u0119cej ni\u017c tylko zabawka. To narz\u0119dzie, kt\u00f3re anga\u017cuje umys\u0142, stymuluje zmys\u0142y i wspiera zdrowie jamy ustnej Twojego psa.\",\"breadcrumb\":{\"@id\":\"https:\/\/shihtzu.com.pl\/sklep\/produkt\/hantelek-na-przysmaki-12cm\/#breadcrumb\"},\"inLanguage\":\"pl-PL\",\"potentialAction\":[{\"@type\":\"ReadAction\",\"target\":[\"https:\/\/shihtzu.com.pl\/sklep\/produkt\/hantelek-na-przysmaki-12cm\/\"]}]},{\"@type\":\"BreadcrumbList\",\"@id\":\"https:\/\/shihtzu.com.pl\/sklep\/produkt\/hantelek-na-przysmaki-12cm\/#breadcrumb\",\"itemListElement\":[{\"@type\":\"ListItem\",\"position\":1,\"name\":\"Sklep\",\"item\":\"https:\/\/shihtzu.com.pl\/sklep\/\"},{\"@type\":\"ListItem\",\"position\":2,\"name\":\"Zabawki\",\"item\":\"https:\/\/shihtzu.com.pl\/sklep\/.\/zabawki\/\"},{\"@type\":\"ListItem\",\"position\":3,\"name\":\"Hantelek na przysmaki 12cm\"}]},{\"@type\":\"WebSite\",\"@id\":\"https:\/\/shihtzu.com.pl\/sklep\/#website\",\"url\":\"https:\/\/shihtzu.com.pl\/sklep\/\",\"name\":\"Sklep z artyku\u0142ami dla ps\u00f3w shihtzu.com.pl\",\"description\":\"Sklep specjalistyczny z artyku\u0142ami pod ras\u0119 Shih tzu. Znajdziesz tu od szampon\u00f3w przeznaczonych dla Shih tzu, przez od\u017cywki a\u017c po zabawki.\",\"publisher\":{\"@id\":\"https:\/\/shihtzu.com.pl\/sklep\/#organization\"},\"potentialAction\":[{\"@type\":\"SearchAction\",\"target\":{\"@type\":\"EntryPoint\",\"urlTemplate\":\"https:\/\/shihtzu.com.pl\/sklep\/?s={search_term_string}\"},\"query-input\":\"required name=search_term_string\"}],\"inLanguage\":\"pl-PL\"},{\"@type\":\"Organization\",\"@id\":\"https:\/\/shihtzu.com.pl\/sklep\/#organization\",\"name\":\"Sklep z artyku\u0142ami dla ps\u00f3w shihtzu.com.pl\",\"url\":\"https:\/\/shihtzu.com.pl\/sklep\/\",\"logo\":{\"@type\":\"ImageObject\",\"inLanguage\":\"pl-PL\",\"@id\":\"https:\/\/shihtzu.com.pl\/sklep\/#\/schema\/logo\/image\/\",\"url\":\"https:\/\/shihtzu.com.pl\/sklep\/wp-content\/uploads\/2020\/10\/cropped-Sklep-dla-shih-tzu-Logo.png\",\"contentUrl\":\"https:\/\/shihtzu.com.pl\/sklep\/wp-content\/uploads\/2020\/10\/cropped-Sklep-dla-shih-tzu-Logo.png\",\"width\":2077,\"height\":519,\"caption\":\"Sklep z artyku\u0142ami dla ps\u00f3w shihtzu.com.pl\"},\"image\":{\"@id\":\"https:\/\/shihtzu.com.pl\/sklep\/#\/schema\/logo\/image\/\"},\"sameAs\":[\"https:\/\/www.facebook.com\/Shihtzucompl\/\",\"https:\/\/www.linkedin.com\/company\/shih-tzu-sklep\/\"]}]}<\/script>\n<!-- \/ Yoast SEO plugin. -->","yoast_head_json":{"title":"Hantelek na przysmaki Trixie 12cm","description":"Hantelek na przysmaki Trixie to wi\u0119cej ni\u017c tylko zabawka. To narz\u0119dzie, kt\u00f3re anga\u017cuje umys\u0142, stymuluje zmys\u0142y i wspiera zdrowie jamy ustnej Twojego psa.","robots":{"index":"index","follow":"follow","max-snippet":"max-snippet:-1","max-image-preview":"max-image-preview:large","max-video-preview":"max-video-preview:-1"},"canonical":"https:\/\/shihtzu.com.pl\/sklep\/produkt\/hantelek-na-przysmaki-12cm\/","og_locale":"pl_PL","og_type":"article","og_title":"Hantelek na przysmaki Trixie 12cm","og_description":"Hantelek na przysmaki Trixie to wi\u0119cej ni\u017c tylko zabawka. To narz\u0119dzie, kt\u00f3re anga\u017cuje umys\u0142, stymuluje zmys\u0142y i wspiera zdrowie jamy ustnej Twojego psa.","og_url":"https:\/\/shihtzu.com.pl\/sklep\/produkt\/hantelek-na-przysmaki-12cm\/","og_site_name":"Sklep z artyku\u0142ami dla ps\u00f3w shihtzu.com.pl","article_publisher":"https:\/\/www.facebook.com\/Shihtzucompl\/","article_modified_time":"2023-11-29T00:21:40+00:00","og_image":[{"width":600,"height":600,"url":"https:\/\/shihtzu.com.pl\/sklep\/wp-content\/uploads\/2019\/04\/Trixie-Hantelek-na-przysmaki-12cm.1-Kopia.jpg","type":"image\/jpeg"}],"twitter_card":"summary_large_image","twitter_misc":{"Szacowany czas czytania":"2 minuty"},"schema":{"@context":"https:\/\/schema.org","@graph":[{"@type":"WebPage","@id":"https:\/\/shihtzu.com.pl\/sklep\/produkt\/hantelek-na-przysmaki-12cm\/","url":"https:\/\/shihtzu.com.pl\/sklep\/produkt\/hantelek-na-przysmaki-12cm\/","name":"Hantelek na przysmaki Trixie 12cm","isPartOf":{"@id":"https:\/\/shihtzu.com.pl\/sklep\/#website"},"datePublished":"2019-04-01T23:33:54+00:00","dateModified":"2023-11-29T00:21:40+00:00","description":"Hantelek na przysmaki Trixie to wi\u0119cej ni\u017c tylko zabawka. To narz\u0119dzie, kt\u00f3re anga\u017cuje umys\u0142, stymuluje zmys\u0142y i wspiera zdrowie jamy ustnej Twojego psa.","breadcrumb":{"@id":"https:\/\/shihtzu.com.pl\/sklep\/produkt\/hantelek-na-przysmaki-12cm\/#breadcrumb"},"inLanguage":"pl-PL","potentialAction":[{"@type":"ReadAction","target":["https:\/\/shihtzu.com.pl\/sklep\/produkt\/hantelek-na-przysmaki-12cm\/"]}]},{"@type":"BreadcrumbList","@id":"https:\/\/shihtzu.com.pl\/sklep\/produkt\/hantelek-na-przysmaki-12cm\/#breadcrumb","itemListElement":[{"@type":"ListItem","position":1,"name":"Sklep","item":"https:\/\/shihtzu.com.pl\/sklep\/"},{"@type":"ListItem","position":2,"name":"Zabawki","item":"https:\/\/shihtzu.com.pl\/sklep\/.\/zabawki\/"},{"@type":"ListItem","position":3,"name":"Hantelek na przysmaki 12cm"}]},{"@type":"WebSite","@id":"https:\/\/shihtzu.com.pl\/sklep\/#website","url":"https:\/\/shihtzu.com.pl\/sklep\/","name":"Sklep z artyku\u0142ami dla ps\u00f3w shihtzu.com.pl","description":"Sklep specjalistyczny z artyku\u0142ami pod ras\u0119 Shih tzu. Znajdziesz tu od szampon\u00f3w przeznaczonych dla Shih tzu, przez od\u017cywki a\u017c po zabawki.","publisher":{"@id":"https:\/\/shihtzu.com.pl\/sklep\/#organization"},"potentialAction":[{"@type":"SearchAction","target":{"@type":"EntryPoint","urlTemplate":"https:\/\/shihtzu.com.pl\/sklep\/?s={search_term_string}"},"query-input":"required name=search_term_string"}],"inLanguage":"pl-PL"},{"@type":"Organization","@id":"https:\/\/shihtzu.com.pl\/sklep\/#organization","name":"Sklep z artyku\u0142ami dla ps\u00f3w shihtzu.com.pl","url":"https:\/\/shihtzu.com.pl\/sklep\/","logo":{"@type":"ImageObject","inLanguage":"pl-PL","@id":"https:\/\/shihtzu.com.pl\/sklep\/#\/schema\/logo\/image\/","url":"https:\/\/shihtzu.com.pl\/sklep\/wp-content\/uploads\/2020\/10\/cropped-Sklep-dla-shih-tzu-Logo.png","contentUrl":"https:\/\/shihtzu.com.pl\/sklep\/wp-content\/uploads\/2020\/10\/cropped-Sklep-dla-shih-tzu-Logo.png","width":2077,"height":519,"caption":"Sklep z artyku\u0142ami dla ps\u00f3w shihtzu.com.pl"},"image":{"@id":"https:\/\/shihtzu.com.pl\/sklep\/#\/schema\/logo\/image\/"},"sameAs":["https:\/\/www.facebook.com\/Shihtzucompl\/","https:\/\/www.linkedin.com\/company\/shih-tzu-sklep\/"]}]}},"_links":{"self":[{"href":"https:\/\/shihtzu.com.pl\/sklep\/wp-json\/wp\/v2\/product\/476"}],"collection":[{"href":"https:\/\/shihtzu.com.pl\/sklep\/wp-json\/wp\/v2\/product"}],"about":[{"href":"https:\/\/shihtzu.com.pl\/sklep\/wp-json\/wp\/v2\/types\/product"}],"replies":[{"embeddable":true,"href":"https:\/\/shihtzu.com.pl\/sklep\/wp-json\/wp\/v2\/comments?post=476"}],"wp:featuredmedia":[{"embeddable":true,"href":"https:\/\/shihtzu.com.pl\/sklep\/wp-json\/wp\/v2\/media\/484"}],"wp:attachment":[{"href":"https:\/\/shihtzu.com.pl\/sklep\/wp-json\/wp\/v2\/media?parent=476"}],"wp:term":[{"taxonomy":"product_cat","embeddable":true,"href":"https:\/\/shihtzu.com.pl\/sklep\/wp-json\/wp\/v2\/product_cat?post=476"},{"taxonomy":"product_tag","embeddable":true,"href":"https:\/\/shihtzu.com.pl\/sklep\/wp-json\/wp\/v2\/product_tag?post=476"}],"curies":[{"name":"wp","href":"https:\/\/api.w.org\/{rel}","templated":true}]}}