{"id":471,"date":"2019-04-02T01:19:57","date_gmt":"2019-04-01T23:19:57","guid":{"rendered":"https:\/\/shihtzu.com.pl\/sklep\/?post_type=product&#038;p=471"},"modified":"2023-11-29T01:51:29","modified_gmt":"2023-11-29T00:51:29","slug":"sznur-bawelniany","status":"publish","type":"product","link":"https:\/\/shihtzu.com.pl\/sklep\/produkt\/sznur-bawelniany\/","title":{"rendered":"Sznur bawe\u0142niany Trixie"},"content":{"rendered":"<p>Sznur bawe\u0142niany Trixie to niezast\u0105piona zabawka dla Twojego psa, kt\u00f3ra dostarcza nie tylko rozrywki, ale tak\u017ce wspiera zdrowie jego jamy ustnej. Ta kolorowa, pleciona <a href=\"https:\/\/shihtzu.com.pl\/sklep\/zabawki\/\">zabawka dla psa<\/a> wykonana jest z wytrzyma\u0142ego sznura, co czyni j\u0105 nieodzownym elementem aktywno\u015bci Twojego pupila.<\/p>\n<p>Zabawka ta to idealny spos\u00f3b na zaspokojenie potrzeb ruchu i zabawy Twojego psa. Wykonana z plecionego sznura, jest niezwykle wytrzyma\u0142a, co sprawia, \u017ce mo\u017ce towarzyszy\u0107 Twojemu zwierzakowi przez wiele godzin zabawy. Bez wzgl\u0119du na wiek czy wielko\u015b\u0107 psa, sznur bawe\u0142niany <a href=\"https:\/\/shihtzu.com.pl\/sklep\/product_brand\/trixie\/\">Trixie<\/a> dostarcza rozrywki ka\u017cdemu czworonogowi.<\/p>\n<p>Jednak to nie wszystko, co ta zabawka ma do zaoferowania. Sznur bawe\u0142niany posiada nie tylko funkcj\u0119 zabawki, ale tak\u017ce wspomaga utrzymanie higieny jamy ustnej psa. Bawe\u0142niane w\u0142\u00f3kna, z kt\u00f3rych jest wykonany, dzia\u0142aj\u0105 jak naturalna szczoteczka do z\u0119b\u00f3w, czyszcz\u0105c z\u0119by i masuj\u0105c dzi\u0105s\u0142a podczas zabawy. Dzi\u0119ki temu, zabawka przeciwdzia\u0142a osadzaniu si\u0119 kamienia naz\u0119bnego i zapobiega zapaleniu dzi\u0105se\u0142, wspieraj\u0105c zdrowie jamy ustnej pupila.<\/p>\n<p>Sznur bawe\u0142niany Trixie to r\u00f3wnie\u017c zabawka, kt\u00f3ra promuje interakcj\u0119 mi\u0119dzy psem a jego w\u0142a\u015bcicielem. Doskona\u0142y do wsp\u00f3lnych zabaw, jak r\u00f3wnie\u017c do umilenia czasu sp\u0119dzanego przez psa w oczekiwaniu na powr\u00f3t opiekuna. Mo\u017cesz u\u017cywa\u0107 go do wsp\u00f3lnego przeci\u0105gania, szarpania czy aportowania.<\/p>\n<p>Specjalny splot i naturalny materia\u0142 sprawiaj\u0105, \u017ce sznur bawe\u0142niany ma w\u0142a\u015bciwo\u015bci oczyszczaj\u0105ce z\u0119by psa z osadu, co poza zapobieganiem powstawaniu kamienia naz\u0119bnego, pomaga tak\u017ce w utrzymaniu \u015bwie\u017cego oddechu.<\/p>\n<p>Podsumowuj\u0105c, sznur bawe\u0142niany Trixie to nie tylko zabawka, to narz\u0119dzie do zabawy, kt\u00f3re dostarcza rozrywki i dba o zdrowie jamy ustnej Twojego psa. Ciesz si\u0119 chwilami aktywnej zabawy i zdrowymi z\u0119bami swojego czworonoga dzi\u0119ki tej wyj\u0105tkowej zabawce.<\/p>\n","protected":false},"excerpt":{"rendered":"<p>Sznur bawe\u0142niany Trixie to niezwyk\u0142a zabawka, kt\u00f3ra sprawia, \u017ce zabawa staje si\u0119 przyjemno\u015bci\u0105 i po\u017cytkiem dla Twojego psa. Wytrzyma\u0142y materia\u0142, kolorowa forma i w\u0142a\u015bciwo\u015bci oczyszczaj\u0105ce czyni\u0105 go nieodzownym elementem aktywno\u015bci pupila. Dbaj o zdrowie jamy ustnej swojego psa podczas wsp\u00f3lnych zabaw i ciesz si\u0119 u\u015bmiechem na jego pyszczku. Sznur bawe\u0142niany Trixie to wi\u0119cej ni\u017c zabawka &#8211; to przyja\u017a\u0144 i aktywna rozrywka w jednym.<\/p>\n","protected":false},"featured_media":830,"comment_status":"open","ping_status":"closed","template":"","meta":[],"product_cat":[37],"product_tag":[],"yoast_head":"<!-- This site is optimized with the Yoast SEO plugin v22.0 - https:\/\/yoast.com\/wordpress\/plugins\/seo\/ -->\n<title>Sznur bawe\u0142niany Trixie<\/title>\n<meta name=\"description\" content=\"Sznur bawe\u0142niany Trixie to niezwyk\u0142a zabawka, kt\u00f3ra sprawia, \u017ce zabawa staje si\u0119 przyjemno\u015bci\u0105 i po\u017cytkiem dla Twojego psa.\" \/>\n<meta name=\"robots\" content=\"index, follow, max-snippet:-1, max-image-preview:large, max-video-preview:-1\" \/>\n<link rel=\"canonical\" href=\"https:\/\/shihtzu.com.pl\/sklep\/produkt\/sznur-bawelniany\/\" \/>\n<meta property=\"og:locale\" content=\"pl_PL\" \/>\n<meta property=\"og:type\" content=\"article\" \/>\n<meta property=\"og:title\" content=\"Sznur bawe\u0142niany Trixie\" \/>\n<meta property=\"og:description\" content=\"Sznur bawe\u0142niany Trixie to niezwyk\u0142a zabawka, kt\u00f3ra sprawia, \u017ce zabawa staje si\u0119 przyjemno\u015bci\u0105 i po\u017cytkiem dla Twojego psa.\" \/>\n<meta property=\"og:url\" content=\"https:\/\/shihtzu.com.pl\/sklep\/produkt\/sznur-bawelniany\/\" \/>\n<meta property=\"og:site_name\" content=\"Sklep z artyku\u0142ami dla ps\u00f3w shihtzu.com.pl\" \/>\n<meta property=\"article:publisher\" content=\"https:\/\/www.facebook.com\/Shihtzucompl\/\" \/>\n<meta property=\"article:modified_time\" content=\"2023-11-29T00:51:29+00:00\" \/>\n<meta property=\"og:image\" content=\"https:\/\/shihtzu.com.pl\/sklep\/wp-content\/uploads\/2019\/04\/sznurek-bawelniany-szarpaczka-dla-psa-20-cm.jpg\" \/>\n\t<meta property=\"og:image:width\" content=\"555\" \/>\n\t<meta property=\"og:image:height\" content=\"410\" \/>\n\t<meta property=\"og:image:type\" content=\"image\/jpeg\" \/>\n<meta name=\"twitter:card\" content=\"summary_large_image\" \/>\n<meta name=\"twitter:label1\" content=\"Szacowany czas czytania\" \/>\n\t<meta name=\"twitter:data1\" content=\"2 minuty\" \/>\n<script type=\"application\/ld+json\" class=\"yoast-schema-graph\">{\"@context\":\"https:\/\/schema.org\",\"@graph\":[{\"@type\":\"WebPage\",\"@id\":\"https:\/\/shihtzu.com.pl\/sklep\/produkt\/sznur-bawelniany\/\",\"url\":\"https:\/\/shihtzu.com.pl\/sklep\/produkt\/sznur-bawelniany\/\",\"name\":\"Sznur bawe\u0142niany Trixie\",\"isPartOf\":{\"@id\":\"https:\/\/shihtzu.com.pl\/sklep\/#website\"},\"datePublished\":\"2019-04-01T23:19:57+00:00\",\"dateModified\":\"2023-11-29T00:51:29+00:00\",\"description\":\"Sznur bawe\u0142niany Trixie to niezwyk\u0142a zabawka, kt\u00f3ra sprawia, \u017ce zabawa staje si\u0119 przyjemno\u015bci\u0105 i po\u017cytkiem dla Twojego psa.\",\"breadcrumb\":{\"@id\":\"https:\/\/shihtzu.com.pl\/sklep\/produkt\/sznur-bawelniany\/#breadcrumb\"},\"inLanguage\":\"pl-PL\",\"potentialAction\":[{\"@type\":\"ReadAction\",\"target\":[\"https:\/\/shihtzu.com.pl\/sklep\/produkt\/sznur-bawelniany\/\"]}]},{\"@type\":\"BreadcrumbList\",\"@id\":\"https:\/\/shihtzu.com.pl\/sklep\/produkt\/sznur-bawelniany\/#breadcrumb\",\"itemListElement\":[{\"@type\":\"ListItem\",\"position\":1,\"name\":\"Sklep\",\"item\":\"https:\/\/shihtzu.com.pl\/sklep\/\"},{\"@type\":\"ListItem\",\"position\":2,\"name\":\"Zabawki\",\"item\":\"https:\/\/shihtzu.com.pl\/sklep\/.\/zabawki\/\"},{\"@type\":\"ListItem\",\"position\":3,\"name\":\"Sznur bawe\u0142niany Trixie\"}]},{\"@type\":\"WebSite\",\"@id\":\"https:\/\/shihtzu.com.pl\/sklep\/#website\",\"url\":\"https:\/\/shihtzu.com.pl\/sklep\/\",\"name\":\"Sklep z artyku\u0142ami dla ps\u00f3w shihtzu.com.pl\",\"description\":\"Sklep specjalistyczny z artyku\u0142ami pod ras\u0119 Shih tzu. Znajdziesz tu od szampon\u00f3w przeznaczonych dla Shih tzu, przez od\u017cywki a\u017c po zabawki.\",\"publisher\":{\"@id\":\"https:\/\/shihtzu.com.pl\/sklep\/#organization\"},\"potentialAction\":[{\"@type\":\"SearchAction\",\"target\":{\"@type\":\"EntryPoint\",\"urlTemplate\":\"https:\/\/shihtzu.com.pl\/sklep\/?s={search_term_string}\"},\"query-input\":\"required name=search_term_string\"}],\"inLanguage\":\"pl-PL\"},{\"@type\":\"Organization\",\"@id\":\"https:\/\/shihtzu.com.pl\/sklep\/#organization\",\"name\":\"Sklep z artyku\u0142ami dla ps\u00f3w shihtzu.com.pl\",\"url\":\"https:\/\/shihtzu.com.pl\/sklep\/\",\"logo\":{\"@type\":\"ImageObject\",\"inLanguage\":\"pl-PL\",\"@id\":\"https:\/\/shihtzu.com.pl\/sklep\/#\/schema\/logo\/image\/\",\"url\":\"https:\/\/shihtzu.com.pl\/sklep\/wp-content\/uploads\/2020\/10\/cropped-Sklep-dla-shih-tzu-Logo.png\",\"contentUrl\":\"https:\/\/shihtzu.com.pl\/sklep\/wp-content\/uploads\/2020\/10\/cropped-Sklep-dla-shih-tzu-Logo.png\",\"width\":2077,\"height\":519,\"caption\":\"Sklep z artyku\u0142ami dla ps\u00f3w shihtzu.com.pl\"},\"image\":{\"@id\":\"https:\/\/shihtzu.com.pl\/sklep\/#\/schema\/logo\/image\/\"},\"sameAs\":[\"https:\/\/www.facebook.com\/Shihtzucompl\/\",\"https:\/\/www.linkedin.com\/company\/shih-tzu-sklep\/\"]}]}<\/script>\n<!-- \/ Yoast SEO plugin. -->","yoast_head_json":{"title":"Sznur bawe\u0142niany Trixie","description":"Sznur bawe\u0142niany Trixie to niezwyk\u0142a zabawka, kt\u00f3ra sprawia, \u017ce zabawa staje si\u0119 przyjemno\u015bci\u0105 i po\u017cytkiem dla Twojego psa.","robots":{"index":"index","follow":"follow","max-snippet":"max-snippet:-1","max-image-preview":"max-image-preview:large","max-video-preview":"max-video-preview:-1"},"canonical":"https:\/\/shihtzu.com.pl\/sklep\/produkt\/sznur-bawelniany\/","og_locale":"pl_PL","og_type":"article","og_title":"Sznur bawe\u0142niany Trixie","og_description":"Sznur bawe\u0142niany Trixie to niezwyk\u0142a zabawka, kt\u00f3ra sprawia, \u017ce zabawa staje si\u0119 przyjemno\u015bci\u0105 i po\u017cytkiem dla Twojego psa.","og_url":"https:\/\/shihtzu.com.pl\/sklep\/produkt\/sznur-bawelniany\/","og_site_name":"Sklep z artyku\u0142ami dla ps\u00f3w shihtzu.com.pl","article_publisher":"https:\/\/www.facebook.com\/Shihtzucompl\/","article_modified_time":"2023-11-29T00:51:29+00:00","og_image":[{"width":555,"height":410,"url":"https:\/\/shihtzu.com.pl\/sklep\/wp-content\/uploads\/2019\/04\/sznurek-bawelniany-szarpaczka-dla-psa-20-cm.jpg","type":"image\/jpeg"}],"twitter_card":"summary_large_image","twitter_misc":{"Szacowany czas czytania":"2 minuty"},"schema":{"@context":"https:\/\/schema.org","@graph":[{"@type":"WebPage","@id":"https:\/\/shihtzu.com.pl\/sklep\/produkt\/sznur-bawelniany\/","url":"https:\/\/shihtzu.com.pl\/sklep\/produkt\/sznur-bawelniany\/","name":"Sznur bawe\u0142niany Trixie","isPartOf":{"@id":"https:\/\/shihtzu.com.pl\/sklep\/#website"},"datePublished":"2019-04-01T23:19:57+00:00","dateModified":"2023-11-29T00:51:29+00:00","description":"Sznur bawe\u0142niany Trixie to niezwyk\u0142a zabawka, kt\u00f3ra sprawia, \u017ce zabawa staje si\u0119 przyjemno\u015bci\u0105 i po\u017cytkiem dla Twojego psa.","breadcrumb":{"@id":"https:\/\/shihtzu.com.pl\/sklep\/produkt\/sznur-bawelniany\/#breadcrumb"},"inLanguage":"pl-PL","potentialAction":[{"@type":"ReadAction","target":["https:\/\/shihtzu.com.pl\/sklep\/produkt\/sznur-bawelniany\/"]}]},{"@type":"BreadcrumbList","@id":"https:\/\/shihtzu.com.pl\/sklep\/produkt\/sznur-bawelniany\/#breadcrumb","itemListElement":[{"@type":"ListItem","position":1,"name":"Sklep","item":"https:\/\/shihtzu.com.pl\/sklep\/"},{"@type":"ListItem","position":2,"name":"Zabawki","item":"https:\/\/shihtzu.com.pl\/sklep\/.\/zabawki\/"},{"@type":"ListItem","position":3,"name":"Sznur bawe\u0142niany Trixie"}]},{"@type":"WebSite","@id":"https:\/\/shihtzu.com.pl\/sklep\/#website","url":"https:\/\/shihtzu.com.pl\/sklep\/","name":"Sklep z artyku\u0142ami dla ps\u00f3w shihtzu.com.pl","description":"Sklep specjalistyczny z artyku\u0142ami pod ras\u0119 Shih tzu. Znajdziesz tu od szampon\u00f3w przeznaczonych dla Shih tzu, przez od\u017cywki a\u017c po zabawki.","publisher":{"@id":"https:\/\/shihtzu.com.pl\/sklep\/#organization"},"potentialAction":[{"@type":"SearchAction","target":{"@type":"EntryPoint","urlTemplate":"https:\/\/shihtzu.com.pl\/sklep\/?s={search_term_string}"},"query-input":"required name=search_term_string"}],"inLanguage":"pl-PL"},{"@type":"Organization","@id":"https:\/\/shihtzu.com.pl\/sklep\/#organization","name":"Sklep z artyku\u0142ami dla ps\u00f3w shihtzu.com.pl","url":"https:\/\/shihtzu.com.pl\/sklep\/","logo":{"@type":"ImageObject","inLanguage":"pl-PL","@id":"https:\/\/shihtzu.com.pl\/sklep\/#\/schema\/logo\/image\/","url":"https:\/\/shihtzu.com.pl\/sklep\/wp-content\/uploads\/2020\/10\/cropped-Sklep-dla-shih-tzu-Logo.png","contentUrl":"https:\/\/shihtzu.com.pl\/sklep\/wp-content\/uploads\/2020\/10\/cropped-Sklep-dla-shih-tzu-Logo.png","width":2077,"height":519,"caption":"Sklep z artyku\u0142ami dla ps\u00f3w shihtzu.com.pl"},"image":{"@id":"https:\/\/shihtzu.com.pl\/sklep\/#\/schema\/logo\/image\/"},"sameAs":["https:\/\/www.facebook.com\/Shihtzucompl\/","https:\/\/www.linkedin.com\/company\/shih-tzu-sklep\/"]}]}},"_links":{"self":[{"href":"https:\/\/shihtzu.com.pl\/sklep\/wp-json\/wp\/v2\/product\/471"}],"collection":[{"href":"https:\/\/shihtzu.com.pl\/sklep\/wp-json\/wp\/v2\/product"}],"about":[{"href":"https:\/\/shihtzu.com.pl\/sklep\/wp-json\/wp\/v2\/types\/product"}],"replies":[{"embeddable":true,"href":"https:\/\/shihtzu.com.pl\/sklep\/wp-json\/wp\/v2\/comments?post=471"}],"wp:featuredmedia":[{"embeddable":true,"href":"https:\/\/shihtzu.com.pl\/sklep\/wp-json\/wp\/v2\/media\/830"}],"wp:attachment":[{"href":"https:\/\/shihtzu.com.pl\/sklep\/wp-json\/wp\/v2\/media?parent=471"}],"wp:term":[{"taxonomy":"product_cat","embeddable":true,"href":"https:\/\/shihtzu.com.pl\/sklep\/wp-json\/wp\/v2\/product_cat?post=471"},{"taxonomy":"product_tag","embeddable":true,"href":"https:\/\/shihtzu.com.pl\/sklep\/wp-json\/wp\/v2\/product_tag?post=471"}],"curies":[{"name":"wp","href":"https:\/\/api.w.org\/{rel}","templated":true}]}}