{"id":460,"date":"2019-03-30T21:44:59","date_gmt":"2019-03-30T20:44:59","guid":{"rendered":"https:\/\/shihtzu.com.pl\/sklep\/?post_type=product&#038;p=460"},"modified":"2023-12-17T15:07:31","modified_gmt":"2023-12-17T14:07:31","slug":"1-all-systems-botanical-odzywka-250ml","status":"publish","type":"product","link":"https:\/\/shihtzu.com.pl\/sklep\/produkt\/1-all-systems-botanical-odzywka-250ml\/","title":{"rendered":"1 All Systems Botanical od\u017cywka 250ml"},"content":{"rendered":"<p><strong>#1 ALL SYSTEMS Botanical Conditioner<\/strong><\/p>\n<ul>\n<li>Delikatna od\u017cywka na bazie ekstrakt\u00f3w ro\u015blinnych dla w\u0142os\u00f3w trudnych, z du\u017c\u0105 ilo\u015bci\u0105 podszerstka, watowatych<\/li>\n<\/ul>\n<p><strong>#1 ALL SYSTEMS Botanical Conditioner<\/strong>\u00a0to od\u017cywka nowej generacji. Naturalnymi jej sk\u0142adnikami s\u0105 ro\u015blinne wyci\u0105gi z marchwi i pestek wi\u00adno\u00adgron, kt\u00f3re doskonale wp\u0142ywaj\u0105ce na kondycj\u0119, struktur\u0119 i po\u0142ysk szaty.<\/p>\n<p><strong># 1 ALL SYSTEMS Botanical Conditioner<\/strong>\u00a0jest stosowany przy w\u0142osach bardzo trudnych do utrzymania w kondycji. Nie wyd\u0142u\u017ca czasu suszenia w\u0142osa.<\/p>\n<ul>\n<li>Koncentrat rozcie\u0144czany 1:40 do 1:70.<\/li>\n<\/ul>\n<p><strong>Spos\u00f3b u\u017cycia:<\/strong><\/p>\n<p>Od\u017cywk\u0119 stosowa\u0107 po wyk\u0105paniu psa we w\u0142a\u015bciwym sza\u00adm\u00ad\u00adpo\u00adnie z linii\u00a0\u00a0 # 1 ALL SYSTEMS. Wymiesza\u0107 1-2 \u0142y\u017cki sto\u0142. od\u017cywki z 1 l cie\u00adp\u0142ej wody dla ps\u00f3w o niezbyt obfitym podszerstku, a 3-4 \u0142y\u017cki sto\u0142. dla ps\u00f3w o trudniejszej sza\u00adcie. Zmoczy\u0107 dok\u0142adnie w\u0142osy i pozostawi\u0107 na nich od\u00ad\u00ad\u017cywk\u0119 przez 60-90 sekund, a nast\u0119pnie sp\u0142uka\u0107. Cz\u0119\u015b\u0107 od\u017cywki mo\u017cna po\u00adzostawi\u0107 na w\u0142osach, ale tak aby by\u0142y one jedynie \u015bliskie a nie klei\u0142y si\u0119. Wysuszy\u0107 i rozczesa\u0107 w\u0142osy. Je\u015bli to potrzebne przed suszeniem delikatnie rozdzieli\u0107 zbity w\u0142os i ko\u0142tuny. Nale\u017cy pami\u0119\u00adta\u0107 aby suszy\u0107 i czesa\u0107 w\u0142osy od ich nasady w kierunku ko\u0144c\u00f3w.<\/p>\n<p>U ps\u00f3w, kt\u00f3rych w\u0142os mi\u0119dzy wystawami jest regularnie nat\u0142uszczany, dla uzyskania najlepszego efektu, po k\u0105pieli, a przed u\u017cyciem od\u017cywki, zastosowa\u0107\u00a0 # 1 ALL SYSTEMS Product Stabilizer, Coat Retexturizer &amp; Skin Refresher. Jest to szczeg\u00f3lnie wa\u017cne gdy w\u0142os jest bardzo delikatny, bardzo cienki czy \u201ewatowaty\u201d.<\/p>\n","protected":false},"excerpt":{"rendered":"<p>Delikatna od\u017cywka na bazie ekstrakt\u00f3w ro\u015blinnych dla w\u0142os\u00f3w trudnych, z du\u017c\u0105 ilo\u015bci\u0105 podszerstka, watowatych. <strong>1 ALL SYSTEMS Botanical Conditioner<\/strong>\u00a0to od\u017cywka nowej generacji. Naturalnymi jej sk\u0142adnikami s\u0105 ro\u015blinne wyci\u0105gi z marchwi i pestek wi\u00adno\u00adgron, kt\u00f3re doskonale wp\u0142ywaj\u0105ce na kondycj\u0119, struktur\u0119 i po\u0142ysk szaty.<\/p>\n","protected":false},"featured_media":461,"comment_status":"open","ping_status":"closed","template":"","meta":[],"product_cat":[48],"product_tag":[],"yoast_head":"<!-- This site is optimized with the Yoast SEO plugin v22.0 - https:\/\/yoast.com\/wordpress\/plugins\/seo\/ -->\n<title>1 All Systems Botanical od\u017cywka 250ml - Sklep z artyku\u0142ami dla ps\u00f3w shihtzu.com.pl<\/title>\n<meta name=\"robots\" content=\"index, follow, max-snippet:-1, max-image-preview:large, max-video-preview:-1\" \/>\n<link rel=\"canonical\" href=\"https:\/\/shihtzu.com.pl\/sklep\/produkt\/1-all-systems-botanical-odzywka-250ml\/\" \/>\n<meta property=\"og:locale\" content=\"pl_PL\" \/>\n<meta property=\"og:type\" content=\"article\" \/>\n<meta property=\"og:title\" content=\"1 All Systems Botanical od\u017cywka 250ml - Sklep z artyku\u0142ami dla ps\u00f3w shihtzu.com.pl\" \/>\n<meta property=\"og:description\" content=\"Delikatna od\u017cywka na bazie ekstrakt\u00f3w ro\u015blinnych dla w\u0142os\u00f3w trudnych, z du\u017c\u0105 ilo\u015bci\u0105 podszerstka, watowatych. 1 ALL SYSTEMS Botanical Conditioner\u00a0to od\u017cywka nowej generacji. Naturalnymi jej sk\u0142adnikami s\u0105 ro\u015blinne wyci\u0105gi z marchwi i pestek wi\u00adno\u00adgron, kt\u00f3re doskonale wp\u0142ywaj\u0105ce na kondycj\u0119, struktur\u0119 i po\u0142ysk szaty.\" \/>\n<meta property=\"og:url\" content=\"https:\/\/shihtzu.com.pl\/sklep\/produkt\/1-all-systems-botanical-odzywka-250ml\/\" \/>\n<meta property=\"og:site_name\" content=\"Sklep z artyku\u0142ami dla ps\u00f3w shihtzu.com.pl\" \/>\n<meta property=\"article:publisher\" content=\"https:\/\/www.facebook.com\/Shihtzucompl\/\" \/>\n<meta property=\"article:modified_time\" content=\"2023-12-17T14:07:31+00:00\" \/>\n<meta property=\"og:image\" content=\"https:\/\/shihtzu.com.pl\/sklep\/wp-content\/uploads\/2019\/03\/1-ALL-SYSTEMS-Botanical-Conditioner.jpg\" \/>\n\t<meta property=\"og:image:width\" content=\"500\" \/>\n\t<meta property=\"og:image:height\" content=\"500\" \/>\n\t<meta property=\"og:image:type\" content=\"image\/jpeg\" \/>\n<meta name=\"twitter:card\" content=\"summary_large_image\" \/>\n<meta name=\"twitter:label1\" content=\"Szacowany czas czytania\" \/>\n\t<meta name=\"twitter:data1\" content=\"2 minuty\" \/>\n<script type=\"application\/ld+json\" class=\"yoast-schema-graph\">{\"@context\":\"https:\/\/schema.org\",\"@graph\":[{\"@type\":\"WebPage\",\"@id\":\"https:\/\/shihtzu.com.pl\/sklep\/produkt\/1-all-systems-botanical-odzywka-250ml\/\",\"url\":\"https:\/\/shihtzu.com.pl\/sklep\/produkt\/1-all-systems-botanical-odzywka-250ml\/\",\"name\":\"1 All Systems Botanical od\u017cywka 250ml - Sklep z artyku\u0142ami dla ps\u00f3w shihtzu.com.pl\",\"isPartOf\":{\"@id\":\"https:\/\/shihtzu.com.pl\/sklep\/#website\"},\"datePublished\":\"2019-03-30T20:44:59+00:00\",\"dateModified\":\"2023-12-17T14:07:31+00:00\",\"breadcrumb\":{\"@id\":\"https:\/\/shihtzu.com.pl\/sklep\/produkt\/1-all-systems-botanical-odzywka-250ml\/#breadcrumb\"},\"inLanguage\":\"pl-PL\",\"potentialAction\":[{\"@type\":\"ReadAction\",\"target\":[\"https:\/\/shihtzu.com.pl\/sklep\/produkt\/1-all-systems-botanical-odzywka-250ml\/\"]}]},{\"@type\":\"BreadcrumbList\",\"@id\":\"https:\/\/shihtzu.com.pl\/sklep\/produkt\/1-all-systems-botanical-odzywka-250ml\/#breadcrumb\",\"itemListElement\":[{\"@type\":\"ListItem\",\"position\":1,\"name\":\"Sklep\",\"item\":\"https:\/\/shihtzu.com.pl\/sklep\/\"},{\"@type\":\"ListItem\",\"position\":2,\"name\":\"Od\u017cywki\",\"item\":\"https:\/\/shihtzu.com.pl\/sklep\/.\/pielegnacja\/\"},{\"@type\":\"ListItem\",\"position\":3,\"name\":\"1 All Systems Botanical od\u017cywka 250ml\"}]},{\"@type\":\"WebSite\",\"@id\":\"https:\/\/shihtzu.com.pl\/sklep\/#website\",\"url\":\"https:\/\/shihtzu.com.pl\/sklep\/\",\"name\":\"Sklep z artyku\u0142ami dla ps\u00f3w shihtzu.com.pl\",\"description\":\"Sklep specjalistyczny z artyku\u0142ami pod ras\u0119 Shih tzu. Znajdziesz tu od szampon\u00f3w przeznaczonych dla Shih tzu, przez od\u017cywki a\u017c po zabawki.\",\"publisher\":{\"@id\":\"https:\/\/shihtzu.com.pl\/sklep\/#organization\"},\"potentialAction\":[{\"@type\":\"SearchAction\",\"target\":{\"@type\":\"EntryPoint\",\"urlTemplate\":\"https:\/\/shihtzu.com.pl\/sklep\/?s={search_term_string}\"},\"query-input\":\"required name=search_term_string\"}],\"inLanguage\":\"pl-PL\"},{\"@type\":\"Organization\",\"@id\":\"https:\/\/shihtzu.com.pl\/sklep\/#organization\",\"name\":\"Sklep z artyku\u0142ami dla ps\u00f3w shihtzu.com.pl\",\"url\":\"https:\/\/shihtzu.com.pl\/sklep\/\",\"logo\":{\"@type\":\"ImageObject\",\"inLanguage\":\"pl-PL\",\"@id\":\"https:\/\/shihtzu.com.pl\/sklep\/#\/schema\/logo\/image\/\",\"url\":\"https:\/\/shihtzu.com.pl\/sklep\/wp-content\/uploads\/2020\/10\/cropped-Sklep-dla-shih-tzu-Logo.png\",\"contentUrl\":\"https:\/\/shihtzu.com.pl\/sklep\/wp-content\/uploads\/2020\/10\/cropped-Sklep-dla-shih-tzu-Logo.png\",\"width\":2077,\"height\":519,\"caption\":\"Sklep z artyku\u0142ami dla ps\u00f3w shihtzu.com.pl\"},\"image\":{\"@id\":\"https:\/\/shihtzu.com.pl\/sklep\/#\/schema\/logo\/image\/\"},\"sameAs\":[\"https:\/\/www.facebook.com\/Shihtzucompl\/\",\"https:\/\/www.linkedin.com\/company\/shih-tzu-sklep\/\"]}]}<\/script>\n<!-- \/ Yoast SEO plugin. -->","yoast_head_json":{"title":"1 All Systems Botanical od\u017cywka 250ml - Sklep z artyku\u0142ami dla ps\u00f3w shihtzu.com.pl","robots":{"index":"index","follow":"follow","max-snippet":"max-snippet:-1","max-image-preview":"max-image-preview:large","max-video-preview":"max-video-preview:-1"},"canonical":"https:\/\/shihtzu.com.pl\/sklep\/produkt\/1-all-systems-botanical-odzywka-250ml\/","og_locale":"pl_PL","og_type":"article","og_title":"1 All Systems Botanical od\u017cywka 250ml - Sklep z artyku\u0142ami dla ps\u00f3w shihtzu.com.pl","og_description":"Delikatna od\u017cywka na bazie ekstrakt\u00f3w ro\u015blinnych dla w\u0142os\u00f3w trudnych, z du\u017c\u0105 ilo\u015bci\u0105 podszerstka, watowatych. 1 ALL SYSTEMS Botanical Conditioner\u00a0to od\u017cywka nowej generacji. Naturalnymi jej sk\u0142adnikami s\u0105 ro\u015blinne wyci\u0105gi z marchwi i pestek wi\u00adno\u00adgron, kt\u00f3re doskonale wp\u0142ywaj\u0105ce na kondycj\u0119, struktur\u0119 i po\u0142ysk szaty.","og_url":"https:\/\/shihtzu.com.pl\/sklep\/produkt\/1-all-systems-botanical-odzywka-250ml\/","og_site_name":"Sklep z artyku\u0142ami dla ps\u00f3w shihtzu.com.pl","article_publisher":"https:\/\/www.facebook.com\/Shihtzucompl\/","article_modified_time":"2023-12-17T14:07:31+00:00","og_image":[{"width":500,"height":500,"url":"https:\/\/shihtzu.com.pl\/sklep\/wp-content\/uploads\/2019\/03\/1-ALL-SYSTEMS-Botanical-Conditioner.jpg","type":"image\/jpeg"}],"twitter_card":"summary_large_image","twitter_misc":{"Szacowany czas czytania":"2 minuty"},"schema":{"@context":"https:\/\/schema.org","@graph":[{"@type":"WebPage","@id":"https:\/\/shihtzu.com.pl\/sklep\/produkt\/1-all-systems-botanical-odzywka-250ml\/","url":"https:\/\/shihtzu.com.pl\/sklep\/produkt\/1-all-systems-botanical-odzywka-250ml\/","name":"1 All Systems Botanical od\u017cywka 250ml - Sklep z artyku\u0142ami dla ps\u00f3w shihtzu.com.pl","isPartOf":{"@id":"https:\/\/shihtzu.com.pl\/sklep\/#website"},"datePublished":"2019-03-30T20:44:59+00:00","dateModified":"2023-12-17T14:07:31+00:00","breadcrumb":{"@id":"https:\/\/shihtzu.com.pl\/sklep\/produkt\/1-all-systems-botanical-odzywka-250ml\/#breadcrumb"},"inLanguage":"pl-PL","potentialAction":[{"@type":"ReadAction","target":["https:\/\/shihtzu.com.pl\/sklep\/produkt\/1-all-systems-botanical-odzywka-250ml\/"]}]},{"@type":"BreadcrumbList","@id":"https:\/\/shihtzu.com.pl\/sklep\/produkt\/1-all-systems-botanical-odzywka-250ml\/#breadcrumb","itemListElement":[{"@type":"ListItem","position":1,"name":"Sklep","item":"https:\/\/shihtzu.com.pl\/sklep\/"},{"@type":"ListItem","position":2,"name":"Od\u017cywki","item":"https:\/\/shihtzu.com.pl\/sklep\/.\/pielegnacja\/"},{"@type":"ListItem","position":3,"name":"1 All Systems Botanical od\u017cywka 250ml"}]},{"@type":"WebSite","@id":"https:\/\/shihtzu.com.pl\/sklep\/#website","url":"https:\/\/shihtzu.com.pl\/sklep\/","name":"Sklep z artyku\u0142ami dla ps\u00f3w shihtzu.com.pl","description":"Sklep specjalistyczny z artyku\u0142ami pod ras\u0119 Shih tzu. Znajdziesz tu od szampon\u00f3w przeznaczonych dla Shih tzu, przez od\u017cywki a\u017c po zabawki.","publisher":{"@id":"https:\/\/shihtzu.com.pl\/sklep\/#organization"},"potentialAction":[{"@type":"SearchAction","target":{"@type":"EntryPoint","urlTemplate":"https:\/\/shihtzu.com.pl\/sklep\/?s={search_term_string}"},"query-input":"required name=search_term_string"}],"inLanguage":"pl-PL"},{"@type":"Organization","@id":"https:\/\/shihtzu.com.pl\/sklep\/#organization","name":"Sklep z artyku\u0142ami dla ps\u00f3w shihtzu.com.pl","url":"https:\/\/shihtzu.com.pl\/sklep\/","logo":{"@type":"ImageObject","inLanguage":"pl-PL","@id":"https:\/\/shihtzu.com.pl\/sklep\/#\/schema\/logo\/image\/","url":"https:\/\/shihtzu.com.pl\/sklep\/wp-content\/uploads\/2020\/10\/cropped-Sklep-dla-shih-tzu-Logo.png","contentUrl":"https:\/\/shihtzu.com.pl\/sklep\/wp-content\/uploads\/2020\/10\/cropped-Sklep-dla-shih-tzu-Logo.png","width":2077,"height":519,"caption":"Sklep z artyku\u0142ami dla ps\u00f3w shihtzu.com.pl"},"image":{"@id":"https:\/\/shihtzu.com.pl\/sklep\/#\/schema\/logo\/image\/"},"sameAs":["https:\/\/www.facebook.com\/Shihtzucompl\/","https:\/\/www.linkedin.com\/company\/shih-tzu-sklep\/"]}]}},"_links":{"self":[{"href":"https:\/\/shihtzu.com.pl\/sklep\/wp-json\/wp\/v2\/product\/460"}],"collection":[{"href":"https:\/\/shihtzu.com.pl\/sklep\/wp-json\/wp\/v2\/product"}],"about":[{"href":"https:\/\/shihtzu.com.pl\/sklep\/wp-json\/wp\/v2\/types\/product"}],"replies":[{"embeddable":true,"href":"https:\/\/shihtzu.com.pl\/sklep\/wp-json\/wp\/v2\/comments?post=460"}],"wp:featuredmedia":[{"embeddable":true,"href":"https:\/\/shihtzu.com.pl\/sklep\/wp-json\/wp\/v2\/media\/461"}],"wp:attachment":[{"href":"https:\/\/shihtzu.com.pl\/sklep\/wp-json\/wp\/v2\/media?parent=460"}],"wp:term":[{"taxonomy":"product_cat","embeddable":true,"href":"https:\/\/shihtzu.com.pl\/sklep\/wp-json\/wp\/v2\/product_cat?post=460"},{"taxonomy":"product_tag","embeddable":true,"href":"https:\/\/shihtzu.com.pl\/sklep\/wp-json\/wp\/v2\/product_tag?post=460"}],"curies":[{"name":"wp","href":"https:\/\/api.w.org\/{rel}","templated":true}]}}