{"id":455,"date":"2019-03-30T15:59:48","date_gmt":"2019-03-30T14:59:48","guid":{"rendered":"https:\/\/shihtzu.com.pl\/sklep\/?post_type=product&#038;p=455"},"modified":"2023-12-17T16:28:14","modified_gmt":"2023-12-17T15:28:14","slug":"taste-of-the-wild-high-prairie-puppy","status":"publish","type":"product","link":"https:\/\/shihtzu.com.pl\/sklep\/produkt\/taste-of-the-wild-high-prairie-puppy\/","title":{"rendered":"Taste of the Wild High Prairie Puppy"},"content":{"rendered":"<p><strong>Z pieczon\u0105 dziczyzn\u0105 i bizonem<\/strong><\/p>\n<ul>\n<li>Bezzbo\u017cowa<\/li>\n<li>Pieczona dziczyzna i bizon<\/li>\n<li>Optymalne aminokwasy<\/li>\n<li>Kwasy t\u0142uszczowe Omega<\/li>\n<li>Przeciwutleniacze<\/li>\n<li>DHA<\/li>\n<li>Mieszanka jag\u00f3d<\/li>\n<li>Pomidory i przecier pomidorowy<\/li>\n<li>Bez soi i kukurydzy<\/li>\n<li>Chelatowane minera\u0142y<\/li>\n<li>Wspiera uk\u0142ad trawienny<\/li>\n<\/ul>\n<p>Ta bezzbo\u017cowa formu\u0142a zapewnia wysoko strawne \u017ar\u00f3d\u0142o energii i doskona\u0142e zaspokojenie potrzeb rozwijaj\u0105cego si\u0119 szczeniaka. Karma przygotowana z prawdziwych pieczonych mi\u0119s jest smakowita jak \u017cadna inna. Warzywa i owoce dostarczaj\u0105 naturalnych przeciwutleniaczy, kt\u00f3re pomog\u0105 wspiera\u0107 zdrowy styl \u017cycia. Tw\u00f3j szczeniak pragnie smaku wolno\u015bci.<\/p>\n<p><strong>Sk\u0142ad:<\/strong><\/p>\n<p>Bizon, m\u0105czka jagni\u0119ca, s\u0142odkie ziemniaki, jaja, bia\u0142ko grochu, groch, ziemniaki, olej rzepakowy, przecier pomidorowy, pieczony jele\u0144, wo\u0142owina, nasiona lnu, b\u0142onnik ziemniaczany, m\u0105czka z ryb oceanicznych, olej z \u0142ososia (\u017ar\u00f3d\u0142o DHA), minera\u0142y, suszony korze\u0144 cykorii, ekstrakt z juki Schidigera, pomidory, bor\u00f3wka ameryka\u0144ska, maliny.<\/p>\n<p><strong>Analiza:<\/strong><\/p>\n<table cellspacing=\"3\" cellpadding=\"3\">\n<tbody>\n<tr>\n<td>bia\u0142ko<\/td>\n<td>28%<\/td>\n<\/tr>\n<tr>\n<td>t\u0142uszcz<\/td>\n<td>17%<\/td>\n<\/tr>\n<tr>\n<td>w\u0142\u00f3kno surowe<\/td>\n<td>5%<\/td>\n<\/tr>\n<tr>\n<td>popi\u00f3\u0142 surowy<\/td>\n<td>7,9%<\/td>\n<\/tr>\n<tr>\n<td>wilgotno\u015b\u0107<\/td>\n<td>10%<\/td>\n<\/tr>\n<tr>\n<td>Omega-6<\/td>\n<td>2,8%<\/td>\n<\/tr>\n<tr>\n<td>Omega-3<\/td>\n<td>0,3%<\/td>\n<\/tr>\n<tr>\n<td>DHA<\/td>\n<td>0,05%<\/td>\n<\/tr>\n<tr>\n<td>witamina A<\/td>\n<td>11 500 IU\/kg<\/td>\n<\/tr>\n<tr>\n<td>witamina D3<\/td>\n<td>865 IU\/kg<\/td>\n<\/tr>\n<tr>\n<td>witamina E<\/td>\n<td>175 IU\/kg<\/td>\n<\/tr>\n<\/tbody>\n<\/table>\n<p><strong>Dawkowanie<\/strong><\/p>\n<table border=\"1\" cellspacing=\"3\" cellpadding=\"3\">\n<tbody>\n<tr>\n<td colspan=\"1\" rowspan=\"3\"><strong>Waga szczeniaka<\/strong><\/td>\n<td colspan=\"5\" rowspan=\"1\"><strong>Wiek szczeniaka<\/strong><\/td>\n<\/tr>\n<tr>\n<td>6 &#8211; 12 tygodni<\/td>\n<td>3 &#8211; 4 miesi\u0105ce<\/td>\n<td>5 &#8211; 7 miesi\u0119cy<\/td>\n<td>8 &#8211; 12 miesi\u0119cy<\/td>\n<td>Doros\u0142y<\/td>\n<\/tr>\n<tr>\n<td colspan=\"5\" rowspan=\"1\"><strong>Dawkowanie<\/strong><\/td>\n<\/tr>\n<tr>\n<td>1 &#8211; 2,25<\/td>\n<td>100 &#8211; 133<\/td>\n<td>75 &#8211; 125<\/td>\n<td>66 &#8211; 75<\/td>\n<td>50 &#8211; 66<\/td>\n<td>33 &#8211; 50<\/td>\n<\/tr>\n<tr>\n<td>2,25 &#8211; 4,5<\/td>\n<td>133 &#8211; 225<\/td>\n<td>125 &#8211; 200<\/td>\n<td>75 &#8211; 133<\/td>\n<td>66 &#8211; 100<\/td>\n<td>50 &#8211; 100<\/td>\n<\/tr>\n<tr>\n<td>4,5 &#8211; 9<\/td>\n<td>225 &#8211; 350<\/td>\n<td>200 &#8211; 300<\/td>\n<td>133 &#8211; 225<\/td>\n<td>100 &#8211; 175<\/td>\n<td>100 &#8211; 150<\/td>\n<\/tr>\n<tr>\n<td>9 &#8211; 13,5<\/td>\n<td>350 &#8211; 466<\/td>\n<td>300 &#8211; 400<\/td>\n<td>225 &#8211; 300<\/td>\n<td>175 &#8211; 233<\/td>\n<td>150 &#8211; 200<\/td>\n<\/tr>\n<tr>\n<td>13,5 &#8211; 18<\/td>\n<td>466 &#8211; 575<\/td>\n<td>400 &#8211; 500<\/td>\n<td>300 &#8211; 366<\/td>\n<td>233 &#8211; 300<\/td>\n<td>200 &#8211; 233<\/td>\n<\/tr>\n<tr>\n<td>18 &#8211; 27<\/td>\n<td>&#8211;<\/td>\n<td>500 &#8211; 666<\/td>\n<td>366 &#8211; 475<\/td>\n<td>300 &#8211; 375<\/td>\n<td>233 &#8211; 325<\/td>\n<\/tr>\n<tr>\n<td>27 &#8211; 36<\/td>\n<td>&#8211;<\/td>\n<td>&#8211;<\/td>\n<td>475 &#8211; 575<\/td>\n<td>375 &#8211; 466<\/td>\n<td>325 &#8211; 375<\/td>\n<\/tr>\n<tr>\n<td>36 &#8211; 45<\/td>\n<td>&#8211;<\/td>\n<td>&#8211;<\/td>\n<td>575 &#8211; 675<\/td>\n<td>466 &#8211; 550<\/td>\n<td>375 &#8211; 450<\/td>\n<\/tr>\n<tr>\n<td>45 &#8211; 57<\/td>\n<td>&#8211;<\/td>\n<td>&#8211;<\/td>\n<td>675 &#8211; 800<\/td>\n<td>550 &#8211; 633<\/td>\n<td>450 &#8211; 525<\/td>\n<\/tr>\n<tr>\n<td>57 &#8211; 68<\/td>\n<td>&#8211;<\/td>\n<td>&#8211;<\/td>\n<td>&#8211;<\/td>\n<td>633 &#8211; 725<\/td>\n<td>525 &#8211; 600<\/td>\n<\/tr>\n<tr>\n<td>68 &#8211; 79<\/td>\n<td>&#8211;<\/td>\n<td>&#8211;<\/td>\n<td>&#8211;<\/td>\n<td>725 &#8211; 800<\/td>\n<td>600 &#8211; 666<\/td>\n<\/tr>\n<\/tbody>\n<\/table>\n","protected":false},"excerpt":{"rendered":"<p>Ta bezzbo\u017cowa formu\u0142a zapewnia wysoko strawne \u017ar\u00f3d\u0142o energii i doskona\u0142e zaspokojenie potrzeb rozwijaj\u0105cego si\u0119 szczeniaka. Karma przygotowana z prawdziwych pieczonych mi\u0119s jest smakowita jak \u017cadna inna. Warzywa i owoce dostarczaj\u0105 naturalnych przeciwutleniaczy, kt\u00f3re pomog\u0105 wspiera\u0107 zdrowy styl \u017cycia. Tw\u00f3j szczeniak pragnie smaku wolno\u015bci.<\/p>\n","protected":false},"featured_media":456,"comment_status":"open","ping_status":"closed","template":"","meta":[],"product_cat":[34,46],"product_tag":[],"yoast_head":"<!-- This site is optimized with the Yoast SEO plugin v22.0 - https:\/\/yoast.com\/wordpress\/plugins\/seo\/ -->\n<title>Taste of the Wild High Prairie Puppy - Sklep z artyku\u0142ami dla ps\u00f3w shihtzu.com.pl<\/title>\n<meta name=\"robots\" content=\"index, follow, max-snippet:-1, max-image-preview:large, max-video-preview:-1\" \/>\n<link rel=\"canonical\" href=\"https:\/\/shihtzu.com.pl\/sklep\/produkt\/taste-of-the-wild-high-prairie-puppy\/\" \/>\n<meta property=\"og:locale\" content=\"pl_PL\" \/>\n<meta property=\"og:type\" content=\"article\" \/>\n<meta property=\"og:title\" content=\"Taste of the Wild High Prairie Puppy\" \/>\n<meta property=\"og:description\" content=\"Opakowanie 2 kg suchej karmy Taste of the Wild High Prairie Puppy.\" \/>\n<meta property=\"og:url\" content=\"https:\/\/shihtzu.com.pl\/sklep\/produkt\/taste-of-the-wild-high-prairie-puppy\/\" \/>\n<meta property=\"og:site_name\" content=\"Sklep z artyku\u0142ami dla ps\u00f3w shihtzu.com.pl\" \/>\n<meta property=\"article:publisher\" content=\"https:\/\/www.facebook.com\/Shihtzucompl\/\" \/>\n<meta property=\"article:modified_time\" content=\"2023-12-17T15:28:14+00:00\" \/>\n<meta property=\"og:image\" content=\"https:\/\/shihtzu.com.pl\/sklep\/wp-content\/uploads\/2019\/03\/Taste-of-the-Wild.jpg\" \/>\n\t<meta property=\"og:image:width\" content=\"500\" \/>\n\t<meta property=\"og:image:height\" content=\"500\" \/>\n\t<meta property=\"og:image:type\" content=\"image\/jpeg\" \/>\n<meta name=\"twitter:card\" content=\"summary_large_image\" \/>\n<meta name=\"twitter:title\" content=\"Taste of the Wild High Prairie Puppy\" \/>\n<meta name=\"twitter:description\" content=\"Opakowanie 2 kg suchej karmy Taste of the Wild High Prairie Puppy.\" \/>\n<meta name=\"twitter:image\" content=\"https:\/\/shihtzu.com.pl\/sklep\/wp-content\/uploads\/2019\/03\/Taste-of-the-Wild.jpg\" \/>\n<meta name=\"twitter:label1\" content=\"Szacowany czas czytania\" \/>\n\t<meta name=\"twitter:data1\" content=\"2 minuty\" \/>\n<script type=\"application\/ld+json\" class=\"yoast-schema-graph\">{\"@context\":\"https:\/\/schema.org\",\"@graph\":[{\"@type\":\"WebPage\",\"@id\":\"https:\/\/shihtzu.com.pl\/sklep\/produkt\/taste-of-the-wild-high-prairie-puppy\/\",\"url\":\"https:\/\/shihtzu.com.pl\/sklep\/produkt\/taste-of-the-wild-high-prairie-puppy\/\",\"name\":\"Taste of the Wild High Prairie Puppy - Sklep z artyku\u0142ami dla ps\u00f3w shihtzu.com.pl\",\"isPartOf\":{\"@id\":\"https:\/\/shihtzu.com.pl\/sklep\/#website\"},\"datePublished\":\"2019-03-30T14:59:48+00:00\",\"dateModified\":\"2023-12-17T15:28:14+00:00\",\"breadcrumb\":{\"@id\":\"https:\/\/shihtzu.com.pl\/sklep\/produkt\/taste-of-the-wild-high-prairie-puppy\/#breadcrumb\"},\"inLanguage\":\"pl-PL\",\"potentialAction\":[{\"@type\":\"ReadAction\",\"target\":[\"https:\/\/shihtzu.com.pl\/sklep\/produkt\/taste-of-the-wild-high-prairie-puppy\/\"]}]},{\"@type\":\"BreadcrumbList\",\"@id\":\"https:\/\/shihtzu.com.pl\/sklep\/produkt\/taste-of-the-wild-high-prairie-puppy\/#breadcrumb\",\"itemListElement\":[{\"@type\":\"ListItem\",\"position\":1,\"name\":\"Sklep\",\"item\":\"https:\/\/shihtzu.com.pl\/sklep\/\"},{\"@type\":\"ListItem\",\"position\":2,\"name\":\"Sucha karma\",\"item\":\"https:\/\/shihtzu.com.pl\/sklep\/.\/sucha-karma\/\"},{\"@type\":\"ListItem\",\"position\":3,\"name\":\"Taste of the Wild High Prairie Puppy\"}]},{\"@type\":\"WebSite\",\"@id\":\"https:\/\/shihtzu.com.pl\/sklep\/#website\",\"url\":\"https:\/\/shihtzu.com.pl\/sklep\/\",\"name\":\"Sklep z artyku\u0142ami dla ps\u00f3w shihtzu.com.pl\",\"description\":\"Sklep specjalistyczny z artyku\u0142ami pod ras\u0119 Shih tzu. Znajdziesz tu od szampon\u00f3w przeznaczonych dla Shih tzu, przez od\u017cywki a\u017c po zabawki.\",\"publisher\":{\"@id\":\"https:\/\/shihtzu.com.pl\/sklep\/#organization\"},\"potentialAction\":[{\"@type\":\"SearchAction\",\"target\":{\"@type\":\"EntryPoint\",\"urlTemplate\":\"https:\/\/shihtzu.com.pl\/sklep\/?s={search_term_string}\"},\"query-input\":\"required name=search_term_string\"}],\"inLanguage\":\"pl-PL\"},{\"@type\":\"Organization\",\"@id\":\"https:\/\/shihtzu.com.pl\/sklep\/#organization\",\"name\":\"Sklep z artyku\u0142ami dla ps\u00f3w shihtzu.com.pl\",\"url\":\"https:\/\/shihtzu.com.pl\/sklep\/\",\"logo\":{\"@type\":\"ImageObject\",\"inLanguage\":\"pl-PL\",\"@id\":\"https:\/\/shihtzu.com.pl\/sklep\/#\/schema\/logo\/image\/\",\"url\":\"https:\/\/shihtzu.com.pl\/sklep\/wp-content\/uploads\/2020\/10\/cropped-Sklep-dla-shih-tzu-Logo.png\",\"contentUrl\":\"https:\/\/shihtzu.com.pl\/sklep\/wp-content\/uploads\/2020\/10\/cropped-Sklep-dla-shih-tzu-Logo.png\",\"width\":2077,\"height\":519,\"caption\":\"Sklep z artyku\u0142ami dla ps\u00f3w shihtzu.com.pl\"},\"image\":{\"@id\":\"https:\/\/shihtzu.com.pl\/sklep\/#\/schema\/logo\/image\/\"},\"sameAs\":[\"https:\/\/www.facebook.com\/Shihtzucompl\/\",\"https:\/\/www.linkedin.com\/company\/shih-tzu-sklep\/\"]}]}<\/script>\n<!-- \/ Yoast SEO plugin. -->","yoast_head_json":{"title":"Taste of the Wild High Prairie Puppy - Sklep z artyku\u0142ami dla ps\u00f3w shihtzu.com.pl","robots":{"index":"index","follow":"follow","max-snippet":"max-snippet:-1","max-image-preview":"max-image-preview:large","max-video-preview":"max-video-preview:-1"},"canonical":"https:\/\/shihtzu.com.pl\/sklep\/produkt\/taste-of-the-wild-high-prairie-puppy\/","og_locale":"pl_PL","og_type":"article","og_title":"Taste of the Wild High Prairie Puppy","og_description":"Opakowanie 2 kg suchej karmy Taste of the Wild High Prairie Puppy.","og_url":"https:\/\/shihtzu.com.pl\/sklep\/produkt\/taste-of-the-wild-high-prairie-puppy\/","og_site_name":"Sklep z artyku\u0142ami dla ps\u00f3w shihtzu.com.pl","article_publisher":"https:\/\/www.facebook.com\/Shihtzucompl\/","article_modified_time":"2023-12-17T15:28:14+00:00","og_image":[{"width":500,"height":500,"url":"https:\/\/shihtzu.com.pl\/sklep\/wp-content\/uploads\/2019\/03\/Taste-of-the-Wild.jpg","type":"image\/jpeg"}],"twitter_card":"summary_large_image","twitter_title":"Taste of the Wild High Prairie Puppy","twitter_description":"Opakowanie 2 kg suchej karmy Taste of the Wild High Prairie Puppy.","twitter_image":"https:\/\/shihtzu.com.pl\/sklep\/wp-content\/uploads\/2019\/03\/Taste-of-the-Wild.jpg","twitter_misc":{"Szacowany czas czytania":"2 minuty"},"schema":{"@context":"https:\/\/schema.org","@graph":[{"@type":"WebPage","@id":"https:\/\/shihtzu.com.pl\/sklep\/produkt\/taste-of-the-wild-high-prairie-puppy\/","url":"https:\/\/shihtzu.com.pl\/sklep\/produkt\/taste-of-the-wild-high-prairie-puppy\/","name":"Taste of the Wild High Prairie Puppy - Sklep z artyku\u0142ami dla ps\u00f3w shihtzu.com.pl","isPartOf":{"@id":"https:\/\/shihtzu.com.pl\/sklep\/#website"},"datePublished":"2019-03-30T14:59:48+00:00","dateModified":"2023-12-17T15:28:14+00:00","breadcrumb":{"@id":"https:\/\/shihtzu.com.pl\/sklep\/produkt\/taste-of-the-wild-high-prairie-puppy\/#breadcrumb"},"inLanguage":"pl-PL","potentialAction":[{"@type":"ReadAction","target":["https:\/\/shihtzu.com.pl\/sklep\/produkt\/taste-of-the-wild-high-prairie-puppy\/"]}]},{"@type":"BreadcrumbList","@id":"https:\/\/shihtzu.com.pl\/sklep\/produkt\/taste-of-the-wild-high-prairie-puppy\/#breadcrumb","itemListElement":[{"@type":"ListItem","position":1,"name":"Sklep","item":"https:\/\/shihtzu.com.pl\/sklep\/"},{"@type":"ListItem","position":2,"name":"Sucha karma","item":"https:\/\/shihtzu.com.pl\/sklep\/.\/sucha-karma\/"},{"@type":"ListItem","position":3,"name":"Taste of the Wild High Prairie Puppy"}]},{"@type":"WebSite","@id":"https:\/\/shihtzu.com.pl\/sklep\/#website","url":"https:\/\/shihtzu.com.pl\/sklep\/","name":"Sklep z artyku\u0142ami dla ps\u00f3w shihtzu.com.pl","description":"Sklep specjalistyczny z artyku\u0142ami pod ras\u0119 Shih tzu. Znajdziesz tu od szampon\u00f3w przeznaczonych dla Shih tzu, przez od\u017cywki a\u017c po zabawki.","publisher":{"@id":"https:\/\/shihtzu.com.pl\/sklep\/#organization"},"potentialAction":[{"@type":"SearchAction","target":{"@type":"EntryPoint","urlTemplate":"https:\/\/shihtzu.com.pl\/sklep\/?s={search_term_string}"},"query-input":"required name=search_term_string"}],"inLanguage":"pl-PL"},{"@type":"Organization","@id":"https:\/\/shihtzu.com.pl\/sklep\/#organization","name":"Sklep z artyku\u0142ami dla ps\u00f3w shihtzu.com.pl","url":"https:\/\/shihtzu.com.pl\/sklep\/","logo":{"@type":"ImageObject","inLanguage":"pl-PL","@id":"https:\/\/shihtzu.com.pl\/sklep\/#\/schema\/logo\/image\/","url":"https:\/\/shihtzu.com.pl\/sklep\/wp-content\/uploads\/2020\/10\/cropped-Sklep-dla-shih-tzu-Logo.png","contentUrl":"https:\/\/shihtzu.com.pl\/sklep\/wp-content\/uploads\/2020\/10\/cropped-Sklep-dla-shih-tzu-Logo.png","width":2077,"height":519,"caption":"Sklep z artyku\u0142ami dla ps\u00f3w shihtzu.com.pl"},"image":{"@id":"https:\/\/shihtzu.com.pl\/sklep\/#\/schema\/logo\/image\/"},"sameAs":["https:\/\/www.facebook.com\/Shihtzucompl\/","https:\/\/www.linkedin.com\/company\/shih-tzu-sklep\/"]}]}},"_links":{"self":[{"href":"https:\/\/shihtzu.com.pl\/sklep\/wp-json\/wp\/v2\/product\/455"}],"collection":[{"href":"https:\/\/shihtzu.com.pl\/sklep\/wp-json\/wp\/v2\/product"}],"about":[{"href":"https:\/\/shihtzu.com.pl\/sklep\/wp-json\/wp\/v2\/types\/product"}],"replies":[{"embeddable":true,"href":"https:\/\/shihtzu.com.pl\/sklep\/wp-json\/wp\/v2\/comments?post=455"}],"wp:featuredmedia":[{"embeddable":true,"href":"https:\/\/shihtzu.com.pl\/sklep\/wp-json\/wp\/v2\/media\/456"}],"wp:attachment":[{"href":"https:\/\/shihtzu.com.pl\/sklep\/wp-json\/wp\/v2\/media?parent=455"}],"wp:term":[{"taxonomy":"product_cat","embeddable":true,"href":"https:\/\/shihtzu.com.pl\/sklep\/wp-json\/wp\/v2\/product_cat?post=455"},{"taxonomy":"product_tag","embeddable":true,"href":"https:\/\/shihtzu.com.pl\/sklep\/wp-json\/wp\/v2\/product_tag?post=455"}],"curies":[{"name":"wp","href":"https:\/\/api.w.org\/{rel}","templated":true}]}}