{"id":45,"date":"2019-02-15T18:02:58","date_gmt":"2019-02-15T17:02:58","guid":{"rendered":"https:\/\/shihtzu.com.pl\/sklep\/?post_type=product&#038;p=45"},"modified":"2021-04-07T22:13:29","modified_gmt":"2021-04-07T20:13:29","slug":"chaba-kurtka-pikowana-z-odblaskiem-w-kolorze-niebieskim","status":"publish","type":"product","link":"https:\/\/shihtzu.com.pl\/sklep\/produkt\/chaba-kurtka-pikowana-z-odblaskiem-w-kolorze-niebieskim\/","title":{"rendered":"CHABA kurtka pikowana z odblaskiem w kolorze niebieskim rozmiar 2"},"content":{"rendered":"<p><strong>Chaba Kurtka pikowana\u00a0<\/strong><\/p>\n<ul>\n<li>Wykonana z impregnowanego materia\u0142u pikowanego<\/li>\n<li>Posiada elementy odblaskowe<\/li>\n<li>Mo\u017cliwo\u015b\u0107 zapi\u0119cia smyczy<\/li>\n<li>Regulacja w klatce piersiowej<\/li>\n<\/ul>\n<p>Z my\u015bl\u0105 o zdrowiu i komforcie najlepszego przyjaciela cz\u0142owieka firma Chaba stworzy\u0142a pikowane kurteczki, kt\u00f3re s\u0105 idealnym rozwi\u0105zaniem na ch\u0142odne dni. Ciep\u0142y, atestowany, bardzo wytrzyma\u0142y, wodoodporny materia\u0142 jest gwarancj\u0105 nie tylko wytrzyma\u0142o\u015bci kurtki, ale tak\u017ce zdrowia Twojego pupila. Kurtka posiada regulacj\u0119 pozwalaj\u0105c\u0105 na dopasowanie wdzianka do budowy cia\u0142a psa.<\/p>\n<p>Dodatkowym atutem jest obecno\u015b\u0107 element\u00f3w odblaskowych, kt\u00f3re s\u0105 niezast\u0105pione, gdy zapadnie zmierzch.<\/p>\n<p>Kurtka uszyta zosta\u0142a tak, aby nie ogranicza\u0107 ruch\u00f3w psa, ani nie doprowadza\u0107 do otar\u0107, czy bolesnego ci\u0105gni\u0119cia sier\u015bci. Dzi\u0119ki temu zwierzak mo\u017ce swobodnie spacerowa\u0107 i biega\u0107. Prosta do za\u0142o\u017cenia konstrukcja sprawia, \u017ce pies nie prze\u017cywa stresu podczas przygotowa\u0144 do wyj\u015bcia.<\/p>\n<p>Ca\u0142o\u015b\u0107 zosta\u0142a wyprodukowana w Polsce z najwy\u017cszej jako\u015bci materia\u0142\u00f3w. Funkcjonalny, lecz stylowy kr\u00f3j oraz r\u00f3\u017cne opcje kolorystyczne sprawiaj\u0105, \u017ce psiak b\u0119dzie nie tylko zdrowy i radosny, lecz tak\u017ce b\u0119dzie si\u0119 prezentowa\u0142 znakomicie.<\/p>\n<p>Warto pami\u0119ta\u0107, \u017ce nie ka\u017cdy pies wyposa\u017cony zosta\u0142 przez natur\u0119 w gruby podszerstek i g\u0119st\u0105 sier\u015b\u0107. Tak\u017ce o tym, \u017ce dzisiejsze czworonogi, kt\u00f3re wi\u0119kszo\u015b\u0107 czasu sp\u0119dzaj\u0105 w ciep\u0142ym i przytulnym domu, nie s\u0105 przystosowane do zimna tak dobrze, jak ich przodkowie, kt\u00f3rzy ca\u0142y sw\u00f3j psi \u017cywot sp\u0119dzali aktywnie, w ruchu, na powietrzu.<\/p>\n<p><strong>Informacje dotycz\u0105ce czyszczenia:<\/strong><\/p>\n<ul>\n<li>Nie prasowa\u0107<\/li>\n<li>Nie pra\u0107 chemicznie<\/li>\n<li>Nie suszy\u0107 w suszarce b\u0119bnowej<\/li>\n<li>Nie wirowa\u0107<\/li>\n<li>Pra\u0107 r\u0119cznie<\/li>\n<\/ul>\n<p><strong>Tabela rozmiar\u00f3w:<\/strong><\/p>\n<table cellspacing=\"3\" cellpadding=\"3\">\n<tbody>\n<tr>\n<td bgcolor=\"ffcc99\"><strong>Rozmiar<\/strong><\/td>\n<td bgcolor=\"ffcc99\"><strong>D\u0142ugo\u015b\u0107 od karku<br \/>\ndo ogona (A)\u00a0<\/strong><\/td>\n<td bgcolor=\"ffcc99\"><strong>Obw\u00f3d klatki<br \/>\npiersiowej (B)<\/strong><\/td>\n<\/tr>\n<tr>\n<td>1<\/td>\n<td>23 cm<\/td>\n<td>32 &#8211; 37 cm<\/td>\n<\/tr>\n<tr>\n<td>2<\/td>\n<td>25 cm<\/td>\n<td>37 &#8211; 42 cm<\/td>\n<\/tr>\n<\/tbody>\n<\/table>\n","protected":false},"excerpt":{"rendered":"<p>Z my\u015bl\u0105 o zdrowiu i komforcie najlepszego przyjaciela cz\u0142owieka firma Chaba stworzy\u0142a pikowane kurteczki, kt\u00f3re s\u0105 idealnym rozwi\u0105zaniem na ch\u0142odne dni. Ciep\u0142y, atestowany, bardzo wytrzyma\u0142y, wodoodporny materia\u0142 jest gwarancj\u0105 nie tylko wytrzyma\u0142o\u015bci kurtki, ale tak\u017ce zdrowia Twojego pupila. Kurtka posiada regulacj\u0119 pozwalaj\u0105c\u0105 na dopasowanie wdzianka do budowy cia\u0142a psa.<\/p>\n","protected":false},"featured_media":164,"comment_status":"open","ping_status":"closed","template":"","meta":[],"product_cat":[36],"product_tag":[],"yoast_head":"<!-- This site is optimized with the Yoast SEO plugin v22.0 - https:\/\/yoast.com\/wordpress\/plugins\/seo\/ -->\n<title>CHABA kurtka pikowana z odblaskiem w kolorze niebieskim rozmiar 2 - Sklep z artyku\u0142ami dla ps\u00f3w shihtzu.com.pl<\/title>\n<meta name=\"robots\" content=\"index, follow, max-snippet:-1, max-image-preview:large, max-video-preview:-1\" \/>\n<link rel=\"canonical\" href=\"https:\/\/shihtzu.com.pl\/sklep\/produkt\/chaba-kurtka-pikowana-z-odblaskiem-w-kolorze-niebieskim\/\" \/>\n<meta property=\"og:locale\" content=\"pl_PL\" \/>\n<meta property=\"og:type\" content=\"article\" \/>\n<meta property=\"og:title\" content=\"CHABA kurtka pikowana z odblaskiem w kolorze niebieskim rozmiar 2 - Sklep z artyku\u0142ami dla ps\u00f3w shihtzu.com.pl\" \/>\n<meta property=\"og:description\" content=\"Z my\u015bl\u0105 o zdrowiu i komforcie najlepszego przyjaciela cz\u0142owieka firma Chaba stworzy\u0142a pikowane kurteczki, kt\u00f3re s\u0105 idealnym rozwi\u0105zaniem na ch\u0142odne dni. Ciep\u0142y, atestowany, bardzo wytrzyma\u0142y, wodoodporny materia\u0142 jest gwarancj\u0105 nie tylko wytrzyma\u0142o\u015bci kurtki, ale tak\u017ce zdrowia Twojego pupila. Kurtka posiada regulacj\u0119 pozwalaj\u0105c\u0105 na dopasowanie wdzianka do budowy cia\u0142a psa.\" \/>\n<meta property=\"og:url\" content=\"https:\/\/shihtzu.com.pl\/sklep\/produkt\/chaba-kurtka-pikowana-z-odblaskiem-w-kolorze-niebieskim\/\" \/>\n<meta property=\"og:site_name\" content=\"Sklep z artyku\u0142ami dla ps\u00f3w shihtzu.com.pl\" \/>\n<meta property=\"article:publisher\" content=\"https:\/\/www.facebook.com\/Shihtzucompl\/\" \/>\n<meta property=\"article:modified_time\" content=\"2021-04-07T20:13:29+00:00\" \/>\n<meta property=\"og:image\" content=\"https:\/\/shihtzu.com.pl\/sklep\/wp-content\/uploads\/2019\/02\/CHABA-kurtka-pikowana-z-odblaskiem-w-kolorze-niebieskim.jpg\" \/>\n\t<meta property=\"og:image:width\" content=\"555\" \/>\n\t<meta property=\"og:image:height\" content=\"555\" \/>\n\t<meta property=\"og:image:type\" content=\"image\/jpeg\" \/>\n<meta name=\"twitter:card\" content=\"summary_large_image\" \/>\n<meta name=\"twitter:label1\" content=\"Szacowany czas czytania\" \/>\n\t<meta name=\"twitter:data1\" content=\"1 minuta\" \/>\n<script type=\"application\/ld+json\" class=\"yoast-schema-graph\">{\"@context\":\"https:\/\/schema.org\",\"@graph\":[{\"@type\":\"WebPage\",\"@id\":\"https:\/\/shihtzu.com.pl\/sklep\/produkt\/chaba-kurtka-pikowana-z-odblaskiem-w-kolorze-niebieskim\/\",\"url\":\"https:\/\/shihtzu.com.pl\/sklep\/produkt\/chaba-kurtka-pikowana-z-odblaskiem-w-kolorze-niebieskim\/\",\"name\":\"CHABA kurtka pikowana z odblaskiem w kolorze niebieskim rozmiar 2 - Sklep z artyku\u0142ami dla ps\u00f3w shihtzu.com.pl\",\"isPartOf\":{\"@id\":\"https:\/\/shihtzu.com.pl\/sklep\/#website\"},\"datePublished\":\"2019-02-15T17:02:58+00:00\",\"dateModified\":\"2021-04-07T20:13:29+00:00\",\"breadcrumb\":{\"@id\":\"https:\/\/shihtzu.com.pl\/sklep\/produkt\/chaba-kurtka-pikowana-z-odblaskiem-w-kolorze-niebieskim\/#breadcrumb\"},\"inLanguage\":\"pl-PL\",\"potentialAction\":[{\"@type\":\"ReadAction\",\"target\":[\"https:\/\/shihtzu.com.pl\/sklep\/produkt\/chaba-kurtka-pikowana-z-odblaskiem-w-kolorze-niebieskim\/\"]}]},{\"@type\":\"BreadcrumbList\",\"@id\":\"https:\/\/shihtzu.com.pl\/sklep\/produkt\/chaba-kurtka-pikowana-z-odblaskiem-w-kolorze-niebieskim\/#breadcrumb\",\"itemListElement\":[{\"@type\":\"ListItem\",\"position\":1,\"name\":\"Sklep\",\"item\":\"https:\/\/shihtzu.com.pl\/sklep\/\"},{\"@type\":\"ListItem\",\"position\":2,\"name\":\"Ubranka\",\"item\":\"https:\/\/shihtzu.com.pl\/sklep\/.\/ubranka\/\"},{\"@type\":\"ListItem\",\"position\":3,\"name\":\"CHABA kurtka pikowana z odblaskiem w kolorze niebieskim rozmiar 2\"}]},{\"@type\":\"WebSite\",\"@id\":\"https:\/\/shihtzu.com.pl\/sklep\/#website\",\"url\":\"https:\/\/shihtzu.com.pl\/sklep\/\",\"name\":\"Sklep z artyku\u0142ami dla ps\u00f3w shihtzu.com.pl\",\"description\":\"Sklep specjalistyczny z artyku\u0142ami pod ras\u0119 Shih tzu. Znajdziesz tu od szampon\u00f3w przeznaczonych dla Shih tzu, przez od\u017cywki a\u017c po zabawki.\",\"publisher\":{\"@id\":\"https:\/\/shihtzu.com.pl\/sklep\/#organization\"},\"potentialAction\":[{\"@type\":\"SearchAction\",\"target\":{\"@type\":\"EntryPoint\",\"urlTemplate\":\"https:\/\/shihtzu.com.pl\/sklep\/?s={search_term_string}\"},\"query-input\":\"required name=search_term_string\"}],\"inLanguage\":\"pl-PL\"},{\"@type\":\"Organization\",\"@id\":\"https:\/\/shihtzu.com.pl\/sklep\/#organization\",\"name\":\"Sklep z artyku\u0142ami dla ps\u00f3w shihtzu.com.pl\",\"url\":\"https:\/\/shihtzu.com.pl\/sklep\/\",\"logo\":{\"@type\":\"ImageObject\",\"inLanguage\":\"pl-PL\",\"@id\":\"https:\/\/shihtzu.com.pl\/sklep\/#\/schema\/logo\/image\/\",\"url\":\"https:\/\/shihtzu.com.pl\/sklep\/wp-content\/uploads\/2020\/10\/cropped-Sklep-dla-shih-tzu-Logo.png\",\"contentUrl\":\"https:\/\/shihtzu.com.pl\/sklep\/wp-content\/uploads\/2020\/10\/cropped-Sklep-dla-shih-tzu-Logo.png\",\"width\":2077,\"height\":519,\"caption\":\"Sklep z artyku\u0142ami dla ps\u00f3w shihtzu.com.pl\"},\"image\":{\"@id\":\"https:\/\/shihtzu.com.pl\/sklep\/#\/schema\/logo\/image\/\"},\"sameAs\":[\"https:\/\/www.facebook.com\/Shihtzucompl\/\",\"https:\/\/www.linkedin.com\/company\/shih-tzu-sklep\/\"]}]}<\/script>\n<!-- \/ Yoast SEO plugin. -->","yoast_head_json":{"title":"CHABA kurtka pikowana z odblaskiem w kolorze niebieskim rozmiar 2 - Sklep z artyku\u0142ami dla ps\u00f3w shihtzu.com.pl","robots":{"index":"index","follow":"follow","max-snippet":"max-snippet:-1","max-image-preview":"max-image-preview:large","max-video-preview":"max-video-preview:-1"},"canonical":"https:\/\/shihtzu.com.pl\/sklep\/produkt\/chaba-kurtka-pikowana-z-odblaskiem-w-kolorze-niebieskim\/","og_locale":"pl_PL","og_type":"article","og_title":"CHABA kurtka pikowana z odblaskiem w kolorze niebieskim rozmiar 2 - Sklep z artyku\u0142ami dla ps\u00f3w shihtzu.com.pl","og_description":"Z my\u015bl\u0105 o zdrowiu i komforcie najlepszego przyjaciela cz\u0142owieka firma Chaba stworzy\u0142a pikowane kurteczki, kt\u00f3re s\u0105 idealnym rozwi\u0105zaniem na ch\u0142odne dni. Ciep\u0142y, atestowany, bardzo wytrzyma\u0142y, wodoodporny materia\u0142 jest gwarancj\u0105 nie tylko wytrzyma\u0142o\u015bci kurtki, ale tak\u017ce zdrowia Twojego pupila. Kurtka posiada regulacj\u0119 pozwalaj\u0105c\u0105 na dopasowanie wdzianka do budowy cia\u0142a psa.","og_url":"https:\/\/shihtzu.com.pl\/sklep\/produkt\/chaba-kurtka-pikowana-z-odblaskiem-w-kolorze-niebieskim\/","og_site_name":"Sklep z artyku\u0142ami dla ps\u00f3w shihtzu.com.pl","article_publisher":"https:\/\/www.facebook.com\/Shihtzucompl\/","article_modified_time":"2021-04-07T20:13:29+00:00","og_image":[{"width":555,"height":555,"url":"https:\/\/shihtzu.com.pl\/sklep\/wp-content\/uploads\/2019\/02\/CHABA-kurtka-pikowana-z-odblaskiem-w-kolorze-niebieskim.jpg","type":"image\/jpeg"}],"twitter_card":"summary_large_image","twitter_misc":{"Szacowany czas czytania":"1 minuta"},"schema":{"@context":"https:\/\/schema.org","@graph":[{"@type":"WebPage","@id":"https:\/\/shihtzu.com.pl\/sklep\/produkt\/chaba-kurtka-pikowana-z-odblaskiem-w-kolorze-niebieskim\/","url":"https:\/\/shihtzu.com.pl\/sklep\/produkt\/chaba-kurtka-pikowana-z-odblaskiem-w-kolorze-niebieskim\/","name":"CHABA kurtka pikowana z odblaskiem w kolorze niebieskim rozmiar 2 - Sklep z artyku\u0142ami dla ps\u00f3w shihtzu.com.pl","isPartOf":{"@id":"https:\/\/shihtzu.com.pl\/sklep\/#website"},"datePublished":"2019-02-15T17:02:58+00:00","dateModified":"2021-04-07T20:13:29+00:00","breadcrumb":{"@id":"https:\/\/shihtzu.com.pl\/sklep\/produkt\/chaba-kurtka-pikowana-z-odblaskiem-w-kolorze-niebieskim\/#breadcrumb"},"inLanguage":"pl-PL","potentialAction":[{"@type":"ReadAction","target":["https:\/\/shihtzu.com.pl\/sklep\/produkt\/chaba-kurtka-pikowana-z-odblaskiem-w-kolorze-niebieskim\/"]}]},{"@type":"BreadcrumbList","@id":"https:\/\/shihtzu.com.pl\/sklep\/produkt\/chaba-kurtka-pikowana-z-odblaskiem-w-kolorze-niebieskim\/#breadcrumb","itemListElement":[{"@type":"ListItem","position":1,"name":"Sklep","item":"https:\/\/shihtzu.com.pl\/sklep\/"},{"@type":"ListItem","position":2,"name":"Ubranka","item":"https:\/\/shihtzu.com.pl\/sklep\/.\/ubranka\/"},{"@type":"ListItem","position":3,"name":"CHABA kurtka pikowana z odblaskiem w kolorze niebieskim rozmiar 2"}]},{"@type":"WebSite","@id":"https:\/\/shihtzu.com.pl\/sklep\/#website","url":"https:\/\/shihtzu.com.pl\/sklep\/","name":"Sklep z artyku\u0142ami dla ps\u00f3w shihtzu.com.pl","description":"Sklep specjalistyczny z artyku\u0142ami pod ras\u0119 Shih tzu. Znajdziesz tu od szampon\u00f3w przeznaczonych dla Shih tzu, przez od\u017cywki a\u017c po zabawki.","publisher":{"@id":"https:\/\/shihtzu.com.pl\/sklep\/#organization"},"potentialAction":[{"@type":"SearchAction","target":{"@type":"EntryPoint","urlTemplate":"https:\/\/shihtzu.com.pl\/sklep\/?s={search_term_string}"},"query-input":"required name=search_term_string"}],"inLanguage":"pl-PL"},{"@type":"Organization","@id":"https:\/\/shihtzu.com.pl\/sklep\/#organization","name":"Sklep z artyku\u0142ami dla ps\u00f3w shihtzu.com.pl","url":"https:\/\/shihtzu.com.pl\/sklep\/","logo":{"@type":"ImageObject","inLanguage":"pl-PL","@id":"https:\/\/shihtzu.com.pl\/sklep\/#\/schema\/logo\/image\/","url":"https:\/\/shihtzu.com.pl\/sklep\/wp-content\/uploads\/2020\/10\/cropped-Sklep-dla-shih-tzu-Logo.png","contentUrl":"https:\/\/shihtzu.com.pl\/sklep\/wp-content\/uploads\/2020\/10\/cropped-Sklep-dla-shih-tzu-Logo.png","width":2077,"height":519,"caption":"Sklep z artyku\u0142ami dla ps\u00f3w shihtzu.com.pl"},"image":{"@id":"https:\/\/shihtzu.com.pl\/sklep\/#\/schema\/logo\/image\/"},"sameAs":["https:\/\/www.facebook.com\/Shihtzucompl\/","https:\/\/www.linkedin.com\/company\/shih-tzu-sklep\/"]}]}},"_links":{"self":[{"href":"https:\/\/shihtzu.com.pl\/sklep\/wp-json\/wp\/v2\/product\/45"}],"collection":[{"href":"https:\/\/shihtzu.com.pl\/sklep\/wp-json\/wp\/v2\/product"}],"about":[{"href":"https:\/\/shihtzu.com.pl\/sklep\/wp-json\/wp\/v2\/types\/product"}],"replies":[{"embeddable":true,"href":"https:\/\/shihtzu.com.pl\/sklep\/wp-json\/wp\/v2\/comments?post=45"}],"wp:featuredmedia":[{"embeddable":true,"href":"https:\/\/shihtzu.com.pl\/sklep\/wp-json\/wp\/v2\/media\/164"}],"wp:attachment":[{"href":"https:\/\/shihtzu.com.pl\/sklep\/wp-json\/wp\/v2\/media?parent=45"}],"wp:term":[{"taxonomy":"product_cat","embeddable":true,"href":"https:\/\/shihtzu.com.pl\/sklep\/wp-json\/wp\/v2\/product_cat?post=45"},{"taxonomy":"product_tag","embeddable":true,"href":"https:\/\/shihtzu.com.pl\/sklep\/wp-json\/wp\/v2\/product_tag?post=45"}],"curies":[{"name":"wp","href":"https:\/\/api.w.org\/{rel}","templated":true}]}}