{"id":40,"date":"2019-02-15T00:18:37","date_gmt":"2019-02-14T23:18:37","guid":{"rendered":"https:\/\/shihtzu.com.pl\/sklep\/?post_type=product&#038;p=40"},"modified":"2023-12-17T16:07:22","modified_gmt":"2023-12-17T15:07:22","slug":"brit-premium-by-nature-junior-s-brit-premium-dla-szczeniakow-ras-malych-3kg","status":"publish","type":"product","link":"https:\/\/shihtzu.com.pl\/sklep\/produkt\/brit-premium-by-nature-junior-s-brit-premium-dla-szczeniakow-ras-malych-3kg\/","title":{"rendered":"BRIT Premium By Nature dla szczeniak\u00f3w Shih Tzu"},"content":{"rendered":"<h3 style=\"text-align: center;\">BRIT Premium By Nature dla szczeniak\u00f3w Shih Tzu 3KG<\/h3>\n<p>Komponowanie pokarm\u00f3w odpowiednich dla konkretnych grup ps\u00f3w to jedna z najmocniejszych stron marki Brit. Tw\u00f3rcy karmy <strong>BRIT PREMIUM BY NATURE JUNIOR S<\/strong> skupili si\u0119 szczeg\u00f3lnie na szczeni\u0119tach ma\u0142ych ras, maj\u0105cych w pewnych aspektach wi\u0119ksze wymagania od innych ps\u00f3w. Karma powsta\u0142a z uwzgl\u0119dnieniem typowego trybu \u017cycia i charakterystycznych tendencji tej konkretnej grupy zwierz\u0105t. G\u0142\u00f3wnym za\u0142o\u017ceniem by\u0142o przygotowanie formu\u0142y lekkostrawnej i syc\u0105cej, opartej na naturalnych sk\u0142adnikach i bogatej w substancje, kt\u00f3re zaspokoj\u0105 potrzeby intensywnie rozwijaj\u0105cego si\u0119 szczeni\u0119cego cia\u0142a i m\u00f3zgu.<\/p>\n<p>Owocem tej idei jest produkt, kt\u00f3ry zawiera a\u017c 55 procent kurczaka. Ten bazowy komponent zapewnia wi\u0119kszo\u015b\u0107 niezb\u0119dnych szczeniakowi sk\u0142adnik\u00f3w od\u017cywczych. Dodatkowo karma zawiera owies, uznawany za jedno z najzdrowszych zb\u00f3\u017c w psiej diecie \u2013 jest on \u017ar\u00f3d\u0142em bia\u0142ka, witamin i b\u0142onnika, kt\u00f3ry reguluje prac\u0119 uk\u0142adu pokarmowego. Ten, jak wiadomo, u ma\u0142ych ras bywa bardzo delikatny, a w przypadku szczeni\u0105t nale\u017cy chroni\u0107 go jeszcze bardziej.<\/p>\n<p>Przemy\u015blana kompozycja witamin i minera\u0142\u00f3w, po\u0142\u0105czona w odpowiednich proporcjach w karmie <strong>BRIT PREMIUM BY NATURE JUNIOR S<\/strong> to gwarancja harmonijnego wzrostu uk\u0142adu mi\u0119\u015bniowo-szkieletowego i zdrowych z\u0119b\u00f3w, a tak\u017ce wsparcie dla szczeni\u0119cych zmys\u0142\u00f3w. Ca\u0142y sk\u0142ad zosta\u0142 opracowany tak, aby by\u0142 maksymalnie efektywny bez ryzyka spowodowania nadwagi, kt\u00f3ra jest cz\u0119stym problemem u ma\u0142ych ps\u00f3w.<\/p>\n<p>Z karm\u0105 <strong>BRIT PREMIUM BY NATURE JUNIOR S<\/strong> Tw\u00f3j szczeniak b\u0119dzie r\u00f3s\u0142 w dobrej kondycji i szcz\u0119\u015bliwie, aby w przysz\u0142o\u015bci sta\u0107 si\u0119 pe\u0142nym energii, zdrowym doros\u0142ym psem.<\/p>\n","protected":false},"excerpt":{"rendered":"<p>BRIT Premium By Nature uniwersalna karma zawieraj\u0105ca do 55% kurczaka dla szczeniak\u00f3w ps\u00f3w ma\u0142ych ras jak Shih Tzu, Yorki czy Malta\u0144czyki.<\/p>\n","protected":false},"featured_media":904,"comment_status":"open","ping_status":"closed","template":"","meta":[],"product_cat":[34],"product_tag":[],"yoast_head":"<!-- This site is optimized with the Yoast SEO plugin v22.0 - https:\/\/yoast.com\/wordpress\/plugins\/seo\/ -->\n<title>BRIT Premium By Nature dla szczeniak\u00f3w Shih Tzu<\/title>\n<meta name=\"description\" content=\"BRIT Premium By Nature uniwersalna karma zawieraj\u0105ca do 55% kurczaka dla szczeniak\u00f3w ps\u00f3w ma\u0142ych ras jak Shih Tzu, Yorki czy Malta\u0144czyki.\" \/>\n<meta name=\"robots\" content=\"index, follow, max-snippet:-1, max-image-preview:large, max-video-preview:-1\" \/>\n<link rel=\"canonical\" href=\"https:\/\/shihtzu.com.pl\/sklep\/produkt\/brit-premium-by-nature-junior-s-brit-premium-dla-szczeniakow-ras-malych-3kg\/\" \/>\n<meta property=\"og:locale\" content=\"pl_PL\" \/>\n<meta property=\"og:type\" content=\"article\" \/>\n<meta property=\"og:title\" content=\"BRIT Premium By Nature dla szczeniak\u00f3w Shih Tzu 3KG\" \/>\n<meta property=\"og:description\" content=\"BRIT Premium By Nature uniwersalna karma zawieraj\u0105ca do 55% kurczaka dla szczeniak\u00f3w ps\u00f3w ma\u0142ych ras jak Shih Tzu, Yorki czy Malta\u0144czyki.\" \/>\n<meta property=\"og:url\" content=\"https:\/\/shihtzu.com.pl\/sklep\/produkt\/brit-premium-by-nature-junior-s-brit-premium-dla-szczeniakow-ras-malych-3kg\/\" \/>\n<meta property=\"og:site_name\" content=\"Sklep z artyku\u0142ami dla ps\u00f3w shihtzu.com.pl\" \/>\n<meta property=\"article:publisher\" content=\"https:\/\/www.facebook.com\/Shihtzucompl\/\" \/>\n<meta property=\"article:modified_time\" content=\"2023-12-17T15:07:22+00:00\" \/>\n<meta property=\"og:image\" content=\"https:\/\/shihtzu.com.pl\/sklep\/wp-content\/uploads\/2019\/02\/BRIT-PREMIUM-BY-NATURE-JUNIOR-S-Brit-premium-dla-szczeniak\u00f3w-ras-ma\u0142ych-3KG.jpg\" \/>\n\t<meta property=\"og:image:width\" content=\"476\" \/>\n\t<meta property=\"og:image:height\" content=\"532\" \/>\n\t<meta property=\"og:image:type\" content=\"image\/jpeg\" \/>\n<meta name=\"twitter:card\" content=\"summary_large_image\" \/>\n<meta name=\"twitter:title\" content=\"BRIT Premium By Nature dla szczeniak\u00f3w Shih Tzu 3KG\" \/>\n<meta name=\"twitter:description\" content=\"BRIT Premium By Nature uniwersalna karma zawieraj\u0105ca do 55% kurczaka dla szczeniak\u00f3w ps\u00f3w ma\u0142ych ras jak Shih Tzu, Yorki czy Malta\u0144czyki.\" \/>\n<meta name=\"twitter:image\" content=\"https:\/\/shihtzu.com.pl\/sklep\/wp-content\/uploads\/2019\/02\/BRIT-PREMIUM-BY-NATURE-JUNIOR-S-Brit-premium-dla-szczeniak\u00f3w-ras-ma\u0142ych-3KG.jpg\" \/>\n<meta name=\"twitter:label1\" content=\"Szacowany czas czytania\" \/>\n\t<meta name=\"twitter:data1\" content=\"2 minuty\" \/>\n<script type=\"application\/ld+json\" class=\"yoast-schema-graph\">{\"@context\":\"https:\/\/schema.org\",\"@graph\":[{\"@type\":\"WebPage\",\"@id\":\"https:\/\/shihtzu.com.pl\/sklep\/produkt\/brit-premium-by-nature-junior-s-brit-premium-dla-szczeniakow-ras-malych-3kg\/\",\"url\":\"https:\/\/shihtzu.com.pl\/sklep\/produkt\/brit-premium-by-nature-junior-s-brit-premium-dla-szczeniakow-ras-malych-3kg\/\",\"name\":\"BRIT Premium By Nature dla szczeniak\u00f3w Shih Tzu\",\"isPartOf\":{\"@id\":\"https:\/\/shihtzu.com.pl\/sklep\/#website\"},\"datePublished\":\"2019-02-14T23:18:37+00:00\",\"dateModified\":\"2023-12-17T15:07:22+00:00\",\"description\":\"BRIT Premium By Nature uniwersalna karma zawieraj\u0105ca do 55% kurczaka dla szczeniak\u00f3w ps\u00f3w ma\u0142ych ras jak Shih Tzu, Yorki czy Malta\u0144czyki.\",\"breadcrumb\":{\"@id\":\"https:\/\/shihtzu.com.pl\/sklep\/produkt\/brit-premium-by-nature-junior-s-brit-premium-dla-szczeniakow-ras-malych-3kg\/#breadcrumb\"},\"inLanguage\":\"pl-PL\",\"potentialAction\":[{\"@type\":\"ReadAction\",\"target\":[\"https:\/\/shihtzu.com.pl\/sklep\/produkt\/brit-premium-by-nature-junior-s-brit-premium-dla-szczeniakow-ras-malych-3kg\/\"]}]},{\"@type\":\"BreadcrumbList\",\"@id\":\"https:\/\/shihtzu.com.pl\/sklep\/produkt\/brit-premium-by-nature-junior-s-brit-premium-dla-szczeniakow-ras-malych-3kg\/#breadcrumb\",\"itemListElement\":[{\"@type\":\"ListItem\",\"position\":1,\"name\":\"Sklep\",\"item\":\"https:\/\/shihtzu.com.pl\/sklep\/\"},{\"@type\":\"ListItem\",\"position\":2,\"name\":\"Sucha karma\",\"item\":\"https:\/\/shihtzu.com.pl\/sklep\/.\/sucha-karma\/\"},{\"@type\":\"ListItem\",\"position\":3,\"name\":\"BRIT Premium By Nature dla szczeniak\u00f3w Shih Tzu\"}]},{\"@type\":\"WebSite\",\"@id\":\"https:\/\/shihtzu.com.pl\/sklep\/#website\",\"url\":\"https:\/\/shihtzu.com.pl\/sklep\/\",\"name\":\"Sklep z artyku\u0142ami dla ps\u00f3w shihtzu.com.pl\",\"description\":\"Sklep specjalistyczny z artyku\u0142ami pod ras\u0119 Shih tzu. Znajdziesz tu od szampon\u00f3w przeznaczonych dla Shih tzu, przez od\u017cywki a\u017c po zabawki.\",\"publisher\":{\"@id\":\"https:\/\/shihtzu.com.pl\/sklep\/#organization\"},\"potentialAction\":[{\"@type\":\"SearchAction\",\"target\":{\"@type\":\"EntryPoint\",\"urlTemplate\":\"https:\/\/shihtzu.com.pl\/sklep\/?s={search_term_string}\"},\"query-input\":\"required name=search_term_string\"}],\"inLanguage\":\"pl-PL\"},{\"@type\":\"Organization\",\"@id\":\"https:\/\/shihtzu.com.pl\/sklep\/#organization\",\"name\":\"Sklep z artyku\u0142ami dla ps\u00f3w shihtzu.com.pl\",\"url\":\"https:\/\/shihtzu.com.pl\/sklep\/\",\"logo\":{\"@type\":\"ImageObject\",\"inLanguage\":\"pl-PL\",\"@id\":\"https:\/\/shihtzu.com.pl\/sklep\/#\/schema\/logo\/image\/\",\"url\":\"https:\/\/shihtzu.com.pl\/sklep\/wp-content\/uploads\/2020\/10\/cropped-Sklep-dla-shih-tzu-Logo.png\",\"contentUrl\":\"https:\/\/shihtzu.com.pl\/sklep\/wp-content\/uploads\/2020\/10\/cropped-Sklep-dla-shih-tzu-Logo.png\",\"width\":2077,\"height\":519,\"caption\":\"Sklep z artyku\u0142ami dla ps\u00f3w shihtzu.com.pl\"},\"image\":{\"@id\":\"https:\/\/shihtzu.com.pl\/sklep\/#\/schema\/logo\/image\/\"},\"sameAs\":[\"https:\/\/www.facebook.com\/Shihtzucompl\/\",\"https:\/\/www.linkedin.com\/company\/shih-tzu-sklep\/\"]}]}<\/script>\n<!-- \/ Yoast SEO plugin. -->","yoast_head_json":{"title":"BRIT Premium By Nature dla szczeniak\u00f3w Shih Tzu","description":"BRIT Premium By Nature uniwersalna karma zawieraj\u0105ca do 55% kurczaka dla szczeniak\u00f3w ps\u00f3w ma\u0142ych ras jak Shih Tzu, Yorki czy Malta\u0144czyki.","robots":{"index":"index","follow":"follow","max-snippet":"max-snippet:-1","max-image-preview":"max-image-preview:large","max-video-preview":"max-video-preview:-1"},"canonical":"https:\/\/shihtzu.com.pl\/sklep\/produkt\/brit-premium-by-nature-junior-s-brit-premium-dla-szczeniakow-ras-malych-3kg\/","og_locale":"pl_PL","og_type":"article","og_title":"BRIT Premium By Nature dla szczeniak\u00f3w Shih Tzu 3KG","og_description":"BRIT Premium By Nature uniwersalna karma zawieraj\u0105ca do 55% kurczaka dla szczeniak\u00f3w ps\u00f3w ma\u0142ych ras jak Shih Tzu, Yorki czy Malta\u0144czyki.","og_url":"https:\/\/shihtzu.com.pl\/sklep\/produkt\/brit-premium-by-nature-junior-s-brit-premium-dla-szczeniakow-ras-malych-3kg\/","og_site_name":"Sklep z artyku\u0142ami dla ps\u00f3w shihtzu.com.pl","article_publisher":"https:\/\/www.facebook.com\/Shihtzucompl\/","article_modified_time":"2023-12-17T15:07:22+00:00","og_image":[{"width":476,"height":532,"url":"https:\/\/shihtzu.com.pl\/sklep\/wp-content\/uploads\/2019\/02\/BRIT-PREMIUM-BY-NATURE-JUNIOR-S-Brit-premium-dla-szczeniak\u00f3w-ras-ma\u0142ych-3KG.jpg","type":"image\/jpeg"}],"twitter_card":"summary_large_image","twitter_title":"BRIT Premium By Nature dla szczeniak\u00f3w Shih Tzu 3KG","twitter_description":"BRIT Premium By Nature uniwersalna karma zawieraj\u0105ca do 55% kurczaka dla szczeniak\u00f3w ps\u00f3w ma\u0142ych ras jak Shih Tzu, Yorki czy Malta\u0144czyki.","twitter_image":"https:\/\/shihtzu.com.pl\/sklep\/wp-content\/uploads\/2019\/02\/BRIT-PREMIUM-BY-NATURE-JUNIOR-S-Brit-premium-dla-szczeniak\u00f3w-ras-ma\u0142ych-3KG.jpg","twitter_misc":{"Szacowany czas czytania":"2 minuty"},"schema":{"@context":"https:\/\/schema.org","@graph":[{"@type":"WebPage","@id":"https:\/\/shihtzu.com.pl\/sklep\/produkt\/brit-premium-by-nature-junior-s-brit-premium-dla-szczeniakow-ras-malych-3kg\/","url":"https:\/\/shihtzu.com.pl\/sklep\/produkt\/brit-premium-by-nature-junior-s-brit-premium-dla-szczeniakow-ras-malych-3kg\/","name":"BRIT Premium By Nature dla szczeniak\u00f3w Shih Tzu","isPartOf":{"@id":"https:\/\/shihtzu.com.pl\/sklep\/#website"},"datePublished":"2019-02-14T23:18:37+00:00","dateModified":"2023-12-17T15:07:22+00:00","description":"BRIT Premium By Nature uniwersalna karma zawieraj\u0105ca do 55% kurczaka dla szczeniak\u00f3w ps\u00f3w ma\u0142ych ras jak Shih Tzu, Yorki czy Malta\u0144czyki.","breadcrumb":{"@id":"https:\/\/shihtzu.com.pl\/sklep\/produkt\/brit-premium-by-nature-junior-s-brit-premium-dla-szczeniakow-ras-malych-3kg\/#breadcrumb"},"inLanguage":"pl-PL","potentialAction":[{"@type":"ReadAction","target":["https:\/\/shihtzu.com.pl\/sklep\/produkt\/brit-premium-by-nature-junior-s-brit-premium-dla-szczeniakow-ras-malych-3kg\/"]}]},{"@type":"BreadcrumbList","@id":"https:\/\/shihtzu.com.pl\/sklep\/produkt\/brit-premium-by-nature-junior-s-brit-premium-dla-szczeniakow-ras-malych-3kg\/#breadcrumb","itemListElement":[{"@type":"ListItem","position":1,"name":"Sklep","item":"https:\/\/shihtzu.com.pl\/sklep\/"},{"@type":"ListItem","position":2,"name":"Sucha karma","item":"https:\/\/shihtzu.com.pl\/sklep\/.\/sucha-karma\/"},{"@type":"ListItem","position":3,"name":"BRIT Premium By Nature dla szczeniak\u00f3w Shih Tzu"}]},{"@type":"WebSite","@id":"https:\/\/shihtzu.com.pl\/sklep\/#website","url":"https:\/\/shihtzu.com.pl\/sklep\/","name":"Sklep z artyku\u0142ami dla ps\u00f3w shihtzu.com.pl","description":"Sklep specjalistyczny z artyku\u0142ami pod ras\u0119 Shih tzu. Znajdziesz tu od szampon\u00f3w przeznaczonych dla Shih tzu, przez od\u017cywki a\u017c po zabawki.","publisher":{"@id":"https:\/\/shihtzu.com.pl\/sklep\/#organization"},"potentialAction":[{"@type":"SearchAction","target":{"@type":"EntryPoint","urlTemplate":"https:\/\/shihtzu.com.pl\/sklep\/?s={search_term_string}"},"query-input":"required name=search_term_string"}],"inLanguage":"pl-PL"},{"@type":"Organization","@id":"https:\/\/shihtzu.com.pl\/sklep\/#organization","name":"Sklep z artyku\u0142ami dla ps\u00f3w shihtzu.com.pl","url":"https:\/\/shihtzu.com.pl\/sklep\/","logo":{"@type":"ImageObject","inLanguage":"pl-PL","@id":"https:\/\/shihtzu.com.pl\/sklep\/#\/schema\/logo\/image\/","url":"https:\/\/shihtzu.com.pl\/sklep\/wp-content\/uploads\/2020\/10\/cropped-Sklep-dla-shih-tzu-Logo.png","contentUrl":"https:\/\/shihtzu.com.pl\/sklep\/wp-content\/uploads\/2020\/10\/cropped-Sklep-dla-shih-tzu-Logo.png","width":2077,"height":519,"caption":"Sklep z artyku\u0142ami dla ps\u00f3w shihtzu.com.pl"},"image":{"@id":"https:\/\/shihtzu.com.pl\/sklep\/#\/schema\/logo\/image\/"},"sameAs":["https:\/\/www.facebook.com\/Shihtzucompl\/","https:\/\/www.linkedin.com\/company\/shih-tzu-sklep\/"]}]}},"_links":{"self":[{"href":"https:\/\/shihtzu.com.pl\/sklep\/wp-json\/wp\/v2\/product\/40"}],"collection":[{"href":"https:\/\/shihtzu.com.pl\/sklep\/wp-json\/wp\/v2\/product"}],"about":[{"href":"https:\/\/shihtzu.com.pl\/sklep\/wp-json\/wp\/v2\/types\/product"}],"replies":[{"embeddable":true,"href":"https:\/\/shihtzu.com.pl\/sklep\/wp-json\/wp\/v2\/comments?post=40"}],"wp:featuredmedia":[{"embeddable":true,"href":"https:\/\/shihtzu.com.pl\/sklep\/wp-json\/wp\/v2\/media\/904"}],"wp:attachment":[{"href":"https:\/\/shihtzu.com.pl\/sklep\/wp-json\/wp\/v2\/media?parent=40"}],"wp:term":[{"taxonomy":"product_cat","embeddable":true,"href":"https:\/\/shihtzu.com.pl\/sklep\/wp-json\/wp\/v2\/product_cat?post=40"},{"taxonomy":"product_tag","embeddable":true,"href":"https:\/\/shihtzu.com.pl\/sklep\/wp-json\/wp\/v2\/product_tag?post=40"}],"curies":[{"name":"wp","href":"https:\/\/api.w.org\/{rel}","templated":true}]}}