{"id":32,"date":"2019-02-14T23:46:28","date_gmt":"2019-02-14T22:46:28","guid":{"rendered":"https:\/\/shihtzu.com.pl\/sklep\/?post_type=product&#038;p=32"},"modified":"2025-10-03T14:40:06","modified_gmt":"2025-10-03T12:40:06","slug":"brit-care-dog-adult-small-lamb-rice-karma-brit-dorosle-psy-malych-ras-owca-z-ryzem-3kg","status":"publish","type":"product","link":"https:\/\/shihtzu.com.pl\/sklep\/produkt\/brit-care-dog-adult-small-lamb-rice-karma-brit-dorosle-psy-malych-ras-owca-z-ryzem-3kg\/","title":{"rendered":"Karma Brit doros\u0142e psy ma\u0142ych ras jagni\u0119cina z ry\u017cem"},"content":{"rendered":"<h3 style=\"text-align: center;\">\u00a0\u00a0 <strong>BRIT CARE ADULT SMALL BREED<\/strong><\/h3>\n<p>Psy ma\u0142ych ras to leniwe kanapowce? Nic z tych rzeczy! S\u0105 wr\u0119cz stworzone do ruchu i zabawy \u2013 wystarczy odpowiednio karmi\u0107 takie zwierz\u0119, aby pokaza\u0142o na co je sta\u0107. Dobrze dobrany pokarm, bogaty w najlepszej jako\u015bci naturalne sk\u0142adniki \u2013 tylko tyle i a\u017c tyle potrzebuje Tw\u00f3j pies, aby by\u0107 zdrowym i szcz\u0119\u015bliwym!<\/p>\n<p><strong>\u00a0\u00a0\u00a0 BRIT CARE ADULT SMALL BREED<\/strong> z jagni\u0119cin\u0105 i ry\u017cem to hipoalergiczna formu\u0142a, idealna dla czworonog\u00f3w o wra\u017cliwych \u017co\u0142\u0105dkach. Ka\u017cdy sk\u0142adnik zosta\u0142 starannie wyselekcjonowany i przebadany pod k\u0105tem jako\u015bci i pochodzenia. Cech\u0105 charakterystyczn\u0105 tej karmy s\u0105 jej sk\u0142adniki bazowe, ry\u017c z jagni\u0119cin\u0105. Taki duet to syc\u0105cy i zarazem lekkostrawny posi\u0142ek. Nie obci\u0105\u017ca uk\u0142adu pokarmowego, a jednocze\u015bnie dostarcza niemal wszystkich substancji niezb\u0119dnych do prawid\u0142owego funkcjonowania psiego organizmu. Dodatkowe witaminy i mikroelementy znajduj\u0105 si\u0119 w pozosta\u0142ych sk\u0142adnikach karmy, kt\u00f3ymi s\u0105 g\u0142\u00f3wnie naturalne zio\u0142a i owoce. Sk\u0142ad wzbogacono tak\u017ce o kwasy omega 3 i 6, znane ze swoich prozdrowotnych w\u0142a\u015bciwo\u015bci. Kolejny godny uwagi sk\u0142adnik karmy to ostropest plamisty, ceniony tak\u017ce w ludzkiej diecie za swoje cechy od\u017cywcze i lecznicze. Ekstrakt z chrz\u0105stki, kt\u00f3rego r\u00f3wnie\u017c nie brakuje w tej formule, znacz\u0105co poprawia prac\u0119 uk\u0142adu ruchu dzi\u0119ki zbawiennemu wp\u0142ywowi na stawy.<\/p>\n<p>Zaufaj jako\u015bci <strong>BRIT CARE ADULT SMALL BREED<\/strong>, tak jak tysi\u0105ce w\u0142a\u015bcicieli ma\u0142ych ps\u00f3w. Zadbaj, aby Tw\u00f3j pies \u2013 najlepszy pies na \u015bwiecie \u2013\u00a0 jad\u0142 w\u0142a\u015bnie to, co najlepsze i codziennie bardziej odkrywa\u0142 przed Tob\u0105 swoj\u0105 \u017cwaw\u0105, weso\u0142\u0105 natur\u0119!<\/p>\n","protected":false},"excerpt":{"rendered":"<p>Karma Brit to uniwersalne po\u0142\u0105czenie sk\u0142adnik\u00f3w dla ps\u00f3w doros\u0142ych ma\u0142ych ras kt\u00f3re s\u0105 uczulone na kurczaka. Kama zawiera jagni\u0119cin\u0119 z ry\u017cem.<\/p>\n","protected":false},"featured_media":375,"comment_status":"open","ping_status":"closed","template":"","meta":[],"product_cat":[34],"product_tag":[],"yoast_head":"<!-- This site is optimized with the Yoast SEO plugin v22.0 - https:\/\/yoast.com\/wordpress\/plugins\/seo\/ -->\n<title>Karma Brit doros\u0142e psy ma\u0142ych ras jagni\u0119cina z ry\u017cem.<\/title>\n<meta name=\"description\" content=\"Karma Brit to uniwersalne po\u0142\u0105czenie sk\u0142adnik\u00f3w dla ps\u00f3w doros\u0142ych ma\u0142ych ras kt\u00f3re s\u0105 uczulone na kurczaka. Kama zawiera jagni\u0119cin\u0119 z ry\u017cem.\" \/>\n<meta name=\"robots\" content=\"index, follow, max-snippet:-1, max-image-preview:large, max-video-preview:-1\" \/>\n<link rel=\"canonical\" href=\"https:\/\/shihtzu.com.pl\/sklep\/produkt\/brit-care-dog-adult-small-lamb-rice-karma-brit-dorosle-psy-malych-ras-owca-z-ryzem-3kg\/\" \/>\n<meta property=\"og:locale\" content=\"pl_PL\" \/>\n<meta property=\"og:type\" content=\"article\" \/>\n<meta property=\"og:title\" content=\"Karma Brit doros\u0142e psy ma\u0142ych ras jagni\u0119cina z ry\u017cem.\" \/>\n<meta property=\"og:description\" content=\"Karma Brit to uniwersalne po\u0142\u0105czenie sk\u0142adnik\u00f3w dla ps\u00f3w doros\u0142ych ma\u0142ych ras kt\u00f3re s\u0105 uczulone na kurczaka. Kama zawiera jagni\u0119cin\u0119 z ry\u017cem.\" \/>\n<meta property=\"og:url\" content=\"https:\/\/shihtzu.com.pl\/sklep\/produkt\/brit-care-dog-adult-small-lamb-rice-karma-brit-dorosle-psy-malych-ras-owca-z-ryzem-3kg\/\" \/>\n<meta property=\"og:site_name\" content=\"Sklep z artyku\u0142ami dla ps\u00f3w shihtzu.com.pl\" \/>\n<meta property=\"article:publisher\" content=\"https:\/\/www.facebook.com\/Shihtzucompl\/\" \/>\n<meta property=\"article:modified_time\" content=\"2025-10-03T12:40:06+00:00\" \/>\n<meta property=\"og:image\" content=\"https:\/\/shihtzu.com.pl\/sklep\/wp-content\/uploads\/2019\/02\/Brit-care-lamb-rice-adult.jpg\" \/>\n\t<meta property=\"og:image:width\" content=\"886\" \/>\n\t<meta property=\"og:image:height\" content=\"886\" \/>\n\t<meta property=\"og:image:type\" content=\"image\/jpeg\" \/>\n<meta name=\"twitter:card\" content=\"summary_large_image\" \/>\n<meta name=\"twitter:title\" content=\"Karma Brit doros\u0142e psy ma\u0142ych ras jagni\u0119cina z ry\u017cem.\" \/>\n<meta name=\"twitter:description\" content=\"Karma Brit to uniwersalne po\u0142\u0105czenie sk\u0142adnik\u00f3w dla ps\u00f3w doros\u0142ych ma\u0142ych ras kt\u00f3re s\u0105 uczulone na kurczaka. Kama zawiera jagni\u0119cin\u0119 z ry\u017cem.\" \/>\n<meta name=\"twitter:image\" content=\"https:\/\/shihtzu.com.pl\/sklep\/wp-content\/uploads\/2019\/02\/Brit-care-lamb-rice-adult.jpg\" \/>\n<meta name=\"twitter:label1\" content=\"Szacowany czas czytania\" \/>\n\t<meta name=\"twitter:data1\" content=\"2 minuty\" \/>\n<script type=\"application\/ld+json\" class=\"yoast-schema-graph\">{\"@context\":\"https:\/\/schema.org\",\"@graph\":[{\"@type\":\"WebPage\",\"@id\":\"https:\/\/shihtzu.com.pl\/sklep\/produkt\/brit-care-dog-adult-small-lamb-rice-karma-brit-dorosle-psy-malych-ras-owca-z-ryzem-3kg\/\",\"url\":\"https:\/\/shihtzu.com.pl\/sklep\/produkt\/brit-care-dog-adult-small-lamb-rice-karma-brit-dorosle-psy-malych-ras-owca-z-ryzem-3kg\/\",\"name\":\"Karma Brit doros\u0142e psy ma\u0142ych ras jagni\u0119cina z ry\u017cem.\",\"isPartOf\":{\"@id\":\"https:\/\/shihtzu.com.pl\/sklep\/#website\"},\"datePublished\":\"2019-02-14T22:46:28+00:00\",\"dateModified\":\"2025-10-03T12:40:06+00:00\",\"description\":\"Karma Brit to uniwersalne po\u0142\u0105czenie sk\u0142adnik\u00f3w dla ps\u00f3w doros\u0142ych ma\u0142ych ras kt\u00f3re s\u0105 uczulone na kurczaka. Kama zawiera jagni\u0119cin\u0119 z ry\u017cem.\",\"breadcrumb\":{\"@id\":\"https:\/\/shihtzu.com.pl\/sklep\/produkt\/brit-care-dog-adult-small-lamb-rice-karma-brit-dorosle-psy-malych-ras-owca-z-ryzem-3kg\/#breadcrumb\"},\"inLanguage\":\"pl-PL\",\"potentialAction\":[{\"@type\":\"ReadAction\",\"target\":[\"https:\/\/shihtzu.com.pl\/sklep\/produkt\/brit-care-dog-adult-small-lamb-rice-karma-brit-dorosle-psy-malych-ras-owca-z-ryzem-3kg\/\"]}]},{\"@type\":\"BreadcrumbList\",\"@id\":\"https:\/\/shihtzu.com.pl\/sklep\/produkt\/brit-care-dog-adult-small-lamb-rice-karma-brit-dorosle-psy-malych-ras-owca-z-ryzem-3kg\/#breadcrumb\",\"itemListElement\":[{\"@type\":\"ListItem\",\"position\":1,\"name\":\"Sklep\",\"item\":\"https:\/\/shihtzu.com.pl\/sklep\/\"},{\"@type\":\"ListItem\",\"position\":2,\"name\":\"Sucha karma\",\"item\":\"https:\/\/shihtzu.com.pl\/sklep\/.\/sucha-karma\/\"},{\"@type\":\"ListItem\",\"position\":3,\"name\":\"Karma Brit doros\u0142e psy ma\u0142ych ras jagni\u0119cina z ry\u017cem\"}]},{\"@type\":\"WebSite\",\"@id\":\"https:\/\/shihtzu.com.pl\/sklep\/#website\",\"url\":\"https:\/\/shihtzu.com.pl\/sklep\/\",\"name\":\"Sklep z artyku\u0142ami dla ps\u00f3w shihtzu.com.pl\",\"description\":\"Sklep specjalistyczny z artyku\u0142ami pod ras\u0119 Shih tzu. Znajdziesz tu od szampon\u00f3w przeznaczonych dla Shih tzu, przez od\u017cywki a\u017c po zabawki.\",\"publisher\":{\"@id\":\"https:\/\/shihtzu.com.pl\/sklep\/#organization\"},\"potentialAction\":[{\"@type\":\"SearchAction\",\"target\":{\"@type\":\"EntryPoint\",\"urlTemplate\":\"https:\/\/shihtzu.com.pl\/sklep\/?s={search_term_string}\"},\"query-input\":\"required name=search_term_string\"}],\"inLanguage\":\"pl-PL\"},{\"@type\":\"Organization\",\"@id\":\"https:\/\/shihtzu.com.pl\/sklep\/#organization\",\"name\":\"Sklep z artyku\u0142ami dla ps\u00f3w shihtzu.com.pl\",\"url\":\"https:\/\/shihtzu.com.pl\/sklep\/\",\"logo\":{\"@type\":\"ImageObject\",\"inLanguage\":\"pl-PL\",\"@id\":\"https:\/\/shihtzu.com.pl\/sklep\/#\/schema\/logo\/image\/\",\"url\":\"https:\/\/shihtzu.com.pl\/sklep\/wp-content\/uploads\/2020\/10\/cropped-Sklep-dla-shih-tzu-Logo.png\",\"contentUrl\":\"https:\/\/shihtzu.com.pl\/sklep\/wp-content\/uploads\/2020\/10\/cropped-Sklep-dla-shih-tzu-Logo.png\",\"width\":2077,\"height\":519,\"caption\":\"Sklep z artyku\u0142ami dla ps\u00f3w shihtzu.com.pl\"},\"image\":{\"@id\":\"https:\/\/shihtzu.com.pl\/sklep\/#\/schema\/logo\/image\/\"},\"sameAs\":[\"https:\/\/www.facebook.com\/Shihtzucompl\/\",\"https:\/\/www.linkedin.com\/company\/shih-tzu-sklep\/\"]}]}<\/script>\n<!-- \/ Yoast SEO plugin. -->","yoast_head_json":{"title":"Karma Brit doros\u0142e psy ma\u0142ych ras jagni\u0119cina z ry\u017cem.","description":"Karma Brit to uniwersalne po\u0142\u0105czenie sk\u0142adnik\u00f3w dla ps\u00f3w doros\u0142ych ma\u0142ych ras kt\u00f3re s\u0105 uczulone na kurczaka. Kama zawiera jagni\u0119cin\u0119 z ry\u017cem.","robots":{"index":"index","follow":"follow","max-snippet":"max-snippet:-1","max-image-preview":"max-image-preview:large","max-video-preview":"max-video-preview:-1"},"canonical":"https:\/\/shihtzu.com.pl\/sklep\/produkt\/brit-care-dog-adult-small-lamb-rice-karma-brit-dorosle-psy-malych-ras-owca-z-ryzem-3kg\/","og_locale":"pl_PL","og_type":"article","og_title":"Karma Brit doros\u0142e psy ma\u0142ych ras jagni\u0119cina z ry\u017cem.","og_description":"Karma Brit to uniwersalne po\u0142\u0105czenie sk\u0142adnik\u00f3w dla ps\u00f3w doros\u0142ych ma\u0142ych ras kt\u00f3re s\u0105 uczulone na kurczaka. Kama zawiera jagni\u0119cin\u0119 z ry\u017cem.","og_url":"https:\/\/shihtzu.com.pl\/sklep\/produkt\/brit-care-dog-adult-small-lamb-rice-karma-brit-dorosle-psy-malych-ras-owca-z-ryzem-3kg\/","og_site_name":"Sklep z artyku\u0142ami dla ps\u00f3w shihtzu.com.pl","article_publisher":"https:\/\/www.facebook.com\/Shihtzucompl\/","article_modified_time":"2025-10-03T12:40:06+00:00","og_image":[{"width":886,"height":886,"url":"https:\/\/shihtzu.com.pl\/sklep\/wp-content\/uploads\/2019\/02\/Brit-care-lamb-rice-adult.jpg","type":"image\/jpeg"}],"twitter_card":"summary_large_image","twitter_title":"Karma Brit doros\u0142e psy ma\u0142ych ras jagni\u0119cina z ry\u017cem.","twitter_description":"Karma Brit to uniwersalne po\u0142\u0105czenie sk\u0142adnik\u00f3w dla ps\u00f3w doros\u0142ych ma\u0142ych ras kt\u00f3re s\u0105 uczulone na kurczaka. Kama zawiera jagni\u0119cin\u0119 z ry\u017cem.","twitter_image":"https:\/\/shihtzu.com.pl\/sklep\/wp-content\/uploads\/2019\/02\/Brit-care-lamb-rice-adult.jpg","twitter_misc":{"Szacowany czas czytania":"2 minuty"},"schema":{"@context":"https:\/\/schema.org","@graph":[{"@type":"WebPage","@id":"https:\/\/shihtzu.com.pl\/sklep\/produkt\/brit-care-dog-adult-small-lamb-rice-karma-brit-dorosle-psy-malych-ras-owca-z-ryzem-3kg\/","url":"https:\/\/shihtzu.com.pl\/sklep\/produkt\/brit-care-dog-adult-small-lamb-rice-karma-brit-dorosle-psy-malych-ras-owca-z-ryzem-3kg\/","name":"Karma Brit doros\u0142e psy ma\u0142ych ras jagni\u0119cina z ry\u017cem.","isPartOf":{"@id":"https:\/\/shihtzu.com.pl\/sklep\/#website"},"datePublished":"2019-02-14T22:46:28+00:00","dateModified":"2025-10-03T12:40:06+00:00","description":"Karma Brit to uniwersalne po\u0142\u0105czenie sk\u0142adnik\u00f3w dla ps\u00f3w doros\u0142ych ma\u0142ych ras kt\u00f3re s\u0105 uczulone na kurczaka. Kama zawiera jagni\u0119cin\u0119 z ry\u017cem.","breadcrumb":{"@id":"https:\/\/shihtzu.com.pl\/sklep\/produkt\/brit-care-dog-adult-small-lamb-rice-karma-brit-dorosle-psy-malych-ras-owca-z-ryzem-3kg\/#breadcrumb"},"inLanguage":"pl-PL","potentialAction":[{"@type":"ReadAction","target":["https:\/\/shihtzu.com.pl\/sklep\/produkt\/brit-care-dog-adult-small-lamb-rice-karma-brit-dorosle-psy-malych-ras-owca-z-ryzem-3kg\/"]}]},{"@type":"BreadcrumbList","@id":"https:\/\/shihtzu.com.pl\/sklep\/produkt\/brit-care-dog-adult-small-lamb-rice-karma-brit-dorosle-psy-malych-ras-owca-z-ryzem-3kg\/#breadcrumb","itemListElement":[{"@type":"ListItem","position":1,"name":"Sklep","item":"https:\/\/shihtzu.com.pl\/sklep\/"},{"@type":"ListItem","position":2,"name":"Sucha karma","item":"https:\/\/shihtzu.com.pl\/sklep\/.\/sucha-karma\/"},{"@type":"ListItem","position":3,"name":"Karma Brit doros\u0142e psy ma\u0142ych ras jagni\u0119cina z ry\u017cem"}]},{"@type":"WebSite","@id":"https:\/\/shihtzu.com.pl\/sklep\/#website","url":"https:\/\/shihtzu.com.pl\/sklep\/","name":"Sklep z artyku\u0142ami dla ps\u00f3w shihtzu.com.pl","description":"Sklep specjalistyczny z artyku\u0142ami pod ras\u0119 Shih tzu. Znajdziesz tu od szampon\u00f3w przeznaczonych dla Shih tzu, przez od\u017cywki a\u017c po zabawki.","publisher":{"@id":"https:\/\/shihtzu.com.pl\/sklep\/#organization"},"potentialAction":[{"@type":"SearchAction","target":{"@type":"EntryPoint","urlTemplate":"https:\/\/shihtzu.com.pl\/sklep\/?s={search_term_string}"},"query-input":"required name=search_term_string"}],"inLanguage":"pl-PL"},{"@type":"Organization","@id":"https:\/\/shihtzu.com.pl\/sklep\/#organization","name":"Sklep z artyku\u0142ami dla ps\u00f3w shihtzu.com.pl","url":"https:\/\/shihtzu.com.pl\/sklep\/","logo":{"@type":"ImageObject","inLanguage":"pl-PL","@id":"https:\/\/shihtzu.com.pl\/sklep\/#\/schema\/logo\/image\/","url":"https:\/\/shihtzu.com.pl\/sklep\/wp-content\/uploads\/2020\/10\/cropped-Sklep-dla-shih-tzu-Logo.png","contentUrl":"https:\/\/shihtzu.com.pl\/sklep\/wp-content\/uploads\/2020\/10\/cropped-Sklep-dla-shih-tzu-Logo.png","width":2077,"height":519,"caption":"Sklep z artyku\u0142ami dla ps\u00f3w shihtzu.com.pl"},"image":{"@id":"https:\/\/shihtzu.com.pl\/sklep\/#\/schema\/logo\/image\/"},"sameAs":["https:\/\/www.facebook.com\/Shihtzucompl\/","https:\/\/www.linkedin.com\/company\/shih-tzu-sklep\/"]}]}},"_links":{"self":[{"href":"https:\/\/shihtzu.com.pl\/sklep\/wp-json\/wp\/v2\/product\/32"}],"collection":[{"href":"https:\/\/shihtzu.com.pl\/sklep\/wp-json\/wp\/v2\/product"}],"about":[{"href":"https:\/\/shihtzu.com.pl\/sklep\/wp-json\/wp\/v2\/types\/product"}],"replies":[{"embeddable":true,"href":"https:\/\/shihtzu.com.pl\/sklep\/wp-json\/wp\/v2\/comments?post=32"}],"wp:featuredmedia":[{"embeddable":true,"href":"https:\/\/shihtzu.com.pl\/sklep\/wp-json\/wp\/v2\/media\/375"}],"wp:attachment":[{"href":"https:\/\/shihtzu.com.pl\/sklep\/wp-json\/wp\/v2\/media?parent=32"}],"wp:term":[{"taxonomy":"product_cat","embeddable":true,"href":"https:\/\/shihtzu.com.pl\/sklep\/wp-json\/wp\/v2\/product_cat?post=32"},{"taxonomy":"product_tag","embeddable":true,"href":"https:\/\/shihtzu.com.pl\/sklep\/wp-json\/wp\/v2\/product_tag?post=32"}],"curies":[{"name":"wp","href":"https:\/\/api.w.org\/{rel}","templated":true}]}}