{"id":313,"date":"2019-02-25T01:56:28","date_gmt":"2019-02-25T00:56:28","guid":{"rendered":"https:\/\/shihtzu.com.pl\/sklep\/?post_type=product&#038;p=313"},"modified":"2023-12-17T17:17:37","modified_gmt":"2023-12-17T16:17:37","slug":"chaba-smycz-tasma-10mm-czarna","status":"publish","type":"product","link":"https:\/\/shihtzu.com.pl\/sklep\/produkt\/chaba-smycz-tasma-10mm-czarna\/","title":{"rendered":"CHABA Smycz ta\u015bma &#8211; 10mm czarna"},"content":{"rendered":"<p><strong>Chaba smycz ta\u015bma<\/strong><\/p>\n<p>Trwa\u0142a i niezawodna smycz dla psa wykonana z ta\u015bmy polipropylenowej.<br \/>\nKlasyczny i uniwersalny model smyczy &#8211; od lat niezmiennie modny, nie trac\u0105cy na popularno\u015bci.<br \/>\nNasze smycze wykonane s\u0105 z najwy\u017cszej jako\u015bci ta\u015bmy polipropylenowej, przeszytej grubymi rymarskimi ni\u0107mi. Ca\u0142o\u015b\u0107 zwie\u0144czona jest solidnym, chromowanym karabi\u0144czykiem.<br \/>\nProdukt dla os\u00f3b ceni\u0105cych prostot\u0119, wygod\u0119 i przyst\u0119pn\u0105 cen\u0119 &#8211; przy zachowaniu najwy\u017cszej jako\u015bci.<br \/>\nSmycz jest mocna i trwa\u0142a &#8211; nadaje si\u0119 r\u00f3wnie\u017c dla niepos\u0142usznych zwierz\u0105t &#8211; nie ulegnie \u0142atwo przerwaniu (wszystko zale\u017cy jednak od intensywno\u015bci ci\u0105gni\u0119cia).<br \/>\nMo\u017cliwo\u015b\u0107 dokupienia obro\u017cy i szelek pasuj\u0105cych do smyczy.<\/p>\n","protected":false},"excerpt":{"rendered":"<p>Trwa\u0142a i niezawodna smycz dla psa wykonana z ta\u015bmy polipropylenowej. Klasyczny i uniwersalny model smyczy &#8211; od lat niezmiennie modny, nie trac\u0105cy na popularno\u015bci.<\/p>\n","protected":false},"featured_media":880,"comment_status":"open","ping_status":"closed","template":"","meta":[],"product_cat":[45],"product_tag":[],"yoast_head":"<!-- This site is optimized with the Yoast SEO plugin v22.0 - https:\/\/yoast.com\/wordpress\/plugins\/seo\/ -->\n<title>CHABA Smycz ta\u015bma - 10mm czarna - Sklep z artyku\u0142ami dla ps\u00f3w shihtzu.com.pl<\/title>\n<meta name=\"robots\" content=\"index, follow, max-snippet:-1, max-image-preview:large, max-video-preview:-1\" \/>\n<link rel=\"canonical\" href=\"https:\/\/shihtzu.com.pl\/sklep\/produkt\/chaba-smycz-tasma-10mm-czarna\/\" \/>\n<meta property=\"og:locale\" content=\"pl_PL\" \/>\n<meta property=\"og:type\" content=\"article\" \/>\n<meta property=\"og:title\" content=\"CHABA Smycz ta\u015bma - 10mm czarna - Sklep z artyku\u0142ami dla ps\u00f3w shihtzu.com.pl\" \/>\n<meta property=\"og:description\" content=\"Trwa\u0142a i niezawodna smycz dla psa wykonana z ta\u015bmy polipropylenowej. Klasyczny i uniwersalny model smyczy - od lat niezmiennie modny, nie trac\u0105cy na popularno\u015bci.\" \/>\n<meta property=\"og:url\" content=\"https:\/\/shihtzu.com.pl\/sklep\/produkt\/chaba-smycz-tasma-10mm-czarna\/\" \/>\n<meta property=\"og:site_name\" content=\"Sklep z artyku\u0142ami dla ps\u00f3w shihtzu.com.pl\" \/>\n<meta property=\"article:publisher\" content=\"https:\/\/www.facebook.com\/Shihtzucompl\/\" \/>\n<meta property=\"article:modified_time\" content=\"2023-12-17T16:17:37+00:00\" \/>\n<meta property=\"og:image\" content=\"https:\/\/shihtzu.com.pl\/sklep\/wp-content\/uploads\/2019\/02\/CHABA-Smycz-tasma.jpg\" \/>\n\t<meta property=\"og:image:width\" content=\"520\" \/>\n\t<meta property=\"og:image:height\" content=\"520\" \/>\n\t<meta property=\"og:image:type\" content=\"image\/jpeg\" \/>\n<meta name=\"twitter:card\" content=\"summary_large_image\" \/>\n<meta name=\"twitter:label1\" content=\"Szacowany czas czytania\" \/>\n\t<meta name=\"twitter:data1\" content=\"1 minuta\" \/>\n<script type=\"application\/ld+json\" class=\"yoast-schema-graph\">{\"@context\":\"https:\/\/schema.org\",\"@graph\":[{\"@type\":\"WebPage\",\"@id\":\"https:\/\/shihtzu.com.pl\/sklep\/produkt\/chaba-smycz-tasma-10mm-czarna\/\",\"url\":\"https:\/\/shihtzu.com.pl\/sklep\/produkt\/chaba-smycz-tasma-10mm-czarna\/\",\"name\":\"CHABA Smycz ta\u015bma - 10mm czarna - Sklep z artyku\u0142ami dla ps\u00f3w shihtzu.com.pl\",\"isPartOf\":{\"@id\":\"https:\/\/shihtzu.com.pl\/sklep\/#website\"},\"datePublished\":\"2019-02-25T00:56:28+00:00\",\"dateModified\":\"2023-12-17T16:17:37+00:00\",\"breadcrumb\":{\"@id\":\"https:\/\/shihtzu.com.pl\/sklep\/produkt\/chaba-smycz-tasma-10mm-czarna\/#breadcrumb\"},\"inLanguage\":\"pl-PL\",\"potentialAction\":[{\"@type\":\"ReadAction\",\"target\":[\"https:\/\/shihtzu.com.pl\/sklep\/produkt\/chaba-smycz-tasma-10mm-czarna\/\"]}]},{\"@type\":\"BreadcrumbList\",\"@id\":\"https:\/\/shihtzu.com.pl\/sklep\/produkt\/chaba-smycz-tasma-10mm-czarna\/#breadcrumb\",\"itemListElement\":[{\"@type\":\"ListItem\",\"position\":1,\"name\":\"Sklep\",\"item\":\"https:\/\/shihtzu.com.pl\/sklep\/\"},{\"@type\":\"ListItem\",\"position\":2,\"name\":\"Smycze\",\"item\":\"https:\/\/shihtzu.com.pl\/sklep\/.\/smycze\/\"},{\"@type\":\"ListItem\",\"position\":3,\"name\":\"CHABA Smycz ta\u015bma &#8211; 10mm czarna\"}]},{\"@type\":\"WebSite\",\"@id\":\"https:\/\/shihtzu.com.pl\/sklep\/#website\",\"url\":\"https:\/\/shihtzu.com.pl\/sklep\/\",\"name\":\"Sklep z artyku\u0142ami dla ps\u00f3w shihtzu.com.pl\",\"description\":\"Sklep specjalistyczny z artyku\u0142ami pod ras\u0119 Shih tzu. Znajdziesz tu od szampon\u00f3w przeznaczonych dla Shih tzu, przez od\u017cywki a\u017c po zabawki.\",\"publisher\":{\"@id\":\"https:\/\/shihtzu.com.pl\/sklep\/#organization\"},\"potentialAction\":[{\"@type\":\"SearchAction\",\"target\":{\"@type\":\"EntryPoint\",\"urlTemplate\":\"https:\/\/shihtzu.com.pl\/sklep\/?s={search_term_string}\"},\"query-input\":\"required name=search_term_string\"}],\"inLanguage\":\"pl-PL\"},{\"@type\":\"Organization\",\"@id\":\"https:\/\/shihtzu.com.pl\/sklep\/#organization\",\"name\":\"Sklep z artyku\u0142ami dla ps\u00f3w shihtzu.com.pl\",\"url\":\"https:\/\/shihtzu.com.pl\/sklep\/\",\"logo\":{\"@type\":\"ImageObject\",\"inLanguage\":\"pl-PL\",\"@id\":\"https:\/\/shihtzu.com.pl\/sklep\/#\/schema\/logo\/image\/\",\"url\":\"https:\/\/shihtzu.com.pl\/sklep\/wp-content\/uploads\/2020\/10\/cropped-Sklep-dla-shih-tzu-Logo.png\",\"contentUrl\":\"https:\/\/shihtzu.com.pl\/sklep\/wp-content\/uploads\/2020\/10\/cropped-Sklep-dla-shih-tzu-Logo.png\",\"width\":2077,\"height\":519,\"caption\":\"Sklep z artyku\u0142ami dla ps\u00f3w shihtzu.com.pl\"},\"image\":{\"@id\":\"https:\/\/shihtzu.com.pl\/sklep\/#\/schema\/logo\/image\/\"},\"sameAs\":[\"https:\/\/www.facebook.com\/Shihtzucompl\/\",\"https:\/\/www.linkedin.com\/company\/shih-tzu-sklep\/\"]}]}<\/script>\n<!-- \/ Yoast SEO plugin. -->","yoast_head_json":{"title":"CHABA Smycz ta\u015bma - 10mm czarna - Sklep z artyku\u0142ami dla ps\u00f3w shihtzu.com.pl","robots":{"index":"index","follow":"follow","max-snippet":"max-snippet:-1","max-image-preview":"max-image-preview:large","max-video-preview":"max-video-preview:-1"},"canonical":"https:\/\/shihtzu.com.pl\/sklep\/produkt\/chaba-smycz-tasma-10mm-czarna\/","og_locale":"pl_PL","og_type":"article","og_title":"CHABA Smycz ta\u015bma - 10mm czarna - Sklep z artyku\u0142ami dla ps\u00f3w shihtzu.com.pl","og_description":"Trwa\u0142a i niezawodna smycz dla psa wykonana z ta\u015bmy polipropylenowej. Klasyczny i uniwersalny model smyczy - od lat niezmiennie modny, nie trac\u0105cy na popularno\u015bci.","og_url":"https:\/\/shihtzu.com.pl\/sklep\/produkt\/chaba-smycz-tasma-10mm-czarna\/","og_site_name":"Sklep z artyku\u0142ami dla ps\u00f3w shihtzu.com.pl","article_publisher":"https:\/\/www.facebook.com\/Shihtzucompl\/","article_modified_time":"2023-12-17T16:17:37+00:00","og_image":[{"width":520,"height":520,"url":"https:\/\/shihtzu.com.pl\/sklep\/wp-content\/uploads\/2019\/02\/CHABA-Smycz-tasma.jpg","type":"image\/jpeg"}],"twitter_card":"summary_large_image","twitter_misc":{"Szacowany czas czytania":"1 minuta"},"schema":{"@context":"https:\/\/schema.org","@graph":[{"@type":"WebPage","@id":"https:\/\/shihtzu.com.pl\/sklep\/produkt\/chaba-smycz-tasma-10mm-czarna\/","url":"https:\/\/shihtzu.com.pl\/sklep\/produkt\/chaba-smycz-tasma-10mm-czarna\/","name":"CHABA Smycz ta\u015bma - 10mm czarna - Sklep z artyku\u0142ami dla ps\u00f3w shihtzu.com.pl","isPartOf":{"@id":"https:\/\/shihtzu.com.pl\/sklep\/#website"},"datePublished":"2019-02-25T00:56:28+00:00","dateModified":"2023-12-17T16:17:37+00:00","breadcrumb":{"@id":"https:\/\/shihtzu.com.pl\/sklep\/produkt\/chaba-smycz-tasma-10mm-czarna\/#breadcrumb"},"inLanguage":"pl-PL","potentialAction":[{"@type":"ReadAction","target":["https:\/\/shihtzu.com.pl\/sklep\/produkt\/chaba-smycz-tasma-10mm-czarna\/"]}]},{"@type":"BreadcrumbList","@id":"https:\/\/shihtzu.com.pl\/sklep\/produkt\/chaba-smycz-tasma-10mm-czarna\/#breadcrumb","itemListElement":[{"@type":"ListItem","position":1,"name":"Sklep","item":"https:\/\/shihtzu.com.pl\/sklep\/"},{"@type":"ListItem","position":2,"name":"Smycze","item":"https:\/\/shihtzu.com.pl\/sklep\/.\/smycze\/"},{"@type":"ListItem","position":3,"name":"CHABA Smycz ta\u015bma &#8211; 10mm czarna"}]},{"@type":"WebSite","@id":"https:\/\/shihtzu.com.pl\/sklep\/#website","url":"https:\/\/shihtzu.com.pl\/sklep\/","name":"Sklep z artyku\u0142ami dla ps\u00f3w shihtzu.com.pl","description":"Sklep specjalistyczny z artyku\u0142ami pod ras\u0119 Shih tzu. Znajdziesz tu od szampon\u00f3w przeznaczonych dla Shih tzu, przez od\u017cywki a\u017c po zabawki.","publisher":{"@id":"https:\/\/shihtzu.com.pl\/sklep\/#organization"},"potentialAction":[{"@type":"SearchAction","target":{"@type":"EntryPoint","urlTemplate":"https:\/\/shihtzu.com.pl\/sklep\/?s={search_term_string}"},"query-input":"required name=search_term_string"}],"inLanguage":"pl-PL"},{"@type":"Organization","@id":"https:\/\/shihtzu.com.pl\/sklep\/#organization","name":"Sklep z artyku\u0142ami dla ps\u00f3w shihtzu.com.pl","url":"https:\/\/shihtzu.com.pl\/sklep\/","logo":{"@type":"ImageObject","inLanguage":"pl-PL","@id":"https:\/\/shihtzu.com.pl\/sklep\/#\/schema\/logo\/image\/","url":"https:\/\/shihtzu.com.pl\/sklep\/wp-content\/uploads\/2020\/10\/cropped-Sklep-dla-shih-tzu-Logo.png","contentUrl":"https:\/\/shihtzu.com.pl\/sklep\/wp-content\/uploads\/2020\/10\/cropped-Sklep-dla-shih-tzu-Logo.png","width":2077,"height":519,"caption":"Sklep z artyku\u0142ami dla ps\u00f3w shihtzu.com.pl"},"image":{"@id":"https:\/\/shihtzu.com.pl\/sklep\/#\/schema\/logo\/image\/"},"sameAs":["https:\/\/www.facebook.com\/Shihtzucompl\/","https:\/\/www.linkedin.com\/company\/shih-tzu-sklep\/"]}]}},"_links":{"self":[{"href":"https:\/\/shihtzu.com.pl\/sklep\/wp-json\/wp\/v2\/product\/313"}],"collection":[{"href":"https:\/\/shihtzu.com.pl\/sklep\/wp-json\/wp\/v2\/product"}],"about":[{"href":"https:\/\/shihtzu.com.pl\/sklep\/wp-json\/wp\/v2\/types\/product"}],"replies":[{"embeddable":true,"href":"https:\/\/shihtzu.com.pl\/sklep\/wp-json\/wp\/v2\/comments?post=313"}],"wp:featuredmedia":[{"embeddable":true,"href":"https:\/\/shihtzu.com.pl\/sklep\/wp-json\/wp\/v2\/media\/880"}],"wp:attachment":[{"href":"https:\/\/shihtzu.com.pl\/sklep\/wp-json\/wp\/v2\/media?parent=313"}],"wp:term":[{"taxonomy":"product_cat","embeddable":true,"href":"https:\/\/shihtzu.com.pl\/sklep\/wp-json\/wp\/v2\/product_cat?post=313"},{"taxonomy":"product_tag","embeddable":true,"href":"https:\/\/shihtzu.com.pl\/sklep\/wp-json\/wp\/v2\/product_tag?post=313"}],"curies":[{"name":"wp","href":"https:\/\/api.w.org\/{rel}","templated":true}]}}