{"id":27,"date":"2019-02-14T23:02:51","date_gmt":"2019-02-14T22:02:51","guid":{"rendered":"https:\/\/shihtzu.com.pl\/sklep\/?post_type=product&#038;p=27"},"modified":"2023-12-17T15:12:01","modified_gmt":"2023-12-17T14:12:01","slug":"botaniqa-love-me-long-odzywka-250ml","status":"publish","type":"product","link":"https:\/\/shihtzu.com.pl\/sklep\/produkt\/botaniqa-love-me-long-odzywka-250ml\/","title":{"rendered":"Botaniqa Love Me Long od\u017cywka 250ml"},"content":{"rendered":"<h2 style=\"text-align: center;\">BOTANIQA LOVE ME LONG OD\u017bYWKA<\/h2>\n<p>Od\u017cywka <strong>BOTANIQA LOVE ME LONG<\/strong> zosta\u0142a stworzona specjalnie z my\u015bl\u0105 o psach d\u0142ugow\u0142osych. Pomaga utrzyma\u0107 ich sier\u015b\u0107 w \u015bwietnym stanie na dwa sposoby: po pierwsze dog\u0142\u0119bnie od\u017cywia i wzmacnia w\u0142osy dzi\u0119ki idealnie dobranym, naturalnym sk\u0142adnikom. Po drugie, delikatnie otula ka\u017cdy w\u0142os od zewn\u0105trz, zapewniaj\u0105c ochron\u0119 psiej szaty przed negatywnym wp\u0142ywem \u015brodowiska, a przy tym dodaje jej blasku i g\u0142adko\u015bci. W efekcie szata czworonoga nie tylko wygl\u0105da zdrowo i atrakcyjnie, ale jest tak\u017ce o wiele \u0142atwiejsza w utrzymaniu. Przede wszystkim jest du\u017co mniej podatna na powstawanie ko\u0142tun\u00f3w i zmechace\u0144, kt\u00f3re s\u0105 zmor\u0105 ka\u017cdego w\u0142a\u015bciciela shih tzu.<\/p>\n<p>Sk\u0142ad od\u017cywki <strong>BOTANIQA LOVE ME LONG<\/strong> jest wolny od sztucznych barwnik\u00f3w, paraben\u00f3w, siarczan\u00f3w, silikonu, produkt\u00f3w pochodzenia zwierz\u0119cego i pochodnych ropy. Specjalnie opracowana mieszanka wzbogacona o mas\u0142a Cupua\u00e7u i Shea u\u0142atwia rozczesywanie, a tak\u017ce nawil\u017ca i od\u017cywia sk\u00f3r\u0119 psa. Dzi\u0119ki mocno skoncentrowanej formule produkt jest bardzo wydajny.<\/p>\n<p>Aby uzyska\u0107 jak najlepszy efekt, nale\u017cy nak\u0142ada\u0107 od\u017cywk\u0119 rozcie\u0144czon\u0105 w stosunku 1:5 z wod\u0105 na \u015bwie\u017co umyt\u0105, wilgotn\u0105 sier\u015b\u0107, szczeg\u00f3lnie dok\u0142adnie rozprowadzaj\u0105c j\u0105 w miejscach podatnych na powstawanie ko\u0142tun\u00f3w. Po kilku minutach nale\u017cy sp\u0142uka\u0107 produkt ciep\u0142\u0105 wod\u0105. Podczas suszenia w\u0142os\u00f3w warto delikatnie przeczesywa\u0107 je szczotk\u0105, aby po wyschni\u0119ciu by\u0142y jak najprostsze. Najlepsze rezultaty z od\u017cywk\u0105 <strong>BOTANIQA LOVE ME LONG<\/strong> osi\u0105ga si\u0119 stosuj\u0105c tak\u017ce szampon o tej samej nazwie, r\u00f3wnie\u017c dost\u0119pny w naszej ofercie. Taki duet to gwarancja pi\u0119knej, zdrowej psiej szaty bez ko\u0142tun\u00f3w.<\/p>\n<p>Produkt najcz\u0119\u015bciej zamawiany w zestawie z <a href=\"https:\/\/shihtzu.com.pl\/sklep\/produkt\/botaniqa-love-me-long-szampon-dla-shih-tzu-250ml\/\">szamponem Botaniqa<\/a> oraz sprayem na\u00a0 rozczesywanie <a href=\"https:\/\/shihtzu.com.pl\/sklep\/produkt\/botaniqa-tangle-free-spray-na-rozczesywanie-siersci-250ml\/\">Botaniqa Tangle free<\/a><\/p>\n","protected":false},"excerpt":{"rendered":"<p>Od\u017cywka love me long od producenta Botaniqa od\u017cywia wzmacnia i chroni sier\u015b\u0107 psa. Przeznaczona jest dla ps\u00f3w d\u0142ugow\u0142osych.<\/p>\n","protected":false},"featured_media":407,"comment_status":"open","ping_status":"closed","template":"","meta":[],"product_cat":[48],"product_tag":[],"yoast_head":"<!-- This site is optimized with the Yoast SEO plugin v22.0 - https:\/\/yoast.com\/wordpress\/plugins\/seo\/ -->\n<title>Botaniqa Love Me Long od\u017cywka 250ml<\/title>\n<meta name=\"description\" content=\"Od\u017cywka love me long od producenta Botaniqa od\u017cywia wzmacnia i chroni sier\u015b\u0107 psa. Przeznaczona jest dla ps\u00f3w d\u0142ugow\u0142osych.\" \/>\n<meta name=\"robots\" content=\"index, follow, max-snippet:-1, max-image-preview:large, max-video-preview:-1\" \/>\n<link rel=\"canonical\" href=\"https:\/\/shihtzu.com.pl\/sklep\/produkt\/botaniqa-love-me-long-odzywka-250ml\/\" \/>\n<meta property=\"og:locale\" content=\"pl_PL\" \/>\n<meta property=\"og:type\" content=\"article\" \/>\n<meta property=\"og:title\" content=\"BOTANIQA LOVE ME LONG OD\u017bYWKA 250ml dla ps\u00f3w d\u0142ugow\u0142osych\" \/>\n<meta property=\"og:description\" content=\"Od\u017cywka love me long od producenta Botaniqa od\u017cywia wzmacnia i chroni sier\u015b\u0107 psa. Przeznaczona jest dla ps\u00f3w d\u0142ugow\u0142osych.\" \/>\n<meta property=\"og:url\" content=\"https:\/\/shihtzu.com.pl\/sklep\/produkt\/botaniqa-love-me-long-odzywka-250ml\/\" \/>\n<meta property=\"og:site_name\" content=\"Sklep z artyku\u0142ami dla ps\u00f3w shihtzu.com.pl\" \/>\n<meta property=\"article:publisher\" content=\"https:\/\/www.facebook.com\/Shihtzucompl\/\" \/>\n<meta property=\"article:modified_time\" content=\"2023-12-17T14:12:01+00:00\" \/>\n<meta property=\"og:image\" content=\"https:\/\/shihtzu.com.pl\/sklep\/wp-content\/uploads\/2019\/02\/botaniqa-love-me-long-odzywka-250ml-dla-psow-dlugowlosych.jpg\" \/>\n\t<meta property=\"og:image:width\" content=\"543\" \/>\n\t<meta property=\"og:image:height\" content=\"543\" \/>\n\t<meta property=\"og:image:type\" content=\"image\/jpeg\" \/>\n<meta name=\"twitter:card\" content=\"summary_large_image\" \/>\n<meta name=\"twitter:title\" content=\"BOTANIQA LOVE ME LONG OD\u017bYWKA 250ml dla ps\u00f3w d\u0142ugow\u0142osych\" \/>\n<meta name=\"twitter:description\" content=\"Od\u017cywka love me long od producenta Botaniqa od\u017cywia wzmacnia i chroni sier\u015b\u0107 psa. Przeznaczona jest dla ps\u00f3w d\u0142ugow\u0142osych.\" \/>\n<meta name=\"twitter:image\" content=\"https:\/\/shihtzu.com.pl\/sklep\/wp-content\/uploads\/2019\/02\/botaniqa-love-me-long-odzywka-250ml-dla-psow-dlugowlosych.jpg\" \/>\n<meta name=\"twitter:label1\" content=\"Szacowany czas czytania\" \/>\n\t<meta name=\"twitter:data1\" content=\"2 minuty\" \/>\n<script type=\"application\/ld+json\" class=\"yoast-schema-graph\">{\"@context\":\"https:\/\/schema.org\",\"@graph\":[{\"@type\":\"WebPage\",\"@id\":\"https:\/\/shihtzu.com.pl\/sklep\/produkt\/botaniqa-love-me-long-odzywka-250ml\/\",\"url\":\"https:\/\/shihtzu.com.pl\/sklep\/produkt\/botaniqa-love-me-long-odzywka-250ml\/\",\"name\":\"Botaniqa Love Me Long od\u017cywka 250ml\",\"isPartOf\":{\"@id\":\"https:\/\/shihtzu.com.pl\/sklep\/#website\"},\"datePublished\":\"2019-02-14T22:02:51+00:00\",\"dateModified\":\"2023-12-17T14:12:01+00:00\",\"description\":\"Od\u017cywka love me long od producenta Botaniqa od\u017cywia wzmacnia i chroni sier\u015b\u0107 psa. Przeznaczona jest dla ps\u00f3w d\u0142ugow\u0142osych.\",\"breadcrumb\":{\"@id\":\"https:\/\/shihtzu.com.pl\/sklep\/produkt\/botaniqa-love-me-long-odzywka-250ml\/#breadcrumb\"},\"inLanguage\":\"pl-PL\",\"potentialAction\":[{\"@type\":\"ReadAction\",\"target\":[\"https:\/\/shihtzu.com.pl\/sklep\/produkt\/botaniqa-love-me-long-odzywka-250ml\/\"]}]},{\"@type\":\"BreadcrumbList\",\"@id\":\"https:\/\/shihtzu.com.pl\/sklep\/produkt\/botaniqa-love-me-long-odzywka-250ml\/#breadcrumb\",\"itemListElement\":[{\"@type\":\"ListItem\",\"position\":1,\"name\":\"Sklep\",\"item\":\"https:\/\/shihtzu.com.pl\/sklep\/\"},{\"@type\":\"ListItem\",\"position\":2,\"name\":\"Od\u017cywki\",\"item\":\"https:\/\/shihtzu.com.pl\/sklep\/.\/pielegnacja\/\"},{\"@type\":\"ListItem\",\"position\":3,\"name\":\"Botaniqa Love Me Long od\u017cywka 250ml\"}]},{\"@type\":\"WebSite\",\"@id\":\"https:\/\/shihtzu.com.pl\/sklep\/#website\",\"url\":\"https:\/\/shihtzu.com.pl\/sklep\/\",\"name\":\"Sklep z artyku\u0142ami dla ps\u00f3w shihtzu.com.pl\",\"description\":\"Sklep specjalistyczny z artyku\u0142ami pod ras\u0119 Shih tzu. Znajdziesz tu od szampon\u00f3w przeznaczonych dla Shih tzu, przez od\u017cywki a\u017c po zabawki.\",\"publisher\":{\"@id\":\"https:\/\/shihtzu.com.pl\/sklep\/#organization\"},\"potentialAction\":[{\"@type\":\"SearchAction\",\"target\":{\"@type\":\"EntryPoint\",\"urlTemplate\":\"https:\/\/shihtzu.com.pl\/sklep\/?s={search_term_string}\"},\"query-input\":\"required name=search_term_string\"}],\"inLanguage\":\"pl-PL\"},{\"@type\":\"Organization\",\"@id\":\"https:\/\/shihtzu.com.pl\/sklep\/#organization\",\"name\":\"Sklep z artyku\u0142ami dla ps\u00f3w shihtzu.com.pl\",\"url\":\"https:\/\/shihtzu.com.pl\/sklep\/\",\"logo\":{\"@type\":\"ImageObject\",\"inLanguage\":\"pl-PL\",\"@id\":\"https:\/\/shihtzu.com.pl\/sklep\/#\/schema\/logo\/image\/\",\"url\":\"https:\/\/shihtzu.com.pl\/sklep\/wp-content\/uploads\/2020\/10\/cropped-Sklep-dla-shih-tzu-Logo.png\",\"contentUrl\":\"https:\/\/shihtzu.com.pl\/sklep\/wp-content\/uploads\/2020\/10\/cropped-Sklep-dla-shih-tzu-Logo.png\",\"width\":2077,\"height\":519,\"caption\":\"Sklep z artyku\u0142ami dla ps\u00f3w shihtzu.com.pl\"},\"image\":{\"@id\":\"https:\/\/shihtzu.com.pl\/sklep\/#\/schema\/logo\/image\/\"},\"sameAs\":[\"https:\/\/www.facebook.com\/Shihtzucompl\/\",\"https:\/\/www.linkedin.com\/company\/shih-tzu-sklep\/\"]}]}<\/script>\n<!-- \/ Yoast SEO plugin. -->","yoast_head_json":{"title":"Botaniqa Love Me Long od\u017cywka 250ml","description":"Od\u017cywka love me long od producenta Botaniqa od\u017cywia wzmacnia i chroni sier\u015b\u0107 psa. Przeznaczona jest dla ps\u00f3w d\u0142ugow\u0142osych.","robots":{"index":"index","follow":"follow","max-snippet":"max-snippet:-1","max-image-preview":"max-image-preview:large","max-video-preview":"max-video-preview:-1"},"canonical":"https:\/\/shihtzu.com.pl\/sklep\/produkt\/botaniqa-love-me-long-odzywka-250ml\/","og_locale":"pl_PL","og_type":"article","og_title":"BOTANIQA LOVE ME LONG OD\u017bYWKA 250ml dla ps\u00f3w d\u0142ugow\u0142osych","og_description":"Od\u017cywka love me long od producenta Botaniqa od\u017cywia wzmacnia i chroni sier\u015b\u0107 psa. Przeznaczona jest dla ps\u00f3w d\u0142ugow\u0142osych.","og_url":"https:\/\/shihtzu.com.pl\/sklep\/produkt\/botaniqa-love-me-long-odzywka-250ml\/","og_site_name":"Sklep z artyku\u0142ami dla ps\u00f3w shihtzu.com.pl","article_publisher":"https:\/\/www.facebook.com\/Shihtzucompl\/","article_modified_time":"2023-12-17T14:12:01+00:00","og_image":[{"width":543,"height":543,"url":"https:\/\/shihtzu.com.pl\/sklep\/wp-content\/uploads\/2019\/02\/botaniqa-love-me-long-odzywka-250ml-dla-psow-dlugowlosych.jpg","type":"image\/jpeg"}],"twitter_card":"summary_large_image","twitter_title":"BOTANIQA LOVE ME LONG OD\u017bYWKA 250ml dla ps\u00f3w d\u0142ugow\u0142osych","twitter_description":"Od\u017cywka love me long od producenta Botaniqa od\u017cywia wzmacnia i chroni sier\u015b\u0107 psa. Przeznaczona jest dla ps\u00f3w d\u0142ugow\u0142osych.","twitter_image":"https:\/\/shihtzu.com.pl\/sklep\/wp-content\/uploads\/2019\/02\/botaniqa-love-me-long-odzywka-250ml-dla-psow-dlugowlosych.jpg","twitter_misc":{"Szacowany czas czytania":"2 minuty"},"schema":{"@context":"https:\/\/schema.org","@graph":[{"@type":"WebPage","@id":"https:\/\/shihtzu.com.pl\/sklep\/produkt\/botaniqa-love-me-long-odzywka-250ml\/","url":"https:\/\/shihtzu.com.pl\/sklep\/produkt\/botaniqa-love-me-long-odzywka-250ml\/","name":"Botaniqa Love Me Long od\u017cywka 250ml","isPartOf":{"@id":"https:\/\/shihtzu.com.pl\/sklep\/#website"},"datePublished":"2019-02-14T22:02:51+00:00","dateModified":"2023-12-17T14:12:01+00:00","description":"Od\u017cywka love me long od producenta Botaniqa od\u017cywia wzmacnia i chroni sier\u015b\u0107 psa. Przeznaczona jest dla ps\u00f3w d\u0142ugow\u0142osych.","breadcrumb":{"@id":"https:\/\/shihtzu.com.pl\/sklep\/produkt\/botaniqa-love-me-long-odzywka-250ml\/#breadcrumb"},"inLanguage":"pl-PL","potentialAction":[{"@type":"ReadAction","target":["https:\/\/shihtzu.com.pl\/sklep\/produkt\/botaniqa-love-me-long-odzywka-250ml\/"]}]},{"@type":"BreadcrumbList","@id":"https:\/\/shihtzu.com.pl\/sklep\/produkt\/botaniqa-love-me-long-odzywka-250ml\/#breadcrumb","itemListElement":[{"@type":"ListItem","position":1,"name":"Sklep","item":"https:\/\/shihtzu.com.pl\/sklep\/"},{"@type":"ListItem","position":2,"name":"Od\u017cywki","item":"https:\/\/shihtzu.com.pl\/sklep\/.\/pielegnacja\/"},{"@type":"ListItem","position":3,"name":"Botaniqa Love Me Long od\u017cywka 250ml"}]},{"@type":"WebSite","@id":"https:\/\/shihtzu.com.pl\/sklep\/#website","url":"https:\/\/shihtzu.com.pl\/sklep\/","name":"Sklep z artyku\u0142ami dla ps\u00f3w shihtzu.com.pl","description":"Sklep specjalistyczny z artyku\u0142ami pod ras\u0119 Shih tzu. Znajdziesz tu od szampon\u00f3w przeznaczonych dla Shih tzu, przez od\u017cywki a\u017c po zabawki.","publisher":{"@id":"https:\/\/shihtzu.com.pl\/sklep\/#organization"},"potentialAction":[{"@type":"SearchAction","target":{"@type":"EntryPoint","urlTemplate":"https:\/\/shihtzu.com.pl\/sklep\/?s={search_term_string}"},"query-input":"required name=search_term_string"}],"inLanguage":"pl-PL"},{"@type":"Organization","@id":"https:\/\/shihtzu.com.pl\/sklep\/#organization","name":"Sklep z artyku\u0142ami dla ps\u00f3w shihtzu.com.pl","url":"https:\/\/shihtzu.com.pl\/sklep\/","logo":{"@type":"ImageObject","inLanguage":"pl-PL","@id":"https:\/\/shihtzu.com.pl\/sklep\/#\/schema\/logo\/image\/","url":"https:\/\/shihtzu.com.pl\/sklep\/wp-content\/uploads\/2020\/10\/cropped-Sklep-dla-shih-tzu-Logo.png","contentUrl":"https:\/\/shihtzu.com.pl\/sklep\/wp-content\/uploads\/2020\/10\/cropped-Sklep-dla-shih-tzu-Logo.png","width":2077,"height":519,"caption":"Sklep z artyku\u0142ami dla ps\u00f3w shihtzu.com.pl"},"image":{"@id":"https:\/\/shihtzu.com.pl\/sklep\/#\/schema\/logo\/image\/"},"sameAs":["https:\/\/www.facebook.com\/Shihtzucompl\/","https:\/\/www.linkedin.com\/company\/shih-tzu-sklep\/"]}]}},"_links":{"self":[{"href":"https:\/\/shihtzu.com.pl\/sklep\/wp-json\/wp\/v2\/product\/27"}],"collection":[{"href":"https:\/\/shihtzu.com.pl\/sklep\/wp-json\/wp\/v2\/product"}],"about":[{"href":"https:\/\/shihtzu.com.pl\/sklep\/wp-json\/wp\/v2\/types\/product"}],"replies":[{"embeddable":true,"href":"https:\/\/shihtzu.com.pl\/sklep\/wp-json\/wp\/v2\/comments?post=27"}],"wp:featuredmedia":[{"embeddable":true,"href":"https:\/\/shihtzu.com.pl\/sklep\/wp-json\/wp\/v2\/media\/407"}],"wp:attachment":[{"href":"https:\/\/shihtzu.com.pl\/sklep\/wp-json\/wp\/v2\/media?parent=27"}],"wp:term":[{"taxonomy":"product_cat","embeddable":true,"href":"https:\/\/shihtzu.com.pl\/sklep\/wp-json\/wp\/v2\/product_cat?post=27"},{"taxonomy":"product_tag","embeddable":true,"href":"https:\/\/shihtzu.com.pl\/sklep\/wp-json\/wp\/v2\/product_tag?post=27"}],"curies":[{"name":"wp","href":"https:\/\/api.w.org\/{rel}","templated":true}]}}