{"id":254,"date":"2019-02-24T14:29:30","date_gmt":"2019-02-24T13:29:30","guid":{"rendered":"https:\/\/shihtzu.com.pl\/sklep\/?post_type=product&#038;p=254"},"modified":"2023-12-17T16:29:59","modified_gmt":"2023-12-17T15:29:59","slug":"brit-care-karma-brit-szczeniaki-jagniecina-z-ryzem","status":"publish","type":"product","link":"https:\/\/shihtzu.com.pl\/sklep\/produkt\/brit-care-karma-brit-szczeniaki-jagniecina-z-ryzem\/","title":{"rendered":"BRIT Care &#8211; karma Brit szczeniaki hipoalergiczna jagni\u0119cina z ry\u017cem 1 kg"},"content":{"rendered":"<h3 style=\"text-align: center;\">BRIT CARE PUPPY LAMB &amp; RICE<\/h3>\n<p>Pierwsze miesi\u0105ce \u017cycia psa to kluczowy okres, kt\u00f3ry rzutuje na ca\u0142\u0105 jego przysz\u0142o\u015b\u0107. Zadbaj z nami o jak najzdrowszy start swojego ma\u0142ego ulubie\u0144ca, zapewniaj\u0105c mu po\u017cywienie idealnie dopasowane do jego potrzeb. Producenci karmy Brit dwoj\u0105 si\u0119 i troj\u0105, aby wyj\u015b\u0107 naprzeciw oczekiwaniom najbardziej wymagaj\u0105cych w\u0142a\u015bcicieli szczeni\u0105t i m\u0142odych ps\u00f3w. Efektem tych stara\u0144 s\u0105 karmy <strong>BRIT CARE PUPPY<\/strong>, opracowane przez specjalist\u00f3w z my\u015bl\u0105 o ma\u0142ych psich brzuszkach.<\/p>\n<p>W sk\u0142ad pokarmu <strong>BRIT CARE PUPPY LAMB &amp; RICE<\/strong> wchodz\u0105 dok\u0142adnie przebadane, naturalne sk\u0142adniki, a formu\u0142a jest w stu procentach hipoalergiczna, dzi\u0119ki czemu mo\u017cna j\u0105 bezpiecznie podawa\u0107 nawet psom z nietolerancjami pokarmowymi. Dominuj\u0105cym sk\u0142adnikiem jest jagni\u0119cina \u2013 produkt lekkostrawny, a zarazem syc\u0105cy i bogaty w cenne kwasy Omega 3 i 6. Wzorow\u0105 prac\u0119 uk\u0142adu mi\u0119\u015bniowo-szkieletowego wspomaga dodatek ekstraktu z chrz\u0105stki. Zawarta w nim chondroityna pomaga w regeneracji staw\u00f3w, co jest szczeg\u00f3lnie wa\u017cne u ruchliwych, pe\u0142nych energii szczeniak\u00f3w.<\/p>\n<p>Sk\u0142ad karmy bogaty jest tak\u017ce w probiotyki i inulin\u0119, kt\u00f3re reguluj\u0105 prac\u0119 jelit i tym samym u\u0142atwiaj\u0105 przyswajanie sk\u0142adnik\u00f3w od\u017cywczych z pokarmu. Kolejnym plusem formu\u0142y <strong>BRIT CARE PUPPY LAMB &amp; RICE<\/strong> jest obecno\u015b\u0107 ostropestu plamistego, znanego ze swoich w\u0142a\u015bciwo\u015bci przeciwzapalnych i regeneracyjnych, a tak\u017ce naturalne witaminy i minera\u0142y z owoc\u00f3w i zi\u00f3\u0142. Tak dobrane sk\u0142adniki w odpowiednich proporcjach,opracowanych przez specjalist\u00f3w Brit, daj\u0105 gwarancj\u0119 zdrowych i szcz\u0119\u015bliwych szczeni\u0119cych miesi\u0119cy Twojego psa!<\/p>\n","protected":false},"excerpt":{"rendered":"<p>Hipoalergiczna karma Brit Care niezawieraj\u0105ca kurczaka jest idealna dla szczeni\u0105t Shih Tzu nadwra\u017cliwych na ten produkt. Karma zosta\u0142a zrobiona g\u0142\u00f3wnie z jagni\u0119ciny i ry\u017cu.<\/p>\n","protected":false},"featured_media":894,"comment_status":"open","ping_status":"closed","template":"","meta":[],"product_cat":[34,46],"product_tag":[],"yoast_head":"<!-- This site is optimized with the Yoast SEO plugin v22.0 - https:\/\/yoast.com\/wordpress\/plugins\/seo\/ -->\n<title>BRIT CARE - karma Brit szczeniaki Shih Tzu hipoalergiczna<\/title>\n<meta name=\"description\" content=\"BRIT Care - karma Brit dla szczeni\u0105t ps\u00f3w ma\u0142ych ras jak Shih Tzu jest hipoalergiczna, zawiera jagni\u0119cine z ry\u017cem 1 kg (bez kurczaka)\" \/>\n<meta name=\"robots\" content=\"index, follow, max-snippet:-1, max-image-preview:large, max-video-preview:-1\" \/>\n<link rel=\"canonical\" href=\"https:\/\/shihtzu.com.pl\/sklep\/produkt\/brit-care-karma-brit-szczeniaki-jagniecina-z-ryzem\/\" \/>\n<meta property=\"og:locale\" content=\"pl_PL\" \/>\n<meta property=\"og:type\" content=\"article\" \/>\n<meta property=\"og:title\" content=\"BRIT CARE - karma Brit szczeniaki Shih Tzu hipoalergiczna\" \/>\n<meta property=\"og:description\" content=\"BRIT Care - karma Brit dla szczeni\u0105t ps\u00f3w ma\u0142ych ras jak Shih Tzu jest hipoalergiczna, zawiera jagni\u0119cine z ry\u017cem 1 kg (bez kurczaka)\" \/>\n<meta property=\"og:url\" content=\"https:\/\/shihtzu.com.pl\/sklep\/produkt\/brit-care-karma-brit-szczeniaki-jagniecina-z-ryzem\/\" \/>\n<meta property=\"og:site_name\" content=\"Sklep z artyku\u0142ami dla ps\u00f3w shihtzu.com.pl\" \/>\n<meta property=\"article:publisher\" content=\"https:\/\/www.facebook.com\/Shihtzucompl\/\" \/>\n<meta property=\"article:modified_time\" content=\"2023-12-17T15:29:59+00:00\" \/>\n<meta property=\"og:image\" content=\"https:\/\/shihtzu.com.pl\/sklep\/wp-content\/uploads\/2019\/02\/BRIT-CARE-karma-Brit-doros\u0142e-psy-ma\u0142ych-ras-jagni\u0119cina-z-ry\u017cem.jpg\" \/>\n\t<meta property=\"og:image:width\" content=\"500\" \/>\n\t<meta property=\"og:image:height\" content=\"500\" \/>\n\t<meta property=\"og:image:type\" content=\"image\/jpeg\" \/>\n<meta name=\"twitter:card\" content=\"summary_large_image\" \/>\n<meta name=\"twitter:title\" content=\"BRIT CARE - karma Brit szczeniaki Shih Tzu hipoalergiczna\" \/>\n<meta name=\"twitter:description\" content=\"BRIT Care - karma Brit dla szczeni\u0105t ps\u00f3w ma\u0142ych ras jak Shih Tzu jest hipoalergiczna, zawiera jagni\u0119cine z ry\u017cem 1 kg (bez kurczaka)\" \/>\n<meta name=\"twitter:image\" content=\"https:\/\/shihtzu.com.pl\/sklep\/wp-content\/uploads\/2019\/02\/BRIT-CARE-karma-Brit-doros\u0142e-psy-ma\u0142ych-ras-jagni\u0119cina-z-ry\u017cem.jpg\" \/>\n<meta name=\"twitter:label1\" content=\"Szacowany czas czytania\" \/>\n\t<meta name=\"twitter:data1\" content=\"2 minuty\" \/>\n<script type=\"application\/ld+json\" class=\"yoast-schema-graph\">{\"@context\":\"https:\/\/schema.org\",\"@graph\":[{\"@type\":\"WebPage\",\"@id\":\"https:\/\/shihtzu.com.pl\/sklep\/produkt\/brit-care-karma-brit-szczeniaki-jagniecina-z-ryzem\/\",\"url\":\"https:\/\/shihtzu.com.pl\/sklep\/produkt\/brit-care-karma-brit-szczeniaki-jagniecina-z-ryzem\/\",\"name\":\"BRIT CARE - karma Brit szczeniaki Shih Tzu hipoalergiczna\",\"isPartOf\":{\"@id\":\"https:\/\/shihtzu.com.pl\/sklep\/#website\"},\"datePublished\":\"2019-02-24T13:29:30+00:00\",\"dateModified\":\"2023-12-17T15:29:59+00:00\",\"description\":\"BRIT Care - karma Brit dla szczeni\u0105t ps\u00f3w ma\u0142ych ras jak Shih Tzu jest hipoalergiczna, zawiera jagni\u0119cine z ry\u017cem 1 kg (bez kurczaka)\",\"breadcrumb\":{\"@id\":\"https:\/\/shihtzu.com.pl\/sklep\/produkt\/brit-care-karma-brit-szczeniaki-jagniecina-z-ryzem\/#breadcrumb\"},\"inLanguage\":\"pl-PL\",\"potentialAction\":[{\"@type\":\"ReadAction\",\"target\":[\"https:\/\/shihtzu.com.pl\/sklep\/produkt\/brit-care-karma-brit-szczeniaki-jagniecina-z-ryzem\/\"]}]},{\"@type\":\"BreadcrumbList\",\"@id\":\"https:\/\/shihtzu.com.pl\/sklep\/produkt\/brit-care-karma-brit-szczeniaki-jagniecina-z-ryzem\/#breadcrumb\",\"itemListElement\":[{\"@type\":\"ListItem\",\"position\":1,\"name\":\"Sklep\",\"item\":\"https:\/\/shihtzu.com.pl\/sklep\/\"},{\"@type\":\"ListItem\",\"position\":2,\"name\":\"Sucha karma\",\"item\":\"https:\/\/shihtzu.com.pl\/sklep\/.\/sucha-karma\/\"},{\"@type\":\"ListItem\",\"position\":3,\"name\":\"BRIT Care &#8211; karma Brit szczeniaki hipoalergiczna jagni\u0119cina z ry\u017cem 1 kg\"}]},{\"@type\":\"WebSite\",\"@id\":\"https:\/\/shihtzu.com.pl\/sklep\/#website\",\"url\":\"https:\/\/shihtzu.com.pl\/sklep\/\",\"name\":\"Sklep z artyku\u0142ami dla ps\u00f3w shihtzu.com.pl\",\"description\":\"Sklep specjalistyczny z artyku\u0142ami pod ras\u0119 Shih tzu. Znajdziesz tu od szampon\u00f3w przeznaczonych dla Shih tzu, przez od\u017cywki a\u017c po zabawki.\",\"publisher\":{\"@id\":\"https:\/\/shihtzu.com.pl\/sklep\/#organization\"},\"potentialAction\":[{\"@type\":\"SearchAction\",\"target\":{\"@type\":\"EntryPoint\",\"urlTemplate\":\"https:\/\/shihtzu.com.pl\/sklep\/?s={search_term_string}\"},\"query-input\":\"required name=search_term_string\"}],\"inLanguage\":\"pl-PL\"},{\"@type\":\"Organization\",\"@id\":\"https:\/\/shihtzu.com.pl\/sklep\/#organization\",\"name\":\"Sklep z artyku\u0142ami dla ps\u00f3w shihtzu.com.pl\",\"url\":\"https:\/\/shihtzu.com.pl\/sklep\/\",\"logo\":{\"@type\":\"ImageObject\",\"inLanguage\":\"pl-PL\",\"@id\":\"https:\/\/shihtzu.com.pl\/sklep\/#\/schema\/logo\/image\/\",\"url\":\"https:\/\/shihtzu.com.pl\/sklep\/wp-content\/uploads\/2020\/10\/cropped-Sklep-dla-shih-tzu-Logo.png\",\"contentUrl\":\"https:\/\/shihtzu.com.pl\/sklep\/wp-content\/uploads\/2020\/10\/cropped-Sklep-dla-shih-tzu-Logo.png\",\"width\":2077,\"height\":519,\"caption\":\"Sklep z artyku\u0142ami dla ps\u00f3w shihtzu.com.pl\"},\"image\":{\"@id\":\"https:\/\/shihtzu.com.pl\/sklep\/#\/schema\/logo\/image\/\"},\"sameAs\":[\"https:\/\/www.facebook.com\/Shihtzucompl\/\",\"https:\/\/www.linkedin.com\/company\/shih-tzu-sklep\/\"]}]}<\/script>\n<!-- \/ Yoast SEO plugin. -->","yoast_head_json":{"title":"BRIT CARE - karma Brit szczeniaki Shih Tzu hipoalergiczna","description":"BRIT Care - karma Brit dla szczeni\u0105t ps\u00f3w ma\u0142ych ras jak Shih Tzu jest hipoalergiczna, zawiera jagni\u0119cine z ry\u017cem 1 kg (bez kurczaka)","robots":{"index":"index","follow":"follow","max-snippet":"max-snippet:-1","max-image-preview":"max-image-preview:large","max-video-preview":"max-video-preview:-1"},"canonical":"https:\/\/shihtzu.com.pl\/sklep\/produkt\/brit-care-karma-brit-szczeniaki-jagniecina-z-ryzem\/","og_locale":"pl_PL","og_type":"article","og_title":"BRIT CARE - karma Brit szczeniaki Shih Tzu hipoalergiczna","og_description":"BRIT Care - karma Brit dla szczeni\u0105t ps\u00f3w ma\u0142ych ras jak Shih Tzu jest hipoalergiczna, zawiera jagni\u0119cine z ry\u017cem 1 kg (bez kurczaka)","og_url":"https:\/\/shihtzu.com.pl\/sklep\/produkt\/brit-care-karma-brit-szczeniaki-jagniecina-z-ryzem\/","og_site_name":"Sklep z artyku\u0142ami dla ps\u00f3w shihtzu.com.pl","article_publisher":"https:\/\/www.facebook.com\/Shihtzucompl\/","article_modified_time":"2023-12-17T15:29:59+00:00","og_image":[{"width":500,"height":500,"url":"https:\/\/shihtzu.com.pl\/sklep\/wp-content\/uploads\/2019\/02\/BRIT-CARE-karma-Brit-doros\u0142e-psy-ma\u0142ych-ras-jagni\u0119cina-z-ry\u017cem.jpg","type":"image\/jpeg"}],"twitter_card":"summary_large_image","twitter_title":"BRIT CARE - karma Brit szczeniaki Shih Tzu hipoalergiczna","twitter_description":"BRIT Care - karma Brit dla szczeni\u0105t ps\u00f3w ma\u0142ych ras jak Shih Tzu jest hipoalergiczna, zawiera jagni\u0119cine z ry\u017cem 1 kg (bez kurczaka)","twitter_image":"https:\/\/shihtzu.com.pl\/sklep\/wp-content\/uploads\/2019\/02\/BRIT-CARE-karma-Brit-doros\u0142e-psy-ma\u0142ych-ras-jagni\u0119cina-z-ry\u017cem.jpg","twitter_misc":{"Szacowany czas czytania":"2 minuty"},"schema":{"@context":"https:\/\/schema.org","@graph":[{"@type":"WebPage","@id":"https:\/\/shihtzu.com.pl\/sklep\/produkt\/brit-care-karma-brit-szczeniaki-jagniecina-z-ryzem\/","url":"https:\/\/shihtzu.com.pl\/sklep\/produkt\/brit-care-karma-brit-szczeniaki-jagniecina-z-ryzem\/","name":"BRIT CARE - karma Brit szczeniaki Shih Tzu hipoalergiczna","isPartOf":{"@id":"https:\/\/shihtzu.com.pl\/sklep\/#website"},"datePublished":"2019-02-24T13:29:30+00:00","dateModified":"2023-12-17T15:29:59+00:00","description":"BRIT Care - karma Brit dla szczeni\u0105t ps\u00f3w ma\u0142ych ras jak Shih Tzu jest hipoalergiczna, zawiera jagni\u0119cine z ry\u017cem 1 kg (bez kurczaka)","breadcrumb":{"@id":"https:\/\/shihtzu.com.pl\/sklep\/produkt\/brit-care-karma-brit-szczeniaki-jagniecina-z-ryzem\/#breadcrumb"},"inLanguage":"pl-PL","potentialAction":[{"@type":"ReadAction","target":["https:\/\/shihtzu.com.pl\/sklep\/produkt\/brit-care-karma-brit-szczeniaki-jagniecina-z-ryzem\/"]}]},{"@type":"BreadcrumbList","@id":"https:\/\/shihtzu.com.pl\/sklep\/produkt\/brit-care-karma-brit-szczeniaki-jagniecina-z-ryzem\/#breadcrumb","itemListElement":[{"@type":"ListItem","position":1,"name":"Sklep","item":"https:\/\/shihtzu.com.pl\/sklep\/"},{"@type":"ListItem","position":2,"name":"Sucha karma","item":"https:\/\/shihtzu.com.pl\/sklep\/.\/sucha-karma\/"},{"@type":"ListItem","position":3,"name":"BRIT Care &#8211; karma Brit szczeniaki hipoalergiczna jagni\u0119cina z ry\u017cem 1 kg"}]},{"@type":"WebSite","@id":"https:\/\/shihtzu.com.pl\/sklep\/#website","url":"https:\/\/shihtzu.com.pl\/sklep\/","name":"Sklep z artyku\u0142ami dla ps\u00f3w shihtzu.com.pl","description":"Sklep specjalistyczny z artyku\u0142ami pod ras\u0119 Shih tzu. Znajdziesz tu od szampon\u00f3w przeznaczonych dla Shih tzu, przez od\u017cywki a\u017c po zabawki.","publisher":{"@id":"https:\/\/shihtzu.com.pl\/sklep\/#organization"},"potentialAction":[{"@type":"SearchAction","target":{"@type":"EntryPoint","urlTemplate":"https:\/\/shihtzu.com.pl\/sklep\/?s={search_term_string}"},"query-input":"required name=search_term_string"}],"inLanguage":"pl-PL"},{"@type":"Organization","@id":"https:\/\/shihtzu.com.pl\/sklep\/#organization","name":"Sklep z artyku\u0142ami dla ps\u00f3w shihtzu.com.pl","url":"https:\/\/shihtzu.com.pl\/sklep\/","logo":{"@type":"ImageObject","inLanguage":"pl-PL","@id":"https:\/\/shihtzu.com.pl\/sklep\/#\/schema\/logo\/image\/","url":"https:\/\/shihtzu.com.pl\/sklep\/wp-content\/uploads\/2020\/10\/cropped-Sklep-dla-shih-tzu-Logo.png","contentUrl":"https:\/\/shihtzu.com.pl\/sklep\/wp-content\/uploads\/2020\/10\/cropped-Sklep-dla-shih-tzu-Logo.png","width":2077,"height":519,"caption":"Sklep z artyku\u0142ami dla ps\u00f3w shihtzu.com.pl"},"image":{"@id":"https:\/\/shihtzu.com.pl\/sklep\/#\/schema\/logo\/image\/"},"sameAs":["https:\/\/www.facebook.com\/Shihtzucompl\/","https:\/\/www.linkedin.com\/company\/shih-tzu-sklep\/"]}]}},"_links":{"self":[{"href":"https:\/\/shihtzu.com.pl\/sklep\/wp-json\/wp\/v2\/product\/254"}],"collection":[{"href":"https:\/\/shihtzu.com.pl\/sklep\/wp-json\/wp\/v2\/product"}],"about":[{"href":"https:\/\/shihtzu.com.pl\/sklep\/wp-json\/wp\/v2\/types\/product"}],"replies":[{"embeddable":true,"href":"https:\/\/shihtzu.com.pl\/sklep\/wp-json\/wp\/v2\/comments?post=254"}],"wp:featuredmedia":[{"embeddable":true,"href":"https:\/\/shihtzu.com.pl\/sklep\/wp-json\/wp\/v2\/media\/894"}],"wp:attachment":[{"href":"https:\/\/shihtzu.com.pl\/sklep\/wp-json\/wp\/v2\/media?parent=254"}],"wp:term":[{"taxonomy":"product_cat","embeddable":true,"href":"https:\/\/shihtzu.com.pl\/sklep\/wp-json\/wp\/v2\/product_cat?post=254"},{"taxonomy":"product_tag","embeddable":true,"href":"https:\/\/shihtzu.com.pl\/sklep\/wp-json\/wp\/v2\/product_tag?post=254"}],"curies":[{"name":"wp","href":"https:\/\/api.w.org\/{rel}","templated":true}]}}