{"id":239,"date":"2019-02-24T13:28:13","date_gmt":"2019-02-24T12:28:13","guid":{"rendered":"https:\/\/shihtzu.com.pl\/sklep\/?post_type=product&#038;p=239"},"modified":"2023-12-17T16:21:51","modified_gmt":"2023-12-17T15:21:51","slug":"sucha-karma-dorosle-psy-rasy-shih-tzu-royal-canin","status":"publish","type":"product","link":"https:\/\/shihtzu.com.pl\/sklep\/produkt\/sucha-karma-dorosle-psy-rasy-shih-tzu-royal-canin\/","title":{"rendered":"Royal Canin Shih Tzu"},"content":{"rendered":"<h3 style=\"text-align: center;\">ROYAL CANIN SHIH TZU ADULT<\/h3>\n<p>Psy rasy shih tzu ze wzgl\u0119du na swoje bardzo charakterystyczne cechy s\u0105 szczeg\u00f3lnie wymagaj\u0105cymi podopiecznymi. Budowa ich cia\u0142a, sier\u015b\u0107, usposobienie i predyspozycje odr\u00f3\u017cniaj\u0105 je od innych ps\u00f3w na tyle, \u017ce marka Royal Canin opracowa\u0142a receptur\u0119 karmy specjalnie dla nich. Wy\u015brubowane standardy jako\u015bci sk\u0142adnik\u00f3w i idealne proporcje to podstawa ka\u017cdej dobrej psiej karmy. <strong>ROYAL CANIN SHIH TZU<\/strong> spe\u0142nia te warunki, oferuj\u0105c przy tym o wiele wi\u0119cej!<\/p>\n<p>Shih tzu s\u0142yn\u0105 ze swojej pi\u0119knej, d\u0142ugiej i puszystej sier\u015bci. Dzi\u0119ki odpowiedniemu \u017cywieniu mo\u017cna dodatkowo wspom\u00f3c jej zdrowy blask. Zawarte w karmie <strong>ROYAL CANIN SHIH TZU<\/strong> witaminy, minera\u0142y, kwasy Omega-3, a tak\u017ce olej z og\u00f3recznika znacz\u0105co poprawiaj\u0105 wygl\u0105d sier\u015bci oraz og\u00f3ln\u0105 kondycj\u0119 sk\u00f3ry, dzi\u0119ki czemu jest ona mniej podatna na podra\u017cnienia. Pokarm ten wp\u0142ywa tak\u017ce pozytywnie na stan jamy ustnej psa, redukuj\u0105c ilo\u015b\u0107 kamienia naz\u0119bnego. Dodatkowo, specjalnie zaprojektowany kszta\u0142t krokiecik\u00f3w dopasowany jest do charakterystycznej, brachycefalicznej szcz\u0119ki shih tzu. Swoj\u0105 budow\u0105 i tekstur\u0105 kawa\u0142ki karmy zach\u0119caj\u0105 psa do \u017cucia. Du\u017cym plusem jest te\u017c zapach i smak pokarmu, kt\u00f3remu nie mog\u0105 si\u0119 oprze\u0107 nawet najbardziej wybredni psi smakosze!<\/p>\n<p>Sk\u0142adniki karmy <strong>ROYAL CANIN SHIH TZU<\/strong> s\u0105 \u015bwietnie przyswajalne. Oznacza to nie tylko bezpo\u015brednie korzy\u015bci dla zdrowia i kondycji psa, ale tak\u017ce zmniejszenie obj\u0119to\u015bci wydalanych resztek pokarmowych. Posiadacze ps\u00f3w o d\u0142ugiej, puszystej sier\u015bci bardzo sobie ceni\u0105 t\u0119 w\u0142a\u015bnie cech\u0119 pokarmu <strong>ROYAL CANIN SHIH TZU<\/strong>.<\/p>\n<p>Karma ta zalecana jest dla ps\u00f3w powy\u017cej 12 miesi\u0105ca \u017cycia dla ps\u00f3w m\u0142odszych producent zaleca produkt <a href=\"https:\/\/shihtzu.com.pl\/sklep\/produkt\/royal-canin-shih-tzu-junior\/\">Royal Canin Shih Tzu junior<\/a><\/p>\n","protected":false},"excerpt":{"rendered":"<p>Royal Canin Shih Tzu Adult jest karm\u0105 dla doros\u0142ych ps\u00f3w rasy Shih Tzu i zapewnia im w pe\u0142ni zbilansowan\u0105 zdrow\u0105 diet\u0119.<\/p>\n","protected":false},"featured_media":895,"comment_status":"open","ping_status":"closed","template":"","meta":[],"product_cat":[34],"product_tag":[],"yoast_head":"<!-- This site is optimized with the Yoast SEO plugin v22.0 - https:\/\/yoast.com\/wordpress\/plugins\/seo\/ -->\n<title>Royal Canin Shih Tzu Adult - Karma dla doros\u0142ych ps\u00f3w Shih Tzu<\/title>\n<meta name=\"description\" content=\"Royal Canin Shih Tzu Adult jest karm\u0105 dla doros\u0142ych ps\u00f3w rasy Shih Tzu i zapewnia im w pe\u0142ni zbilansowan\u0105 zdrow\u0105 diet\u0119.\" \/>\n<meta name=\"robots\" content=\"index, follow, max-snippet:-1, max-image-preview:large, max-video-preview:-1\" \/>\n<link rel=\"canonical\" href=\"https:\/\/shihtzu.com.pl\/sklep\/produkt\/sucha-karma-dorosle-psy-rasy-shih-tzu-royal-canin\/\" \/>\n<meta property=\"og:locale\" content=\"pl_PL\" \/>\n<meta property=\"og:type\" content=\"article\" \/>\n<meta property=\"og:title\" content=\"Royal Canin Shih Tzu Adult - Karma dla doros\u0142ych ps\u00f3w Shih Tzu\" \/>\n<meta property=\"og:description\" content=\"Royal Canin Shih Tzu Adult jest karm\u0105 dla doros\u0142ych ps\u00f3w rasy Shih Tzu i zapewnia im w pe\u0142ni zbilansowan\u0105 zdrow\u0105 diet\u0119.\" \/>\n<meta property=\"og:url\" content=\"https:\/\/shihtzu.com.pl\/sklep\/produkt\/sucha-karma-dorosle-psy-rasy-shih-tzu-royal-canin\/\" \/>\n<meta property=\"og:site_name\" content=\"Sklep z artyku\u0142ami dla ps\u00f3w shihtzu.com.pl\" \/>\n<meta property=\"article:publisher\" content=\"https:\/\/www.facebook.com\/Shihtzucompl\/\" \/>\n<meta property=\"article:modified_time\" content=\"2023-12-17T15:21:51+00:00\" \/>\n<meta property=\"og:image\" content=\"https:\/\/shihtzu.com.pl\/sklep\/wp-content\/uploads\/2020\/10\/Shih-tzu.png\" \/>\n\t<meta property=\"og:image:width\" content=\"864\" \/>\n\t<meta property=\"og:image:height\" content=\"864\" \/>\n\t<meta property=\"og:image:type\" content=\"image\/png\" \/>\n<meta name=\"twitter:card\" content=\"summary_large_image\" \/>\n<meta name=\"twitter:title\" content=\"Royal Canin Shih Tzu Adult - Karma dla doros\u0142ych ps\u00f3w Shih Tzu\" \/>\n<meta name=\"twitter:description\" content=\"Royal Canin Shih Tzu Adult jest karm\u0105 dla doros\u0142ych ps\u00f3w rasy Shih Tzu i zapewnia im w pe\u0142ni zbilansowan\u0105 zdrow\u0105 diet\u0119.\" \/>\n<meta name=\"twitter:label1\" content=\"Szacowany czas czytania\" \/>\n\t<meta name=\"twitter:data1\" content=\"2 minuty\" \/>\n<script type=\"application\/ld+json\" class=\"yoast-schema-graph\">{\"@context\":\"https:\/\/schema.org\",\"@graph\":[{\"@type\":\"WebPage\",\"@id\":\"https:\/\/shihtzu.com.pl\/sklep\/produkt\/sucha-karma-dorosle-psy-rasy-shih-tzu-royal-canin\/\",\"url\":\"https:\/\/shihtzu.com.pl\/sklep\/produkt\/sucha-karma-dorosle-psy-rasy-shih-tzu-royal-canin\/\",\"name\":\"Royal Canin Shih Tzu Adult - Karma dla doros\u0142ych ps\u00f3w Shih Tzu\",\"isPartOf\":{\"@id\":\"https:\/\/shihtzu.com.pl\/sklep\/#website\"},\"datePublished\":\"2019-02-24T12:28:13+00:00\",\"dateModified\":\"2023-12-17T15:21:51+00:00\",\"description\":\"Royal Canin Shih Tzu Adult jest karm\u0105 dla doros\u0142ych ps\u00f3w rasy Shih Tzu i zapewnia im w pe\u0142ni zbilansowan\u0105 zdrow\u0105 diet\u0119.\",\"breadcrumb\":{\"@id\":\"https:\/\/shihtzu.com.pl\/sklep\/produkt\/sucha-karma-dorosle-psy-rasy-shih-tzu-royal-canin\/#breadcrumb\"},\"inLanguage\":\"pl-PL\",\"potentialAction\":[{\"@type\":\"ReadAction\",\"target\":[\"https:\/\/shihtzu.com.pl\/sklep\/produkt\/sucha-karma-dorosle-psy-rasy-shih-tzu-royal-canin\/\"]}]},{\"@type\":\"BreadcrumbList\",\"@id\":\"https:\/\/shihtzu.com.pl\/sklep\/produkt\/sucha-karma-dorosle-psy-rasy-shih-tzu-royal-canin\/#breadcrumb\",\"itemListElement\":[{\"@type\":\"ListItem\",\"position\":1,\"name\":\"Sklep\",\"item\":\"https:\/\/shihtzu.com.pl\/sklep\/\"},{\"@type\":\"ListItem\",\"position\":2,\"name\":\"Sucha karma\",\"item\":\"https:\/\/shihtzu.com.pl\/sklep\/.\/sucha-karma\/\"},{\"@type\":\"ListItem\",\"position\":3,\"name\":\"Royal Canin Shih Tzu\"}]},{\"@type\":\"WebSite\",\"@id\":\"https:\/\/shihtzu.com.pl\/sklep\/#website\",\"url\":\"https:\/\/shihtzu.com.pl\/sklep\/\",\"name\":\"Sklep z artyku\u0142ami dla ps\u00f3w shihtzu.com.pl\",\"description\":\"Sklep specjalistyczny z artyku\u0142ami pod ras\u0119 Shih tzu. Znajdziesz tu od szampon\u00f3w przeznaczonych dla Shih tzu, przez od\u017cywki a\u017c po zabawki.\",\"publisher\":{\"@id\":\"https:\/\/shihtzu.com.pl\/sklep\/#organization\"},\"potentialAction\":[{\"@type\":\"SearchAction\",\"target\":{\"@type\":\"EntryPoint\",\"urlTemplate\":\"https:\/\/shihtzu.com.pl\/sklep\/?s={search_term_string}\"},\"query-input\":\"required name=search_term_string\"}],\"inLanguage\":\"pl-PL\"},{\"@type\":\"Organization\",\"@id\":\"https:\/\/shihtzu.com.pl\/sklep\/#organization\",\"name\":\"Sklep z artyku\u0142ami dla ps\u00f3w shihtzu.com.pl\",\"url\":\"https:\/\/shihtzu.com.pl\/sklep\/\",\"logo\":{\"@type\":\"ImageObject\",\"inLanguage\":\"pl-PL\",\"@id\":\"https:\/\/shihtzu.com.pl\/sklep\/#\/schema\/logo\/image\/\",\"url\":\"https:\/\/shihtzu.com.pl\/sklep\/wp-content\/uploads\/2020\/10\/cropped-Sklep-dla-shih-tzu-Logo.png\",\"contentUrl\":\"https:\/\/shihtzu.com.pl\/sklep\/wp-content\/uploads\/2020\/10\/cropped-Sklep-dla-shih-tzu-Logo.png\",\"width\":2077,\"height\":519,\"caption\":\"Sklep z artyku\u0142ami dla ps\u00f3w shihtzu.com.pl\"},\"image\":{\"@id\":\"https:\/\/shihtzu.com.pl\/sklep\/#\/schema\/logo\/image\/\"},\"sameAs\":[\"https:\/\/www.facebook.com\/Shihtzucompl\/\",\"https:\/\/www.linkedin.com\/company\/shih-tzu-sklep\/\"]}]}<\/script>\n<!-- \/ Yoast SEO plugin. -->","yoast_head_json":{"title":"Royal Canin Shih Tzu Adult - Karma dla doros\u0142ych ps\u00f3w Shih Tzu","description":"Royal Canin Shih Tzu Adult jest karm\u0105 dla doros\u0142ych ps\u00f3w rasy Shih Tzu i zapewnia im w pe\u0142ni zbilansowan\u0105 zdrow\u0105 diet\u0119.","robots":{"index":"index","follow":"follow","max-snippet":"max-snippet:-1","max-image-preview":"max-image-preview:large","max-video-preview":"max-video-preview:-1"},"canonical":"https:\/\/shihtzu.com.pl\/sklep\/produkt\/sucha-karma-dorosle-psy-rasy-shih-tzu-royal-canin\/","og_locale":"pl_PL","og_type":"article","og_title":"Royal Canin Shih Tzu Adult - Karma dla doros\u0142ych ps\u00f3w Shih Tzu","og_description":"Royal Canin Shih Tzu Adult jest karm\u0105 dla doros\u0142ych ps\u00f3w rasy Shih Tzu i zapewnia im w pe\u0142ni zbilansowan\u0105 zdrow\u0105 diet\u0119.","og_url":"https:\/\/shihtzu.com.pl\/sklep\/produkt\/sucha-karma-dorosle-psy-rasy-shih-tzu-royal-canin\/","og_site_name":"Sklep z artyku\u0142ami dla ps\u00f3w shihtzu.com.pl","article_publisher":"https:\/\/www.facebook.com\/Shihtzucompl\/","article_modified_time":"2023-12-17T15:21:51+00:00","og_image":[{"width":864,"height":864,"url":"https:\/\/shihtzu.com.pl\/sklep\/wp-content\/uploads\/2020\/10\/Shih-tzu.png","type":"image\/png"}],"twitter_card":"summary_large_image","twitter_title":"Royal Canin Shih Tzu Adult - Karma dla doros\u0142ych ps\u00f3w Shih Tzu","twitter_description":"Royal Canin Shih Tzu Adult jest karm\u0105 dla doros\u0142ych ps\u00f3w rasy Shih Tzu i zapewnia im w pe\u0142ni zbilansowan\u0105 zdrow\u0105 diet\u0119.","twitter_misc":{"Szacowany czas czytania":"2 minuty"},"schema":{"@context":"https:\/\/schema.org","@graph":[{"@type":"WebPage","@id":"https:\/\/shihtzu.com.pl\/sklep\/produkt\/sucha-karma-dorosle-psy-rasy-shih-tzu-royal-canin\/","url":"https:\/\/shihtzu.com.pl\/sklep\/produkt\/sucha-karma-dorosle-psy-rasy-shih-tzu-royal-canin\/","name":"Royal Canin Shih Tzu Adult - Karma dla doros\u0142ych ps\u00f3w Shih Tzu","isPartOf":{"@id":"https:\/\/shihtzu.com.pl\/sklep\/#website"},"datePublished":"2019-02-24T12:28:13+00:00","dateModified":"2023-12-17T15:21:51+00:00","description":"Royal Canin Shih Tzu Adult jest karm\u0105 dla doros\u0142ych ps\u00f3w rasy Shih Tzu i zapewnia im w pe\u0142ni zbilansowan\u0105 zdrow\u0105 diet\u0119.","breadcrumb":{"@id":"https:\/\/shihtzu.com.pl\/sklep\/produkt\/sucha-karma-dorosle-psy-rasy-shih-tzu-royal-canin\/#breadcrumb"},"inLanguage":"pl-PL","potentialAction":[{"@type":"ReadAction","target":["https:\/\/shihtzu.com.pl\/sklep\/produkt\/sucha-karma-dorosle-psy-rasy-shih-tzu-royal-canin\/"]}]},{"@type":"BreadcrumbList","@id":"https:\/\/shihtzu.com.pl\/sklep\/produkt\/sucha-karma-dorosle-psy-rasy-shih-tzu-royal-canin\/#breadcrumb","itemListElement":[{"@type":"ListItem","position":1,"name":"Sklep","item":"https:\/\/shihtzu.com.pl\/sklep\/"},{"@type":"ListItem","position":2,"name":"Sucha karma","item":"https:\/\/shihtzu.com.pl\/sklep\/.\/sucha-karma\/"},{"@type":"ListItem","position":3,"name":"Royal Canin Shih Tzu"}]},{"@type":"WebSite","@id":"https:\/\/shihtzu.com.pl\/sklep\/#website","url":"https:\/\/shihtzu.com.pl\/sklep\/","name":"Sklep z artyku\u0142ami dla ps\u00f3w shihtzu.com.pl","description":"Sklep specjalistyczny z artyku\u0142ami pod ras\u0119 Shih tzu. Znajdziesz tu od szampon\u00f3w przeznaczonych dla Shih tzu, przez od\u017cywki a\u017c po zabawki.","publisher":{"@id":"https:\/\/shihtzu.com.pl\/sklep\/#organization"},"potentialAction":[{"@type":"SearchAction","target":{"@type":"EntryPoint","urlTemplate":"https:\/\/shihtzu.com.pl\/sklep\/?s={search_term_string}"},"query-input":"required name=search_term_string"}],"inLanguage":"pl-PL"},{"@type":"Organization","@id":"https:\/\/shihtzu.com.pl\/sklep\/#organization","name":"Sklep z artyku\u0142ami dla ps\u00f3w shihtzu.com.pl","url":"https:\/\/shihtzu.com.pl\/sklep\/","logo":{"@type":"ImageObject","inLanguage":"pl-PL","@id":"https:\/\/shihtzu.com.pl\/sklep\/#\/schema\/logo\/image\/","url":"https:\/\/shihtzu.com.pl\/sklep\/wp-content\/uploads\/2020\/10\/cropped-Sklep-dla-shih-tzu-Logo.png","contentUrl":"https:\/\/shihtzu.com.pl\/sklep\/wp-content\/uploads\/2020\/10\/cropped-Sklep-dla-shih-tzu-Logo.png","width":2077,"height":519,"caption":"Sklep z artyku\u0142ami dla ps\u00f3w shihtzu.com.pl"},"image":{"@id":"https:\/\/shihtzu.com.pl\/sklep\/#\/schema\/logo\/image\/"},"sameAs":["https:\/\/www.facebook.com\/Shihtzucompl\/","https:\/\/www.linkedin.com\/company\/shih-tzu-sklep\/"]}]}},"_links":{"self":[{"href":"https:\/\/shihtzu.com.pl\/sklep\/wp-json\/wp\/v2\/product\/239"}],"collection":[{"href":"https:\/\/shihtzu.com.pl\/sklep\/wp-json\/wp\/v2\/product"}],"about":[{"href":"https:\/\/shihtzu.com.pl\/sklep\/wp-json\/wp\/v2\/types\/product"}],"replies":[{"embeddable":true,"href":"https:\/\/shihtzu.com.pl\/sklep\/wp-json\/wp\/v2\/comments?post=239"}],"wp:featuredmedia":[{"embeddable":true,"href":"https:\/\/shihtzu.com.pl\/sklep\/wp-json\/wp\/v2\/media\/895"}],"wp:attachment":[{"href":"https:\/\/shihtzu.com.pl\/sklep\/wp-json\/wp\/v2\/media?parent=239"}],"wp:term":[{"taxonomy":"product_cat","embeddable":true,"href":"https:\/\/shihtzu.com.pl\/sklep\/wp-json\/wp\/v2\/product_cat?post=239"},{"taxonomy":"product_tag","embeddable":true,"href":"https:\/\/shihtzu.com.pl\/sklep\/wp-json\/wp\/v2\/product_tag?post=239"}],"curies":[{"name":"wp","href":"https:\/\/api.w.org\/{rel}","templated":true}]}}