{"id":23,"date":"2019-02-14T22:42:07","date_gmt":"2019-02-14T21:42:07","guid":{"rendered":"https:\/\/shihtzu.com.pl\/sklep\/?post_type=product&#038;p=23"},"modified":"2023-12-17T16:38:42","modified_gmt":"2023-12-17T15:38:42","slug":"acana-heritage-puppy-small-breed","status":"publish","type":"product","link":"https:\/\/shihtzu.com.pl\/sklep\/produkt\/acana-heritage-puppy-small-breed\/","title":{"rendered":"ACANA Puppy Small Breed (Dla szczeni\u0105t ma\u0142ych ras)"},"content":{"rendered":"<h3 style=\"text-align: center;\">\u00a0\u00a0ACANA HERITAGE PUPPY SMALL BREED<\/h3>\n<p style=\"text-align: center;\">Karma dla szczeniak\u00f3w ma\u0142ych ras.<\/p>\n<p>Czego potrzeba do szcz\u0119\u015bcia szczeniakowi? Zabawy, blisko\u015bci, troski i zapewnienia jak najlepszego startu w doros\u0142e \u017cycie. Podaj\u0105c mu odpowiednio dobrany pokarm, bez problemu dasz sobie rad\u0119 z tym odpowiedzialnym, ale i wdzi\u0119cznym zadaniem. Przegl\u0105daj\u0105c oferty producent\u00f3w r\u00f3\u017cnych karm dla m\u0142odych ps\u00f3w, najlepiej jest zwr\u00f3ci\u0107 uwag\u0119 na sk\u0142ad oferowanego produktu \u2013 jest to tak naprawd\u0119 jedyny miarodajny spos\u00f3b oceny danej karmy. Sk\u0142adniki Acana Heritage Puppy Small Breed m\u00f3wi\u0105 same za siebie \u2013 to jeden z najlepszych produkt\u00f3w dla szczeni\u0105t ma\u0142ych ras, jaki kiedykolwiek stworzono! Produkt ten dostosowany jest dla szczeni\u0105t, dla ps\u00f3w powy\u017cej 12 miesi\u0105ca zalecamy <a href=\"https:\/\/shihtzu.com.pl\/sklep\/produkt\/acana-adult-small-dog-dorosle-psy-malych-ras\/\">Acana Small Breed Adult<\/a>.<\/p>\n<p>Dlaczego? W formule tego pokarmu dominuje to, czym powinien naturalnie \u017cywi\u0107 si\u0119 ka\u017cdy pies \u2013 mi\u0119so. Jest ono niezb\u0119dne, aby szczeniak zdrowo si\u0119 rozwija\u0142. W karmie Acana Heritage Puppy Small Breed\u00a0s\u0105 a\u017c 3 rodzaje sk\u0142adnik\u00f3w zwierz\u0119cych: naturalnie hodowany kurczak z wolnego wybiegu, stornia po\u0142awiana w swoim naturalnym \u015brodowisku z w\u00f3d Pacyfiku oraz \u015bwie\u017ce jaja. Dodatek zi\u00f3\u0142, owoc\u00f3w oraz warzyw z lokalnych kanadyjskich gospodarstw wzbogaca sk\u0142ad o niezb\u0119dne witaminy i minera\u0142y. Du\u017cym plusem formu\u0142y jest brak produkt\u00f3w GMO, sztucznych dodatk\u00f3w oraz glutenu, co na pewno doceni\u0105 czworonogi o wra\u017cliwych brzuszkach.<\/p>\n<p>Zapotrzebowanie na sk\u0142adniki od\u017cywcze jest u m\u0142odych ps\u00f3w inne ni\u017c u doros\u0142ych, dlatego eksperci marki Acana wypracowali proporcje pomi\u0119dzy komponentami ro\u015blinnymi i zwierz\u0119cymi specjalnie dla szczeni\u0105t, k\u0142ad\u0105c nacisk na zdrowy i harmonijny rozw\u00f3j wra\u017cliwego zwierzaka. Z tak kompleksowym od\u017cywianiem Tw\u00f3j szczeniak otrzyma energi\u0119, rado\u015b\u0107 \u017cycia i \u015bwietn\u0105 kondycj\u0119, dzi\u0119ki kt\u00f3rej na swoich ma\u0142ych \u0142apkach b\u0119dzie szed\u0142 przez \u017cycie pewnie i szcz\u0119\u015bliwie!<\/p>\n","protected":false},"excerpt":{"rendered":"<p>ACANA Puppy Small Breed to idealna karma dla szczeni\u0105t Shih Tzu do 12 miesi\u0105ca. Karma zapewni Pa\u0144stwa pupilowi Niezb\u0119dne dla zdrowego wzrostu sk\u0142adniki od\u017cywcze.<\/p>\n","protected":false},"featured_media":902,"comment_status":"open","ping_status":"closed","template":"","meta":[],"product_cat":[34,46],"product_tag":[],"yoast_head":"<!-- This site is optimized with the Yoast SEO plugin v22.0 - https:\/\/yoast.com\/wordpress\/plugins\/seo\/ -->\n<title>ACANA Puppy Small Breed - dla szczeniak\u00f3w Shih Tzu<\/title>\n<meta name=\"description\" content=\"ACANA Puppy Small Breed jest karm\u0105 jeden\u0105 z najlepszych karm dla szczeni\u0105t ma\u0142ych ras, idealnie nadaje si\u0119 dla naszych Shih Tzu do 12 miesi\u0105ca.\" \/>\n<meta name=\"robots\" content=\"index, follow, max-snippet:-1, max-image-preview:large, max-video-preview:-1\" \/>\n<link rel=\"canonical\" href=\"https:\/\/shihtzu.com.pl\/sklep\/produkt\/acana-heritage-puppy-small-breed\/\" \/>\n<meta property=\"og:locale\" content=\"pl_PL\" \/>\n<meta property=\"og:type\" content=\"article\" \/>\n<meta property=\"og:title\" content=\"ACANA Puppy Small Breed - dla szczeniak\u00f3w Shih Tzu\" \/>\n<meta property=\"og:description\" content=\"ACANA Puppy Small Breed jest karm\u0105 jeden\u0105 z najlepszych karm dla szczeni\u0105t ma\u0142ych ras, idealnie nadaje si\u0119 dla naszych Shih Tzu do 12 miesi\u0105ca.\" \/>\n<meta property=\"og:url\" content=\"https:\/\/shihtzu.com.pl\/sklep\/produkt\/acana-heritage-puppy-small-breed\/\" \/>\n<meta property=\"og:site_name\" content=\"Sklep z artyku\u0142ami dla ps\u00f3w shihtzu.com.pl\" \/>\n<meta property=\"article:publisher\" content=\"https:\/\/www.facebook.com\/Shihtzucompl\/\" \/>\n<meta property=\"article:modified_time\" content=\"2023-12-17T15:38:42+00:00\" \/>\n<meta property=\"og:image\" content=\"https:\/\/shihtzu.com.pl\/sklep\/wp-content\/uploads\/2019\/02\/karma-dla-ps\u00f3w-acana-szczeniaki-ma\u0142ych-ras.jpg\" \/>\n\t<meta property=\"og:image:width\" content=\"600\" \/>\n\t<meta property=\"og:image:height\" content=\"600\" \/>\n\t<meta property=\"og:image:type\" content=\"image\/jpeg\" \/>\n<meta name=\"twitter:card\" content=\"summary_large_image\" \/>\n<meta name=\"twitter:title\" content=\"ACANA Puppy Small Breed - dla szczeniak\u00f3w Shih Tzu\" \/>\n<meta name=\"twitter:description\" content=\"ACANA Puppy Small Breed jest karm\u0105 jeden\u0105 z najlepszych karm dla szczeni\u0105t ma\u0142ych ras, idealnie nadaje si\u0119 dla naszych Shih Tzu do 12 miesi\u0105ca.\" \/>\n<meta name=\"twitter:image\" content=\"https:\/\/shihtzu.com.pl\/sklep\/wp-content\/uploads\/2019\/02\/karma-dla-ps\u00f3w-acana-szczeniaki-ma\u0142ych-ras.jpg\" \/>\n<meta name=\"twitter:label1\" content=\"Szacowany czas czytania\" \/>\n\t<meta name=\"twitter:data1\" content=\"2 minuty\" \/>\n<script type=\"application\/ld+json\" class=\"yoast-schema-graph\">{\"@context\":\"https:\/\/schema.org\",\"@graph\":[{\"@type\":\"WebPage\",\"@id\":\"https:\/\/shihtzu.com.pl\/sklep\/produkt\/acana-heritage-puppy-small-breed\/\",\"url\":\"https:\/\/shihtzu.com.pl\/sklep\/produkt\/acana-heritage-puppy-small-breed\/\",\"name\":\"ACANA Puppy Small Breed - dla szczeniak\u00f3w Shih Tzu\",\"isPartOf\":{\"@id\":\"https:\/\/shihtzu.com.pl\/sklep\/#website\"},\"datePublished\":\"2019-02-14T21:42:07+00:00\",\"dateModified\":\"2023-12-17T15:38:42+00:00\",\"description\":\"ACANA Puppy Small Breed jest karm\u0105 jeden\u0105 z najlepszych karm dla szczeni\u0105t ma\u0142ych ras, idealnie nadaje si\u0119 dla naszych Shih Tzu do 12 miesi\u0105ca.\",\"breadcrumb\":{\"@id\":\"https:\/\/shihtzu.com.pl\/sklep\/produkt\/acana-heritage-puppy-small-breed\/#breadcrumb\"},\"inLanguage\":\"pl-PL\",\"potentialAction\":[{\"@type\":\"ReadAction\",\"target\":[\"https:\/\/shihtzu.com.pl\/sklep\/produkt\/acana-heritage-puppy-small-breed\/\"]}]},{\"@type\":\"BreadcrumbList\",\"@id\":\"https:\/\/shihtzu.com.pl\/sklep\/produkt\/acana-heritage-puppy-small-breed\/#breadcrumb\",\"itemListElement\":[{\"@type\":\"ListItem\",\"position\":1,\"name\":\"Sklep\",\"item\":\"https:\/\/shihtzu.com.pl\/sklep\/\"},{\"@type\":\"ListItem\",\"position\":2,\"name\":\"Sucha karma\",\"item\":\"https:\/\/shihtzu.com.pl\/sklep\/.\/sucha-karma\/\"},{\"@type\":\"ListItem\",\"position\":3,\"name\":\"ACANA Puppy Small Breed (Dla szczeni\u0105t ma\u0142ych ras)\"}]},{\"@type\":\"WebSite\",\"@id\":\"https:\/\/shihtzu.com.pl\/sklep\/#website\",\"url\":\"https:\/\/shihtzu.com.pl\/sklep\/\",\"name\":\"Sklep z artyku\u0142ami dla ps\u00f3w shihtzu.com.pl\",\"description\":\"Sklep specjalistyczny z artyku\u0142ami pod ras\u0119 Shih tzu. Znajdziesz tu od szampon\u00f3w przeznaczonych dla Shih tzu, przez od\u017cywki a\u017c po zabawki.\",\"publisher\":{\"@id\":\"https:\/\/shihtzu.com.pl\/sklep\/#organization\"},\"potentialAction\":[{\"@type\":\"SearchAction\",\"target\":{\"@type\":\"EntryPoint\",\"urlTemplate\":\"https:\/\/shihtzu.com.pl\/sklep\/?s={search_term_string}\"},\"query-input\":\"required name=search_term_string\"}],\"inLanguage\":\"pl-PL\"},{\"@type\":\"Organization\",\"@id\":\"https:\/\/shihtzu.com.pl\/sklep\/#organization\",\"name\":\"Sklep z artyku\u0142ami dla ps\u00f3w shihtzu.com.pl\",\"url\":\"https:\/\/shihtzu.com.pl\/sklep\/\",\"logo\":{\"@type\":\"ImageObject\",\"inLanguage\":\"pl-PL\",\"@id\":\"https:\/\/shihtzu.com.pl\/sklep\/#\/schema\/logo\/image\/\",\"url\":\"https:\/\/shihtzu.com.pl\/sklep\/wp-content\/uploads\/2020\/10\/cropped-Sklep-dla-shih-tzu-Logo.png\",\"contentUrl\":\"https:\/\/shihtzu.com.pl\/sklep\/wp-content\/uploads\/2020\/10\/cropped-Sklep-dla-shih-tzu-Logo.png\",\"width\":2077,\"height\":519,\"caption\":\"Sklep z artyku\u0142ami dla ps\u00f3w shihtzu.com.pl\"},\"image\":{\"@id\":\"https:\/\/shihtzu.com.pl\/sklep\/#\/schema\/logo\/image\/\"},\"sameAs\":[\"https:\/\/www.facebook.com\/Shihtzucompl\/\",\"https:\/\/www.linkedin.com\/company\/shih-tzu-sklep\/\"]}]}<\/script>\n<!-- \/ Yoast SEO plugin. -->","yoast_head_json":{"title":"ACANA Puppy Small Breed - dla szczeniak\u00f3w Shih Tzu","description":"ACANA Puppy Small Breed jest karm\u0105 jeden\u0105 z najlepszych karm dla szczeni\u0105t ma\u0142ych ras, idealnie nadaje si\u0119 dla naszych Shih Tzu do 12 miesi\u0105ca.","robots":{"index":"index","follow":"follow","max-snippet":"max-snippet:-1","max-image-preview":"max-image-preview:large","max-video-preview":"max-video-preview:-1"},"canonical":"https:\/\/shihtzu.com.pl\/sklep\/produkt\/acana-heritage-puppy-small-breed\/","og_locale":"pl_PL","og_type":"article","og_title":"ACANA Puppy Small Breed - dla szczeniak\u00f3w Shih Tzu","og_description":"ACANA Puppy Small Breed jest karm\u0105 jeden\u0105 z najlepszych karm dla szczeni\u0105t ma\u0142ych ras, idealnie nadaje si\u0119 dla naszych Shih Tzu do 12 miesi\u0105ca.","og_url":"https:\/\/shihtzu.com.pl\/sklep\/produkt\/acana-heritage-puppy-small-breed\/","og_site_name":"Sklep z artyku\u0142ami dla ps\u00f3w shihtzu.com.pl","article_publisher":"https:\/\/www.facebook.com\/Shihtzucompl\/","article_modified_time":"2023-12-17T15:38:42+00:00","og_image":[{"width":600,"height":600,"url":"https:\/\/shihtzu.com.pl\/sklep\/wp-content\/uploads\/2019\/02\/karma-dla-ps\u00f3w-acana-szczeniaki-ma\u0142ych-ras.jpg","type":"image\/jpeg"}],"twitter_card":"summary_large_image","twitter_title":"ACANA Puppy Small Breed - dla szczeniak\u00f3w Shih Tzu","twitter_description":"ACANA Puppy Small Breed jest karm\u0105 jeden\u0105 z najlepszych karm dla szczeni\u0105t ma\u0142ych ras, idealnie nadaje si\u0119 dla naszych Shih Tzu do 12 miesi\u0105ca.","twitter_image":"https:\/\/shihtzu.com.pl\/sklep\/wp-content\/uploads\/2019\/02\/karma-dla-ps\u00f3w-acana-szczeniaki-ma\u0142ych-ras.jpg","twitter_misc":{"Szacowany czas czytania":"2 minuty"},"schema":{"@context":"https:\/\/schema.org","@graph":[{"@type":"WebPage","@id":"https:\/\/shihtzu.com.pl\/sklep\/produkt\/acana-heritage-puppy-small-breed\/","url":"https:\/\/shihtzu.com.pl\/sklep\/produkt\/acana-heritage-puppy-small-breed\/","name":"ACANA Puppy Small Breed - dla szczeniak\u00f3w Shih Tzu","isPartOf":{"@id":"https:\/\/shihtzu.com.pl\/sklep\/#website"},"datePublished":"2019-02-14T21:42:07+00:00","dateModified":"2023-12-17T15:38:42+00:00","description":"ACANA Puppy Small Breed jest karm\u0105 jeden\u0105 z najlepszych karm dla szczeni\u0105t ma\u0142ych ras, idealnie nadaje si\u0119 dla naszych Shih Tzu do 12 miesi\u0105ca.","breadcrumb":{"@id":"https:\/\/shihtzu.com.pl\/sklep\/produkt\/acana-heritage-puppy-small-breed\/#breadcrumb"},"inLanguage":"pl-PL","potentialAction":[{"@type":"ReadAction","target":["https:\/\/shihtzu.com.pl\/sklep\/produkt\/acana-heritage-puppy-small-breed\/"]}]},{"@type":"BreadcrumbList","@id":"https:\/\/shihtzu.com.pl\/sklep\/produkt\/acana-heritage-puppy-small-breed\/#breadcrumb","itemListElement":[{"@type":"ListItem","position":1,"name":"Sklep","item":"https:\/\/shihtzu.com.pl\/sklep\/"},{"@type":"ListItem","position":2,"name":"Sucha karma","item":"https:\/\/shihtzu.com.pl\/sklep\/.\/sucha-karma\/"},{"@type":"ListItem","position":3,"name":"ACANA Puppy Small Breed (Dla szczeni\u0105t ma\u0142ych ras)"}]},{"@type":"WebSite","@id":"https:\/\/shihtzu.com.pl\/sklep\/#website","url":"https:\/\/shihtzu.com.pl\/sklep\/","name":"Sklep z artyku\u0142ami dla ps\u00f3w shihtzu.com.pl","description":"Sklep specjalistyczny z artyku\u0142ami pod ras\u0119 Shih tzu. Znajdziesz tu od szampon\u00f3w przeznaczonych dla Shih tzu, przez od\u017cywki a\u017c po zabawki.","publisher":{"@id":"https:\/\/shihtzu.com.pl\/sklep\/#organization"},"potentialAction":[{"@type":"SearchAction","target":{"@type":"EntryPoint","urlTemplate":"https:\/\/shihtzu.com.pl\/sklep\/?s={search_term_string}"},"query-input":"required name=search_term_string"}],"inLanguage":"pl-PL"},{"@type":"Organization","@id":"https:\/\/shihtzu.com.pl\/sklep\/#organization","name":"Sklep z artyku\u0142ami dla ps\u00f3w shihtzu.com.pl","url":"https:\/\/shihtzu.com.pl\/sklep\/","logo":{"@type":"ImageObject","inLanguage":"pl-PL","@id":"https:\/\/shihtzu.com.pl\/sklep\/#\/schema\/logo\/image\/","url":"https:\/\/shihtzu.com.pl\/sklep\/wp-content\/uploads\/2020\/10\/cropped-Sklep-dla-shih-tzu-Logo.png","contentUrl":"https:\/\/shihtzu.com.pl\/sklep\/wp-content\/uploads\/2020\/10\/cropped-Sklep-dla-shih-tzu-Logo.png","width":2077,"height":519,"caption":"Sklep z artyku\u0142ami dla ps\u00f3w shihtzu.com.pl"},"image":{"@id":"https:\/\/shihtzu.com.pl\/sklep\/#\/schema\/logo\/image\/"},"sameAs":["https:\/\/www.facebook.com\/Shihtzucompl\/","https:\/\/www.linkedin.com\/company\/shih-tzu-sklep\/"]}]}},"_links":{"self":[{"href":"https:\/\/shihtzu.com.pl\/sklep\/wp-json\/wp\/v2\/product\/23"}],"collection":[{"href":"https:\/\/shihtzu.com.pl\/sklep\/wp-json\/wp\/v2\/product"}],"about":[{"href":"https:\/\/shihtzu.com.pl\/sklep\/wp-json\/wp\/v2\/types\/product"}],"replies":[{"embeddable":true,"href":"https:\/\/shihtzu.com.pl\/sklep\/wp-json\/wp\/v2\/comments?post=23"}],"wp:featuredmedia":[{"embeddable":true,"href":"https:\/\/shihtzu.com.pl\/sklep\/wp-json\/wp\/v2\/media\/902"}],"wp:attachment":[{"href":"https:\/\/shihtzu.com.pl\/sklep\/wp-json\/wp\/v2\/media?parent=23"}],"wp:term":[{"taxonomy":"product_cat","embeddable":true,"href":"https:\/\/shihtzu.com.pl\/sklep\/wp-json\/wp\/v2\/product_cat?post=23"},{"taxonomy":"product_tag","embeddable":true,"href":"https:\/\/shihtzu.com.pl\/sklep\/wp-json\/wp\/v2\/product_tag?post=23"}],"curies":[{"name":"wp","href":"https:\/\/api.w.org\/{rel}","templated":true}]}}