{"id":19,"date":"2019-02-14T22:32:16","date_gmt":"2019-02-14T21:32:16","guid":{"rendered":"https:\/\/shihtzu.com.pl\/sklep\/?post_type=product&#038;p=19"},"modified":"2023-12-17T16:04:17","modified_gmt":"2023-12-17T15:04:17","slug":"acana-adult-small-dog-dorosle-psy-malych-ras","status":"publish","type":"product","link":"https:\/\/shihtzu.com.pl\/sklep\/produkt\/acana-adult-small-dog-dorosle-psy-malych-ras\/","title":{"rendered":"Acana Adult Small Breed (Doros\u0142e psy Shih Tzu)"},"content":{"rendered":"<h3 style=\"text-align: center;\">ACANA (HERITAGE) ADULT SMALL BREED<\/h3>\n<p>Misj\u0105 marki Acana jest zapewnienie wsp\u00f3\u0142czesnym psom takiego pokarmu, jakim \u017cywili si\u0119 ich dzicy przodkowie \u2013 zdrowego, pe\u0142nowarto\u015bciowego i pozbawionego sztucznych dodatk\u00f3w. W tym duchu powsta\u0142a linia karm WHOLEPREY\u2122, do kt\u00f3rych nale\u017cy tak\u017ce <strong>ACANA HERITAGE ADULT SMALL BREED<\/strong>.<\/p>\n<p>Ta specjalistyczna formu\u0142a powsta\u0142a specjalnie z my\u015bl\u0105 o doros\u0142ych psach ma\u0142ych ras (Dla szczeni\u0105t poni\u017cej 12 miesi\u0105ca zalecamy <a href=\"https:\/\/shihtzu.com.pl\/sklep\/produkt\/acana-heritage-puppy-small-breed\/\">Acana Small Breed Puppy<\/a>). Dba\u0142o\u015b\u0107 o jako\u015b\u0107 sk\u0142adnik\u00f3w i ich proporcje oraz restrykcyjna kontrola na ka\u017cdym etapie produkcji to gwarancja, \u017ce Tw\u00f3j pies dostaje to, co najlepsze.<\/p>\n<p>Co takiego znajduje si\u0119 w sk\u0142adzie tej karmy, \u017ce cieszy si\u0119 ona tak wielk\u0105 popularno\u015bci\u0105 na ca\u0142ym \u015bwiecie? Zdecydowan\u0105 przewag\u0119 maj\u0105 sk\u0142adniki zwierz\u0119ce \u2013 jest ich a\u017c 70 procent! I s\u0105 one najlepsze z mo\u017cliwych \u2013 kurczak z wolnego wybiegu wraz z cennymi podrobami, \u015bwie\u017ce jaja z lokalnych kanadyjskich farm oraz mi\u0119so storni, po\u0142awianej z czystych w\u00f3d wok\u00f3\u0142 Vancouver. Tworz\u0105c t\u0119 karm\u0119, nie po\u017ca\u0142owano tak\u017ce \u015bwie\u017cych warzyw, owoc\u00f3w i zi\u00f3\u0142, a wszystko to wolne od GMO, ro\u015blinnych koncentrat\u00f3w bia\u0142kowych i glutenu.<\/p>\n<p>Tak dobrane sk\u0142adniki zapewniaj\u0105 psu pe\u0142n\u0105 gam\u0119 substancji od\u017cywczych, potrzebnych do zdrowego i szcz\u0119\u015bliwego \u017cycia. Podaj\u0105c swojemu czworonogowi w\u0142a\u015bnie t\u0119 karm\u0119 masz pewno\u015b\u0107, \u017ce otrzymuje on dok\u0142adnie to, czego potrzebuje \u2013 nie musisz martwi\u0107 si\u0119 o dope\u0142nianie jego diety innym pokarmem lub suplementami. Zamiast tego wystarczy nasypa\u0107 do miseczki odpowiedni\u0105 porcj\u0119 <strong>ACANA HERITAGE ADULT SMALL BREED<\/strong>, a potem beztrosko cieszy\u0107 si\u0119 towarzystwem swojego najedzonego, zdrowego i szcz\u0119\u015bliwego pupila!<\/p>\n","protected":false},"excerpt":{"rendered":"<p>Acana Adult Small Breed jest karm\u0105 opracowan\u0105 dla doros\u0142ych ps\u00f3w ma\u0142ych ras, takich jak Shih Tzu. Sucha karma od Acana zapewni Twojemu pupilowi zdrowe pe\u0142nowarto\u015bciowe po\u017cywienie.<\/p>\n","protected":false},"featured_media":900,"comment_status":"open","ping_status":"closed","template":"","meta":[],"product_cat":[34],"product_tag":[],"yoast_head":"<!-- This site is optimized with the Yoast SEO plugin v22.0 - https:\/\/yoast.com\/wordpress\/plugins\/seo\/ -->\n<title>Acana Adult Small Breed - Dla dorosych ps\u00f3w Shih Tzu<\/title>\n<meta name=\"description\" content=\"Sucha karma od Acana Adult Small Breed jest pe\u0142arto\u015bciow\u0105 karm\u0105 opracowan\u0105 dla doros\u0142ych ps\u00f3w ma\u0142ych ras, takich jak Shih Tzu.\" \/>\n<meta name=\"robots\" content=\"index, follow, max-snippet:-1, max-image-preview:large, max-video-preview:-1\" \/>\n<link rel=\"canonical\" href=\"https:\/\/shihtzu.com.pl\/sklep\/produkt\/acana-adult-small-dog-dorosle-psy-malych-ras\/\" \/>\n<meta property=\"og:locale\" content=\"pl_PL\" \/>\n<meta property=\"og:type\" content=\"article\" \/>\n<meta property=\"og:title\" content=\"Acana Adult Small Breed - Dla dorosych ps\u00f3w Shih Tzu\" \/>\n<meta property=\"og:description\" content=\"Sucha karma od Acana Adult Small Breed jest pe\u0142arto\u015bciow\u0105 karm\u0105 opracowan\u0105 dla doros\u0142ych ps\u00f3w ma\u0142ych ras, takich jak Shih Tzu.\" \/>\n<meta property=\"og:url\" content=\"https:\/\/shihtzu.com.pl\/sklep\/produkt\/acana-adult-small-dog-dorosle-psy-malych-ras\/\" \/>\n<meta property=\"og:site_name\" content=\"Sklep z artyku\u0142ami dla ps\u00f3w shihtzu.com.pl\" \/>\n<meta property=\"article:publisher\" content=\"https:\/\/www.facebook.com\/Shihtzucompl\/\" \/>\n<meta property=\"article:modified_time\" content=\"2023-12-17T15:04:17+00:00\" \/>\n<meta property=\"og:image\" content=\"https:\/\/shihtzu.com.pl\/sklep\/wp-content\/uploads\/2019\/02\/karma-dla-ps\u00f3w-acana-doros\u0142e-psy-ma\u0142ych-ras.jpg\" \/>\n\t<meta property=\"og:image:width\" content=\"600\" \/>\n\t<meta property=\"og:image:height\" content=\"600\" \/>\n\t<meta property=\"og:image:type\" content=\"image\/jpeg\" \/>\n<meta name=\"twitter:card\" content=\"summary_large_image\" \/>\n<meta name=\"twitter:title\" content=\"Acana Adult Small Breed - Dla dorosych ps\u00f3w Shih Tzu\" \/>\n<meta name=\"twitter:description\" content=\"Sucha karma od Acana Adult Small Breed jest pe\u0142arto\u015bciow\u0105 karm\u0105 opracowan\u0105 dla doros\u0142ych ps\u00f3w ma\u0142ych ras, takich jak Shih Tzu.\" \/>\n<meta name=\"twitter:image\" content=\"https:\/\/shihtzu.com.pl\/sklep\/wp-content\/uploads\/2019\/02\/karma-dla-ps\u00f3w-acana-doros\u0142e-psy-ma\u0142ych-ras.jpg\" \/>\n<meta name=\"twitter:label1\" content=\"Szacowany czas czytania\" \/>\n\t<meta name=\"twitter:data1\" content=\"2 minuty\" \/>\n<script type=\"application\/ld+json\" class=\"yoast-schema-graph\">{\"@context\":\"https:\/\/schema.org\",\"@graph\":[{\"@type\":\"WebPage\",\"@id\":\"https:\/\/shihtzu.com.pl\/sklep\/produkt\/acana-adult-small-dog-dorosle-psy-malych-ras\/\",\"url\":\"https:\/\/shihtzu.com.pl\/sklep\/produkt\/acana-adult-small-dog-dorosle-psy-malych-ras\/\",\"name\":\"Acana Adult Small Breed - Dla dorosych ps\u00f3w Shih Tzu\",\"isPartOf\":{\"@id\":\"https:\/\/shihtzu.com.pl\/sklep\/#website\"},\"datePublished\":\"2019-02-14T21:32:16+00:00\",\"dateModified\":\"2023-12-17T15:04:17+00:00\",\"description\":\"Sucha karma od Acana Adult Small Breed jest pe\u0142arto\u015bciow\u0105 karm\u0105 opracowan\u0105 dla doros\u0142ych ps\u00f3w ma\u0142ych ras, takich jak Shih Tzu.\",\"breadcrumb\":{\"@id\":\"https:\/\/shihtzu.com.pl\/sklep\/produkt\/acana-adult-small-dog-dorosle-psy-malych-ras\/#breadcrumb\"},\"inLanguage\":\"pl-PL\",\"potentialAction\":[{\"@type\":\"ReadAction\",\"target\":[\"https:\/\/shihtzu.com.pl\/sklep\/produkt\/acana-adult-small-dog-dorosle-psy-malych-ras\/\"]}]},{\"@type\":\"BreadcrumbList\",\"@id\":\"https:\/\/shihtzu.com.pl\/sklep\/produkt\/acana-adult-small-dog-dorosle-psy-malych-ras\/#breadcrumb\",\"itemListElement\":[{\"@type\":\"ListItem\",\"position\":1,\"name\":\"Sklep\",\"item\":\"https:\/\/shihtzu.com.pl\/sklep\/\"},{\"@type\":\"ListItem\",\"position\":2,\"name\":\"Sucha karma\",\"item\":\"https:\/\/shihtzu.com.pl\/sklep\/.\/sucha-karma\/\"},{\"@type\":\"ListItem\",\"position\":3,\"name\":\"Acana Adult Small Breed (Doros\u0142e psy Shih Tzu)\"}]},{\"@type\":\"WebSite\",\"@id\":\"https:\/\/shihtzu.com.pl\/sklep\/#website\",\"url\":\"https:\/\/shihtzu.com.pl\/sklep\/\",\"name\":\"Sklep z artyku\u0142ami dla ps\u00f3w shihtzu.com.pl\",\"description\":\"Sklep specjalistyczny z artyku\u0142ami pod ras\u0119 Shih tzu. Znajdziesz tu od szampon\u00f3w przeznaczonych dla Shih tzu, przez od\u017cywki a\u017c po zabawki.\",\"publisher\":{\"@id\":\"https:\/\/shihtzu.com.pl\/sklep\/#organization\"},\"potentialAction\":[{\"@type\":\"SearchAction\",\"target\":{\"@type\":\"EntryPoint\",\"urlTemplate\":\"https:\/\/shihtzu.com.pl\/sklep\/?s={search_term_string}\"},\"query-input\":\"required name=search_term_string\"}],\"inLanguage\":\"pl-PL\"},{\"@type\":\"Organization\",\"@id\":\"https:\/\/shihtzu.com.pl\/sklep\/#organization\",\"name\":\"Sklep z artyku\u0142ami dla ps\u00f3w shihtzu.com.pl\",\"url\":\"https:\/\/shihtzu.com.pl\/sklep\/\",\"logo\":{\"@type\":\"ImageObject\",\"inLanguage\":\"pl-PL\",\"@id\":\"https:\/\/shihtzu.com.pl\/sklep\/#\/schema\/logo\/image\/\",\"url\":\"https:\/\/shihtzu.com.pl\/sklep\/wp-content\/uploads\/2020\/10\/cropped-Sklep-dla-shih-tzu-Logo.png\",\"contentUrl\":\"https:\/\/shihtzu.com.pl\/sklep\/wp-content\/uploads\/2020\/10\/cropped-Sklep-dla-shih-tzu-Logo.png\",\"width\":2077,\"height\":519,\"caption\":\"Sklep z artyku\u0142ami dla ps\u00f3w shihtzu.com.pl\"},\"image\":{\"@id\":\"https:\/\/shihtzu.com.pl\/sklep\/#\/schema\/logo\/image\/\"},\"sameAs\":[\"https:\/\/www.facebook.com\/Shihtzucompl\/\",\"https:\/\/www.linkedin.com\/company\/shih-tzu-sklep\/\"]}]}<\/script>\n<!-- \/ Yoast SEO plugin. -->","yoast_head_json":{"title":"Acana Adult Small Breed - Dla dorosych ps\u00f3w Shih Tzu","description":"Sucha karma od Acana Adult Small Breed jest pe\u0142arto\u015bciow\u0105 karm\u0105 opracowan\u0105 dla doros\u0142ych ps\u00f3w ma\u0142ych ras, takich jak Shih Tzu.","robots":{"index":"index","follow":"follow","max-snippet":"max-snippet:-1","max-image-preview":"max-image-preview:large","max-video-preview":"max-video-preview:-1"},"canonical":"https:\/\/shihtzu.com.pl\/sklep\/produkt\/acana-adult-small-dog-dorosle-psy-malych-ras\/","og_locale":"pl_PL","og_type":"article","og_title":"Acana Adult Small Breed - Dla dorosych ps\u00f3w Shih Tzu","og_description":"Sucha karma od Acana Adult Small Breed jest pe\u0142arto\u015bciow\u0105 karm\u0105 opracowan\u0105 dla doros\u0142ych ps\u00f3w ma\u0142ych ras, takich jak Shih Tzu.","og_url":"https:\/\/shihtzu.com.pl\/sklep\/produkt\/acana-adult-small-dog-dorosle-psy-malych-ras\/","og_site_name":"Sklep z artyku\u0142ami dla ps\u00f3w shihtzu.com.pl","article_publisher":"https:\/\/www.facebook.com\/Shihtzucompl\/","article_modified_time":"2023-12-17T15:04:17+00:00","og_image":[{"width":600,"height":600,"url":"https:\/\/shihtzu.com.pl\/sklep\/wp-content\/uploads\/2019\/02\/karma-dla-ps\u00f3w-acana-doros\u0142e-psy-ma\u0142ych-ras.jpg","type":"image\/jpeg"}],"twitter_card":"summary_large_image","twitter_title":"Acana Adult Small Breed - Dla dorosych ps\u00f3w Shih Tzu","twitter_description":"Sucha karma od Acana Adult Small Breed jest pe\u0142arto\u015bciow\u0105 karm\u0105 opracowan\u0105 dla doros\u0142ych ps\u00f3w ma\u0142ych ras, takich jak Shih Tzu.","twitter_image":"https:\/\/shihtzu.com.pl\/sklep\/wp-content\/uploads\/2019\/02\/karma-dla-ps\u00f3w-acana-doros\u0142e-psy-ma\u0142ych-ras.jpg","twitter_misc":{"Szacowany czas czytania":"2 minuty"},"schema":{"@context":"https:\/\/schema.org","@graph":[{"@type":"WebPage","@id":"https:\/\/shihtzu.com.pl\/sklep\/produkt\/acana-adult-small-dog-dorosle-psy-malych-ras\/","url":"https:\/\/shihtzu.com.pl\/sklep\/produkt\/acana-adult-small-dog-dorosle-psy-malych-ras\/","name":"Acana Adult Small Breed - Dla dorosych ps\u00f3w Shih Tzu","isPartOf":{"@id":"https:\/\/shihtzu.com.pl\/sklep\/#website"},"datePublished":"2019-02-14T21:32:16+00:00","dateModified":"2023-12-17T15:04:17+00:00","description":"Sucha karma od Acana Adult Small Breed jest pe\u0142arto\u015bciow\u0105 karm\u0105 opracowan\u0105 dla doros\u0142ych ps\u00f3w ma\u0142ych ras, takich jak Shih Tzu.","breadcrumb":{"@id":"https:\/\/shihtzu.com.pl\/sklep\/produkt\/acana-adult-small-dog-dorosle-psy-malych-ras\/#breadcrumb"},"inLanguage":"pl-PL","potentialAction":[{"@type":"ReadAction","target":["https:\/\/shihtzu.com.pl\/sklep\/produkt\/acana-adult-small-dog-dorosle-psy-malych-ras\/"]}]},{"@type":"BreadcrumbList","@id":"https:\/\/shihtzu.com.pl\/sklep\/produkt\/acana-adult-small-dog-dorosle-psy-malych-ras\/#breadcrumb","itemListElement":[{"@type":"ListItem","position":1,"name":"Sklep","item":"https:\/\/shihtzu.com.pl\/sklep\/"},{"@type":"ListItem","position":2,"name":"Sucha karma","item":"https:\/\/shihtzu.com.pl\/sklep\/.\/sucha-karma\/"},{"@type":"ListItem","position":3,"name":"Acana Adult Small Breed (Doros\u0142e psy Shih Tzu)"}]},{"@type":"WebSite","@id":"https:\/\/shihtzu.com.pl\/sklep\/#website","url":"https:\/\/shihtzu.com.pl\/sklep\/","name":"Sklep z artyku\u0142ami dla ps\u00f3w shihtzu.com.pl","description":"Sklep specjalistyczny z artyku\u0142ami pod ras\u0119 Shih tzu. Znajdziesz tu od szampon\u00f3w przeznaczonych dla Shih tzu, przez od\u017cywki a\u017c po zabawki.","publisher":{"@id":"https:\/\/shihtzu.com.pl\/sklep\/#organization"},"potentialAction":[{"@type":"SearchAction","target":{"@type":"EntryPoint","urlTemplate":"https:\/\/shihtzu.com.pl\/sklep\/?s={search_term_string}"},"query-input":"required name=search_term_string"}],"inLanguage":"pl-PL"},{"@type":"Organization","@id":"https:\/\/shihtzu.com.pl\/sklep\/#organization","name":"Sklep z artyku\u0142ami dla ps\u00f3w shihtzu.com.pl","url":"https:\/\/shihtzu.com.pl\/sklep\/","logo":{"@type":"ImageObject","inLanguage":"pl-PL","@id":"https:\/\/shihtzu.com.pl\/sklep\/#\/schema\/logo\/image\/","url":"https:\/\/shihtzu.com.pl\/sklep\/wp-content\/uploads\/2020\/10\/cropped-Sklep-dla-shih-tzu-Logo.png","contentUrl":"https:\/\/shihtzu.com.pl\/sklep\/wp-content\/uploads\/2020\/10\/cropped-Sklep-dla-shih-tzu-Logo.png","width":2077,"height":519,"caption":"Sklep z artyku\u0142ami dla ps\u00f3w shihtzu.com.pl"},"image":{"@id":"https:\/\/shihtzu.com.pl\/sklep\/#\/schema\/logo\/image\/"},"sameAs":["https:\/\/www.facebook.com\/Shihtzucompl\/","https:\/\/www.linkedin.com\/company\/shih-tzu-sklep\/"]}]}},"_links":{"self":[{"href":"https:\/\/shihtzu.com.pl\/sklep\/wp-json\/wp\/v2\/product\/19"}],"collection":[{"href":"https:\/\/shihtzu.com.pl\/sklep\/wp-json\/wp\/v2\/product"}],"about":[{"href":"https:\/\/shihtzu.com.pl\/sklep\/wp-json\/wp\/v2\/types\/product"}],"replies":[{"embeddable":true,"href":"https:\/\/shihtzu.com.pl\/sklep\/wp-json\/wp\/v2\/comments?post=19"}],"wp:featuredmedia":[{"embeddable":true,"href":"https:\/\/shihtzu.com.pl\/sklep\/wp-json\/wp\/v2\/media\/900"}],"wp:attachment":[{"href":"https:\/\/shihtzu.com.pl\/sklep\/wp-json\/wp\/v2\/media?parent=19"}],"wp:term":[{"taxonomy":"product_cat","embeddable":true,"href":"https:\/\/shihtzu.com.pl\/sklep\/wp-json\/wp\/v2\/product_cat?post=19"},{"taxonomy":"product_tag","embeddable":true,"href":"https:\/\/shihtzu.com.pl\/sklep\/wp-json\/wp\/v2\/product_tag?post=19"}],"curies":[{"name":"wp","href":"https:\/\/api.w.org\/{rel}","templated":true}]}}