{"id":330,"date":"2019-02-26T17:34:01","date_gmt":"2019-02-26T16:34:01","guid":{"rendered":"https:\/\/shihtzu.com.pl\/sklep\/?page_id=330"},"modified":"2019-05-13T17:17:13","modified_gmt":"2019-05-13T15:17:13","slug":"smycze","status":"publish","type":"page","link":"https:\/\/shihtzu.com.pl\/sklep\/smycze\/","title":{"rendered":"Smycze dla Shih Tzu"},"content":{"rendered":"<section class=\"fw-main-row \"  >\n\t<div class=\"fw-container\">\n\t\t<div class=\"fw-row\">\n\t<div class=\"fw-col-xs-12\">\n\t<p>Kiedy w domu ma pojawi\u0107 si\u0119 nowy, czworono\u017cny lokator, staramy si\u0119 nale\u017cycie przygotowa\u0107 na jego przyj\u0119cie. Podstawow\u0105 spraw\u0105 jest skompletowanie psiej wyprawki, w kt\u00f3rej jedn\u0105 z wa\u017cniejszych rzeczy jest smycz. Ka\u017cdy pies potrzebuje spacer\u00f3w, dlatego smycz b\u0119dzie przydawa\u0107 si\u0119 ju\u017c od pierwszego dnia po zakupie szczeniaka, i to nawet kilka razy dziennie.<\/p><\/div>\n<\/div>\n\n<div class=\"fw-row\">\n\t<div class=\"fw-col-xs-12\">\n\t<p><div class=\"woocommerce columns-4 \"><ul class=\"products columns-4\">\n<li class=\"product type-product post-309 status-publish first instock product_cat-smycze has-post-thumbnail taxable shipping-taxable product-type-external\">\n\t<a href=\"https:\/\/shihtzu.com.pl\/sklep\/produkt\/chaba-smycz-linka-regulowana-6mm-x-130-220cm-czarna\/\" class=\"woocommerce-LoopProduct-link woocommerce-loop-product__link\"><img decoding=\"async\" width=\"300\" height=\"300\" src=\"https:\/\/shihtzu.com.pl\/sklep\/wp-content\/uploads\/2019\/02\/CHABA-Smycz-linka-regulowana-czarna-300x300.jpg\" class=\"attachment-woocommerce_thumbnail size-woocommerce_thumbnail\" alt=\"\" srcset=\"https:\/\/shihtzu.com.pl\/sklep\/wp-content\/uploads\/2019\/02\/CHABA-Smycz-linka-regulowana-czarna-300x300.jpg 300w, https:\/\/shihtzu.com.pl\/sklep\/wp-content\/uploads\/2019\/02\/CHABA-Smycz-linka-regulowana-czarna-150x150.jpg 150w, https:\/\/shihtzu.com.pl\/sklep\/wp-content\/uploads\/2019\/02\/CHABA-Smycz-linka-regulowana-czarna-400x400.jpg 400w, https:\/\/shihtzu.com.pl\/sklep\/wp-content\/uploads\/2019\/02\/CHABA-Smycz-linka-regulowana-czarna-100x100.jpg 100w, https:\/\/shihtzu.com.pl\/sklep\/wp-content\/uploads\/2019\/02\/CHABA-Smycz-linka-regulowana-czarna.jpg 499w\" sizes=\"(max-width: 300px) 100vw, 300px\" \/><h2 class=\"woocommerce-loop-product__title\">CHABA Smycz linka regulowana &#8211; 6mm x 130\/220cm czarna<\/h2>\n\t<span class=\"price\"><span class=\"woocommerce-Price-amount amount\"><bdi>15,00&nbsp;<span class=\"woocommerce-Price-currencySymbol\">&#122;&#322;<\/span><\/bdi><\/span><\/span>\n<\/a><a href=\"https:\/\/clk.tradedoubler.com\/click?p=288386&#038;a=3337772&#038;url=https%3A%2F%2Fallegro.pl%2Flisting%3Fstring%3Dsmycz%2520dla%2520psa\" data-quantity=\"1\" class=\"button product_type_external\" data-product_id=\"309\" data-product_sku=\"2074\" aria-label=\"Sprawd\u017a najlepsze ceny\" aria-describedby=\"\" rel=\"nofollow\">Sprawd\u017a najlepsze ceny<\/a><\/li>\n<li class=\"product type-product post-313 status-publish instock product_cat-smycze has-post-thumbnail taxable shipping-taxable product-type-external\">\n\t<a href=\"https:\/\/shihtzu.com.pl\/sklep\/produkt\/chaba-smycz-tasma-10mm-czarna\/\" class=\"woocommerce-LoopProduct-link woocommerce-loop-product__link\"><img decoding=\"async\" width=\"300\" height=\"300\" src=\"https:\/\/shihtzu.com.pl\/sklep\/wp-content\/uploads\/2019\/02\/CHABA-Smycz-tasma-300x300.jpg\" class=\"attachment-woocommerce_thumbnail size-woocommerce_thumbnail\" alt=\"\" srcset=\"https:\/\/shihtzu.com.pl\/sklep\/wp-content\/uploads\/2019\/02\/CHABA-Smycz-tasma-300x300.jpg 300w, https:\/\/shihtzu.com.pl\/sklep\/wp-content\/uploads\/2019\/02\/CHABA-Smycz-tasma-150x150.jpg 150w, https:\/\/shihtzu.com.pl\/sklep\/wp-content\/uploads\/2019\/02\/CHABA-Smycz-tasma-400x400.jpg 400w, https:\/\/shihtzu.com.pl\/sklep\/wp-content\/uploads\/2019\/02\/CHABA-Smycz-tasma-100x100.jpg 100w, https:\/\/shihtzu.com.pl\/sklep\/wp-content\/uploads\/2019\/02\/CHABA-Smycz-tasma.jpg 520w\" sizes=\"(max-width: 300px) 100vw, 300px\" \/><h2 class=\"woocommerce-loop-product__title\">CHABA Smycz ta\u015bma &#8211; 10mm czarna<\/h2>\n\t<span class=\"price\"><span class=\"woocommerce-Price-amount amount\"><bdi>8,00&nbsp;<span class=\"woocommerce-Price-currencySymbol\">&#122;&#322;<\/span><\/bdi><\/span><\/span>\n<\/a><a href=\"https:\/\/clk.tradedoubler.com\/click?p=288386&#038;a=3337772&#038;url=https%3A%2F%2Fallegro.pl%2Flisting%3Fstring%3Dsmycz%2520dla%2520psa\" data-quantity=\"1\" class=\"button product_type_external\" data-product_id=\"313\" data-product_sku=\"2082\" aria-label=\"Sprawd\u017a najlepsze ceny\" aria-describedby=\"\" rel=\"nofollow\">Sprawd\u017a najlepsze ceny<\/a><\/li>\n<li class=\"product type-product post-315 status-publish instock product_cat-smycze has-post-thumbnail taxable shipping-taxable product-type-external\">\n\t<a href=\"https:\/\/shihtzu.com.pl\/sklep\/produkt\/chaba-smycz-tasma-10mm-khaki\/\" class=\"woocommerce-LoopProduct-link woocommerce-loop-product__link\"><img decoding=\"async\" width=\"300\" height=\"300\" src=\"https:\/\/shihtzu.com.pl\/sklep\/wp-content\/uploads\/2019\/02\/CHABA-Smycz-tasma-khaki-300x300.jpg\" class=\"attachment-woocommerce_thumbnail size-woocommerce_thumbnail\" alt=\"CHABA-Smycz-tasma-khaki\" srcset=\"https:\/\/shihtzu.com.pl\/sklep\/wp-content\/uploads\/2019\/02\/CHABA-Smycz-tasma-khaki-300x300.jpg 300w, https:\/\/shihtzu.com.pl\/sklep\/wp-content\/uploads\/2019\/02\/CHABA-Smycz-tasma-khaki-150x150.jpg 150w, https:\/\/shihtzu.com.pl\/sklep\/wp-content\/uploads\/2019\/02\/CHABA-Smycz-tasma-khaki-400x400.jpg 400w, https:\/\/shihtzu.com.pl\/sklep\/wp-content\/uploads\/2019\/02\/CHABA-Smycz-tasma-khaki-100x100.jpg 100w, https:\/\/shihtzu.com.pl\/sklep\/wp-content\/uploads\/2019\/02\/CHABA-Smycz-tasma-khaki.jpg 520w\" sizes=\"(max-width: 300px) 100vw, 300px\" \/><h2 class=\"woocommerce-loop-product__title\">CHABA Smycz ta\u015bma &#8211; 10mm khaki<\/h2>\n\t<span class=\"price\"><span class=\"woocommerce-Price-amount amount\"><bdi>8,00&nbsp;<span class=\"woocommerce-Price-currencySymbol\">&#122;&#322;<\/span><\/bdi><\/span><\/span>\n<\/a><a href=\"https:\/\/clk.tradedoubler.com\/click?p=288386&#038;a=3337772&#038;url=https%3A%2F%2Fallegro.pl%2Flisting%3Fstring%3Dsmycz%2520dla%2520psa\" data-quantity=\"1\" class=\"button product_type_external\" data-product_id=\"315\" data-product_sku=\"2083\" aria-label=\"Sprawd\u017a najlepsze ceny\" aria-describedby=\"\" rel=\"nofollow\">Sprawd\u017a najlepsze ceny<\/a><\/li>\n<li class=\"product type-product post-318 status-publish last instock product_cat-smycze has-post-thumbnail taxable shipping-taxable product-type-external\">\n\t<a href=\"https:\/\/shihtzu.com.pl\/sklep\/produkt\/chaba-smycz-tasma-10mm-niebieska\/\" class=\"woocommerce-LoopProduct-link woocommerce-loop-product__link\"><img decoding=\"async\" width=\"300\" height=\"300\" src=\"https:\/\/shihtzu.com.pl\/sklep\/wp-content\/uploads\/2019\/02\/CHABA-Smycz-tasma-niebieska-300x300.jpg\" class=\"attachment-woocommerce_thumbnail size-woocommerce_thumbnail\" alt=\"\" srcset=\"https:\/\/shihtzu.com.pl\/sklep\/wp-content\/uploads\/2019\/02\/CHABA-Smycz-tasma-niebieska-300x300.jpg 300w, https:\/\/shihtzu.com.pl\/sklep\/wp-content\/uploads\/2019\/02\/CHABA-Smycz-tasma-niebieska-150x150.jpg 150w, https:\/\/shihtzu.com.pl\/sklep\/wp-content\/uploads\/2019\/02\/CHABA-Smycz-tasma-niebieska-400x400.jpg 400w, https:\/\/shihtzu.com.pl\/sklep\/wp-content\/uploads\/2019\/02\/CHABA-Smycz-tasma-niebieska-100x100.jpg 100w, https:\/\/shihtzu.com.pl\/sklep\/wp-content\/uploads\/2019\/02\/CHABA-Smycz-tasma-niebieska.jpg 499w\" sizes=\"(max-width: 300px) 100vw, 300px\" \/><h2 class=\"woocommerce-loop-product__title\">CHABA Smycz ta\u015bma &#8211; 10mm niebieska<\/h2>\n\t<span class=\"price\"><span class=\"woocommerce-Price-amount amount\"><bdi>8,00&nbsp;<span class=\"woocommerce-Price-currencySymbol\">&#122;&#322;<\/span><\/bdi><\/span><\/span>\n<\/a><a href=\"https:\/\/clk.tradedoubler.com\/click?p=288386&#038;a=3337772&#038;url=https%3A%2F%2Fallegro.pl%2Flisting%3Fstring%3Dsmycz%2520dla%2520psa\" data-quantity=\"1\" class=\"button product_type_external\" data-product_id=\"318\" data-product_sku=\"2081\" aria-label=\"Sprawd\u017a najlepsze ceny\" aria-describedby=\"\" rel=\"nofollow\">Sprawd\u017a najlepsze ceny<\/a><\/li>\n<li class=\"product type-product post-320 status-publish first instock product_cat-smycze has-post-thumbnail taxable shipping-taxable product-type-external\">\n\t<a href=\"https:\/\/shihtzu.com.pl\/sklep\/produkt\/chaba-smycz-tasma-16mm-khaki\/\" class=\"woocommerce-LoopProduct-link woocommerce-loop-product__link\"><img decoding=\"async\" width=\"300\" height=\"300\" src=\"https:\/\/shihtzu.com.pl\/sklep\/wp-content\/uploads\/2019\/02\/CHABA-Smycz-tasma-khaki-300x300.jpg\" class=\"attachment-woocommerce_thumbnail size-woocommerce_thumbnail\" alt=\"CHABA-Smycz-tasma-khaki\" srcset=\"https:\/\/shihtzu.com.pl\/sklep\/wp-content\/uploads\/2019\/02\/CHABA-Smycz-tasma-khaki-300x300.jpg 300w, https:\/\/shihtzu.com.pl\/sklep\/wp-content\/uploads\/2019\/02\/CHABA-Smycz-tasma-khaki-150x150.jpg 150w, https:\/\/shihtzu.com.pl\/sklep\/wp-content\/uploads\/2019\/02\/CHABA-Smycz-tasma-khaki-400x400.jpg 400w, https:\/\/shihtzu.com.pl\/sklep\/wp-content\/uploads\/2019\/02\/CHABA-Smycz-tasma-khaki-100x100.jpg 100w, https:\/\/shihtzu.com.pl\/sklep\/wp-content\/uploads\/2019\/02\/CHABA-Smycz-tasma-khaki.jpg 520w\" sizes=\"(max-width: 300px) 100vw, 300px\" \/><h2 class=\"woocommerce-loop-product__title\">CHABA Smycz ta\u015bma &#8211; 16mm khaki<\/h2>\n\t<span class=\"price\"><span class=\"woocommerce-Price-amount amount\"><bdi>9,50&nbsp;<span class=\"woocommerce-Price-currencySymbol\">&#122;&#322;<\/span><\/bdi><\/span><\/span>\n<\/a><a href=\"https:\/\/clk.tradedoubler.com\/click?p=288386&#038;a=3337772&#038;url=https%3A%2F%2Fallegro.pl%2Flisting%3Fstring%3Dsmycz%2520dla%2520psa\" data-quantity=\"1\" class=\"button product_type_external\" data-product_id=\"320\" data-product_sku=\"2028\" aria-label=\"Sprawd\u017a najlepsze ceny\" aria-describedby=\"\" rel=\"nofollow\">Sprawd\u017a najlepsze ceny<\/a><\/li>\n<li class=\"product type-product post-321 status-publish instock product_cat-smycze has-post-thumbnail taxable shipping-taxable product-type-external\">\n\t<a href=\"https:\/\/shihtzu.com.pl\/sklep\/produkt\/chaba-smycz-tasma-20mm-czarna\/\" class=\"woocommerce-LoopProduct-link woocommerce-loop-product__link\"><img decoding=\"async\" width=\"300\" height=\"300\" src=\"https:\/\/shihtzu.com.pl\/sklep\/wp-content\/uploads\/2019\/02\/CHABA-Smycz-tasma-20mm-czarna-300x300.jpg\" class=\"attachment-woocommerce_thumbnail size-woocommerce_thumbnail\" alt=\"\" srcset=\"https:\/\/shihtzu.com.pl\/sklep\/wp-content\/uploads\/2019\/02\/CHABA-Smycz-tasma-20mm-czarna-300x300.jpg 300w, https:\/\/shihtzu.com.pl\/sklep\/wp-content\/uploads\/2019\/02\/CHABA-Smycz-tasma-20mm-czarna-150x150.jpg 150w, https:\/\/shihtzu.com.pl\/sklep\/wp-content\/uploads\/2019\/02\/CHABA-Smycz-tasma-20mm-czarna-400x400.jpg 400w, https:\/\/shihtzu.com.pl\/sklep\/wp-content\/uploads\/2019\/02\/CHABA-Smycz-tasma-20mm-czarna-100x100.jpg 100w, https:\/\/shihtzu.com.pl\/sklep\/wp-content\/uploads\/2019\/02\/CHABA-Smycz-tasma-20mm-czarna.jpg 520w\" sizes=\"(max-width: 300px) 100vw, 300px\" \/><h2 class=\"woocommerce-loop-product__title\">CHABA Smycz ta\u015bma &#8211; 20mm czarna<\/h2>\n\t<span class=\"price\"><span class=\"woocommerce-Price-amount amount\"><bdi>11,00&nbsp;<span class=\"woocommerce-Price-currencySymbol\">&#122;&#322;<\/span><\/bdi><\/span><\/span>\n<\/a><a href=\"https:\/\/clk.tradedoubler.com\/click?p=288386&#038;a=3337772&#038;url=https%3A%2F%2Fallegro.pl%2Flisting%3Fstring%3Dsmycz%2520dla%2520psa\" data-quantity=\"1\" class=\"button product_type_external\" data-product_id=\"321\" data-product_sku=\"2033\" aria-label=\"Sprawd\u017a najlepsze ceny\" aria-describedby=\"\" rel=\"nofollow\">Sprawd\u017a najlepsze ceny<\/a><\/li>\n<li class=\"product type-product post-311 status-publish instock product_cat-smycze has-post-thumbnail taxable shipping-taxable product-type-external\">\n\t<a href=\"https:\/\/shihtzu.com.pl\/sklep\/produkt\/chaba-smycz-tasma-regulowana-16-czarna-w-czerwone-lapki\/\" class=\"woocommerce-LoopProduct-link woocommerce-loop-product__link\"><img decoding=\"async\" width=\"300\" height=\"300\" src=\"https:\/\/shihtzu.com.pl\/sklep\/wp-content\/uploads\/2019\/02\/CHABA-Smycz-tasma-regulowana-czarna-w-czerwone-lapki-300x300.jpg\" class=\"attachment-woocommerce_thumbnail size-woocommerce_thumbnail\" alt=\"\" srcset=\"https:\/\/shihtzu.com.pl\/sklep\/wp-content\/uploads\/2019\/02\/CHABA-Smycz-tasma-regulowana-czarna-w-czerwone-lapki-300x300.jpg 300w, https:\/\/shihtzu.com.pl\/sklep\/wp-content\/uploads\/2019\/02\/CHABA-Smycz-tasma-regulowana-czarna-w-czerwone-lapki-150x150.jpg 150w, https:\/\/shihtzu.com.pl\/sklep\/wp-content\/uploads\/2019\/02\/CHABA-Smycz-tasma-regulowana-czarna-w-czerwone-lapki-400x400.jpg 400w, https:\/\/shihtzu.com.pl\/sklep\/wp-content\/uploads\/2019\/02\/CHABA-Smycz-tasma-regulowana-czarna-w-czerwone-lapki-100x100.jpg 100w, https:\/\/shihtzu.com.pl\/sklep\/wp-content\/uploads\/2019\/02\/CHABA-Smycz-tasma-regulowana-czarna-w-czerwone-lapki.jpg 500w\" sizes=\"(max-width: 300px) 100vw, 300px\" \/><h2 class=\"woocommerce-loop-product__title\">CHABA Smycz ta\u015bma regulowana 16 czarna w czerwone \u0142apki<\/h2>\n\t<span class=\"price\"><span class=\"woocommerce-Price-amount amount\"><bdi>23,00&nbsp;<span class=\"woocommerce-Price-currencySymbol\">&#122;&#322;<\/span><\/bdi><\/span><\/span>\n<\/a><a href=\"https:\/\/clk.tradedoubler.com\/click?p=288386&#038;a=3337772&#038;url=https%3A%2F%2Fallegro.pl%2Flisting%3Fstring%3Dsmycz%2520dla%2520psa\" data-quantity=\"1\" class=\"button product_type_external\" data-product_id=\"311\" data-product_sku=\"13658\" aria-label=\"Sprawd\u017a najlepsze ceny\" aria-describedby=\"\" rel=\"nofollow\">Sprawd\u017a najlepsze ceny<\/a><\/li>\n<\/ul>\n<\/div><\/p><\/div>\n<\/div>\n\n<div class=\"fw-row\">\n\t<div class=\"fw-col-xs-12\">\n\t<p>Shih tzu to pieski o szczeg\u00f3lnych potrzebach. Dotyczy to nie tylko ich wymagaj\u0105cego w\u0142osia i wra\u017cliwego uk\u0142adu pokarmowego. Nawet tak pozornie zwyczajna rzecz jak smycz powinna by\u0107 dobrana specjalnie pod k\u0105tem tej rasy. Trzeba mie\u0107 na uwadze, \u017ce shih tzu to pieski \u017cwawe i ciekawe \u015bwiata, zw\u0142aszcza w okresie szczeni\u0119cym. Mo\u017ce to oznacza\u0107 szarpanie si\u0119 na smyczy podczas spacer\u00f3w. Dop\u00f3ki szczeniak nie nauczy si\u0119 prawid\u0142owo chodzi\u0107 przy w\u0142a\u015bcicielu, lepiej jest wyprowadza\u0107 go na smyczy nieautomatycznej. Jej prostota i wytrzyma\u0142o\u015b\u0107 nawet najcie\u0144szych modeli zapewni szczeniakowi w\u0142a\u015bciw\u0105 nauk\u0119 zachowania si\u0119 podczas spacer\u00f3w. Dost\u0119pne w naszej ofercie klasyczne smycze Chaba zosta\u0142y dobrane do rasy shih tzu pod k\u0105tem grubo\u015bci \u2013 s\u0105 cienkie i do\u015b\u0107 mi\u0119kkie. Zbyt masywna, sztywna smycz przy tak drobnym zwierz\u0105tku by\u0142aby ma\u0142o funkcjonalna, do tego wygl\u0105da\u0142aby nieproporcjonalnie i po prostu brzydko. Smycze Chaba w naszym sklepie s\u0105 dost\u0119pne w kilku wariantach kolorystycznych i r\u00f3\u017cnych grubo\u015bciach, a d\u0142ugo\u015b\u0107 niekt\u00f3rych modeli mo\u017ce by\u0107 regulowana, aby jeszcze lepiej dostosowa\u0107 ca\u0142o\u015b\u0107 do potrzeb psa i w\u0142a\u015bciciela.<\/p><p>\u00a0\u00a0\u00a0\u00a0\u00a0\u00a0\u00a0\u00a0\u00a0\u00a0\u00a0\u00a0\u00a0\u00a0\u00a0 Zwierz\u0119ciu, kt\u00f3re jest ju\u017c starsze i przestaje szarpa\u0107 si\u0119 na smyczy, mo\u017cna sprawi\u0107 smycz automatyczn\u0105. Dynamiczna regulacja d\u0142ugo\u015bci do kilku metr\u00f3w to wi\u0119kszy komfort dla w\u0142a\u015bciciela, kt\u00f3ry nie musi si\u0119 tyle \u201enachodzi\u0107\u201d za psem oraz du\u017ca swoboda i rado\u015b\u0107 dla czworonoga, kt\u00f3ry ma szans\u0119 pobiega\u0107 bez konieczno\u015bci spuszczania go ze smyczy i nara\u017cania na niebezpiecze\u0144stwo zgubienia lub kradzie\u017cy. Dla shih tzu polecamy znane i cenione od lat smycze Flexi o subtelnych wymiarach i mi\u0142ej dla oka szacie graficznej, kt\u00f3r\u0105 mo\u017cna dobra\u0107 do charakteru psa lub w\u0142asnych upodoba\u0144.<\/p><\/div>\n<\/div>\n\n\t<\/div>\n<\/section>\n\n","protected":false},"excerpt":{"rendered":"<p>Kiedy w domu ma pojawi\u0107 si\u0119 nowy, czworono\u017cny lokator, staramy si\u0119 nale\u017cycie przygotowa\u0107 na jego przyj\u0119cie. Podstawow\u0105 spraw\u0105 jest skompletowanie&hellip;<\/p>\n","protected":false},"author":1,"featured_media":0,"parent":0,"menu_order":0,"comment_status":"closed","ping_status":"closed","template":"","meta":{"footnotes":""},"yoast_head":"<!-- This site is optimized with the Yoast SEO plugin v22.0 - https:\/\/yoast.com\/wordpress\/plugins\/seo\/ -->\n<title>Smycze dla Shih Tzu - Sklep z artyku\u0142ami dla ps\u00f3w shihtzu.com.pl<\/title>\n<meta name=\"description\" content=\"Smycze dla Shih tzu czy potrzebujesz smyczy klasycznej czy automatycznej w naszym sklepie napewno znajdziesz to co Ci\u0119 interesuje.\" \/>\n<meta name=\"robots\" content=\"index, follow, max-snippet:-1, max-image-preview:large, max-video-preview:-1\" \/>\n<link rel=\"canonical\" href=\"https:\/\/shihtzu.com.pl\/sklep\/smycze\/\" \/>\n<meta property=\"og:locale\" content=\"pl_PL\" \/>\n<meta property=\"og:type\" content=\"article\" \/>\n<meta property=\"og:title\" content=\"Smycze dla Shih Tzu - Sklep z artyku\u0142ami dla Shih Tzu\" \/>\n<meta property=\"og:description\" content=\"Smycze dla Shih tzu czy potrzebujesz smyczy klasycznej czy automatycznej w naszym sklepie napewno znajdziesz to co Ci\u0119 interesuje.\" \/>\n<meta property=\"og:url\" content=\"https:\/\/shihtzu.com.pl\/sklep\/smycze\/\" \/>\n<meta property=\"og:site_name\" content=\"Sklep z artyku\u0142ami dla ps\u00f3w shihtzu.com.pl\" \/>\n<meta property=\"article:publisher\" content=\"https:\/\/www.facebook.com\/Shihtzucompl\/\" \/>\n<meta property=\"article:modified_time\" content=\"2019-05-13T15:17:13+00:00\" \/>\n<meta property=\"og:image\" content=\"https:\/\/shihtzu.com.pl\/sklep\/wp-content\/uploads\/2019\/02\/CHABA-Smycz-ta\u015bma-ozdobna-10mm-x-130cm-czarna.jpg\" \/>\n\t<meta property=\"og:image:width\" content=\"500\" \/>\n\t<meta property=\"og:image:height\" content=\"500\" \/>\n\t<meta property=\"og:image:type\" content=\"image\/jpeg\" \/>\n<meta name=\"twitter:card\" content=\"summary_large_image\" \/>\n<meta name=\"twitter:title\" content=\"Smycze dla Shih Tzu - Sklep z artyku\u0142ami dla Shih Tzu\" \/>\n<meta name=\"twitter:description\" content=\"Smycze dla Shih tzu czy potrzebujesz smyczy klasycznej czy automatycznej w naszym sklepie napewno znajdziesz to co Ci\u0119 interesuje.\" \/>\n<meta name=\"twitter:image\" content=\"https:\/\/shihtzu.com.pl\/sklep\/wp-content\/uploads\/2019\/02\/CHABA-Smycz-linka-regulowana-czarna.jpg\" \/>\n<meta name=\"twitter:label1\" content=\"Szacowany czas czytania\" \/>\n\t<meta name=\"twitter:data1\" content=\"2 minuty\" \/>\n<script type=\"application\/ld+json\" class=\"yoast-schema-graph\">{\"@context\":\"https:\/\/schema.org\",\"@graph\":[{\"@type\":\"WebPage\",\"@id\":\"https:\/\/shihtzu.com.pl\/sklep\/smycze\/\",\"url\":\"https:\/\/shihtzu.com.pl\/sklep\/smycze\/\",\"name\":\"Smycze dla Shih Tzu - Sklep z artyku\u0142ami dla ps\u00f3w shihtzu.com.pl\",\"isPartOf\":{\"@id\":\"https:\/\/shihtzu.com.pl\/sklep\/#website\"},\"datePublished\":\"2019-02-26T16:34:01+00:00\",\"dateModified\":\"2019-05-13T15:17:13+00:00\",\"description\":\"Smycze dla Shih tzu czy potrzebujesz smyczy klasycznej czy automatycznej w naszym sklepie napewno znajdziesz to co Ci\u0119 interesuje.\",\"inLanguage\":\"pl-PL\",\"potentialAction\":[{\"@type\":\"ReadAction\",\"target\":[\"https:\/\/shihtzu.com.pl\/sklep\/smycze\/\"]}]},{\"@type\":\"WebSite\",\"@id\":\"https:\/\/shihtzu.com.pl\/sklep\/#website\",\"url\":\"https:\/\/shihtzu.com.pl\/sklep\/\",\"name\":\"Sklep z artyku\u0142ami dla ps\u00f3w shihtzu.com.pl\",\"description\":\"Sklep specjalistyczny z artyku\u0142ami pod ras\u0119 Shih tzu. Znajdziesz tu od szampon\u00f3w przeznaczonych dla Shih tzu, przez od\u017cywki a\u017c po zabawki.\",\"publisher\":{\"@id\":\"https:\/\/shihtzu.com.pl\/sklep\/#organization\"},\"potentialAction\":[{\"@type\":\"SearchAction\",\"target\":{\"@type\":\"EntryPoint\",\"urlTemplate\":\"https:\/\/shihtzu.com.pl\/sklep\/?s={search_term_string}\"},\"query-input\":\"required name=search_term_string\"}],\"inLanguage\":\"pl-PL\"},{\"@type\":\"Organization\",\"@id\":\"https:\/\/shihtzu.com.pl\/sklep\/#organization\",\"name\":\"Sklep z artyku\u0142ami dla ps\u00f3w shihtzu.com.pl\",\"url\":\"https:\/\/shihtzu.com.pl\/sklep\/\",\"logo\":{\"@type\":\"ImageObject\",\"inLanguage\":\"pl-PL\",\"@id\":\"https:\/\/shihtzu.com.pl\/sklep\/#\/schema\/logo\/image\/\",\"url\":\"https:\/\/shihtzu.com.pl\/sklep\/wp-content\/uploads\/2020\/10\/cropped-Sklep-dla-shih-tzu-Logo.png\",\"contentUrl\":\"https:\/\/shihtzu.com.pl\/sklep\/wp-content\/uploads\/2020\/10\/cropped-Sklep-dla-shih-tzu-Logo.png\",\"width\":2077,\"height\":519,\"caption\":\"Sklep z artyku\u0142ami dla ps\u00f3w shihtzu.com.pl\"},\"image\":{\"@id\":\"https:\/\/shihtzu.com.pl\/sklep\/#\/schema\/logo\/image\/\"},\"sameAs\":[\"https:\/\/www.facebook.com\/Shihtzucompl\/\",\"https:\/\/www.linkedin.com\/company\/shih-tzu-sklep\/\"]}]}<\/script>\n<!-- \/ Yoast SEO plugin. -->","yoast_head_json":{"title":"Smycze dla Shih Tzu - Sklep z artyku\u0142ami dla ps\u00f3w shihtzu.com.pl","description":"Smycze dla Shih tzu czy potrzebujesz smyczy klasycznej czy automatycznej w naszym sklepie napewno znajdziesz to co Ci\u0119 interesuje.","robots":{"index":"index","follow":"follow","max-snippet":"max-snippet:-1","max-image-preview":"max-image-preview:large","max-video-preview":"max-video-preview:-1"},"canonical":"https:\/\/shihtzu.com.pl\/sklep\/smycze\/","og_locale":"pl_PL","og_type":"article","og_title":"Smycze dla Shih Tzu - Sklep z artyku\u0142ami dla Shih Tzu","og_description":"Smycze dla Shih tzu czy potrzebujesz smyczy klasycznej czy automatycznej w naszym sklepie napewno znajdziesz to co Ci\u0119 interesuje.","og_url":"https:\/\/shihtzu.com.pl\/sklep\/smycze\/","og_site_name":"Sklep z artyku\u0142ami dla ps\u00f3w shihtzu.com.pl","article_publisher":"https:\/\/www.facebook.com\/Shihtzucompl\/","article_modified_time":"2019-05-13T15:17:13+00:00","og_image":[{"width":500,"height":500,"url":"https:\/\/shihtzu.com.pl\/sklep\/wp-content\/uploads\/2019\/02\/CHABA-Smycz-ta\u015bma-ozdobna-10mm-x-130cm-czarna.jpg","type":"image\/jpeg"}],"twitter_card":"summary_large_image","twitter_title":"Smycze dla Shih Tzu - Sklep z artyku\u0142ami dla Shih Tzu","twitter_description":"Smycze dla Shih tzu czy potrzebujesz smyczy klasycznej czy automatycznej w naszym sklepie napewno znajdziesz to co Ci\u0119 interesuje.","twitter_image":"https:\/\/shihtzu.com.pl\/sklep\/wp-content\/uploads\/2019\/02\/CHABA-Smycz-linka-regulowana-czarna.jpg","twitter_misc":{"Szacowany czas czytania":"2 minuty"},"schema":{"@context":"https:\/\/schema.org","@graph":[{"@type":"WebPage","@id":"https:\/\/shihtzu.com.pl\/sklep\/smycze\/","url":"https:\/\/shihtzu.com.pl\/sklep\/smycze\/","name":"Smycze dla Shih Tzu - Sklep z artyku\u0142ami dla ps\u00f3w shihtzu.com.pl","isPartOf":{"@id":"https:\/\/shihtzu.com.pl\/sklep\/#website"},"datePublished":"2019-02-26T16:34:01+00:00","dateModified":"2019-05-13T15:17:13+00:00","description":"Smycze dla Shih tzu czy potrzebujesz smyczy klasycznej czy automatycznej w naszym sklepie napewno znajdziesz to co Ci\u0119 interesuje.","inLanguage":"pl-PL","potentialAction":[{"@type":"ReadAction","target":["https:\/\/shihtzu.com.pl\/sklep\/smycze\/"]}]},{"@type":"WebSite","@id":"https:\/\/shihtzu.com.pl\/sklep\/#website","url":"https:\/\/shihtzu.com.pl\/sklep\/","name":"Sklep z artyku\u0142ami dla ps\u00f3w shihtzu.com.pl","description":"Sklep specjalistyczny z artyku\u0142ami pod ras\u0119 Shih tzu. Znajdziesz tu od szampon\u00f3w przeznaczonych dla Shih tzu, przez od\u017cywki a\u017c po zabawki.","publisher":{"@id":"https:\/\/shihtzu.com.pl\/sklep\/#organization"},"potentialAction":[{"@type":"SearchAction","target":{"@type":"EntryPoint","urlTemplate":"https:\/\/shihtzu.com.pl\/sklep\/?s={search_term_string}"},"query-input":"required name=search_term_string"}],"inLanguage":"pl-PL"},{"@type":"Organization","@id":"https:\/\/shihtzu.com.pl\/sklep\/#organization","name":"Sklep z artyku\u0142ami dla ps\u00f3w shihtzu.com.pl","url":"https:\/\/shihtzu.com.pl\/sklep\/","logo":{"@type":"ImageObject","inLanguage":"pl-PL","@id":"https:\/\/shihtzu.com.pl\/sklep\/#\/schema\/logo\/image\/","url":"https:\/\/shihtzu.com.pl\/sklep\/wp-content\/uploads\/2020\/10\/cropped-Sklep-dla-shih-tzu-Logo.png","contentUrl":"https:\/\/shihtzu.com.pl\/sklep\/wp-content\/uploads\/2020\/10\/cropped-Sklep-dla-shih-tzu-Logo.png","width":2077,"height":519,"caption":"Sklep z artyku\u0142ami dla ps\u00f3w shihtzu.com.pl"},"image":{"@id":"https:\/\/shihtzu.com.pl\/sklep\/#\/schema\/logo\/image\/"},"sameAs":["https:\/\/www.facebook.com\/Shihtzucompl\/","https:\/\/www.linkedin.com\/company\/shih-tzu-sklep\/"]}]}},"_links":{"self":[{"href":"https:\/\/shihtzu.com.pl\/sklep\/wp-json\/wp\/v2\/pages\/330"}],"collection":[{"href":"https:\/\/shihtzu.com.pl\/sklep\/wp-json\/wp\/v2\/pages"}],"about":[{"href":"https:\/\/shihtzu.com.pl\/sklep\/wp-json\/wp\/v2\/types\/page"}],"author":[{"embeddable":true,"href":"https:\/\/shihtzu.com.pl\/sklep\/wp-json\/wp\/v2\/users\/1"}],"replies":[{"embeddable":true,"href":"https:\/\/shihtzu.com.pl\/sklep\/wp-json\/wp\/v2\/comments?post=330"}],"version-history":[{"count":0,"href":"https:\/\/shihtzu.com.pl\/sklep\/wp-json\/wp\/v2\/pages\/330\/revisions"}],"wp:attachment":[{"href":"https:\/\/shihtzu.com.pl\/sklep\/wp-json\/wp\/v2\/media?parent=330"}],"curies":[{"name":"wp","href":"https:\/\/api.w.org\/{rel}","templated":true}]}}