{"id":201,"date":"2019-02-22T20:30:47","date_gmt":"2019-02-22T19:30:47","guid":{"rendered":"https:\/\/shihtzu.com.pl\/sklep\/?page_id=201"},"modified":"2023-11-29T02:09:44","modified_gmt":"2023-11-29T01:09:44","slug":"pielegnacja","status":"publish","type":"page","link":"https:\/\/shihtzu.com.pl\/sklep\/pielegnacja\/","title":{"rendered":"Piel\u0119gnacja"},"content":{"rendered":"<p>Piel\u0119gnacja w\u0142osia tak cennego jak u shih tzu to prawdziwe wyzwanie. Nie da si\u0119 w\u0142a\u015bciwie dba\u0107 o szat\u0119 swojego czworonoga, je\u015bli u\u017cywa si\u0119 do tego nieodpowiednich kosmetyk\u00f3w. Na szcz\u0119\u015bcie wiod\u0105ce marki na tym rynku wychodz\u0105 naprzeciw wysokim oczekiwaniom w\u0142a\u015bcicieli i oferuj\u0105 \u015bwietnej jako\u015bci produkty, poprawiaj\u0105ce stan w\u0142os\u00f3w shih tzu i nadaj\u0105ce im to, co najbardziej w nich kochamy \u2013 zdrowy blask i mi\u0119kko\u015b\u0107.<\/p>\n<div class=\"woocommerce columns-4 \"><ul class=\"products columns-4\">\n<li class=\"product type-product post-996 status-publish first instock product_cat-pielegnacja has-post-thumbnail taxable shipping-taxable product-type-external\">\n\t<a href=\"https:\/\/shihtzu.com.pl\/sklep\/produkt\/trixie-krople-do-przemywania-oczu-50-ml\/\" class=\"woocommerce-LoopProduct-link woocommerce-loop-product__link\"><img decoding=\"async\" width=\"300\" height=\"300\" src=\"https:\/\/shihtzu.com.pl\/sklep\/wp-content\/uploads\/2023\/11\/TRIXIE-Krople-do-przemywania-oczu-50-ml-300x300.webp\" class=\"attachment-woocommerce_thumbnail size-woocommerce_thumbnail\" alt=\"TRIXIE Krople doprzemywania oczu 50 ml\" srcset=\"https:\/\/shihtzu.com.pl\/sklep\/wp-content\/uploads\/2023\/11\/TRIXIE-Krople-do-przemywania-oczu-50-ml-300x300.webp 300w, https:\/\/shihtzu.com.pl\/sklep\/wp-content\/uploads\/2023\/11\/TRIXIE-Krople-do-przemywania-oczu-50-ml-150x150.webp 150w, https:\/\/shihtzu.com.pl\/sklep\/wp-content\/uploads\/2023\/11\/TRIXIE-Krople-do-przemywania-oczu-50-ml-400x400.webp 400w, https:\/\/shihtzu.com.pl\/sklep\/wp-content\/uploads\/2023\/11\/TRIXIE-Krople-do-przemywania-oczu-50-ml-100x100.webp 100w, https:\/\/shihtzu.com.pl\/sklep\/wp-content\/uploads\/2023\/11\/TRIXIE-Krople-do-przemywania-oczu-50-ml.webp 600w\" sizes=\"(max-width: 300px) 100vw, 300px\" \/><h2 class=\"woocommerce-loop-product__title\">TRIXIE Krople do przemywania oczu 50 ml<\/h2>\n\t<span class=\"price\"><span class=\"woocommerce-Price-amount amount\"><bdi>12,99&nbsp;<span class=\"woocommerce-Price-currencySymbol\">&#122;&#322;<\/span><\/bdi><\/span><\/span>\n<\/a><a href=\"https:\/\/clk.tradedoubler.com\/click?p=320969&#038;a=3337772&#038;url=https%3A%2F%2Fwww.krakvet.pl%2Fproduct-pol-27408-TRIXIE-Krople-do-przemywania-oczu-50-ml.html%3Frec%3D101002102\" data-quantity=\"1\" class=\"button product_type_external\" data-product_id=\"996\" data-product_sku=\"\" aria-label=\"Sprawd\u017a najlepsze ceny\" aria-describedby=\"\" rel=\"nofollow\">Sprawd\u017a najlepsze ceny<\/a><\/li>\n<li class=\"product type-product post-999 status-publish instock product_cat-pielegnacja has-post-thumbnail taxable shipping-taxable product-type-external\">\n\t<a href=\"https:\/\/shihtzu.com.pl\/sklep\/produkt\/trixie-plyn-do-przemywania-uszu-50-ml\/\" class=\"woocommerce-LoopProduct-link woocommerce-loop-product__link\"><img decoding=\"async\" width=\"300\" height=\"300\" src=\"https:\/\/shihtzu.com.pl\/sklep\/wp-content\/uploads\/2023\/11\/TRIXIE-Plyn-do-przemywania-uszu-50-ml-300x300.webp\" class=\"attachment-woocommerce_thumbnail size-woocommerce_thumbnail\" alt=\"TRIXIE Plyn do przemywania uszu 50 ml\" srcset=\"https:\/\/shihtzu.com.pl\/sklep\/wp-content\/uploads\/2023\/11\/TRIXIE-Plyn-do-przemywania-uszu-50-ml-300x300.webp 300w, https:\/\/shihtzu.com.pl\/sklep\/wp-content\/uploads\/2023\/11\/TRIXIE-Plyn-do-przemywania-uszu-50-ml-150x150.webp 150w, https:\/\/shihtzu.com.pl\/sklep\/wp-content\/uploads\/2023\/11\/TRIXIE-Plyn-do-przemywania-uszu-50-ml-400x400.webp 400w, https:\/\/shihtzu.com.pl\/sklep\/wp-content\/uploads\/2023\/11\/TRIXIE-Plyn-do-przemywania-uszu-50-ml-100x100.webp 100w\" sizes=\"(max-width: 300px) 100vw, 300px\" \/><h2 class=\"woocommerce-loop-product__title\">TRIXIE P\u0142yn do przemywania uszu &#8211; 50 ml<\/h2>\n\t<span class=\"price\"><span class=\"woocommerce-Price-amount amount\"><bdi>14,90&nbsp;<span class=\"woocommerce-Price-currencySymbol\">&#122;&#322;<\/span><\/bdi><\/span><\/span>\n<\/a><a href=\"https:\/\/clk.tradedoubler.com\/click?p=320969&#038;a=3337772&#038;url=https%3A%2F%2Fwww.krakvet.pl%2Fproduct-pol-27409-TRIXIE-Plyn-do-przemywania-uszu-50-ml.html\" data-quantity=\"1\" class=\"button product_type_external\" data-product_id=\"999\" data-product_sku=\"\" aria-label=\"Sprawd\u017a najlepsze ceny\" aria-describedby=\"\" rel=\"nofollow\">Sprawd\u017a najlepsze ceny<\/a><\/li>\n<li class=\"product type-product post-27 status-publish instock product_cat-pielegnacja has-post-thumbnail taxable shipping-taxable product-type-external\">\n\t<a href=\"https:\/\/shihtzu.com.pl\/sklep\/produkt\/botaniqa-love-me-long-odzywka-250ml\/\" class=\"woocommerce-LoopProduct-link woocommerce-loop-product__link\"><img decoding=\"async\" width=\"300\" height=\"300\" src=\"https:\/\/shihtzu.com.pl\/sklep\/wp-content\/uploads\/2019\/02\/botaniqa-love-me-long-odzywka-250ml-dla-psow-dlugowlosych-300x300.jpg\" class=\"attachment-woocommerce_thumbnail size-woocommerce_thumbnail\" alt=\"\" srcset=\"https:\/\/shihtzu.com.pl\/sklep\/wp-content\/uploads\/2019\/02\/botaniqa-love-me-long-odzywka-250ml-dla-psow-dlugowlosych-300x300.jpg 300w, https:\/\/shihtzu.com.pl\/sklep\/wp-content\/uploads\/2019\/02\/botaniqa-love-me-long-odzywka-250ml-dla-psow-dlugowlosych-150x150.jpg 150w, https:\/\/shihtzu.com.pl\/sklep\/wp-content\/uploads\/2019\/02\/botaniqa-love-me-long-odzywka-250ml-dla-psow-dlugowlosych-400x400.jpg 400w, https:\/\/shihtzu.com.pl\/sklep\/wp-content\/uploads\/2019\/02\/botaniqa-love-me-long-odzywka-250ml-dla-psow-dlugowlosych-100x100.jpg 100w, https:\/\/shihtzu.com.pl\/sklep\/wp-content\/uploads\/2019\/02\/botaniqa-love-me-long-odzywka-250ml-dla-psow-dlugowlosych.jpg 543w\" sizes=\"(max-width: 300px) 100vw, 300px\" \/><h2 class=\"woocommerce-loop-product__title\">Botaniqa Love Me Long od\u017cywka 250ml<\/h2>\n\t<span class=\"price\"><span class=\"woocommerce-Price-amount amount\"><bdi>18,50&nbsp;<span class=\"woocommerce-Price-currencySymbol\">&#122;&#322;<\/span><\/bdi><\/span><\/span>\n<\/a><a href=\"https:\/\/clk.tradedoubler.com\/click?p=288386&#038;a=3337772&#038;url=https%3A%2F%2Fallegro.pl%2Flisting%3Fstring%3DBotaniqa%2520Love%2520Me%2520Long%2520od%25C5%25BCywka%2520250ml\" data-quantity=\"1\" class=\"button product_type_external\" data-product_id=\"27\" data-product_sku=\"136\" aria-label=\"Sprawd\u017a gdzie najtaniej\" aria-describedby=\"\" rel=\"nofollow\">Sprawd\u017a gdzie najtaniej<\/a><\/li>\n<li class=\"product type-product post-559 status-publish last instock product_cat-pielegnacja has-post-thumbnail taxable shipping-taxable product-type-external\">\n\t<a href=\"https:\/\/shihtzu.com.pl\/sklep\/produkt\/botaniqa-love-me-long-spray\/\" class=\"woocommerce-LoopProduct-link woocommerce-loop-product__link\"><img decoding=\"async\" width=\"300\" height=\"300\" src=\"https:\/\/shihtzu.com.pl\/sklep\/wp-content\/uploads\/2019\/04\/love-me-long-spray-300x300.jpg\" class=\"attachment-woocommerce_thumbnail size-woocommerce_thumbnail\" alt=\"\" srcset=\"https:\/\/shihtzu.com.pl\/sklep\/wp-content\/uploads\/2019\/04\/love-me-long-spray-300x300.jpg 300w, https:\/\/shihtzu.com.pl\/sklep\/wp-content\/uploads\/2019\/04\/love-me-long-spray-150x150.jpg 150w, https:\/\/shihtzu.com.pl\/sklep\/wp-content\/uploads\/2019\/04\/love-me-long-spray-400x400.jpg 400w, https:\/\/shihtzu.com.pl\/sklep\/wp-content\/uploads\/2019\/04\/love-me-long-spray-100x100.jpg 100w, https:\/\/shihtzu.com.pl\/sklep\/wp-content\/uploads\/2019\/04\/love-me-long-spray.jpg 555w\" sizes=\"(max-width: 300px) 100vw, 300px\" \/><h2 class=\"woocommerce-loop-product__title\">Botaniqa Love Me Long Spray<\/h2>\n\t<span class=\"price\"><span class=\"woocommerce-Price-amount amount\"><bdi>21,20&nbsp;<span class=\"woocommerce-Price-currencySymbol\">&#122;&#322;<\/span><\/bdi><\/span><\/span>\n<\/a><a href=\"https:\/\/clk.tradedoubler.com\/click?p=288386&#038;a=3337772&#038;url=https%3A%2F%2Fallegro.pl%2Flisting%3Fstring%3DBotaniqa%2520Love%2520Me%2520Long%2520Spray\" data-quantity=\"1\" class=\"button product_type_external\" data-product_id=\"559\" data-product_sku=\"141\" aria-label=\"Sprawd\u017a gdzie najtaniej\" aria-describedby=\"\" rel=\"nofollow\">Sprawd\u017a gdzie najtaniej<\/a><\/li>\n<li class=\"product type-product post-31 status-publish first instock product_cat-pielegnacja has-post-thumbnail taxable shipping-taxable product-type-external\">\n\t<a href=\"https:\/\/shihtzu.com.pl\/sklep\/produkt\/botaniqa-tangle-free-spray-na-rozczesywanie-siersci-250ml\/\" class=\"woocommerce-LoopProduct-link woocommerce-loop-product__link\"><img decoding=\"async\" width=\"300\" height=\"300\" src=\"https:\/\/shihtzu.com.pl\/sklep\/wp-content\/uploads\/2019\/02\/botaniqa-tangle-free-spray-na-rozczesywanies-siersci-250ml-300x300.png\" class=\"attachment-woocommerce_thumbnail size-woocommerce_thumbnail\" alt=\"BOTANIQA TANGLE FREE spray na rozczesywanie sier\u015bci 250ml\" srcset=\"https:\/\/shihtzu.com.pl\/sklep\/wp-content\/uploads\/2019\/02\/botaniqa-tangle-free-spray-na-rozczesywanies-siersci-250ml-300x300.png 300w, https:\/\/shihtzu.com.pl\/sklep\/wp-content\/uploads\/2019\/02\/botaniqa-tangle-free-spray-na-rozczesywanies-siersci-250ml-150x150.png 150w, https:\/\/shihtzu.com.pl\/sklep\/wp-content\/uploads\/2019\/02\/botaniqa-tangle-free-spray-na-rozczesywanies-siersci-250ml-768x768.png 768w, https:\/\/shihtzu.com.pl\/sklep\/wp-content\/uploads\/2019\/02\/botaniqa-tangle-free-spray-na-rozczesywanies-siersci-250ml-400x400.png 400w, https:\/\/shihtzu.com.pl\/sklep\/wp-content\/uploads\/2019\/02\/botaniqa-tangle-free-spray-na-rozczesywanies-siersci-250ml-600x600.png 600w, https:\/\/shihtzu.com.pl\/sklep\/wp-content\/uploads\/2019\/02\/botaniqa-tangle-free-spray-na-rozczesywanies-siersci-250ml-100x100.png 100w, https:\/\/shihtzu.com.pl\/sklep\/wp-content\/uploads\/2019\/02\/botaniqa-tangle-free-spray-na-rozczesywanies-siersci-250ml.png 844w\" sizes=\"(max-width: 300px) 100vw, 300px\" \/><h2 class=\"woocommerce-loop-product__title\">Botaniqa Tangle Free spray na rozczesywanie sier\u015bci 250ml<\/h2><div class=\"star-rating\" role=\"img\" aria-label=\"Oceniono 5.00 na 5\"><span style=\"width:100%\">Oceniono <strong class=\"rating\">5.00<\/strong> na 5<\/span><\/div>\n\t<span class=\"price\"><span class=\"woocommerce-Price-amount amount\"><bdi>17,30&nbsp;<span class=\"woocommerce-Price-currencySymbol\">&#122;&#322;<\/span><\/bdi><\/span><\/span>\n<\/a><a href=\"https:\/\/clk.tradedoubler.com\/click?p=288386&#038;a=3337772&#038;url=https%3A%2F%2Fallegro.pl%2Flisting%3Fstring%3DBotaniqa%2520Tangle%2520Free\" data-quantity=\"1\" class=\"button product_type_external\" data-product_id=\"31\" data-product_sku=\"137\" aria-label=\"Sprawd\u017a gdzie najtaniej\" aria-describedby=\"\" rel=\"nofollow\">Sprawd\u017a gdzie najtaniej<\/a><\/li>\n<li class=\"product type-product post-465 status-publish instock product_cat-pielegnacja has-post-thumbnail taxable shipping-taxable product-type-external\">\n\t<a href=\"https:\/\/shihtzu.com.pl\/sklep\/produkt\/over-zoo-plyn-do-usuwania-sladow-lez-40-ml\/\" class=\"woocommerce-LoopProduct-link woocommerce-loop-product__link\"><img decoding=\"async\" width=\"300\" height=\"300\" src=\"https:\/\/shihtzu.com.pl\/sklep\/wp-content\/uploads\/2019\/03\/Over-Zoo-plyn-do-usuwania-sladow-lez-300x300.jpg\" class=\"attachment-woocommerce_thumbnail size-woocommerce_thumbnail\" alt=\"\" srcset=\"https:\/\/shihtzu.com.pl\/sklep\/wp-content\/uploads\/2019\/03\/Over-Zoo-plyn-do-usuwania-sladow-lez-300x300.jpg 300w, https:\/\/shihtzu.com.pl\/sklep\/wp-content\/uploads\/2019\/03\/Over-Zoo-plyn-do-usuwania-sladow-lez-150x150.jpg 150w, https:\/\/shihtzu.com.pl\/sklep\/wp-content\/uploads\/2019\/03\/Over-Zoo-plyn-do-usuwania-sladow-lez-400x400.jpg 400w, https:\/\/shihtzu.com.pl\/sklep\/wp-content\/uploads\/2019\/03\/Over-Zoo-plyn-do-usuwania-sladow-lez-100x100.jpg 100w, https:\/\/shihtzu.com.pl\/sklep\/wp-content\/uploads\/2019\/03\/Over-Zoo-plyn-do-usuwania-sladow-lez.jpg 600w\" sizes=\"(max-width: 300px) 100vw, 300px\" \/><h2 class=\"woocommerce-loop-product__title\">Over Zoo p\u0142yn do usuwania \u015blad\u00f3w \u0142ez 40 ml<\/h2>\n\t<span class=\"price\"><span class=\"woocommerce-Price-amount amount\"><bdi>18,00&nbsp;<span class=\"woocommerce-Price-currencySymbol\">&#122;&#322;<\/span><\/bdi><\/span><\/span>\n<\/a><a href=\"https:\/\/www.ceneo.pl\/94697274#pid=24110&#038;cid=41527&#038;crid=467443&#038;ls=chrome_ext\" data-quantity=\"1\" class=\"button product_type_external\" data-product_id=\"465\" data-product_sku=\"142\" aria-label=\"Sprawd\u017a gdzie najtaniej\" aria-describedby=\"\" rel=\"nofollow\">Sprawd\u017a gdzie najtaniej<\/a><\/li>\n<li class=\"product type-product post-467 status-publish instock product_cat-pielegnacja has-post-thumbnail taxable shipping-taxable product-type-external\">\n\t<a href=\"https:\/\/shihtzu.com.pl\/sklep\/produkt\/plyn-do-czyszczenia-uszu-psa-over-zoo-50ml\/\" class=\"woocommerce-LoopProduct-link woocommerce-loop-product__link\"><img decoding=\"async\" width=\"300\" height=\"300\" src=\"https:\/\/shihtzu.com.pl\/sklep\/wp-content\/uploads\/2019\/03\/Plyn-do-czyszczenia-uszu-psa-Over-Zoo-300x300.jpg\" class=\"attachment-woocommerce_thumbnail size-woocommerce_thumbnail\" alt=\"\" srcset=\"https:\/\/shihtzu.com.pl\/sklep\/wp-content\/uploads\/2019\/03\/Plyn-do-czyszczenia-uszu-psa-Over-Zoo-300x300.jpg 300w, https:\/\/shihtzu.com.pl\/sklep\/wp-content\/uploads\/2019\/03\/Plyn-do-czyszczenia-uszu-psa-Over-Zoo-150x150.jpg 150w, https:\/\/shihtzu.com.pl\/sklep\/wp-content\/uploads\/2019\/03\/Plyn-do-czyszczenia-uszu-psa-Over-Zoo-400x400.jpg 400w, https:\/\/shihtzu.com.pl\/sklep\/wp-content\/uploads\/2019\/03\/Plyn-do-czyszczenia-uszu-psa-Over-Zoo-100x100.jpg 100w, https:\/\/shihtzu.com.pl\/sklep\/wp-content\/uploads\/2019\/03\/Plyn-do-czyszczenia-uszu-psa-Over-Zoo.jpg 600w\" sizes=\"(max-width: 300px) 100vw, 300px\" \/><h2 class=\"woocommerce-loop-product__title\">P\u0142yn do czyszczenia uszu psa (Over Zoo) 50ml<\/h2>\n\t<span class=\"price\"><span class=\"woocommerce-Price-amount amount\"><bdi>18,00&nbsp;<span class=\"woocommerce-Price-currencySymbol\">&#122;&#322;<\/span><\/bdi><\/span><\/span>\n<\/a><a href=\"https:\/\/www.ceneo.pl\/9030686#pid=24110&#038;cid=41527&#038;crid=467443&#038;ls=chrome_ext\" data-quantity=\"1\" class=\"button product_type_external\" data-product_id=\"467\" data-product_sku=\"139\" aria-label=\"Sprawd\u017a gdzie najtaniej\" aria-describedby=\"\" rel=\"nofollow\">Sprawd\u017a gdzie najtaniej<\/a><\/li>\n<li class=\"product type-product post-460 status-publish last instock product_cat-pielegnacja has-post-thumbnail taxable shipping-taxable product-type-external\">\n\t<a href=\"https:\/\/shihtzu.com.pl\/sklep\/produkt\/1-all-systems-botanical-odzywka-250ml\/\" class=\"woocommerce-LoopProduct-link woocommerce-loop-product__link\"><img decoding=\"async\" width=\"300\" height=\"300\" src=\"https:\/\/shihtzu.com.pl\/sklep\/wp-content\/uploads\/2019\/03\/1-ALL-SYSTEMS-Botanical-Conditioner-300x300.jpg\" class=\"attachment-woocommerce_thumbnail size-woocommerce_thumbnail\" alt=\"\" srcset=\"https:\/\/shihtzu.com.pl\/sklep\/wp-content\/uploads\/2019\/03\/1-ALL-SYSTEMS-Botanical-Conditioner-300x300.jpg 300w, https:\/\/shihtzu.com.pl\/sklep\/wp-content\/uploads\/2019\/03\/1-ALL-SYSTEMS-Botanical-Conditioner-150x150.jpg 150w, https:\/\/shihtzu.com.pl\/sklep\/wp-content\/uploads\/2019\/03\/1-ALL-SYSTEMS-Botanical-Conditioner-400x400.jpg 400w, https:\/\/shihtzu.com.pl\/sklep\/wp-content\/uploads\/2019\/03\/1-ALL-SYSTEMS-Botanical-Conditioner-100x100.jpg 100w, https:\/\/shihtzu.com.pl\/sklep\/wp-content\/uploads\/2019\/03\/1-ALL-SYSTEMS-Botanical-Conditioner.jpg 500w\" sizes=\"(max-width: 300px) 100vw, 300px\" \/><h2 class=\"woocommerce-loop-product__title\">1 All Systems Botanical od\u017cywka 250ml<\/h2>\n\t<span class=\"price\"><span class=\"woocommerce-Price-amount amount\"><bdi>58,00&nbsp;<span class=\"woocommerce-Price-currencySymbol\">&#122;&#322;<\/span><\/bdi><\/span><\/span>\n<\/a><a href=\"https:\/\/www.ceneo.pl\/68100936#pid=24110&#038;cid=41527&#038;crid=467443&#038;ls=chrome_ext\" data-quantity=\"1\" class=\"button product_type_external\" data-product_id=\"460\" data-product_sku=\"\" aria-label=\"Sprawd\u017a gdzie najtaniej\" aria-describedby=\"\" rel=\"nofollow\">Sprawd\u017a gdzie najtaniej<\/a><\/li>\n<\/ul>\n<\/div>\n<p>Nieodzownym dope\u0142nieniem <a href=\"https:\/\/shihtzu.com.pl\/sklep\/szampony-dla-shih-tzu\/\">szamponu dla Shih Tzu<\/a>, u\u017cywanego do mycia psa, jest od\u017cywka \u2013 skondensowana dawka sk\u0142adnik\u00f3w od\u017cywczych i piel\u0119gnuj\u0105cych sk\u00f3r\u0119 oraz w\u0142osie czworonoga. To w\u0142a\u015bnie ona wydobywa z psiej szaty maksimum pi\u0119kna i uroku, o ile oczywi\u015bcie jej jako\u015b\u0107 jest bez zastrze\u017ce\u0144. Od\u017cywki dla ps\u00f3w powinny posiada\u0107 optymalne pH, kt\u00f3re jest inne ni\u017c u ludzi. Niew\u0142a\u015bciwe pH kosmetyku mo\u017ce doprowadzi\u0107 do podra\u017cnie\u0144 sk\u00f3ry i pogorszenia stanu w\u0142osia. Przy stosowaniu rekomendowanych przez nas marek ryzyko podra\u017cnie\u0144 jest praktycznie zerowe. Ochronne i koj\u0105ce dzia\u0142anie kosmetyk\u00f3w wspieraj\u0105 tak\u017ce naturalne sk\u0142adniki, kt\u00f3re dominuj\u0105 w formu\u0142ach naszych od\u017cywek. Kolejn\u0105 rzecz\u0105, na jak\u0105 warto zwr\u00f3ci\u0107 uwag\u0119, jest brak w sk\u0142adzie produktu szkodliwych substancji chemicznych, takich jak parabeny, fosforany i ftalany. Cz\u0119sto s\u0105 one dodawane do psich kosmetyk\u00f3w z ni\u017cszej p\u00f3\u0142ki, a ich obecno\u015b\u0107 na sk\u00f3rze wra\u017cliwego zwierz\u0119cia mo\u017ce powodowa\u0107 alergie, a nawet zatrucia.<\/p>\n<p>Kieruj\u0105c si\u0119 wiedz\u0105 i do\u015bwiadczeniem wielu hodowc\u00f3w i w\u0142a\u015bcicieli ps\u00f3w shih tzu, wybrali\u015bmy do naszego sklepu od\u017cywki o najlepszych parametrach, cenione na ca\u0142ym \u015bwiecie za \u015bwietny sk\u0142ad i bezpiecze\u0144stwo. S\u0105 to skoncentrowane, a wi\u0119c bardzo wydajne mieszanki naturalnych sk\u0142adnik\u00f3w, kt\u00f3re przy regularnym stosowaniu daj\u0105 osza\u0142amiaj\u0105ce efekty \u2013 szata shih tzu robi si\u0119 g\u0142adka i l\u015bni\u0105ca, nie pl\u0105cze si\u0119 i pozostaje prosta, co znacznie u\u0142atwia codzienne czesanie. Ponadto dobrze od\u017cywione w\u0142osy s\u0105 mocniejsze, nie \u0142ami\u0105 si\u0119 i nie wypadaj\u0105, co daje szans\u0119 na zapuszczenie naprawd\u0119 imponuj\u0105cej psiej \u201efryzury\u201d. Zdrowa sk\u00f3ra i zwi\u0105zane z tym uczucie swobody i komfortu to dodatkowa korzy\u015b\u0107, za kt\u00f3r\u0105 b\u0119dzie wdzi\u0119czny ka\u017cdy pies.<\/p>\n","protected":false},"excerpt":{"rendered":"<p>Piel\u0119gnacja w\u0142osia tak cennego jak u shih tzu to prawdziwe wyzwanie. Nie da si\u0119 w\u0142a\u015bciwie dba\u0107 o szat\u0119 swojego czworonoga,&hellip;<\/p>\n","protected":false},"author":1,"featured_media":0,"parent":0,"menu_order":0,"comment_status":"closed","ping_status":"closed","template":"","meta":{"footnotes":""},"yoast_head":"<!-- This site is optimized with the Yoast SEO plugin v22.0 - https:\/\/yoast.com\/wordpress\/plugins\/seo\/ -->\n<title>Piel\u0119gnacja - Sklep z artyku\u0142ami dla ps\u00f3w shihtzu.com.pl<\/title>\n<meta name=\"robots\" content=\"index, follow, max-snippet:-1, max-image-preview:large, max-video-preview:-1\" \/>\n<link rel=\"canonical\" href=\"https:\/\/shihtzu.com.pl\/sklep\/pielegnacja\/\" \/>\n<meta property=\"og:locale\" content=\"pl_PL\" \/>\n<meta property=\"og:type\" content=\"article\" \/>\n<meta property=\"og:title\" content=\"Piel\u0119gnacja - Sklep z artyku\u0142ami dla ps\u00f3w shihtzu.com.pl\" \/>\n<meta property=\"og:description\" content=\"Piel\u0119gnacja w\u0142osia tak cennego jak u shih tzu to prawdziwe wyzwanie. Nie da si\u0119 w\u0142a\u015bciwie dba\u0107 o szat\u0119 swojego czworonoga,&hellip;\" \/>\n<meta property=\"og:url\" content=\"https:\/\/shihtzu.com.pl\/sklep\/pielegnacja\/\" \/>\n<meta property=\"og:site_name\" content=\"Sklep z artyku\u0142ami dla ps\u00f3w shihtzu.com.pl\" \/>\n<meta property=\"article:publisher\" content=\"https:\/\/www.facebook.com\/Shihtzucompl\/\" \/>\n<meta property=\"article:modified_time\" content=\"2023-11-29T01:09:44+00:00\" \/>\n<meta property=\"og:image\" content=\"https:\/\/shihtzu.com.pl\/sklep\/wp-content\/uploads\/2020\/10\/Shih-tzu.png\" \/>\n\t<meta property=\"og:image:width\" content=\"864\" \/>\n\t<meta property=\"og:image:height\" content=\"864\" \/>\n\t<meta property=\"og:image:type\" content=\"image\/png\" \/>\n<meta name=\"twitter:card\" content=\"summary_large_image\" \/>\n<meta name=\"twitter:label1\" content=\"Szacowany czas czytania\" \/>\n\t<meta name=\"twitter:data1\" content=\"2 minuty\" \/>\n<script type=\"application\/ld+json\" class=\"yoast-schema-graph\">{\"@context\":\"https:\/\/schema.org\",\"@graph\":[{\"@type\":\"WebPage\",\"@id\":\"https:\/\/shihtzu.com.pl\/sklep\/pielegnacja\/\",\"url\":\"https:\/\/shihtzu.com.pl\/sklep\/pielegnacja\/\",\"name\":\"Piel\u0119gnacja - Sklep z artyku\u0142ami dla ps\u00f3w shihtzu.com.pl\",\"isPartOf\":{\"@id\":\"https:\/\/shihtzu.com.pl\/sklep\/#website\"},\"datePublished\":\"2019-02-22T19:30:47+00:00\",\"dateModified\":\"2023-11-29T01:09:44+00:00\",\"inLanguage\":\"pl-PL\",\"potentialAction\":[{\"@type\":\"ReadAction\",\"target\":[\"https:\/\/shihtzu.com.pl\/sklep\/pielegnacja\/\"]}]},{\"@type\":\"WebSite\",\"@id\":\"https:\/\/shihtzu.com.pl\/sklep\/#website\",\"url\":\"https:\/\/shihtzu.com.pl\/sklep\/\",\"name\":\"Sklep z artyku\u0142ami dla ps\u00f3w shihtzu.com.pl\",\"description\":\"Sklep specjalistyczny z artyku\u0142ami pod ras\u0119 Shih tzu. Znajdziesz tu od szampon\u00f3w przeznaczonych dla Shih tzu, przez od\u017cywki a\u017c po zabawki.\",\"publisher\":{\"@id\":\"https:\/\/shihtzu.com.pl\/sklep\/#organization\"},\"potentialAction\":[{\"@type\":\"SearchAction\",\"target\":{\"@type\":\"EntryPoint\",\"urlTemplate\":\"https:\/\/shihtzu.com.pl\/sklep\/?s={search_term_string}\"},\"query-input\":\"required name=search_term_string\"}],\"inLanguage\":\"pl-PL\"},{\"@type\":\"Organization\",\"@id\":\"https:\/\/shihtzu.com.pl\/sklep\/#organization\",\"name\":\"Sklep z artyku\u0142ami dla ps\u00f3w shihtzu.com.pl\",\"url\":\"https:\/\/shihtzu.com.pl\/sklep\/\",\"logo\":{\"@type\":\"ImageObject\",\"inLanguage\":\"pl-PL\",\"@id\":\"https:\/\/shihtzu.com.pl\/sklep\/#\/schema\/logo\/image\/\",\"url\":\"https:\/\/shihtzu.com.pl\/sklep\/wp-content\/uploads\/2020\/10\/cropped-Sklep-dla-shih-tzu-Logo.png\",\"contentUrl\":\"https:\/\/shihtzu.com.pl\/sklep\/wp-content\/uploads\/2020\/10\/cropped-Sklep-dla-shih-tzu-Logo.png\",\"width\":2077,\"height\":519,\"caption\":\"Sklep z artyku\u0142ami dla ps\u00f3w shihtzu.com.pl\"},\"image\":{\"@id\":\"https:\/\/shihtzu.com.pl\/sklep\/#\/schema\/logo\/image\/\"},\"sameAs\":[\"https:\/\/www.facebook.com\/Shihtzucompl\/\",\"https:\/\/www.linkedin.com\/company\/shih-tzu-sklep\/\"]}]}<\/script>\n<!-- \/ Yoast SEO plugin. -->","yoast_head_json":{"title":"Piel\u0119gnacja - Sklep z artyku\u0142ami dla ps\u00f3w shihtzu.com.pl","robots":{"index":"index","follow":"follow","max-snippet":"max-snippet:-1","max-image-preview":"max-image-preview:large","max-video-preview":"max-video-preview:-1"},"canonical":"https:\/\/shihtzu.com.pl\/sklep\/pielegnacja\/","og_locale":"pl_PL","og_type":"article","og_title":"Piel\u0119gnacja - Sklep z artyku\u0142ami dla ps\u00f3w shihtzu.com.pl","og_description":"Piel\u0119gnacja w\u0142osia tak cennego jak u shih tzu to prawdziwe wyzwanie. Nie da si\u0119 w\u0142a\u015bciwie dba\u0107 o szat\u0119 swojego czworonoga,&hellip;","og_url":"https:\/\/shihtzu.com.pl\/sklep\/pielegnacja\/","og_site_name":"Sklep z artyku\u0142ami dla ps\u00f3w shihtzu.com.pl","article_publisher":"https:\/\/www.facebook.com\/Shihtzucompl\/","article_modified_time":"2023-11-29T01:09:44+00:00","og_image":[{"width":864,"height":864,"url":"https:\/\/shihtzu.com.pl\/sklep\/wp-content\/uploads\/2020\/10\/Shih-tzu.png","type":"image\/png"}],"twitter_card":"summary_large_image","twitter_misc":{"Szacowany czas czytania":"2 minuty"},"schema":{"@context":"https:\/\/schema.org","@graph":[{"@type":"WebPage","@id":"https:\/\/shihtzu.com.pl\/sklep\/pielegnacja\/","url":"https:\/\/shihtzu.com.pl\/sklep\/pielegnacja\/","name":"Piel\u0119gnacja - Sklep z artyku\u0142ami dla ps\u00f3w shihtzu.com.pl","isPartOf":{"@id":"https:\/\/shihtzu.com.pl\/sklep\/#website"},"datePublished":"2019-02-22T19:30:47+00:00","dateModified":"2023-11-29T01:09:44+00:00","inLanguage":"pl-PL","potentialAction":[{"@type":"ReadAction","target":["https:\/\/shihtzu.com.pl\/sklep\/pielegnacja\/"]}]},{"@type":"WebSite","@id":"https:\/\/shihtzu.com.pl\/sklep\/#website","url":"https:\/\/shihtzu.com.pl\/sklep\/","name":"Sklep z artyku\u0142ami dla ps\u00f3w shihtzu.com.pl","description":"Sklep specjalistyczny z artyku\u0142ami pod ras\u0119 Shih tzu. Znajdziesz tu od szampon\u00f3w przeznaczonych dla Shih tzu, przez od\u017cywki a\u017c po zabawki.","publisher":{"@id":"https:\/\/shihtzu.com.pl\/sklep\/#organization"},"potentialAction":[{"@type":"SearchAction","target":{"@type":"EntryPoint","urlTemplate":"https:\/\/shihtzu.com.pl\/sklep\/?s={search_term_string}"},"query-input":"required name=search_term_string"}],"inLanguage":"pl-PL"},{"@type":"Organization","@id":"https:\/\/shihtzu.com.pl\/sklep\/#organization","name":"Sklep z artyku\u0142ami dla ps\u00f3w shihtzu.com.pl","url":"https:\/\/shihtzu.com.pl\/sklep\/","logo":{"@type":"ImageObject","inLanguage":"pl-PL","@id":"https:\/\/shihtzu.com.pl\/sklep\/#\/schema\/logo\/image\/","url":"https:\/\/shihtzu.com.pl\/sklep\/wp-content\/uploads\/2020\/10\/cropped-Sklep-dla-shih-tzu-Logo.png","contentUrl":"https:\/\/shihtzu.com.pl\/sklep\/wp-content\/uploads\/2020\/10\/cropped-Sklep-dla-shih-tzu-Logo.png","width":2077,"height":519,"caption":"Sklep z artyku\u0142ami dla ps\u00f3w shihtzu.com.pl"},"image":{"@id":"https:\/\/shihtzu.com.pl\/sklep\/#\/schema\/logo\/image\/"},"sameAs":["https:\/\/www.facebook.com\/Shihtzucompl\/","https:\/\/www.linkedin.com\/company\/shih-tzu-sklep\/"]}]}},"_links":{"self":[{"href":"https:\/\/shihtzu.com.pl\/sklep\/wp-json\/wp\/v2\/pages\/201"}],"collection":[{"href":"https:\/\/shihtzu.com.pl\/sklep\/wp-json\/wp\/v2\/pages"}],"about":[{"href":"https:\/\/shihtzu.com.pl\/sklep\/wp-json\/wp\/v2\/types\/page"}],"author":[{"embeddable":true,"href":"https:\/\/shihtzu.com.pl\/sklep\/wp-json\/wp\/v2\/users\/1"}],"replies":[{"embeddable":true,"href":"https:\/\/shihtzu.com.pl\/sklep\/wp-json\/wp\/v2\/comments?post=201"}],"version-history":[{"count":0,"href":"https:\/\/shihtzu.com.pl\/sklep\/wp-json\/wp\/v2\/pages\/201\/revisions"}],"wp:attachment":[{"href":"https:\/\/shihtzu.com.pl\/sklep\/wp-json\/wp\/v2\/media?parent=201"}],"curies":[{"name":"wp","href":"https:\/\/api.w.org\/{rel}","templated":true}]}}